{"id":7612,"date":"2025-07-02T09:05:51","date_gmt":"2025-07-02T09:05:51","guid":{"rendered":"https:\/\/kem-europe.eu\/?post_type=product&#038;p=7612"},"modified":"2025-07-02T09:23:42","modified_gmt":"2025-07-02T09:23:42","slug":"bycon-c-01-mikro-schlagbohrer-mit-diamant","status":"publish","type":"product","link":"https:\/\/kem-europe.eu\/de\/product\/bycon-c-01-micro-percussie-diamantboor\/","title":{"rendered":"BYCON C-01 - Micro-Percussion Trocken-Diamantbohrer (\u00d8 32-132 mm)"},"content":{"rendered":"<h2 data-start=\"968\" data-end=\"1031\">BYCON C-01 - Micro-Percussion Trocken-Diamantbohrer (\u00d8 32-132 mm)<\/h2>\n<p data-start=\"1055\" data-end=\"1630\">Die BYCON C-01 Serie bietet eine perfekte Mischung aus Pr\u00e4zision und Haltbarkeit f\u00fcr handgef\u00fchrte Trockenbohrungen. Dieser lasergeschwei\u00dfte Kronenbohrer ist f\u00fcr Motoren von 1 800 bis 3 000 W ausgelegt und liefert eine hohe Abtragsgeschwindigkeit in Stahlbeton, Mauerwerk und Naturstein. Die Mikroschlagkompatibilit\u00e4t sorgt f\u00fcr einen zus\u00e4tzlichen Hammereffekt, der es den Segmenten erm\u00f6glicht, m\u00fchelos und ohne \u00fcberm\u00e4\u00dfigen Verschlei\u00df durch Bewehrungsst\u00e4be zu schneiden. Dank der optimierten Segmentgeometrie und des Radius (R16-R66) bleibt der Bohrer stabil und vibrationsarm, was zu einer l\u00e4ngeren Lebensdauer und einem sauberen Bohrloch f\u00fchrt.<\/p>\n<p data-start=\"1632\" data-end=\"1661\"><strong>Wesentliche Merkmale<\/strong><\/p>\n<ul>\n<li data-start=\"1664\" data-end=\"1741\"><strong data-start=\"1664\" data-end=\"1688\">Handgehaltene Anwendung<\/strong> - Optimiert f\u00fcr tragbare Motoren mit Trockenbohrung.<\/li>\n<li data-start=\"1664\" data-end=\"1741\"><strong data-start=\"1744\" data-end=\"1780\">Leistungsbereich 1 800 - 3 000 W<\/strong> - maximale Effizienz ohne \u00dcberhitzung.<\/li>\n<li data-start=\"1664\" data-end=\"1741\"><strong data-start=\"1831\" data-end=\"1858\">Lasergeschwei\u00dfte Segmente<\/strong> - extra stark, hitze- und sto\u00dfbest\u00e4ndig.<\/li>\n<li data-start=\"1664\" data-end=\"1741\"><strong data-start=\"1904\" data-end=\"1929\">Mikro-Schlagzeug bereit<\/strong> - Konzipiert, um Schlagkr\u00e4ften standzuhalten.<\/li>\n<li data-start=\"1664\" data-end=\"1741\"><strong data-start=\"1981\" data-end=\"2006\">Materielle Vielfalt<\/strong> - Hervorragende Leistungen in Stahlbeton und Mauerwerk.<\/li>\n<\/ul>\n<p data-start=\"2066\" data-end=\"2096\"><strong>Technische Daten<\/strong><\/p>\n<div class=\"_tableContainer_80l1q_1\">\n<div class=\"_tableWrapper_80l1q_14 group flex w-fit flex-col-reverse\" tabindex=\"-1\">\n<table class=\"w-fit min-w-(--thread-content-width)\" data-start=\"2098\" data-end=\"2974\">\n<thead data-start=\"2098\" data-end=\"2174\">\n<tr data-start=\"2098\" data-end=\"2174\">\n<th data-start=\"2098\" data-end=\"2108\" data-col-size=\"sm\">Artikel Nr.<\/th>\n<th data-start=\"2108\" data-end=\"2117\" data-col-size=\"sm\">\u00d8 (mm)<\/th>\n<th data-start=\"2117\" data-end=\"2139\" data-col-size=\"sm\">Abschnitt (mm)<\/th>\n<th data-start=\"2139\" data-end=\"2147\" data-col-size=\"sm\">Draht<\/th>\n<th data-start=\"2147\" data-end=\"2161\" data-col-size=\"sm\">Radius (mm)<\/th>\n<th data-start=\"2161\" data-end=\"2174\" data-col-size=\"sm\">Segmente<\/th>\n<\/tr>\n<\/thead>\n<tbody data-start=\"2252\" data-end=\"2974\">\n<tr data-start=\"2252\" data-end=\"2305\">\n<td data-start=\"2252\" data-end=\"2262\" data-col-size=\"sm\">2120032<\/td>\n<td data-col-size=\"sm\" data-start=\"2262\" data-end=\"2268\">32<\/td>\n<td data-col-size=\"sm\" data-start=\"2268\" data-end=\"2284\">19 \u00d7 3.8 \u00d7 10<\/td>\n<td data-col-size=\"sm\" data-start=\"2284\" data-end=\"2293\">1-1\/4\u2033<\/td>\n<td data-col-size=\"sm\" data-start=\"2293\" data-end=\"2300\">R16<\/td>\n<td data-col-size=\"sm\" data-start=\"2300\" data-end=\"2305\">4<\/td>\n<\/tr>\n<tr data-start=\"2306\" data-end=\"2359\">\n<td data-start=\"2306\" data-end=\"2316\" data-col-size=\"sm\">2120042<\/td>\n<td data-col-size=\"sm\" data-start=\"2316\" data-end=\"2322\">42<\/td>\n<td data-col-size=\"sm\" data-start=\"2322\" data-end=\"2338\">19 \u00d7 3.8 \u00d7 10<\/td>\n<td data-col-size=\"sm\" data-start=\"2338\" data-end=\"2347\">1-1\/4\u2033<\/td>\n<td data-col-size=\"sm\" data-start=\"2347\" data-end=\"2354\">R21<\/td>\n<td data-col-size=\"sm\" data-start=\"2354\" data-end=\"2359\">4<\/td>\n<\/tr>\n<tr data-start=\"2360\" data-end=\"2413\">\n<td data-start=\"2360\" data-end=\"2370\" data-col-size=\"sm\">2120052<\/td>\n<td data-col-size=\"sm\" data-start=\"2370\" data-end=\"2376\">52<\/td>\n<td data-col-size=\"sm\" data-start=\"2376\" data-end=\"2392\">20 \u00d7 3.8 \u00d7 10<\/td>\n<td data-col-size=\"sm\" data-start=\"2392\" data-end=\"2401\">1-1\/4\u2033<\/td>\n<td data-col-size=\"sm\" data-start=\"2401\" data-end=\"2408\">R26<\/td>\n<td data-col-size=\"sm\" data-start=\"2408\" data-end=\"2413\">5<\/td>\n<\/tr>\n<tr data-start=\"2414\" data-end=\"2469\">\n<td data-start=\"2414\" data-end=\"2424\" data-col-size=\"sm\">2120062<\/td>\n<td data-col-size=\"sm\" data-start=\"2424\" data-end=\"2430\">62<\/td>\n<td data-col-size=\"sm\" data-start=\"2430\" data-end=\"2446\">20 \u00d7 3.8 \u00d7 10<\/td>\n<td data-col-size=\"sm\" data-start=\"2446\" data-end=\"2455\">1-1\/4\u2033<\/td>\n<td data-col-size=\"sm\" data-start=\"2455\" data-end=\"2464\">R31-38<\/td>\n<td data-col-size=\"sm\" data-start=\"2464\" data-end=\"2469\">6<\/td>\n<\/tr>\n<tr data-start=\"2470\" data-end=\"2525\">\n<td data-start=\"2470\" data-end=\"2480\" data-col-size=\"sm\">2120072<\/td>\n<td data-col-size=\"sm\" data-start=\"2480\" data-end=\"2486\">72<\/td>\n<td data-col-size=\"sm\" data-start=\"2486\" data-end=\"2502\">20 \u00d7 3.8 \u00d7 10<\/td>\n<td data-col-size=\"sm\" data-start=\"2502\" data-end=\"2511\">1-1\/4\u2033<\/td>\n<td data-col-size=\"sm\" data-start=\"2511\" data-end=\"2520\">R31-38<\/td>\n<td data-col-size=\"sm\" data-start=\"2520\" data-end=\"2525\">7<\/td>\n<\/tr>\n<tr data-start=\"2526\" data-end=\"2581\">\n<td data-start=\"2526\" data-end=\"2536\" data-col-size=\"sm\">2120076<\/td>\n<td data-col-size=\"sm\" data-start=\"2536\" data-end=\"2542\">76<\/td>\n<td data-col-size=\"sm\" data-start=\"2542\" data-end=\"2558\">20 \u00d7 3.8 \u00d7 10<\/td>\n<td data-col-size=\"sm\" data-start=\"2558\" data-end=\"2567\">1-1\/4\u2033<\/td>\n<td data-col-size=\"sm\" data-start=\"2567\" data-end=\"2576\">R31-38<\/td>\n<td data-col-size=\"sm\" data-start=\"2576\" data-end=\"2581\">7<\/td>\n<\/tr>\n<tr data-start=\"2582\" data-end=\"2637\">\n<td data-start=\"2582\" data-end=\"2592\" data-col-size=\"sm\">2120082<\/td>\n<td data-col-size=\"sm\" data-start=\"2592\" data-end=\"2598\">82<\/td>\n<td data-col-size=\"sm\" data-start=\"2598\" data-end=\"2614\">20 \u00d7 3.8 \u00d7 10<\/td>\n<td data-col-size=\"sm\" data-start=\"2614\" data-end=\"2623\">1-1\/4\u2033<\/td>\n<td data-col-size=\"sm\" data-start=\"2623\" data-end=\"2632\">R41-46<\/td>\n<td data-col-size=\"sm\" data-start=\"2632\" data-end=\"2637\">8<\/td>\n<\/tr>\n<tr data-start=\"2638\" data-end=\"2693\">\n<td data-start=\"2638\" data-end=\"2648\" data-col-size=\"sm\">2120092<\/td>\n<td data-col-size=\"sm\" data-start=\"2648\" data-end=\"2654\">92<\/td>\n<td data-col-size=\"sm\" data-start=\"2654\" data-end=\"2670\">20 \u00d7 3.8 \u00d7 10<\/td>\n<td data-col-size=\"sm\" data-start=\"2670\" data-end=\"2679\">1-1\/4\u2033<\/td>\n<td data-col-size=\"sm\" data-start=\"2679\" data-end=\"2688\">R41-46<\/td>\n<td data-col-size=\"sm\" data-start=\"2688\" data-end=\"2693\">8<\/td>\n<\/tr>\n<tr data-start=\"2694\" data-end=\"2749\">\n<td data-start=\"2694\" data-end=\"2704\" data-col-size=\"sm\">2120102<\/td>\n<td data-col-size=\"sm\" data-start=\"2704\" data-end=\"2710\">102<\/td>\n<td data-col-size=\"sm\" data-start=\"2710\" data-end=\"2726\">20 \u00d7 3.8 \u00d7 10<\/td>\n<td data-col-size=\"sm\" data-start=\"2726\" data-end=\"2735\">1-1\/4\u2033<\/td>\n<td data-col-size=\"sm\" data-start=\"2735\" data-end=\"2744\">R51-66<\/td>\n<td data-col-size=\"sm\" data-start=\"2744\" data-end=\"2749\">8<\/td>\n<\/tr>\n<tr data-start=\"2750\" data-end=\"2805\">\n<td data-start=\"2750\" data-end=\"2760\" data-col-size=\"sm\">2120112<\/td>\n<td data-col-size=\"sm\" data-start=\"2760\" data-end=\"2766\">112<\/td>\n<td data-col-size=\"sm\" data-start=\"2766\" data-end=\"2782\">20 \u00d7 3.8 \u00d7 10<\/td>\n<td data-col-size=\"sm\" data-start=\"2782\" data-end=\"2791\">1-1\/4\u2033<\/td>\n<td data-col-size=\"sm\" data-start=\"2791\" data-end=\"2800\">R51-66<\/td>\n<td data-col-size=\"sm\" data-start=\"2800\" data-end=\"2805\">9<\/td>\n<\/tr>\n<tr data-start=\"2806\" data-end=\"2861\">\n<td data-start=\"2806\" data-end=\"2816\" data-col-size=\"sm\">2120122<\/td>\n<td data-col-size=\"sm\" data-start=\"2816\" data-end=\"2822\">122<\/td>\n<td data-col-size=\"sm\" data-start=\"2822\" data-end=\"2838\">20 \u00d7 3.8 \u00d7 10<\/td>\n<td data-col-size=\"sm\" data-start=\"2838\" data-end=\"2847\">1-1\/4\u2033<\/td>\n<td data-col-size=\"sm\" data-start=\"2847\" data-end=\"2856\">R51-66<\/td>\n<td data-col-size=\"sm\" data-start=\"2856\" data-end=\"2861\">9<\/td>\n<\/tr>\n<tr data-start=\"2862\" data-end=\"2917\">\n<td data-start=\"2862\" data-end=\"2872\" data-col-size=\"sm\">2120127<\/td>\n<td data-col-size=\"sm\" data-start=\"2872\" data-end=\"2878\">127<\/td>\n<td data-col-size=\"sm\" data-start=\"2878\" data-end=\"2894\">20 \u00d7 3.8 \u00d7 10<\/td>\n<td data-col-size=\"sm\" data-start=\"2894\" data-end=\"2903\">1-1\/4\u2033<\/td>\n<td data-col-size=\"sm\" data-start=\"2903\" data-end=\"2912\">R51-66<\/td>\n<td data-col-size=\"sm\" data-start=\"2912\" data-end=\"2917\">9<\/td>\n<\/tr>\n<tr data-start=\"2918\" data-end=\"2974\">\n<td data-start=\"2918\" data-end=\"2928\" data-col-size=\"sm\">2120132<\/td>\n<td data-col-size=\"sm\" data-start=\"2928\" data-end=\"2934\">132<\/td>\n<td data-col-size=\"sm\" data-start=\"2934\" data-end=\"2950\">20 \u00d7 3.8 \u00d7 10<\/td>\n<td data-col-size=\"sm\" data-start=\"2950\" data-end=\"2959\">1-1\/4\u2033<\/td>\n<td data-col-size=\"sm\" data-start=\"2959\" data-end=\"2968\">R51-66<\/td>\n<td data-col-size=\"sm\" data-start=\"2968\" data-end=\"2974\">10<\/td>\n<\/tr>\n<\/tbody>\n<\/table>\n<\/div>\n<\/div>\n<p data-start=\"2976\" data-end=\"2997\"><strong>Umfang der Lieferung<\/strong><\/p>\n<ul>\n<li data-start=\"3000\" data-end=\"3075\">1 \u00d7 BYCON C-01 Mikroschlag-Diamantbohrer (ausgew\u00e4hlter Durchmesser)<\/li>\n<\/ul>","protected":false},"excerpt":{"rendered":"<p data-start=\"415\" data-end=\"961\">Die BYCON C-01 Serie wurde speziell f\u00fcr handgef\u00fchrte Trockenbohrungen in Beton und Mauerwerk mit Maschinen von 1 800 - 3 000 W entwickelt. Lasergeschwei\u00dfte Segmente und Mikroschlagdesign garantieren hohe Geschwindigkeit und lange Standzeiten, auch in armiertem Beton. Der pr\u00e4zise geformte Segmentradius h\u00e4lt den Bohrer stabil und reduziert Vibrationen. Erh\u00e4ltlich in Durchmessern von \u00d8 32 mm bis \u00d8 132 mm, alle mit 1-1\/4\u2033 UNC-Anschluss. Ideal f\u00fcr Bauunternehmen, die leichte Werkzeuge mit professioneller Leistung kombinieren.<\/p>","protected":false},"featured_media":7613,"comment_status":"open","ping_status":"closed","template":"","meta":[],"product_brand":[627],"product_cat":[21,188,189,20],"product_tag":[],"class_list":{"0":"post-7612","1":"product","2":"type-product","3":"status-publish","4":"has-post-thumbnail","6":"product_brand-bycon","7":"product_cat-diamant","8":"product_cat-diamantboor","9":"product_cat-diamantboor-droog","10":"product_cat-verbruiksartikelen-diamant","12":"first","13":"instock","14":"shipping-taxable","15":"product-type-simple"},"ct_brands":[{"id":627,"name":"BYCON","slug":"bycon"}],"yoast_head":"<!-- This site is optimized with the Yoast SEO plugin v27.4 - https:\/\/yoast.com\/product\/yoast-seo-wordpress\/ -->\n<title>BYCON C-01 Micro Percussie Diamantboor | \u00d8 32-132 mm Beton - KEM Europe<\/title>\n<meta name=\"description\" content=\"Hand-held droge diamantboor voor 1800-3000 W machines. Laser-gelast, boort snel door gewapend beton \u00d8 32-132 mm met micro-percussie-techniek.\" \/>\n<meta name=\"robots\" content=\"index, follow, max-snippet:-1, max-image-preview:large, max-video-preview:-1\" \/>\n<link rel=\"canonical\" href=\"https:\/\/kem-europe.eu\/de\/produkt\/bycon-c-01-mikro-schlagbohrer-mit-diamant\/\" \/>\n<meta property=\"og:locale\" content=\"de_DE\" \/>\n<meta property=\"og:type\" content=\"article\" \/>\n<meta property=\"og:title\" content=\"BYCON C-01 Micro Percussie Diamantboor | \u00d8 32-132 mm Beton - KEM Europe\" \/>\n<meta property=\"og:description\" content=\"Hand-held droge diamantboor voor 1800-3000 W machines. Laser-gelast, boort snel door gewapend beton \u00d8 32-132 mm met micro-percussie-techniek.\" \/>\n<meta property=\"og:url\" content=\"https:\/\/kem-europe.eu\/de\/produkt\/bycon-c-01-mikro-schlagbohrer-mit-diamant\/\" \/>\n<meta property=\"og:site_name\" content=\"KEM Europe\" \/>\n<meta property=\"article:modified_time\" content=\"2025-07-02T09:23:42+00:00\" \/>\n<meta property=\"og:image\" content=\"https:\/\/kem-europe.eu\/wp-content\/uploads\/2025\/07\/C-01.png\" \/>\n\t<meta property=\"og:image:width\" content=\"700\" \/>\n\t<meta property=\"og:image:height\" content=\"700\" \/>\n\t<meta property=\"og:image:type\" content=\"image\/png\" \/>\n<meta name=\"twitter:card\" content=\"summary_large_image\" \/>\n<meta name=\"twitter:label1\" content=\"Gesch\u00e4tzte Lesezeit\" \/>\n\t<meta name=\"twitter:data1\" content=\"2\u00a0Minuten\" \/>\n<script type=\"application\/ld+json\" class=\"yoast-schema-graph\">{\"@context\":\"https:\\\/\\\/schema.org\",\"@graph\":[{\"@type\":\"WebPage\",\"@id\":\"https:\\\/\\\/kem-europe.eu\\\/product\\\/bycon-c-01-micro-percussie-diamantboor\\\/\",\"url\":\"https:\\\/\\\/kem-europe.eu\\\/product\\\/bycon-c-01-micro-percussie-diamantboor\\\/\",\"name\":\"BYCON C-01 Micro Percussie Diamantboor | \u00d8 32-132 mm Beton - KEM Europe\",\"isPartOf\":{\"@id\":\"https:\\\/\\\/kem-europe.eu\\\/#website\"},\"primaryImageOfPage\":{\"@id\":\"https:\\\/\\\/kem-europe.eu\\\/product\\\/bycon-c-01-micro-percussie-diamantboor\\\/#primaryimage\"},\"image\":{\"@id\":\"https:\\\/\\\/kem-europe.eu\\\/product\\\/bycon-c-01-micro-percussie-diamantboor\\\/#primaryimage\"},\"thumbnailUrl\":\"https:\\\/\\\/kem-europe.eu\\\/wp-content\\\/uploads\\\/2025\\\/07\\\/C-01.png\",\"datePublished\":\"2025-07-02T09:05:51+00:00\",\"dateModified\":\"2025-07-02T09:23:42+00:00\",\"description\":\"Hand-held droge diamantboor voor 1800-3000 W machines. Laser-gelast, boort snel door gewapend beton \u00d8 32-132 mm met micro-percussie-techniek.\",\"breadcrumb\":{\"@id\":\"https:\\\/\\\/kem-europe.eu\\\/product\\\/bycon-c-01-micro-percussie-diamantboor\\\/#breadcrumb\"},\"inLanguage\":\"de\",\"potentialAction\":[{\"@type\":\"ReadAction\",\"target\":[\"https:\\\/\\\/kem-europe.eu\\\/product\\\/bycon-c-01-micro-percussie-diamantboor\\\/\"]}]},{\"@type\":\"ImageObject\",\"inLanguage\":\"de\",\"@id\":\"https:\\\/\\\/kem-europe.eu\\\/product\\\/bycon-c-01-micro-percussie-diamantboor\\\/#primaryimage\",\"url\":\"https:\\\/\\\/kem-europe.eu\\\/wp-content\\\/uploads\\\/2025\\\/07\\\/C-01.png\",\"contentUrl\":\"https:\\\/\\\/kem-europe.eu\\\/wp-content\\\/uploads\\\/2025\\\/07\\\/C-01.png\",\"width\":700,\"height\":700,\"caption\":\"BYCON C-01 \u2013 Micro-Percussie Droge Diamantboor (\u00d8 32\u2013132 mm)\"},{\"@type\":\"BreadcrumbList\",\"@id\":\"https:\\\/\\\/kem-europe.eu\\\/product\\\/bycon-c-01-micro-percussie-diamantboor\\\/#breadcrumb\",\"itemListElement\":[{\"@type\":\"ListItem\",\"position\":1,\"name\":\"Home\",\"item\":\"https:\\\/\\\/kem-europe.eu\\\/\"},{\"@type\":\"ListItem\",\"position\":2,\"name\":\"Winkel\",\"item\":\"https:\\\/\\\/kem-europe.eu\\\/winkel\\\/\"},{\"@type\":\"ListItem\",\"position\":3,\"name\":\"BYCON C-01 \u2013 Micro-Percussie Droge Diamantboor (\u00d8 32\u2013132 mm)\"}]},{\"@type\":\"WebSite\",\"@id\":\"https:\\\/\\\/kem-europe.eu\\\/#website\",\"url\":\"https:\\\/\\\/kem-europe.eu\\\/\",\"name\":\"KEM Europe\",\"description\":\"\",\"publisher\":{\"@id\":\"https:\\\/\\\/kem-europe.eu\\\/#organization\"},\"potentialAction\":[{\"@type\":\"SearchAction\",\"target\":{\"@type\":\"EntryPoint\",\"urlTemplate\":\"https:\\\/\\\/kem-europe.eu\\\/?s={search_term_string}\"},\"query-input\":{\"@type\":\"PropertyValueSpecification\",\"valueRequired\":true,\"valueName\":\"search_term_string\"}}],\"inLanguage\":\"de\"},{\"@type\":\"Organization\",\"@id\":\"https:\\\/\\\/kem-europe.eu\\\/#organization\",\"name\":\"KEM Europe\",\"url\":\"https:\\\/\\\/kem-europe.eu\\\/\",\"logo\":{\"@type\":\"ImageObject\",\"inLanguage\":\"de\",\"@id\":\"https:\\\/\\\/kem-europe.eu\\\/#\\\/schema\\\/logo\\\/image\\\/\",\"url\":\"https:\\\/\\\/kem-europe.eu\\\/wp-content\\\/uploads\\\/2025\\\/02\\\/KEM2019-BLACK-1500W.png\",\"contentUrl\":\"https:\\\/\\\/kem-europe.eu\\\/wp-content\\\/uploads\\\/2025\\\/02\\\/KEM2019-BLACK-1500W.png\",\"width\":1500,\"height\":626,\"caption\":\"KEM Europe\"},\"image\":{\"@id\":\"https:\\\/\\\/kem-europe.eu\\\/#\\\/schema\\\/logo\\\/image\\\/\"}}]}<\/script>\n<!-- \/ Yoast SEO plugin. -->","yoast_head_json":{"title":"BYCON C-01 Mikroschlagdiamantbohrer | \u00d8 32-132 mm Beton - KEM Europe","description":"Handgef\u00fchrte Trocken-Diamantbohrmaschine f\u00fcr 1800-3000 W Maschinen. Lasergeschwei\u00dft, bohrt schnell durch Stahlbeton \u00d8 32-132 mm mit Mikro-Schlagtechnik.","robots":{"index":"index","follow":"follow","max-snippet":"max-snippet:-1","max-image-preview":"max-image-preview:large","max-video-preview":"max-video-preview:-1"},"canonical":"https:\/\/kem-europe.eu\/de\/produkt\/bycon-c-01-mikro-schlagbohrer-mit-diamant\/","og_locale":"de_DE","og_type":"article","og_title":"BYCON C-01 Micro Percussie Diamantboor | \u00d8 32-132 mm Beton - KEM Europe","og_description":"Hand-held droge diamantboor voor 1800-3000 W machines. Laser-gelast, boort snel door gewapend beton \u00d8 32-132 mm met micro-percussie-techniek.","og_url":"https:\/\/kem-europe.eu\/de\/produkt\/bycon-c-01-mikro-schlagbohrer-mit-diamant\/","og_site_name":"KEM Europe","article_modified_time":"2025-07-02T09:23:42+00:00","og_image":[{"width":700,"height":700,"url":"https:\/\/kem-europe.eu\/wp-content\/uploads\/2025\/07\/C-01.png","type":"image\/png"}],"twitter_card":"summary_large_image","twitter_misc":{"Gesch\u00e4tzte Lesezeit":"2\u00a0Minuten"},"schema":{"@context":"https:\/\/schema.org","@graph":[{"@type":"WebPage","@id":"https:\/\/kem-europe.eu\/product\/bycon-c-01-micro-percussie-diamantboor\/","url":"https:\/\/kem-europe.eu\/product\/bycon-c-01-micro-percussie-diamantboor\/","name":"BYCON C-01 Mikroschlagdiamantbohrer | \u00d8 32-132 mm Beton - KEM Europe","isPartOf":{"@id":"https:\/\/kem-europe.eu\/#website"},"primaryImageOfPage":{"@id":"https:\/\/kem-europe.eu\/product\/bycon-c-01-micro-percussie-diamantboor\/#primaryimage"},"image":{"@id":"https:\/\/kem-europe.eu\/product\/bycon-c-01-micro-percussie-diamantboor\/#primaryimage"},"thumbnailUrl":"https:\/\/kem-europe.eu\/wp-content\/uploads\/2025\/07\/C-01.png","datePublished":"2025-07-02T09:05:51+00:00","dateModified":"2025-07-02T09:23:42+00:00","description":"Handgef\u00fchrte Trocken-Diamantbohrmaschine f\u00fcr 1800-3000 W Maschinen. Lasergeschwei\u00dft, bohrt schnell durch Stahlbeton \u00d8 32-132 mm mit Mikro-Schlagtechnik.","breadcrumb":{"@id":"https:\/\/kem-europe.eu\/product\/bycon-c-01-micro-percussie-diamantboor\/#breadcrumb"},"inLanguage":"de","potentialAction":[{"@type":"ReadAction","target":["https:\/\/kem-europe.eu\/product\/bycon-c-01-micro-percussie-diamantboor\/"]}]},{"@type":"ImageObject","inLanguage":"de","@id":"https:\/\/kem-europe.eu\/product\/bycon-c-01-micro-percussie-diamantboor\/#primaryimage","url":"https:\/\/kem-europe.eu\/wp-content\/uploads\/2025\/07\/C-01.png","contentUrl":"https:\/\/kem-europe.eu\/wp-content\/uploads\/2025\/07\/C-01.png","width":700,"height":700,"caption":"BYCON C-01 \u2013 Micro-Percussie Droge Diamantboor (\u00d8 32\u2013132 mm)"},{"@type":"BreadcrumbList","@id":"https:\/\/kem-europe.eu\/product\/bycon-c-01-micro-percussie-diamantboor\/#breadcrumb","itemListElement":[{"@type":"ListItem","position":1,"name":"Home","item":"https:\/\/kem-europe.eu\/"},{"@type":"ListItem","position":2,"name":"Winkel","item":"https:\/\/kem-europe.eu\/winkel\/"},{"@type":"ListItem","position":3,"name":"BYCON C-01 \u2013 Micro-Percussie Droge Diamantboor (\u00d8 32\u2013132 mm)"}]},{"@type":"WebSite","@id":"https:\/\/kem-europe.eu\/#website","url":"https:\/\/kem-europe.eu\/","name":"KEM Europe","description":"","publisher":{"@id":"https:\/\/kem-europe.eu\/#organization"},"potentialAction":[{"@type":"SearchAction","target":{"@type":"EntryPoint","urlTemplate":"https:\/\/kem-europe.eu\/?s={search_term_string}"},"query-input":{"@type":"PropertyValueSpecification","valueRequired":true,"valueName":"search_term_string"}}],"inLanguage":"de"},{"@type":"Organization","@id":"https:\/\/kem-europe.eu\/#organization","name":"KEM Europe","url":"https:\/\/kem-europe.eu\/","logo":{"@type":"ImageObject","inLanguage":"de","@id":"https:\/\/kem-europe.eu\/#\/schema\/logo\/image\/","url":"https:\/\/kem-europe.eu\/wp-content\/uploads\/2025\/02\/KEM2019-BLACK-1500W.png","contentUrl":"https:\/\/kem-europe.eu\/wp-content\/uploads\/2025\/02\/KEM2019-BLACK-1500W.png","width":1500,"height":626,"caption":"KEM Europe"},"image":{"@id":"https:\/\/kem-europe.eu\/#\/schema\/logo\/image\/"}}]}},"_links":{"self":[{"href":"https:\/\/kem-europe.eu\/de\/wp-json\/wp\/v2\/product\/7612","targetHints":{"allow":["GET"]}}],"collection":[{"href":"https:\/\/kem-europe.eu\/de\/wp-json\/wp\/v2\/product"}],"about":[{"href":"https:\/\/kem-europe.eu\/de\/wp-json\/wp\/v2\/types\/product"}],"replies":[{"embeddable":true,"href":"https:\/\/kem-europe.eu\/de\/wp-json\/wp\/v2\/comments?post=7612"}],"wp:featuredmedia":[{"embeddable":true,"href":"https:\/\/kem-europe.eu\/de\/wp-json\/wp\/v2\/media\/7613"}],"wp:attachment":[{"href":"https:\/\/kem-europe.eu\/de\/wp-json\/wp\/v2\/media?parent=7612"}],"wp:term":[{"taxonomy":"product_brand","embeddable":true,"href":"https:\/\/kem-europe.eu\/de\/wp-json\/wp\/v2\/product_brand?post=7612"},{"taxonomy":"product_cat","embeddable":true,"href":"https:\/\/kem-europe.eu\/de\/wp-json\/wp\/v2\/product_cat?post=7612"},{"taxonomy":"product_tag","embeddable":true,"href":"https:\/\/kem-europe.eu\/de\/wp-json\/wp\/v2\/product_tag?post=7612"}],"curies":[{"name":"wp","href":"https:\/\/api.w.org\/{rel}","templated":true}]}}