{"id":7615,"date":"2025-07-02T09:17:15","date_gmt":"2025-07-02T09:17:15","guid":{"rendered":"https:\/\/kem-europe.eu\/?post_type=product&#038;p=7615"},"modified":"2025-07-02T09:23:58","modified_gmt":"2025-07-02T09:23:58","slug":"bycon-mikro-schlagbohrmaschine-mit-diamantbohrer","status":"publish","type":"product","link":"https:\/\/kem-europe.eu\/de\/product\/bycon-socket-micro-percussie-diamantboor\/","title":{"rendered":"BYCON Socket-Bits - Micro-Percussion Diamantbohrer (\u00d8 68 - 82 mm)"},"content":{"rendered":"<h2 data-start=\"995\" data-end=\"1060\">BYCON Socket-Bits - Micro-Percussion Diamantbohrer (\u00d8 68 - 82 mm)<\/h2>\n<p data-start=\"1084\" data-end=\"1713\">Die BYCON Socket-Series kombiniert hochwertige Diamantsegmente mit Mikroschlagtechnik f\u00fcr m\u00fcheloses Trockenbohren in Beton, Mauerwerk und Kalkstein. Optimiert f\u00fcr Drehzahlen zwischen 1.500 und 3.000 U\/min, liefern die Bohrer hohe Bohrgeschwindigkeiten ohne \u00fcberm\u00e4\u00dfige Staubentwicklung. Das kompakte Design erm\u00f6glicht das Bohren von pr\u00e4zisen Aussparungen f\u00fcr Unterputzdosen, Rohrdurchf\u00fchrungen und Ankerpunkte, w\u00e4hrend die lasergeschwei\u00dften Segmente eine hohe thermische Best\u00e4ndigkeit gew\u00e4hrleisten. Der sorgf\u00e4ltig berechnete Segmentradius reduziert Vibrationen, was zu einer engen Bohrkante und einer l\u00e4ngeren Lebensdauer der Krone f\u00fchrt.<\/p>\n<hr data-start=\"1715\" data-end=\"1718\" \/>\n<p data-start=\"1720\" data-end=\"1745\"><strong>Hauptmerkmale<\/strong><\/p>\n<ul>\n<li data-start=\"1748\" data-end=\"1806\"><strong data-start=\"1748\" data-end=\"1763\">Anwendung:<\/strong> Handgehaltenes Trockenbohren mit Mikroperkussion<\/li>\n<li data-start=\"1748\" data-end=\"1806\"><strong data-start=\"1809\" data-end=\"1840\">Empfohlene Maschinenleistung:<\/strong> 1 800 - 3 000 W<\/li>\n<li data-start=\"1748\" data-end=\"1806\"><strong data-start=\"1861\" data-end=\"1882\">Ideale Geschwindigkeit:<\/strong> 1 500 - 3 000 U\/min (nicht bei drehenden H\u00e4mmern)<\/li>\n<li data-start=\"1748\" data-end=\"1806\"><strong data-start=\"1930\" data-end=\"1947\">Schraubengewinde:<\/strong> M16 - schnelle, sichere Montage<\/li>\n<li data-start=\"1748\" data-end=\"1806\"><strong data-start=\"1982\" data-end=\"1994\">Segment:<\/strong> Lasergeschwei\u00dft, 20 \u00d7 3,8 \/ 4,0 \u00d7 10 mm<\/li>\n<li data-start=\"1748\" data-end=\"1806\"><strong data-start=\"2036\" data-end=\"2048\">Verwendung:<\/strong> Stahlbeton, Mauerwerk, Kalksandstein<\/li>\n<\/ul>\n<hr data-start=\"2094\" data-end=\"2097\" \/>\n<p data-start=\"2099\" data-end=\"2129\"><strong>Technische Daten<\/strong><\/p>\n<div class=\"_tableContainer_80l1q_1\">\n<div class=\"_tableWrapper_80l1q_14 group flex w-fit flex-col-reverse\" tabindex=\"-1\">\n<table class=\"w-fit min-w-(--thread-content-width)\" data-start=\"2131\" data-end=\"2426\">\n<thead data-start=\"2131\" data-end=\"2200\">\n<tr data-start=\"2131\" data-end=\"2200\">\n<th data-start=\"2131\" data-end=\"2141\" data-col-size=\"sm\">Artikel Nr.<\/th>\n<th data-start=\"2141\" data-end=\"2150\" data-col-size=\"sm\">\u00d8 (mm)<\/th>\n<th data-start=\"2150\" data-end=\"2165\" data-col-size=\"sm\">Abschnitt (mm)<\/th>\n<th data-start=\"2165\" data-end=\"2173\" data-col-size=\"sm\">Draht<\/th>\n<th data-start=\"2173\" data-end=\"2187\" data-col-size=\"sm\">Radius (mm)<\/th>\n<th data-start=\"2187\" data-end=\"2200\" data-col-size=\"sm\">Segmente<\/th>\n<\/tr>\n<\/thead>\n<tbody data-start=\"2271\" data-end=\"2426\">\n<tr data-start=\"2271\" data-end=\"2322\">\n<td data-start=\"2271\" data-end=\"2281\" data-col-size=\"sm\">2124068<\/td>\n<td data-col-size=\"sm\" data-start=\"2281\" data-end=\"2286\">68<\/td>\n<td data-col-size=\"sm\" data-start=\"2286\" data-end=\"2302\">20 \u00d7 3.8 \u00d7 10<\/td>\n<td data-col-size=\"sm\" data-start=\"2302\" data-end=\"2308\">M16<\/td>\n<td data-col-size=\"sm\" data-start=\"2308\" data-end=\"2317\">R31-38<\/td>\n<td data-col-size=\"sm\" data-start=\"2317\" data-end=\"2322\">5<\/td>\n<\/tr>\n<tr data-start=\"2323\" data-end=\"2374\">\n<td data-start=\"2323\" data-end=\"2333\" data-col-size=\"sm\">2124072<\/td>\n<td data-col-size=\"sm\" data-start=\"2333\" data-end=\"2338\">72<\/td>\n<td data-col-size=\"sm\" data-start=\"2338\" data-end=\"2354\">20 \u00d7 3.8 \u00d7 10<\/td>\n<td data-col-size=\"sm\" data-start=\"2354\" data-end=\"2360\">M16<\/td>\n<td data-col-size=\"sm\" data-start=\"2360\" data-end=\"2369\">R31-38<\/td>\n<td data-col-size=\"sm\" data-start=\"2369\" data-end=\"2374\">5<\/td>\n<\/tr>\n<tr data-start=\"2375\" data-end=\"2426\">\n<td data-start=\"2375\" data-end=\"2385\" data-col-size=\"sm\">2124082<\/td>\n<td data-col-size=\"sm\" data-start=\"2385\" data-end=\"2390\">82<\/td>\n<td data-col-size=\"sm\" data-start=\"2390\" data-end=\"2406\">20 \u00d7 3.8 \u00d7 10<\/td>\n<td data-col-size=\"sm\" data-start=\"2406\" data-end=\"2412\">M16<\/td>\n<td data-col-size=\"sm\" data-start=\"2412\" data-end=\"2421\">R41-46<\/td>\n<td data-col-size=\"sm\" data-start=\"2421\" data-end=\"2426\">6<\/td>\n<\/tr>\n<\/tbody>\n<\/table>\n<div class=\"sticky end-(--thread-content-margin) h-0 self-end select-none\">\n<div class=\"absolute end-0 flex items-end\"><\/div>\n<\/div>\n<\/div>\n<\/div>\n<hr data-start=\"2428\" data-end=\"2431\" \/>\n<p data-start=\"2433\" data-end=\"2454\"><strong>Umfang der Lieferung<\/strong><\/p>\n<ul>\n<li data-start=\"2457\" data-end=\"2528\">1 \u00d7 BYCON Socket micro-percussion Diamantbohrer (ausgew\u00e4hlter Durchmesser)<\/li>\n<\/ul>","protected":false},"excerpt":{"rendered":"<p data-start=\"432\" data-end=\"988\">BYCON Steckbohrer sind speziell f\u00fcr das handgef\u00fchrte Mikroschlag-Trockenbohren mit Maschinen von 1 200 - 3 000 W entwickelt worden. Dank des M16-Gewindes spannen Sie sie sicher auf kompakte Hochgeschwindigkeitsmotoren. Die lasergeschwei\u00dften Segmente und der optimierte Radius sorgen f\u00fcr stabiles Bohren und lange Standzeiten, auch in Stahlbeton. Ideal f\u00fcr Elektroinstallateure und Renovierungsteams, die schnell und ohne Wasser Steckdosen- oder Rohrausschnitte herstellen wollen. Erh\u00e4ltlich in den gebr\u00e4uchlichsten Durchmessern \u00d8 68, 72 und 82 mm.<\/p>","protected":false},"featured_media":7616,"comment_status":"open","ping_status":"closed","template":"","meta":[],"product_brand":[627],"product_cat":[21,188,189,20],"product_tag":[],"class_list":{"0":"post-7615","1":"product","2":"type-product","3":"status-publish","4":"has-post-thumbnail","6":"product_brand-bycon","7":"product_cat-diamant","8":"product_cat-diamantboor","9":"product_cat-diamantboor-droog","10":"product_cat-verbruiksartikelen-diamant","12":"first","13":"instock","14":"shipping-taxable","15":"product-type-simple"},"ct_brands":[{"id":627,"name":"BYCON","slug":"bycon"}],"yoast_head":"<!-- This site is optimized with the Yoast SEO plugin v27.4 - https:\/\/yoast.com\/product\/yoast-seo-wordpress\/ -->\n<title>BYCON Socket Diamantboor \u00d868-82 mm | Micro-Percussie - KEM Europe<\/title>\n<meta name=\"description\" content=\"Micro-percussie diamant droogboor \u00d868-82 mm. M16-aansluiting, 1500-3000 t\/min, premium segmenten voor snelle, schone uitsparingen in beton &amp; metselwerk.\" \/>\n<meta name=\"robots\" content=\"index, follow, max-snippet:-1, max-image-preview:large, max-video-preview:-1\" \/>\n<link rel=\"canonical\" href=\"https:\/\/kem-europe.eu\/de\/produkt\/bycon-mikro-schlagbohrmaschine-mit-diamantbohrer\/\" \/>\n<meta property=\"og:locale\" content=\"de_DE\" \/>\n<meta property=\"og:type\" content=\"article\" \/>\n<meta property=\"og:title\" content=\"BYCON Socket Diamantboor \u00d868-82 mm | Micro-Percussie - KEM Europe\" \/>\n<meta property=\"og:description\" content=\"Micro-percussie diamant droogboor \u00d868-82 mm. M16-aansluiting, 1500-3000 t\/min, premium segmenten voor snelle, schone uitsparingen in beton &amp; metselwerk.\" \/>\n<meta property=\"og:url\" content=\"https:\/\/kem-europe.eu\/de\/produkt\/bycon-mikro-schlagbohrmaschine-mit-diamantbohrer\/\" \/>\n<meta property=\"og:site_name\" content=\"KEM Europe\" \/>\n<meta property=\"article:modified_time\" content=\"2025-07-02T09:23:58+00:00\" \/>\n<meta property=\"og:image\" content=\"https:\/\/kem-europe.eu\/wp-content\/uploads\/2025\/07\/Banana-Hole.png\" \/>\n\t<meta property=\"og:image:width\" content=\"700\" \/>\n\t<meta property=\"og:image:height\" content=\"700\" \/>\n\t<meta property=\"og:image:type\" content=\"image\/png\" \/>\n<meta name=\"twitter:card\" content=\"summary_large_image\" \/>\n<meta name=\"twitter:label1\" content=\"Gesch\u00e4tzte Lesezeit\" \/>\n\t<meta name=\"twitter:data1\" content=\"2\u00a0Minuten\" \/>\n<script type=\"application\/ld+json\" class=\"yoast-schema-graph\">{\"@context\":\"https:\\\/\\\/schema.org\",\"@graph\":[{\"@type\":\"WebPage\",\"@id\":\"https:\\\/\\\/kem-europe.eu\\\/product\\\/bycon-socket-micro-percussie-diamantboor\\\/\",\"url\":\"https:\\\/\\\/kem-europe.eu\\\/product\\\/bycon-socket-micro-percussie-diamantboor\\\/\",\"name\":\"BYCON Socket Diamantboor \u00d868-82 mm | Micro-Percussie - KEM Europe\",\"isPartOf\":{\"@id\":\"https:\\\/\\\/kem-europe.eu\\\/#website\"},\"primaryImageOfPage\":{\"@id\":\"https:\\\/\\\/kem-europe.eu\\\/product\\\/bycon-socket-micro-percussie-diamantboor\\\/#primaryimage\"},\"image\":{\"@id\":\"https:\\\/\\\/kem-europe.eu\\\/product\\\/bycon-socket-micro-percussie-diamantboor\\\/#primaryimage\"},\"thumbnailUrl\":\"https:\\\/\\\/kem-europe.eu\\\/wp-content\\\/uploads\\\/2025\\\/07\\\/Banana-Hole.png\",\"datePublished\":\"2025-07-02T09:17:15+00:00\",\"dateModified\":\"2025-07-02T09:23:58+00:00\",\"description\":\"Micro-percussie diamant droogboor \u00d868-82 mm. M16-aansluiting, 1500-3000 t\\\/min, premium segmenten voor snelle, schone uitsparingen in beton & metselwerk.\",\"breadcrumb\":{\"@id\":\"https:\\\/\\\/kem-europe.eu\\\/product\\\/bycon-socket-micro-percussie-diamantboor\\\/#breadcrumb\"},\"inLanguage\":\"de\",\"potentialAction\":[{\"@type\":\"ReadAction\",\"target\":[\"https:\\\/\\\/kem-europe.eu\\\/product\\\/bycon-socket-micro-percussie-diamantboor\\\/\"]}]},{\"@type\":\"ImageObject\",\"inLanguage\":\"de\",\"@id\":\"https:\\\/\\\/kem-europe.eu\\\/product\\\/bycon-socket-micro-percussie-diamantboor\\\/#primaryimage\",\"url\":\"https:\\\/\\\/kem-europe.eu\\\/wp-content\\\/uploads\\\/2025\\\/07\\\/Banana-Hole.png\",\"contentUrl\":\"https:\\\/\\\/kem-europe.eu\\\/wp-content\\\/uploads\\\/2025\\\/07\\\/Banana-Hole.png\",\"width\":700,\"height\":700,\"caption\":\"BYCON Socket-Bits \u2013 Micro-Percussie Diamantboor (\u00d8 68 \u2013 82 mm)\"},{\"@type\":\"BreadcrumbList\",\"@id\":\"https:\\\/\\\/kem-europe.eu\\\/product\\\/bycon-socket-micro-percussie-diamantboor\\\/#breadcrumb\",\"itemListElement\":[{\"@type\":\"ListItem\",\"position\":1,\"name\":\"Home\",\"item\":\"https:\\\/\\\/kem-europe.eu\\\/\"},{\"@type\":\"ListItem\",\"position\":2,\"name\":\"Winkel\",\"item\":\"https:\\\/\\\/kem-europe.eu\\\/winkel\\\/\"},{\"@type\":\"ListItem\",\"position\":3,\"name\":\"BYCON Socket-Bits \u2013 Micro-Percussie Diamantboor (\u00d8 68 \u2013 82 mm)\"}]},{\"@type\":\"WebSite\",\"@id\":\"https:\\\/\\\/kem-europe.eu\\\/#website\",\"url\":\"https:\\\/\\\/kem-europe.eu\\\/\",\"name\":\"KEM Europe\",\"description\":\"\",\"publisher\":{\"@id\":\"https:\\\/\\\/kem-europe.eu\\\/#organization\"},\"potentialAction\":[{\"@type\":\"SearchAction\",\"target\":{\"@type\":\"EntryPoint\",\"urlTemplate\":\"https:\\\/\\\/kem-europe.eu\\\/?s={search_term_string}\"},\"query-input\":{\"@type\":\"PropertyValueSpecification\",\"valueRequired\":true,\"valueName\":\"search_term_string\"}}],\"inLanguage\":\"de\"},{\"@type\":\"Organization\",\"@id\":\"https:\\\/\\\/kem-europe.eu\\\/#organization\",\"name\":\"KEM Europe\",\"url\":\"https:\\\/\\\/kem-europe.eu\\\/\",\"logo\":{\"@type\":\"ImageObject\",\"inLanguage\":\"de\",\"@id\":\"https:\\\/\\\/kem-europe.eu\\\/#\\\/schema\\\/logo\\\/image\\\/\",\"url\":\"https:\\\/\\\/kem-europe.eu\\\/wp-content\\\/uploads\\\/2025\\\/02\\\/KEM2019-BLACK-1500W.png\",\"contentUrl\":\"https:\\\/\\\/kem-europe.eu\\\/wp-content\\\/uploads\\\/2025\\\/02\\\/KEM2019-BLACK-1500W.png\",\"width\":1500,\"height\":626,\"caption\":\"KEM Europe\"},\"image\":{\"@id\":\"https:\\\/\\\/kem-europe.eu\\\/#\\\/schema\\\/logo\\\/image\\\/\"}}]}<\/script>\n<!-- \/ Yoast SEO plugin. -->","yoast_head_json":{"title":"BYCON Diamantbohrer \u00d868-82 mm | Micro-Percussion - KEM Europe","description":"Mikroschlagdiamant-Trockenbohrer \u00d868-82 mm. M16-Anschluss, 1500-3000 U\/min, Premium-Segmente f\u00fcr schnelle, saubere Ausschnitte in Beton und Mauerwerk.","robots":{"index":"index","follow":"follow","max-snippet":"max-snippet:-1","max-image-preview":"max-image-preview:large","max-video-preview":"max-video-preview:-1"},"canonical":"https:\/\/kem-europe.eu\/de\/produkt\/bycon-mikro-schlagbohrmaschine-mit-diamantbohrer\/","og_locale":"de_DE","og_type":"article","og_title":"BYCON Socket Diamantboor \u00d868-82 mm | Micro-Percussie - KEM Europe","og_description":"Micro-percussie diamant droogboor \u00d868-82 mm. M16-aansluiting, 1500-3000 t\/min, premium segmenten voor snelle, schone uitsparingen in beton & metselwerk.","og_url":"https:\/\/kem-europe.eu\/de\/produkt\/bycon-mikro-schlagbohrmaschine-mit-diamantbohrer\/","og_site_name":"KEM Europe","article_modified_time":"2025-07-02T09:23:58+00:00","og_image":[{"width":700,"height":700,"url":"https:\/\/kem-europe.eu\/wp-content\/uploads\/2025\/07\/Banana-Hole.png","type":"image\/png"}],"twitter_card":"summary_large_image","twitter_misc":{"Gesch\u00e4tzte Lesezeit":"2\u00a0Minuten"},"schema":{"@context":"https:\/\/schema.org","@graph":[{"@type":"WebPage","@id":"https:\/\/kem-europe.eu\/product\/bycon-socket-micro-percussie-diamantboor\/","url":"https:\/\/kem-europe.eu\/product\/bycon-socket-micro-percussie-diamantboor\/","name":"BYCON Diamantbohrer \u00d868-82 mm | Micro-Percussion - KEM Europe","isPartOf":{"@id":"https:\/\/kem-europe.eu\/#website"},"primaryImageOfPage":{"@id":"https:\/\/kem-europe.eu\/product\/bycon-socket-micro-percussie-diamantboor\/#primaryimage"},"image":{"@id":"https:\/\/kem-europe.eu\/product\/bycon-socket-micro-percussie-diamantboor\/#primaryimage"},"thumbnailUrl":"https:\/\/kem-europe.eu\/wp-content\/uploads\/2025\/07\/Banana-Hole.png","datePublished":"2025-07-02T09:17:15+00:00","dateModified":"2025-07-02T09:23:58+00:00","description":"Mikroschlagdiamant-Trockenbohrer \u00d868-82 mm. M16-Anschluss, 1500-3000 U\/min, Premium-Segmente f\u00fcr schnelle, saubere Ausschnitte in Beton und Mauerwerk.","breadcrumb":{"@id":"https:\/\/kem-europe.eu\/product\/bycon-socket-micro-percussie-diamantboor\/#breadcrumb"},"inLanguage":"de","potentialAction":[{"@type":"ReadAction","target":["https:\/\/kem-europe.eu\/product\/bycon-socket-micro-percussie-diamantboor\/"]}]},{"@type":"ImageObject","inLanguage":"de","@id":"https:\/\/kem-europe.eu\/product\/bycon-socket-micro-percussie-diamantboor\/#primaryimage","url":"https:\/\/kem-europe.eu\/wp-content\/uploads\/2025\/07\/Banana-Hole.png","contentUrl":"https:\/\/kem-europe.eu\/wp-content\/uploads\/2025\/07\/Banana-Hole.png","width":700,"height":700,"caption":"BYCON Socket-Bits \u2013 Micro-Percussie Diamantboor (\u00d8 68 \u2013 82 mm)"},{"@type":"BreadcrumbList","@id":"https:\/\/kem-europe.eu\/product\/bycon-socket-micro-percussie-diamantboor\/#breadcrumb","itemListElement":[{"@type":"ListItem","position":1,"name":"Home","item":"https:\/\/kem-europe.eu\/"},{"@type":"ListItem","position":2,"name":"Winkel","item":"https:\/\/kem-europe.eu\/winkel\/"},{"@type":"ListItem","position":3,"name":"BYCON Socket-Bits \u2013 Micro-Percussie Diamantboor (\u00d8 68 \u2013 82 mm)"}]},{"@type":"WebSite","@id":"https:\/\/kem-europe.eu\/#website","url":"https:\/\/kem-europe.eu\/","name":"KEM Europe","description":"","publisher":{"@id":"https:\/\/kem-europe.eu\/#organization"},"potentialAction":[{"@type":"SearchAction","target":{"@type":"EntryPoint","urlTemplate":"https:\/\/kem-europe.eu\/?s={search_term_string}"},"query-input":{"@type":"PropertyValueSpecification","valueRequired":true,"valueName":"search_term_string"}}],"inLanguage":"de"},{"@type":"Organization","@id":"https:\/\/kem-europe.eu\/#organization","name":"KEM Europe","url":"https:\/\/kem-europe.eu\/","logo":{"@type":"ImageObject","inLanguage":"de","@id":"https:\/\/kem-europe.eu\/#\/schema\/logo\/image\/","url":"https:\/\/kem-europe.eu\/wp-content\/uploads\/2025\/02\/KEM2019-BLACK-1500W.png","contentUrl":"https:\/\/kem-europe.eu\/wp-content\/uploads\/2025\/02\/KEM2019-BLACK-1500W.png","width":1500,"height":626,"caption":"KEM Europe"},"image":{"@id":"https:\/\/kem-europe.eu\/#\/schema\/logo\/image\/"}}]}},"_links":{"self":[{"href":"https:\/\/kem-europe.eu\/de\/wp-json\/wp\/v2\/product\/7615","targetHints":{"allow":["GET"]}}],"collection":[{"href":"https:\/\/kem-europe.eu\/de\/wp-json\/wp\/v2\/product"}],"about":[{"href":"https:\/\/kem-europe.eu\/de\/wp-json\/wp\/v2\/types\/product"}],"replies":[{"embeddable":true,"href":"https:\/\/kem-europe.eu\/de\/wp-json\/wp\/v2\/comments?post=7615"}],"wp:featuredmedia":[{"embeddable":true,"href":"https:\/\/kem-europe.eu\/de\/wp-json\/wp\/v2\/media\/7616"}],"wp:attachment":[{"href":"https:\/\/kem-europe.eu\/de\/wp-json\/wp\/v2\/media?parent=7615"}],"wp:term":[{"taxonomy":"product_brand","embeddable":true,"href":"https:\/\/kem-europe.eu\/de\/wp-json\/wp\/v2\/product_brand?post=7615"},{"taxonomy":"product_cat","embeddable":true,"href":"https:\/\/kem-europe.eu\/de\/wp-json\/wp\/v2\/product_cat?post=7615"},{"taxonomy":"product_tag","embeddable":true,"href":"https:\/\/kem-europe.eu\/de\/wp-json\/wp\/v2\/product_tag?post=7615"}],"curies":[{"name":"wp","href":"https:\/\/api.w.org\/{rel}","templated":true}]}}