{"id":7624,"date":"2025-07-02T09:33:48","date_gmt":"2025-07-02T09:33:48","guid":{"rendered":"https:\/\/kem-europe.eu\/?post_type=product&#038;p=7624"},"modified":"2025-07-02T09:33:48","modified_gmt":"2025-07-02T09:33:48","slug":"bycon-nassbohrer-set","status":"publish","type":"product","link":"https:\/\/kem-europe.eu\/de\/product\/bycon-natboor-set\/","title":{"rendered":"BYCON Nassbohrer-Set - Nass-Diamantbohrer-Set \u00d8 35-132 mm (4-teilig)"},"content":{"rendered":"<h2 data-start=\"1029\" data-end=\"1083\">BYCON Nassbohrer-Set - Nass-Diamantbohrer-Set \u00d8 35-132 mm<\/h2>\n<p data-start=\"1107\" data-end=\"1854\">Mit dem BYCON Wet Core Kit haben Sie sofort vier hochwertige Diamantkronen f\u00fcr Nassbohrungen in Beton, Stahlbeton und Mauerwerk zur Hand. Die lasergeschwei\u00dften Segmente garantieren eine extrem starke Verbindung zwischen Segment und Stahlh\u00fclse, was bei den hohen Temperaturen und Kr\u00e4ften, die beim Nassbohren freigesetzt werden, unerl\u00e4sslich ist. Dank der speziellen Diamantmatrix schneiden die Segmente m\u00fchelos und ohne \u00fcberm\u00e4\u00dfigen Verschlei\u00df durch die Stahlbewehrung. Sie w\u00e4hlen die gew\u00fcnschte Arbeitsl\u00e4nge pro Projekt (400, 425 oder 450 mm), so dass Sie immer die richtige Tiefe ohne Verl\u00e4ngerungen erreichen. Der 1\/2\u2033 BSP-Anschluss passt auf nahezu alle handels\u00fcblichen Nassbohrmaschinen und macht dieses Set zu einer vielseitigen L\u00f6sung f\u00fcr Arbeiten im Bau-, Installations- und Renovierungsbereich.<\/p>\n<hr data-start=\"1856\" data-end=\"1859\" \/>\n<p data-start=\"1861\" data-end=\"1886\"><strong>Hauptmerkmale<\/strong><\/p>\n<ul>\n<li data-start=\"1889\" data-end=\"1930\"><strong data-start=\"1889\" data-end=\"1906\">Durchmesser einstellen:<\/strong> \u00d8 35, 51, 81 und 132 mm<\/li>\n<li data-start=\"1889\" data-end=\"1930\"><strong data-start=\"1933\" data-end=\"1950\">Arbeitsl\u00e4ngen:<\/strong> Wahlweise 400 \/ 425 \/ 450 mm<\/li>\n<li data-start=\"1889\" data-end=\"1930\"><strong data-start=\"1984\" data-end=\"1994\">Thema:<\/strong> 1\/2\u2033 BSP - kompatibel mit Standard-Nassbohrern<\/li>\n<li data-start=\"1889\" data-end=\"1930\"><strong data-start=\"2051\" data-end=\"2063\">Segment:<\/strong> Lasergeschwei\u00dfte Diamantsegmente, 24 \u00d7 3,8 \u00d7 10 mm (\u00d835 mm Ringsegment 2,5 \u00d7 12 mm)<\/li>\n<li data-start=\"1889\" data-end=\"1930\"><strong data-start=\"2150\" data-end=\"2162\">Verwendung:<\/strong> Nassbohren in (bewehrtem) Beton und Hartgestein<\/li>\n<\/ul>\n<hr data-start=\"2216\" data-end=\"2219\" \/>\n<p data-start=\"2221\" data-end=\"2251\"><strong>Technische Daten<\/strong><\/p>\n<div class=\"_tableContainer_80l1q_1\">\n<div class=\"_tableWrapper_80l1q_14 group flex w-fit flex-col-reverse\" tabindex=\"-1\">\n<table class=\"w-fit min-w-(--thread-content-width)\" data-start=\"2253\" data-end=\"2726\">\n<thead data-start=\"2253\" data-end=\"2343\">\n<tr data-start=\"2253\" data-end=\"2343\">\n<th data-start=\"2253\" data-end=\"2263\" data-col-size=\"sm\">Artikel Nr.<\/th>\n<th data-start=\"2263\" data-end=\"2272\" data-col-size=\"sm\">\u00d8 (mm)<\/th>\n<th data-start=\"2272\" data-end=\"2291\" data-col-size=\"sm\">Arbeitsl\u00e4nge (mm)<\/th>\n<th data-start=\"2291\" data-end=\"2299\" data-col-size=\"sm\">Draht<\/th>\n<th data-start=\"2299\" data-end=\"2317\" data-col-size=\"sm\">Dicke der Aderendh\u00fclse (mm)<\/th>\n<th data-start=\"2317\" data-end=\"2332\" data-col-size=\"sm\">Abschnitt (mm)<\/th>\n<th data-start=\"2332\" data-end=\"2343\" data-col-size=\"sm\"># Segm.<\/th>\n<\/tr>\n<\/thead>\n<tbody data-start=\"2434\" data-end=\"2726\">\n<tr data-start=\"2434\" data-end=\"2506\">\n<td data-start=\"2434\" data-end=\"2444\" data-col-size=\"sm\">2014001<\/td>\n<td data-col-size=\"sm\" data-start=\"2444\" data-end=\"2450\">35<\/td>\n<td data-col-size=\"sm\" data-start=\"2450\" data-end=\"2468\">400 \/ 425 \/ 450<\/td>\n<td data-col-size=\"sm\" data-start=\"2468\" data-end=\"2479\">1\/2\u2033 BSP<\/td>\n<td data-col-size=\"sm\" data-start=\"2479\" data-end=\"2485\">1,5<\/td>\n<td data-col-size=\"sm\" data-start=\"2485\" data-end=\"2501\">Ring 2,5 \u00d7 12<\/td>\n<td data-col-size=\"sm\" data-start=\"2501\" data-end=\"2506\">1<\/td>\n<\/tr>\n<tr data-start=\"2507\" data-end=\"2579\">\n<td data-start=\"2507\" data-end=\"2517\" data-col-size=\"sm\">2014001<\/td>\n<td data-col-size=\"sm\" data-start=\"2517\" data-end=\"2523\">51<\/td>\n<td data-col-size=\"sm\" data-start=\"2523\" data-end=\"2541\">400 \/ 425 \/ 450<\/td>\n<td data-col-size=\"sm\" data-start=\"2541\" data-end=\"2552\">1\/2\u2033 BSP<\/td>\n<td data-col-size=\"sm\" data-start=\"2552\" data-end=\"2558\">1,5<\/td>\n<td data-col-size=\"sm\" data-start=\"2558\" data-end=\"2574\">24 \u00d7 2,5 \u00d7 10<\/td>\n<td data-col-size=\"sm\" data-start=\"2574\" data-end=\"2579\">5<\/td>\n<\/tr>\n<tr data-start=\"2580\" data-end=\"2652\">\n<td data-start=\"2580\" data-end=\"2590\" data-col-size=\"sm\">2014001<\/td>\n<td data-col-size=\"sm\" data-start=\"2590\" data-end=\"2596\">81<\/td>\n<td data-col-size=\"sm\" data-start=\"2596\" data-end=\"2614\">400 \/ 425 \/ 450<\/td>\n<td data-col-size=\"sm\" data-start=\"2614\" data-end=\"2625\">1\/2\u2033 BSP<\/td>\n<td data-col-size=\"sm\" data-start=\"2625\" data-end=\"2631\">1,5<\/td>\n<td data-col-size=\"sm\" data-start=\"2631\" data-end=\"2647\">24 \u00d7 2,5 \u00d7 10<\/td>\n<td data-col-size=\"sm\" data-start=\"2647\" data-end=\"2652\">8<\/td>\n<\/tr>\n<tr data-start=\"2653\" data-end=\"2726\">\n<td data-start=\"2653\" data-end=\"2663\" data-col-size=\"sm\">2014001<\/td>\n<td data-col-size=\"sm\" data-start=\"2663\" data-end=\"2669\">132<\/td>\n<td data-col-size=\"sm\" data-start=\"2669\" data-end=\"2687\">400 \/ 425 \/ 450<\/td>\n<td data-col-size=\"sm\" data-start=\"2687\" data-end=\"2698\">1\/2\u2033 BSP<\/td>\n<td data-col-size=\"sm\" data-start=\"2698\" data-end=\"2704\">1,5<\/td>\n<td data-col-size=\"sm\" data-start=\"2704\" data-end=\"2720\">24 \u00d7 2,5 \u00d7 10<\/td>\n<td data-col-size=\"sm\" data-start=\"2720\" data-end=\"2726\">11<\/td>\n<\/tr>\n<\/tbody>\n<\/table>\n<div class=\"sticky end-(--thread-content-margin) h-0 self-end select-none\">\n<div class=\"absolute end-0 flex items-end\"><\/div>\n<\/div>\n<\/div>\n<\/div>\n<hr data-start=\"2728\" data-end=\"2731\" \/>\n<p data-start=\"2733\" data-end=\"2754\"><strong>Umfang der Lieferung<\/strong><\/p>\n<ul>\n<li data-start=\"2757\" data-end=\"2844\">4 \u00d7 Lasergeschwei\u00dfte Nassdiamantkronen (\u00d8 35 \/ 51 \/ 81 \/ 132 mm, w\u00e4hlbare Arbeitsl\u00e4nge)<\/li>\n<li data-start=\"2757\" data-end=\"2844\">Aluminium-Tragekoffer<\/li>\n<\/ul>","protected":false},"excerpt":{"rendered":"<p data-start=\"404\" data-end=\"1022\">Das BYCON Wet Core Kit bietet Profis ein komplettes Nassbohrer-Set mit den gebr\u00e4uchlichsten Durchmessern \u00d8 35, 51, 81 und 132 mm. Lasergeschwei\u00dfte Segmente sorgen f\u00fcr hohe Schnittgeschwindigkeiten und bew\u00e4hren sich in Stahlbeton und bei Kontakt mit Bewehrungsst\u00e4ben. Die Bits haben ein 1\/2\u2033 BSP-Gewinde und sind in Arbeitsl\u00e4ngen von 400, 425 oder 450 mm erh\u00e4ltlich, so dass Sie sie an jede Aufgabe anpassen k\u00f6nnen. Alles ist bequem in einem robusten Aluminiumkoffer untergebracht, der einen sicheren Transport erm\u00f6glicht. Ideal f\u00fcr Bauunternehmen, die auf der Baustelle Flexibilit\u00e4t, Schnelligkeit und Haltbarkeit verlangen.<\/p>","protected":false},"featured_media":7627,"comment_status":"open","ping_status":"closed","template":"","meta":[],"product_brand":[627],"product_cat":[21,188,273,20],"product_tag":[],"class_list":{"0":"post-7624","1":"product","2":"type-product","3":"status-publish","4":"has-post-thumbnail","6":"product_brand-bycon","7":"product_cat-diamant","8":"product_cat-diamantboor","9":"product_cat-diamantboor-nat","10":"product_cat-verbruiksartikelen-diamant","12":"first","13":"instock","14":"shipping-taxable","15":"product-type-simple"},"ct_brands":[{"id":627,"name":"BYCON","slug":"bycon"}],"yoast_head":"<!-- This site is optimized with the Yoast SEO plugin v27.3 - https:\/\/yoast.com\/product\/yoast-seo-wordpress\/ -->\n<title>BYCON Wet Core Kit | Diamantboorset nat \u00d835-132 mm beton - KEM Europe<\/title>\n<meta name=\"description\" content=\"Vierdelige natte diamantboorset \u00d835-132 mm met 1\/2\u2033 BSP-draad. Laser-gelast voor gewapend beton, geleverd in aluminium koffer \u2013 snel en duurzaam boren.\" \/>\n<meta name=\"robots\" content=\"index, follow, max-snippet:-1, max-image-preview:large, max-video-preview:-1\" \/>\n<link rel=\"canonical\" href=\"https:\/\/kem-europe.eu\/de\/produkt\/bycon-nassbohrer-set\/\" \/>\n<meta property=\"og:locale\" content=\"de_DE\" \/>\n<meta property=\"og:type\" content=\"article\" \/>\n<meta property=\"og:title\" content=\"BYCON Wet Core Kit | Diamantboorset nat \u00d835-132 mm beton - KEM Europe\" \/>\n<meta property=\"og:description\" content=\"Vierdelige natte diamantboorset \u00d835-132 mm met 1\/2\u2033 BSP-draad. Laser-gelast voor gewapend beton, geleverd in aluminium koffer \u2013 snel en duurzaam boren.\" \/>\n<meta property=\"og:url\" content=\"https:\/\/kem-europe.eu\/de\/produkt\/bycon-nassbohrer-set\/\" \/>\n<meta property=\"og:site_name\" content=\"KEM Europe\" \/>\n<meta property=\"og:image\" content=\"https:\/\/kem-europe.eu\/wp-content\/uploads\/2025\/07\/Wet-Core-Kits.png\" \/>\n\t<meta property=\"og:image:width\" content=\"700\" \/>\n\t<meta property=\"og:image:height\" content=\"700\" \/>\n\t<meta property=\"og:image:type\" content=\"image\/png\" \/>\n<meta name=\"twitter:card\" content=\"summary_large_image\" \/>\n<meta name=\"twitter:label1\" content=\"Gesch\u00e4tzte Lesezeit\" \/>\n\t<meta name=\"twitter:data1\" content=\"2\u00a0Minuten\" \/>\n<script type=\"application\/ld+json\" class=\"yoast-schema-graph\">{\"@context\":\"https:\\\/\\\/schema.org\",\"@graph\":[{\"@type\":\"WebPage\",\"@id\":\"https:\\\/\\\/kem-europe.eu\\\/product\\\/bycon-natboor-set\\\/\",\"url\":\"https:\\\/\\\/kem-europe.eu\\\/product\\\/bycon-natboor-set\\\/\",\"name\":\"BYCON Wet Core Kit | Diamantboorset nat \u00d835-132 mm beton - KEM Europe\",\"isPartOf\":{\"@id\":\"https:\\\/\\\/kem-europe.eu\\\/#website\"},\"primaryImageOfPage\":{\"@id\":\"https:\\\/\\\/kem-europe.eu\\\/product\\\/bycon-natboor-set\\\/#primaryimage\"},\"image\":{\"@id\":\"https:\\\/\\\/kem-europe.eu\\\/product\\\/bycon-natboor-set\\\/#primaryimage\"},\"thumbnailUrl\":\"https:\\\/\\\/kem-europe.eu\\\/wp-content\\\/uploads\\\/2025\\\/07\\\/Wet-Core-Kits.png\",\"datePublished\":\"2025-07-02T09:33:48+00:00\",\"description\":\"Vierdelige natte diamantboorset \u00d835-132 mm met 1\\\/2\u2033 BSP-draad. Laser-gelast voor gewapend beton, geleverd in aluminium koffer \u2013 snel en duurzaam boren.\",\"breadcrumb\":{\"@id\":\"https:\\\/\\\/kem-europe.eu\\\/product\\\/bycon-natboor-set\\\/#breadcrumb\"},\"inLanguage\":\"de\",\"potentialAction\":[{\"@type\":\"ReadAction\",\"target\":[\"https:\\\/\\\/kem-europe.eu\\\/product\\\/bycon-natboor-set\\\/\"]}]},{\"@type\":\"ImageObject\",\"inLanguage\":\"de\",\"@id\":\"https:\\\/\\\/kem-europe.eu\\\/product\\\/bycon-natboor-set\\\/#primaryimage\",\"url\":\"https:\\\/\\\/kem-europe.eu\\\/wp-content\\\/uploads\\\/2025\\\/07\\\/Wet-Core-Kits.png\",\"contentUrl\":\"https:\\\/\\\/kem-europe.eu\\\/wp-content\\\/uploads\\\/2025\\\/07\\\/Wet-Core-Kits.png\",\"width\":700,\"height\":700},{\"@type\":\"BreadcrumbList\",\"@id\":\"https:\\\/\\\/kem-europe.eu\\\/product\\\/bycon-natboor-set\\\/#breadcrumb\",\"itemListElement\":[{\"@type\":\"ListItem\",\"position\":1,\"name\":\"Home\",\"item\":\"https:\\\/\\\/kem-europe.eu\\\/\"},{\"@type\":\"ListItem\",\"position\":2,\"name\":\"Winkel\",\"item\":\"https:\\\/\\\/kem-europe.eu\\\/winkel\\\/\"},{\"@type\":\"ListItem\",\"position\":3,\"name\":\"BYCON Wet Core Kit \u2013 Nat Diamantboorset \u00d8 35\u2013132 mm (4-delig)\"}]},{\"@type\":\"WebSite\",\"@id\":\"https:\\\/\\\/kem-europe.eu\\\/#website\",\"url\":\"https:\\\/\\\/kem-europe.eu\\\/\",\"name\":\"KEM Europe\",\"description\":\"\",\"publisher\":{\"@id\":\"https:\\\/\\\/kem-europe.eu\\\/#organization\"},\"potentialAction\":[{\"@type\":\"SearchAction\",\"target\":{\"@type\":\"EntryPoint\",\"urlTemplate\":\"https:\\\/\\\/kem-europe.eu\\\/?s={search_term_string}\"},\"query-input\":{\"@type\":\"PropertyValueSpecification\",\"valueRequired\":true,\"valueName\":\"search_term_string\"}}],\"inLanguage\":\"de\"},{\"@type\":\"Organization\",\"@id\":\"https:\\\/\\\/kem-europe.eu\\\/#organization\",\"name\":\"KEM Europe\",\"url\":\"https:\\\/\\\/kem-europe.eu\\\/\",\"logo\":{\"@type\":\"ImageObject\",\"inLanguage\":\"de\",\"@id\":\"https:\\\/\\\/kem-europe.eu\\\/#\\\/schema\\\/logo\\\/image\\\/\",\"url\":\"https:\\\/\\\/kem-europe.eu\\\/wp-content\\\/uploads\\\/2025\\\/02\\\/KEM2019-BLACK-1500W.png\",\"contentUrl\":\"https:\\\/\\\/kem-europe.eu\\\/wp-content\\\/uploads\\\/2025\\\/02\\\/KEM2019-BLACK-1500W.png\",\"width\":1500,\"height\":626,\"caption\":\"KEM Europe\"},\"image\":{\"@id\":\"https:\\\/\\\/kem-europe.eu\\\/#\\\/schema\\\/logo\\\/image\\\/\"}}]}<\/script>\n<!-- \/ Yoast SEO plugin. -->","yoast_head_json":{"title":"BYCON Nassbohrsatz | Diamantbohrersatz nass \u00d835-132 mm Beton - KEM Europe","description":"Vierteiliges Nassdiamant-Bohrset \u00d835-132 mm mit 1\/2\u2033 BSP-Gewinde. Lasergeschwei\u00dft f\u00fcr Stahlbeton, geliefert im Aluminiumkoffer - schnelles und dauerhaftes Bohren.","robots":{"index":"index","follow":"follow","max-snippet":"max-snippet:-1","max-image-preview":"max-image-preview:large","max-video-preview":"max-video-preview:-1"},"canonical":"https:\/\/kem-europe.eu\/de\/produkt\/bycon-nassbohrer-set\/","og_locale":"de_DE","og_type":"article","og_title":"BYCON Wet Core Kit | Diamantboorset nat \u00d835-132 mm beton - KEM Europe","og_description":"Vierdelige natte diamantboorset \u00d835-132 mm met 1\/2\u2033 BSP-draad. Laser-gelast voor gewapend beton, geleverd in aluminium koffer \u2013 snel en duurzaam boren.","og_url":"https:\/\/kem-europe.eu\/de\/produkt\/bycon-nassbohrer-set\/","og_site_name":"KEM Europe","og_image":[{"width":700,"height":700,"url":"https:\/\/kem-europe.eu\/wp-content\/uploads\/2025\/07\/Wet-Core-Kits.png","type":"image\/png"}],"twitter_card":"summary_large_image","twitter_misc":{"Gesch\u00e4tzte Lesezeit":"2\u00a0Minuten"},"schema":{"@context":"https:\/\/schema.org","@graph":[{"@type":"WebPage","@id":"https:\/\/kem-europe.eu\/product\/bycon-natboor-set\/","url":"https:\/\/kem-europe.eu\/product\/bycon-natboor-set\/","name":"BYCON Nassbohrsatz | Diamantbohrersatz nass \u00d835-132 mm Beton - KEM Europe","isPartOf":{"@id":"https:\/\/kem-europe.eu\/#website"},"primaryImageOfPage":{"@id":"https:\/\/kem-europe.eu\/product\/bycon-natboor-set\/#primaryimage"},"image":{"@id":"https:\/\/kem-europe.eu\/product\/bycon-natboor-set\/#primaryimage"},"thumbnailUrl":"https:\/\/kem-europe.eu\/wp-content\/uploads\/2025\/07\/Wet-Core-Kits.png","datePublished":"2025-07-02T09:33:48+00:00","description":"Vierteiliges Nassdiamant-Bohrset \u00d835-132 mm mit 1\/2\u2033 BSP-Gewinde. Lasergeschwei\u00dft f\u00fcr Stahlbeton, geliefert im Aluminiumkoffer - schnelles und dauerhaftes Bohren.","breadcrumb":{"@id":"https:\/\/kem-europe.eu\/product\/bycon-natboor-set\/#breadcrumb"},"inLanguage":"de","potentialAction":[{"@type":"ReadAction","target":["https:\/\/kem-europe.eu\/product\/bycon-natboor-set\/"]}]},{"@type":"ImageObject","inLanguage":"de","@id":"https:\/\/kem-europe.eu\/product\/bycon-natboor-set\/#primaryimage","url":"https:\/\/kem-europe.eu\/wp-content\/uploads\/2025\/07\/Wet-Core-Kits.png","contentUrl":"https:\/\/kem-europe.eu\/wp-content\/uploads\/2025\/07\/Wet-Core-Kits.png","width":700,"height":700},{"@type":"BreadcrumbList","@id":"https:\/\/kem-europe.eu\/product\/bycon-natboor-set\/#breadcrumb","itemListElement":[{"@type":"ListItem","position":1,"name":"Home","item":"https:\/\/kem-europe.eu\/"},{"@type":"ListItem","position":2,"name":"Winkel","item":"https:\/\/kem-europe.eu\/winkel\/"},{"@type":"ListItem","position":3,"name":"BYCON Wet Core Kit \u2013 Nat Diamantboorset \u00d8 35\u2013132 mm (4-delig)"}]},{"@type":"WebSite","@id":"https:\/\/kem-europe.eu\/#website","url":"https:\/\/kem-europe.eu\/","name":"KEM Europe","description":"","publisher":{"@id":"https:\/\/kem-europe.eu\/#organization"},"potentialAction":[{"@type":"SearchAction","target":{"@type":"EntryPoint","urlTemplate":"https:\/\/kem-europe.eu\/?s={search_term_string}"},"query-input":{"@type":"PropertyValueSpecification","valueRequired":true,"valueName":"search_term_string"}}],"inLanguage":"de"},{"@type":"Organization","@id":"https:\/\/kem-europe.eu\/#organization","name":"KEM Europe","url":"https:\/\/kem-europe.eu\/","logo":{"@type":"ImageObject","inLanguage":"de","@id":"https:\/\/kem-europe.eu\/#\/schema\/logo\/image\/","url":"https:\/\/kem-europe.eu\/wp-content\/uploads\/2025\/02\/KEM2019-BLACK-1500W.png","contentUrl":"https:\/\/kem-europe.eu\/wp-content\/uploads\/2025\/02\/KEM2019-BLACK-1500W.png","width":1500,"height":626,"caption":"KEM Europe"},"image":{"@id":"https:\/\/kem-europe.eu\/#\/schema\/logo\/image\/"}}]}},"_links":{"self":[{"href":"https:\/\/kem-europe.eu\/de\/wp-json\/wp\/v2\/product\/7624","targetHints":{"allow":["GET"]}}],"collection":[{"href":"https:\/\/kem-europe.eu\/de\/wp-json\/wp\/v2\/product"}],"about":[{"href":"https:\/\/kem-europe.eu\/de\/wp-json\/wp\/v2\/types\/product"}],"replies":[{"embeddable":true,"href":"https:\/\/kem-europe.eu\/de\/wp-json\/wp\/v2\/comments?post=7624"}],"wp:featuredmedia":[{"embeddable":true,"href":"https:\/\/kem-europe.eu\/de\/wp-json\/wp\/v2\/media\/7627"}],"wp:attachment":[{"href":"https:\/\/kem-europe.eu\/de\/wp-json\/wp\/v2\/media?parent=7624"}],"wp:term":[{"taxonomy":"product_brand","embeddable":true,"href":"https:\/\/kem-europe.eu\/de\/wp-json\/wp\/v2\/product_brand?post=7624"},{"taxonomy":"product_cat","embeddable":true,"href":"https:\/\/kem-europe.eu\/de\/wp-json\/wp\/v2\/product_cat?post=7624"},{"taxonomy":"product_tag","embeddable":true,"href":"https:\/\/kem-europe.eu\/de\/wp-json\/wp\/v2\/product_tag?post=7624"}],"curies":[{"name":"wp","href":"https:\/\/api.w.org\/{rel}","templated":true}]}}