{"id":7639,"date":"2025-07-02T09:51:58","date_gmt":"2025-07-02T09:51:58","guid":{"rendered":"https:\/\/kem-europe.eu\/?post_type=product&#038;p=7639"},"modified":"2025-10-10T10:59:20","modified_gmt":"2025-10-10T10:59:20","slug":"bycon-classic-trockenbohrer","status":"publish","type":"product","link":"https:\/\/kem-europe.eu\/de\/product\/bycon-classic-droogboor\/","title":{"rendered":"BYCON Classic - Trocken-Diamantbohrer \u00d8 25 - 182 mm"},"content":{"rendered":"<h2 data-start=\"927\" data-end=\"977\">BYCON Classic - Trocken-Diamantbohrer \u00d8 25 - 182 mm<\/h2>\n<p data-start=\"1001\" data-end=\"1646\">Die BYCON Classic Diamantbohrmaschine wurde f\u00fcr Handwerker entwickelt, die zuverl\u00e4ssige Trockenbohrungen ben\u00f6tigen, wo Wasser nicht erw\u00fcnscht oder m\u00f6glich ist. Die lasergeschwei\u00dften Segmente sorgen f\u00fcr eine extrem starke Verbindung mit der Stahlh\u00fclse, wodurch die Krone hohen Temperaturen und Vibrationen problemlos standh\u00e4lt. Die 10 mm hohen Diamantsegmente enthalten eine speziell ausgew\u00e4hlte K\u00f6rnermischung, die ein schnelles Eindringen in Betonbl\u00f6cke, Mauerwerk und leichten Stahlbeton erm\u00f6glicht, ohne die Langlebigkeit zu beeintr\u00e4chtigen. Dank der Wahl zwischen \u00bd\u2033 BSP-Innengewinde und M16-Gewinde passt der Bohrer an praktisch jeden hand- oder stativmontierten Trockenbohrmotor von 1 800 - 3 000 W.<\/p>\n<hr data-start=\"1648\" data-end=\"1651\" \/>\n<p data-start=\"1653\" data-end=\"1678\"><strong>Hauptmerkmale<\/strong><\/p>\n<ul>\n<li data-start=\"1681\" data-end=\"1736\"><strong data-start=\"1681\" data-end=\"1693\">Verwendung:<\/strong> Trockenbohren in Beton, Ziegel, Sandstein<\/li>\n<li data-start=\"1681\" data-end=\"1736\"><strong data-start=\"1739\" data-end=\"1755\">Arbeitsl\u00e4nge:<\/strong> 150 mm (Standard)<\/li>\n<li data-start=\"1681\" data-end=\"1736\"><strong data-start=\"1779\" data-end=\"1791\">Segment:<\/strong> Lasergeschwei\u00dft, 10 mm hoch, 3,8 mm breit<\/li>\n<li data-start=\"1681\" data-end=\"1736\"><strong data-start=\"1835\" data-end=\"1851\">Verbindung:<\/strong> \u00bd\u2033 BSP-Innengewinde (Standard) - M16 optional<\/li>\n<li data-start=\"1681\" data-end=\"1736\"><strong data-start=\"1898\" data-end=\"1923\">Empfohlene Geschwindigkeit:<\/strong> 1 500 - 3 000 U\/min (keine Hammerfunktion)<\/li>\n<\/ul>\n<hr data-start=\"1967\" data-end=\"1970\" \/>\n<p data-start=\"1972\" data-end=\"2005\"><strong>Spezifikationen (Kugelform)<\/strong><\/p>\n<ul>\n<li data-start=\"2008\" data-end=\"2054\"><strong data-start=\"2008\" data-end=\"2036\">Leistungsbereich Maschine:<\/strong> 1 800 - 3 000 W<\/li>\n<li data-start=\"2008\" data-end=\"2054\"><strong data-start=\"2057\" data-end=\"2081\">Segment Technik:<\/strong> lasergeschwei\u00dft f\u00fcr Hitze- und Schlagbest\u00e4ndigkeit<\/li>\n<li data-start=\"2008\" data-end=\"2054\"><strong data-start=\"2132\" data-end=\"2146\">Dicke des Rumpfes:<\/strong> 1,5 mm (\u00d8 25-38 mm) - 2,4 mm (\u00d8 48-182 mm)<\/li>\n<li data-start=\"2008\" data-end=\"2054\"><strong data-start=\"2194\" data-end=\"2206\">K\u00fchlung:<\/strong> trocken, ohne Wasser<\/li>\n<li data-start=\"2008\" data-end=\"2054\"><strong data-start=\"2231\" data-end=\"2245\">Material:<\/strong> hochwertige Stahlh\u00fclse mit hoher Steifigkeit<\/li>\n<\/ul>\n<hr data-start=\"2288\" data-end=\"2291\" \/>\n<p data-start=\"2293\" data-end=\"2315\"><strong>Technische Tabelle<\/strong><\/p>\n<div class=\"_tableContainer_80l1q_1\">\n<div class=\"_tableWrapper_80l1q_14 group flex w-fit flex-col-reverse\" tabindex=\"-1\">\n<table class=\"w-fit min-w-(--thread-content-width)\" data-start=\"2317\" data-end=\"3482\">\n<thead data-start=\"2317\" data-end=\"2389\">\n<tr data-start=\"2317\" data-end=\"2389\">\n<th data-start=\"2317\" data-end=\"2327\" data-col-size=\"sm\">Artikel Nr.<\/th>\n<th data-start=\"2327\" data-end=\"2336\" data-col-size=\"sm\">\u00d8 (mm)<\/th>\n<th data-start=\"2336\" data-end=\"2355\" data-col-size=\"sm\">Arbeitsl\u00e4nge (mm)<\/th>\n<th data-start=\"2355\" data-end=\"2363\" data-col-size=\"sm\">Draht<\/th>\n<th data-start=\"2363\" data-end=\"2378\" data-col-size=\"sm\">Abschnitt (mm)<\/th>\n<th data-start=\"2378\" data-end=\"2389\" data-col-size=\"sm\"># Segm.<\/th>\n<\/tr>\n<\/thead>\n<tbody data-start=\"2463\" data-end=\"3482\">\n<tr data-start=\"2463\" data-end=\"2522\">\n<td data-start=\"2463\" data-end=\"2473\" data-col-size=\"sm\">2022025<\/td>\n<td data-col-size=\"sm\" data-start=\"2473\" data-end=\"2479\">25<\/td>\n<td data-col-size=\"sm\" data-start=\"2479\" data-end=\"2485\">150<\/td>\n<td data-col-size=\"sm\" data-start=\"2485\" data-end=\"2500\">\u00bd\u2033 BSP \/ M16<\/td>\n<td data-col-size=\"sm\" data-start=\"2500\" data-end=\"2517\">1,5 \u00d7 3,8 \u00d7 10<\/td>\n<td data-col-size=\"sm\" data-start=\"2517\" data-end=\"2522\">2<\/td>\n<\/tr>\n<tr data-start=\"2523\" data-end=\"2582\">\n<td data-start=\"2523\" data-end=\"2533\" data-col-size=\"sm\">2022032<\/td>\n<td data-col-size=\"sm\" data-start=\"2533\" data-end=\"2539\">32<\/td>\n<td data-col-size=\"sm\" data-start=\"2539\" data-end=\"2545\">150<\/td>\n<td data-col-size=\"sm\" data-start=\"2545\" data-end=\"2560\">\u00bd\u2033 BSP \/ M16<\/td>\n<td data-col-size=\"sm\" data-start=\"2560\" data-end=\"2577\">1,5 \u00d7 3,8 \u00d7 10<\/td>\n<td data-col-size=\"sm\" data-start=\"2577\" data-end=\"2582\">3<\/td>\n<\/tr>\n<tr data-start=\"2583\" data-end=\"2642\">\n<td data-start=\"2583\" data-end=\"2593\" data-col-size=\"sm\">2022038<\/td>\n<td data-col-size=\"sm\" data-start=\"2593\" data-end=\"2599\">38<\/td>\n<td data-col-size=\"sm\" data-start=\"2599\" data-end=\"2605\">150<\/td>\n<td data-col-size=\"sm\" data-start=\"2605\" data-end=\"2620\">\u00bd\u2033 BSP \/ M16<\/td>\n<td data-col-size=\"sm\" data-start=\"2620\" data-end=\"2637\">1,5 \u00d7 3,8 \u00d7 10<\/td>\n<td data-col-size=\"sm\" data-start=\"2637\" data-end=\"2642\">4<\/td>\n<\/tr>\n<tr data-start=\"2643\" data-end=\"2702\">\n<td data-start=\"2643\" data-end=\"2653\" data-col-size=\"sm\">2022048<\/td>\n<td data-col-size=\"sm\" data-start=\"2653\" data-end=\"2659\">48<\/td>\n<td data-col-size=\"sm\" data-start=\"2659\" data-end=\"2665\">150<\/td>\n<td data-col-size=\"sm\" data-start=\"2665\" data-end=\"2680\">\u00bd\u2033 BSP \/ M16<\/td>\n<td data-col-size=\"sm\" data-start=\"2680\" data-end=\"2697\">2,4 \u00d7 3,8 \u00d7 10<\/td>\n<td data-col-size=\"sm\" data-start=\"2697\" data-end=\"2702\">4<\/td>\n<\/tr>\n<tr data-start=\"2703\" data-end=\"2762\">\n<td data-start=\"2703\" data-end=\"2713\" data-col-size=\"sm\">2022052<\/td>\n<td data-col-size=\"sm\" data-start=\"2713\" data-end=\"2719\">52<\/td>\n<td data-col-size=\"sm\" data-start=\"2719\" data-end=\"2725\">150<\/td>\n<td data-col-size=\"sm\" data-start=\"2725\" data-end=\"2740\">\u00bd\u2033 BSP \/ M16<\/td>\n<td data-col-size=\"sm\" data-start=\"2740\" data-end=\"2757\">2,4 \u00d7 3,8 \u00d7 10<\/td>\n<td data-col-size=\"sm\" data-start=\"2757\" data-end=\"2762\">4<\/td>\n<\/tr>\n<tr data-start=\"2763\" data-end=\"2822\">\n<td data-start=\"2763\" data-end=\"2773\" data-col-size=\"sm\">2022065<\/td>\n<td data-col-size=\"sm\" data-start=\"2773\" data-end=\"2779\">65<\/td>\n<td data-col-size=\"sm\" data-start=\"2779\" data-end=\"2785\">150<\/td>\n<td data-col-size=\"sm\" data-start=\"2785\" data-end=\"2800\">\u00bd\u2033 BSP \/ M16<\/td>\n<td data-col-size=\"sm\" data-start=\"2800\" data-end=\"2817\">2,4 \u00d7 3,8 \u00d7 10<\/td>\n<td data-col-size=\"sm\" data-start=\"2817\" data-end=\"2822\">4<\/td>\n<\/tr>\n<tr data-start=\"2823\" data-end=\"2882\">\n<td data-start=\"2823\" data-end=\"2833\" data-col-size=\"sm\">2022078<\/td>\n<td data-col-size=\"sm\" data-start=\"2833\" data-end=\"2839\">78<\/td>\n<td data-col-size=\"sm\" data-start=\"2839\" data-end=\"2845\">150<\/td>\n<td data-col-size=\"sm\" data-start=\"2845\" data-end=\"2860\">\u00bd\u2033 BSP \/ M16<\/td>\n<td data-col-size=\"sm\" data-start=\"2860\" data-end=\"2877\">2,4 \u00d7 3,8 \u00d7 10<\/td>\n<td data-col-size=\"sm\" data-start=\"2877\" data-end=\"2882\">4<\/td>\n<\/tr>\n<tr data-start=\"2883\" data-end=\"2942\">\n<td data-start=\"2883\" data-end=\"2893\" data-col-size=\"sm\">2022091<\/td>\n<td data-col-size=\"sm\" data-start=\"2893\" data-end=\"2899\">91<\/td>\n<td data-col-size=\"sm\" data-start=\"2899\" data-end=\"2905\">150<\/td>\n<td data-col-size=\"sm\" data-start=\"2905\" data-end=\"2920\">\u00bd\u2033 BSP \/ M16<\/td>\n<td data-col-size=\"sm\" data-start=\"2920\" data-end=\"2937\">2,4 \u00d7 3,8 \u00d7 10<\/td>\n<td data-col-size=\"sm\" data-start=\"2937\" data-end=\"2942\">4<\/td>\n<\/tr>\n<tr data-start=\"2943\" data-end=\"3002\">\n<td data-start=\"2943\" data-end=\"2953\" data-col-size=\"sm\">2022102<\/td>\n<td data-col-size=\"sm\" data-start=\"2953\" data-end=\"2959\">102<\/td>\n<td data-col-size=\"sm\" data-start=\"2959\" data-end=\"2965\">150<\/td>\n<td data-col-size=\"sm\" data-start=\"2965\" data-end=\"2980\">\u00bd\u2033 BSP \/ M16<\/td>\n<td data-col-size=\"sm\" data-start=\"2980\" data-end=\"2997\">2,4 \u00d7 3,8 \u00d7 10<\/td>\n<td data-col-size=\"sm\" data-start=\"2997\" data-end=\"3002\">5<\/td>\n<\/tr>\n<tr data-start=\"3003\" data-end=\"3062\">\n<td data-start=\"3003\" data-end=\"3013\" data-col-size=\"sm\">2022107<\/td>\n<td data-col-size=\"sm\" data-start=\"3013\" data-end=\"3019\">107<\/td>\n<td data-col-size=\"sm\" data-start=\"3019\" data-end=\"3025\">150<\/td>\n<td data-col-size=\"sm\" data-start=\"3025\" data-end=\"3040\">\u00bd\u2033 BSP \/ M16<\/td>\n<td data-col-size=\"sm\" data-start=\"3040\" data-end=\"3057\">2,4 \u00d7 3,8 \u00d7 10<\/td>\n<td data-col-size=\"sm\" data-start=\"3057\" data-end=\"3062\">5<\/td>\n<\/tr>\n<tr data-start=\"3063\" data-end=\"3122\">\n<td data-start=\"3063\" data-end=\"3073\" data-col-size=\"sm\">2022117<\/td>\n<td data-col-size=\"sm\" data-start=\"3073\" data-end=\"3079\">117<\/td>\n<td data-col-size=\"sm\" data-start=\"3079\" data-end=\"3085\">150<\/td>\n<td data-col-size=\"sm\" data-start=\"3085\" data-end=\"3100\">\u00bd\u2033 BSP \/ M16<\/td>\n<td data-col-size=\"sm\" data-start=\"3100\" data-end=\"3117\">2,4 \u00d7 3,8 \u00d7 10<\/td>\n<td data-col-size=\"sm\" data-start=\"3117\" data-end=\"3122\">5<\/td>\n<\/tr>\n<tr data-start=\"3123\" data-end=\"3182\">\n<td data-start=\"3123\" data-end=\"3133\" data-col-size=\"sm\">2022127<\/td>\n<td data-col-size=\"sm\" data-start=\"3133\" data-end=\"3139\">127<\/td>\n<td data-col-size=\"sm\" data-start=\"3139\" data-end=\"3145\">150<\/td>\n<td data-col-size=\"sm\" data-start=\"3145\" data-end=\"3160\">\u00bd\u2033 BSP \/ M16<\/td>\n<td data-col-size=\"sm\" data-start=\"3160\" data-end=\"3177\">2,4 \u00d7 3,8 \u00d7 10<\/td>\n<td data-col-size=\"sm\" data-start=\"3177\" data-end=\"3182\">6<\/td>\n<\/tr>\n<tr data-start=\"3183\" data-end=\"3242\">\n<td data-start=\"3183\" data-end=\"3193\" data-col-size=\"sm\">2022142<\/td>\n<td data-col-size=\"sm\" data-start=\"3193\" data-end=\"3199\">142<\/td>\n<td data-col-size=\"sm\" data-start=\"3199\" data-end=\"3205\">150<\/td>\n<td data-col-size=\"sm\" data-start=\"3205\" data-end=\"3220\">\u00bd\u2033 BSP \/ M16<\/td>\n<td data-col-size=\"sm\" data-start=\"3220\" data-end=\"3237\">2,4 \u00d7 3,8 \u00d7 10<\/td>\n<td data-col-size=\"sm\" data-start=\"3237\" data-end=\"3242\">7<\/td>\n<\/tr>\n<tr data-start=\"3243\" data-end=\"3302\">\n<td data-start=\"3243\" data-end=\"3253\" data-col-size=\"sm\">2022152<\/td>\n<td data-col-size=\"sm\" data-start=\"3253\" data-end=\"3259\">152<\/td>\n<td data-col-size=\"sm\" data-start=\"3259\" data-end=\"3265\">150<\/td>\n<td data-col-size=\"sm\" data-start=\"3265\" data-end=\"3280\">\u00bd\u2033 BSP \/ M16<\/td>\n<td data-col-size=\"sm\" data-start=\"3280\" data-end=\"3297\">2,4 \u00d7 3,8 \u00d7 10<\/td>\n<td data-col-size=\"sm\" data-start=\"3297\" data-end=\"3302\">7<\/td>\n<\/tr>\n<tr data-start=\"3303\" data-end=\"3362\">\n<td data-start=\"3303\" data-end=\"3313\" data-col-size=\"sm\">2022162<\/td>\n<td data-col-size=\"sm\" data-start=\"3313\" data-end=\"3319\">162<\/td>\n<td data-col-size=\"sm\" data-start=\"3319\" data-end=\"3325\">150<\/td>\n<td data-col-size=\"sm\" data-start=\"3325\" data-end=\"3340\">\u00bd\u2033 BSP \/ M16<\/td>\n<td data-col-size=\"sm\" data-start=\"3340\" data-end=\"3357\">2,4 \u00d7 3,8 \u00d7 10<\/td>\n<td data-col-size=\"sm\" data-start=\"3357\" data-end=\"3362\">8<\/td>\n<\/tr>\n<tr data-start=\"3363\" data-end=\"3422\">\n<td data-start=\"3363\" data-end=\"3373\" data-col-size=\"sm\">2022172<\/td>\n<td data-col-size=\"sm\" data-start=\"3373\" data-end=\"3379\">172<\/td>\n<td data-col-size=\"sm\" data-start=\"3379\" data-end=\"3385\">150<\/td>\n<td data-col-size=\"sm\" data-start=\"3385\" data-end=\"3400\">\u00bd\u2033 BSP \/ M16<\/td>\n<td data-col-size=\"sm\" data-start=\"3400\" data-end=\"3417\">2,4 \u00d7 3,8 \u00d7 10<\/td>\n<td data-col-size=\"sm\" data-start=\"3417\" data-end=\"3422\">8<\/td>\n<\/tr>\n<tr data-start=\"3423\" data-end=\"3482\">\n<td data-start=\"3423\" data-end=\"3433\" data-col-size=\"sm\">2022182<\/td>\n<td data-col-size=\"sm\" data-start=\"3433\" data-end=\"3439\">182<\/td>\n<td data-col-size=\"sm\" data-start=\"3439\" data-end=\"3445\">150<\/td>\n<td data-col-size=\"sm\" data-start=\"3445\" data-end=\"3460\">\u00bd\u2033 BSP \/ M16<\/td>\n<td data-col-size=\"sm\" data-start=\"3460\" data-end=\"3477\">2,4 \u00d7 3,8 \u00d7 10<\/td>\n<td data-col-size=\"sm\" data-start=\"3477\" data-end=\"3482\">9<\/td>\n<\/tr>\n<\/tbody>\n<\/table>\n<div class=\"sticky end-(--thread-content-margin) h-0 self-end select-none\">\n<div class=\"absolute end-0 flex items-end\"><\/div>\n<\/div>\n<\/div>\n<\/div>\n<hr data-start=\"3484\" data-end=\"3487\" \/>\n<p data-start=\"3489\" data-end=\"3510\"><strong>Umfang der Lieferung<\/strong><\/p>\n<ul data-start=\"3511\" data-end=\"3650\">\n<li data-start=\"3511\" data-end=\"3565\">\n<p data-start=\"3513\" data-end=\"3565\">BYCON Classic Trocken-Diamantbohrer (ausgew\u00e4hlter Durchmesser)<\/p>\n<\/li>\n<\/ul>","protected":false},"excerpt":{"rendered":"<p data-start=\"384\" data-end=\"920\">Die BYCON Classic Serie bietet hohe Geschwindigkeit und lange Standzeiten beim Trockenbohren in Beton, Ziegel und Sandstein. Lasergeschwei\u00dfte, 10 mm hohe Segmente garantieren eine robuste Leistung ohne Wasserk\u00fchlung. Die Standard-Arbeitsl\u00e4nge von 150 mm ist perfekt f\u00fcr die Installation in einem Durchgang. W\u00e4hlen Sie zwischen \u00d8 25 - 182 mm mit \u00bd\u2033 BSP-Innengewinde oder optionalem M16-Anschluss f\u00fcr maximale Maschinenkompatibilit\u00e4t. Ideal f\u00fcr Profis, die bei Renovierungs- und Neubauprojekten schnell und staubfrei arbeiten wollen.<\/p>","protected":false},"featured_media":7640,"comment_status":"open","ping_status":"closed","template":"","meta":[],"product_brand":[627],"product_cat":[21,188,189,20],"product_tag":[],"class_list":{"0":"post-7639","1":"product","2":"type-product","3":"status-publish","4":"has-post-thumbnail","6":"product_brand-bycon","7":"product_cat-diamant","8":"product_cat-diamantboor","9":"product_cat-diamantboor-droog","10":"product_cat-verbruiksartikelen-diamant","12":"first","13":"instock","14":"shipping-taxable","15":"product-type-simple"},"ct_brands":[{"id":627,"name":"BYCON","slug":"bycon"}],"yoast_head":"<!-- This site is optimized with the Yoast SEO plugin v27.4 - https:\/\/yoast.com\/product\/yoast-seo-wordpress\/ -->\n<title>BYCON Classic Dry Core Bit \u00d825-182 mm | Droogboren beton - KEM Europe<\/title>\n<meta name=\"description\" content=\"Laser-gelaste diamantboor (150 mm) voor droog boren \u00d825-182 mm. 1\/2\u2033 BSP of M16, 10 mm segment, snelle schone gaten in beton en metselwerk.\" \/>\n<meta name=\"robots\" content=\"index, follow, max-snippet:-1, max-image-preview:large, max-video-preview:-1\" \/>\n<link rel=\"canonical\" href=\"https:\/\/kem-europe.eu\/de\/produkt\/bycon-classic-trockenbohrer\/\" \/>\n<meta property=\"og:locale\" content=\"de_DE\" \/>\n<meta property=\"og:type\" content=\"article\" \/>\n<meta property=\"og:title\" content=\"BYCON Classic Dry Core Bit \u00d825-182 mm | Droogboren beton - KEM Europe\" \/>\n<meta property=\"og:description\" content=\"Laser-gelaste diamantboor (150 mm) voor droog boren \u00d825-182 mm. 1\/2\u2033 BSP of M16, 10 mm segment, snelle schone gaten in beton en metselwerk.\" \/>\n<meta property=\"og:url\" content=\"https:\/\/kem-europe.eu\/de\/produkt\/bycon-classic-trockenbohrer\/\" \/>\n<meta property=\"og:site_name\" content=\"KEM Europe\" \/>\n<meta property=\"article:modified_time\" content=\"2025-10-10T10:59:20+00:00\" \/>\n<meta property=\"og:image\" content=\"https:\/\/kem-europe.eu\/wp-content\/uploads\/2025\/07\/classic-series.png\" \/>\n\t<meta property=\"og:image:width\" content=\"700\" \/>\n\t<meta property=\"og:image:height\" content=\"700\" \/>\n\t<meta property=\"og:image:type\" content=\"image\/png\" \/>\n<meta name=\"twitter:card\" content=\"summary_large_image\" \/>\n<meta name=\"twitter:label1\" content=\"Gesch\u00e4tzte Lesezeit\" \/>\n\t<meta name=\"twitter:data1\" content=\"3\u00a0Minuten\" \/>\n<script type=\"application\/ld+json\" class=\"yoast-schema-graph\">{\"@context\":\"https:\\\/\\\/schema.org\",\"@graph\":[{\"@type\":\"WebPage\",\"@id\":\"https:\\\/\\\/kem-europe.eu\\\/product\\\/bycon-classic-droogboor\\\/\",\"url\":\"https:\\\/\\\/kem-europe.eu\\\/product\\\/bycon-classic-droogboor\\\/\",\"name\":\"BYCON Classic Dry Core Bit \u00d825-182 mm | Droogboren beton - KEM Europe\",\"isPartOf\":{\"@id\":\"https:\\\/\\\/kem-europe.eu\\\/#website\"},\"primaryImageOfPage\":{\"@id\":\"https:\\\/\\\/kem-europe.eu\\\/product\\\/bycon-classic-droogboor\\\/#primaryimage\"},\"image\":{\"@id\":\"https:\\\/\\\/kem-europe.eu\\\/product\\\/bycon-classic-droogboor\\\/#primaryimage\"},\"thumbnailUrl\":\"https:\\\/\\\/kem-europe.eu\\\/wp-content\\\/uploads\\\/2025\\\/07\\\/classic-series.png\",\"datePublished\":\"2025-07-02T09:51:58+00:00\",\"dateModified\":\"2025-10-10T10:59:20+00:00\",\"description\":\"Laser-gelaste diamantboor (150 mm) voor droog boren \u00d825-182 mm. 1\\\/2\u2033 BSP of M16, 10 mm segment, snelle schone gaten in beton en metselwerk.\",\"breadcrumb\":{\"@id\":\"https:\\\/\\\/kem-europe.eu\\\/product\\\/bycon-classic-droogboor\\\/#breadcrumb\"},\"inLanguage\":\"de\",\"potentialAction\":[{\"@type\":\"ReadAction\",\"target\":[\"https:\\\/\\\/kem-europe.eu\\\/product\\\/bycon-classic-droogboor\\\/\"]}]},{\"@type\":\"ImageObject\",\"inLanguage\":\"de\",\"@id\":\"https:\\\/\\\/kem-europe.eu\\\/product\\\/bycon-classic-droogboor\\\/#primaryimage\",\"url\":\"https:\\\/\\\/kem-europe.eu\\\/wp-content\\\/uploads\\\/2025\\\/07\\\/classic-series.png\",\"contentUrl\":\"https:\\\/\\\/kem-europe.eu\\\/wp-content\\\/uploads\\\/2025\\\/07\\\/classic-series.png\",\"width\":700,\"height\":700,\"caption\":\"BYCON Classic \u2013 Droge Diamantboor \u00d8 25 \u2013 182 mm\"},{\"@type\":\"BreadcrumbList\",\"@id\":\"https:\\\/\\\/kem-europe.eu\\\/product\\\/bycon-classic-droogboor\\\/#breadcrumb\",\"itemListElement\":[{\"@type\":\"ListItem\",\"position\":1,\"name\":\"Home\",\"item\":\"https:\\\/\\\/kem-europe.eu\\\/\"},{\"@type\":\"ListItem\",\"position\":2,\"name\":\"Winkel\",\"item\":\"https:\\\/\\\/kem-europe.eu\\\/winkel\\\/\"},{\"@type\":\"ListItem\",\"position\":3,\"name\":\"BYCON Classic \u2013 Droge Diamantboor \u00d8 25 \u2013 182 mm\"}]},{\"@type\":\"WebSite\",\"@id\":\"https:\\\/\\\/kem-europe.eu\\\/#website\",\"url\":\"https:\\\/\\\/kem-europe.eu\\\/\",\"name\":\"KEM Europe\",\"description\":\"\",\"publisher\":{\"@id\":\"https:\\\/\\\/kem-europe.eu\\\/#organization\"},\"potentialAction\":[{\"@type\":\"SearchAction\",\"target\":{\"@type\":\"EntryPoint\",\"urlTemplate\":\"https:\\\/\\\/kem-europe.eu\\\/?s={search_term_string}\"},\"query-input\":{\"@type\":\"PropertyValueSpecification\",\"valueRequired\":true,\"valueName\":\"search_term_string\"}}],\"inLanguage\":\"de\"},{\"@type\":\"Organization\",\"@id\":\"https:\\\/\\\/kem-europe.eu\\\/#organization\",\"name\":\"KEM Europe\",\"url\":\"https:\\\/\\\/kem-europe.eu\\\/\",\"logo\":{\"@type\":\"ImageObject\",\"inLanguage\":\"de\",\"@id\":\"https:\\\/\\\/kem-europe.eu\\\/#\\\/schema\\\/logo\\\/image\\\/\",\"url\":\"https:\\\/\\\/kem-europe.eu\\\/wp-content\\\/uploads\\\/2025\\\/02\\\/KEM2019-BLACK-1500W.png\",\"contentUrl\":\"https:\\\/\\\/kem-europe.eu\\\/wp-content\\\/uploads\\\/2025\\\/02\\\/KEM2019-BLACK-1500W.png\",\"width\":1500,\"height\":626,\"caption\":\"KEM Europe\"},\"image\":{\"@id\":\"https:\\\/\\\/kem-europe.eu\\\/#\\\/schema\\\/logo\\\/image\\\/\"}}]}<\/script>\n<!-- \/ Yoast SEO plugin. -->","yoast_head_json":{"title":"BYCON Classic Trockenbohrkrone \u00d825-182 mm | Trockenbohren Beton - KEM Europe","description":"Lasergeschwei\u00dfte Diamantbohrkrone (150 mm) zum Trockenbohren \u00d825-182 mm. 1\/2\u2033 BSP oder M16, 10 mm Segment, schnelle saubere L\u00f6cher in Beton und Mauerwerk.","robots":{"index":"index","follow":"follow","max-snippet":"max-snippet:-1","max-image-preview":"max-image-preview:large","max-video-preview":"max-video-preview:-1"},"canonical":"https:\/\/kem-europe.eu\/de\/produkt\/bycon-classic-trockenbohrer\/","og_locale":"de_DE","og_type":"article","og_title":"BYCON Classic Dry Core Bit \u00d825-182 mm | Droogboren beton - KEM Europe","og_description":"Laser-gelaste diamantboor (150 mm) voor droog boren \u00d825-182 mm. 1\/2\u2033 BSP of M16, 10 mm segment, snelle schone gaten in beton en metselwerk.","og_url":"https:\/\/kem-europe.eu\/de\/produkt\/bycon-classic-trockenbohrer\/","og_site_name":"KEM Europe","article_modified_time":"2025-10-10T10:59:20+00:00","og_image":[{"width":700,"height":700,"url":"https:\/\/kem-europe.eu\/wp-content\/uploads\/2025\/07\/classic-series.png","type":"image\/png"}],"twitter_card":"summary_large_image","twitter_misc":{"Gesch\u00e4tzte Lesezeit":"3\u00a0Minuten"},"schema":{"@context":"https:\/\/schema.org","@graph":[{"@type":"WebPage","@id":"https:\/\/kem-europe.eu\/product\/bycon-classic-droogboor\/","url":"https:\/\/kem-europe.eu\/product\/bycon-classic-droogboor\/","name":"BYCON Classic Trockenbohrkrone \u00d825-182 mm | Trockenbohren Beton - KEM Europe","isPartOf":{"@id":"https:\/\/kem-europe.eu\/#website"},"primaryImageOfPage":{"@id":"https:\/\/kem-europe.eu\/product\/bycon-classic-droogboor\/#primaryimage"},"image":{"@id":"https:\/\/kem-europe.eu\/product\/bycon-classic-droogboor\/#primaryimage"},"thumbnailUrl":"https:\/\/kem-europe.eu\/wp-content\/uploads\/2025\/07\/classic-series.png","datePublished":"2025-07-02T09:51:58+00:00","dateModified":"2025-10-10T10:59:20+00:00","description":"Lasergeschwei\u00dfte Diamantbohrkrone (150 mm) zum Trockenbohren \u00d825-182 mm. 1\/2\u2033 BSP oder M16, 10 mm Segment, schnelle saubere L\u00f6cher in Beton und Mauerwerk.","breadcrumb":{"@id":"https:\/\/kem-europe.eu\/product\/bycon-classic-droogboor\/#breadcrumb"},"inLanguage":"de","potentialAction":[{"@type":"ReadAction","target":["https:\/\/kem-europe.eu\/product\/bycon-classic-droogboor\/"]}]},{"@type":"ImageObject","inLanguage":"de","@id":"https:\/\/kem-europe.eu\/product\/bycon-classic-droogboor\/#primaryimage","url":"https:\/\/kem-europe.eu\/wp-content\/uploads\/2025\/07\/classic-series.png","contentUrl":"https:\/\/kem-europe.eu\/wp-content\/uploads\/2025\/07\/classic-series.png","width":700,"height":700,"caption":"BYCON Classic \u2013 Droge Diamantboor \u00d8 25 \u2013 182 mm"},{"@type":"BreadcrumbList","@id":"https:\/\/kem-europe.eu\/product\/bycon-classic-droogboor\/#breadcrumb","itemListElement":[{"@type":"ListItem","position":1,"name":"Home","item":"https:\/\/kem-europe.eu\/"},{"@type":"ListItem","position":2,"name":"Winkel","item":"https:\/\/kem-europe.eu\/winkel\/"},{"@type":"ListItem","position":3,"name":"BYCON Classic \u2013 Droge Diamantboor \u00d8 25 \u2013 182 mm"}]},{"@type":"WebSite","@id":"https:\/\/kem-europe.eu\/#website","url":"https:\/\/kem-europe.eu\/","name":"KEM Europe","description":"","publisher":{"@id":"https:\/\/kem-europe.eu\/#organization"},"potentialAction":[{"@type":"SearchAction","target":{"@type":"EntryPoint","urlTemplate":"https:\/\/kem-europe.eu\/?s={search_term_string}"},"query-input":{"@type":"PropertyValueSpecification","valueRequired":true,"valueName":"search_term_string"}}],"inLanguage":"de"},{"@type":"Organization","@id":"https:\/\/kem-europe.eu\/#organization","name":"KEM Europe","url":"https:\/\/kem-europe.eu\/","logo":{"@type":"ImageObject","inLanguage":"de","@id":"https:\/\/kem-europe.eu\/#\/schema\/logo\/image\/","url":"https:\/\/kem-europe.eu\/wp-content\/uploads\/2025\/02\/KEM2019-BLACK-1500W.png","contentUrl":"https:\/\/kem-europe.eu\/wp-content\/uploads\/2025\/02\/KEM2019-BLACK-1500W.png","width":1500,"height":626,"caption":"KEM Europe"},"image":{"@id":"https:\/\/kem-europe.eu\/#\/schema\/logo\/image\/"}}]}},"_links":{"self":[{"href":"https:\/\/kem-europe.eu\/de\/wp-json\/wp\/v2\/product\/7639","targetHints":{"allow":["GET"]}}],"collection":[{"href":"https:\/\/kem-europe.eu\/de\/wp-json\/wp\/v2\/product"}],"about":[{"href":"https:\/\/kem-europe.eu\/de\/wp-json\/wp\/v2\/types\/product"}],"replies":[{"embeddable":true,"href":"https:\/\/kem-europe.eu\/de\/wp-json\/wp\/v2\/comments?post=7639"}],"wp:featuredmedia":[{"embeddable":true,"href":"https:\/\/kem-europe.eu\/de\/wp-json\/wp\/v2\/media\/7640"}],"wp:attachment":[{"href":"https:\/\/kem-europe.eu\/de\/wp-json\/wp\/v2\/media?parent=7639"}],"wp:term":[{"taxonomy":"product_brand","embeddable":true,"href":"https:\/\/kem-europe.eu\/de\/wp-json\/wp\/v2\/product_brand?post=7639"},{"taxonomy":"product_cat","embeddable":true,"href":"https:\/\/kem-europe.eu\/de\/wp-json\/wp\/v2\/product_cat?post=7639"},{"taxonomy":"product_tag","embeddable":true,"href":"https:\/\/kem-europe.eu\/de\/wp-json\/wp\/v2\/product_tag?post=7639"}],"curies":[{"name":"wp","href":"https:\/\/api.w.org\/{rel}","templated":true}]}}