{"id":7641,"date":"2025-07-02T09:56:27","date_gmt":"2025-07-02T09:56:27","guid":{"rendered":"https:\/\/kem-europe.eu\/?post_type=product&#038;p=7641"},"modified":"2025-07-02T09:56:27","modified_gmt":"2025-07-02T09:56:27","slug":"bycon-trockenbohrer-elektriker-set","status":"publish","type":"product","link":"https:\/\/kem-europe.eu\/de\/product\/bycon-droogboor-elektriciensset\/","title":{"rendered":"BYCON Dry Core Kit - Elektriker-Bausatz 5-teilig (\u00d838-127 mm)"},"content":{"rendered":"<h2 data-start=\"1059\" data-end=\"1119\">BYCON Dry Core Kit - Elektriker-Bausatz 5-teilig (\u00d838-127 mm)<\/h2>\n<p data-start=\"1143\" data-end=\"1874\">Dieses f\u00fcnfteilige Trockenkernbohrset ist f\u00fcr Handwerker gedacht, die schnell und staubfrei Muffen- oder Durchgangsl\u00f6cher bohren m\u00fcssen. Die lasergeschwei\u00dften 10 mm hohen Segmente bieten eine hohe Verschlei\u00dffestigkeit und behalten ihre Schneidleistung auch in Kalkstein und leicht armiertem Beton. Jede Krone hat eine Standard-Arbeitsl\u00e4nge von 150 mm, ideal f\u00fcr das Bohren in einem Durchgang in W\u00e4nden von Wohn- und Gesch\u00e4ftsh\u00e4usern. Die mitgelieferten SDS-, SDS-MAX- und HEX-Adapter machen das Set direkt mit den meisten g\u00e4ngigen Bohrmaschinen kompatibel; der Pilotbohrer und die F\u00fchrungsstange sorgen f\u00fcr eine genaue Zentrierung. Der Driftschl\u00fcssel erm\u00f6glicht einen schnellen Wechsel zwischen den Durchmessern, w\u00e4hrend der Aluminiumkoffer alle Werkzeuge geordnet und gesch\u00fctzt transportiert.<\/p>\n<hr data-start=\"1876\" data-end=\"1879\" \/>\n<p data-start=\"1881\" data-end=\"1906\"><strong>Hauptmerkmale<\/strong><\/p>\n<ul>\n<li data-start=\"1909\" data-end=\"1955\"><strong data-start=\"1909\" data-end=\"1926\">Durchmesser einstellen:<\/strong> \u00d8 38, 52, 65, 117 und 127 mm<\/li>\n<li data-start=\"1909\" data-end=\"1955\"><strong data-start=\"1958\" data-end=\"1983\">Arbeitsl\u00e4nge pro Krone:<\/strong> 150 mm<\/li>\n<li data-start=\"1909\" data-end=\"1955\"><strong data-start=\"1995\" data-end=\"2013\">H\u00f6he des Segments:<\/strong> 10 mm, lasergeschwei\u00dft<\/li>\n<li data-start=\"1909\" data-end=\"1955\"><strong data-start=\"2038\" data-end=\"2054\">Verbindung:<\/strong> \u00bd\u2033 BSP-Buchse (M16 optional \u00fcber Adapter)<\/li>\n<li data-start=\"1909\" data-end=\"1955\"><strong data-start=\"2101\" data-end=\"2117\">Zubeh\u00f6r:<\/strong> SDS-, SDS-MAX- und HEX-Adapter, Pilotbohrer, F\u00fchrungsstange, Bohrerschl\u00fcssel<\/li>\n<li data-start=\"1909\" data-end=\"1955\"><strong data-start=\"2185\" data-end=\"2199\">Transport:<\/strong> Aluminiumkoffer mit Schaumstoffeinlage<\/li>\n<\/ul>\n<hr data-start=\"2237\" data-end=\"2240\" \/>\n<p data-start=\"2242\" data-end=\"2261\"><strong>Spezifikationen<\/strong><\/p>\n<ul>\n<li data-start=\"2264\" data-end=\"2338\"><strong data-start=\"2264\" data-end=\"2276\">Verwendung:<\/strong> Trockenbohren in Ziegel, Kalksandstein, Leichtbetonsteinen<\/li>\n<li data-start=\"2264\" data-end=\"2338\"><strong data-start=\"2341\" data-end=\"2362\">Leistung der Maschine:<\/strong> 1 200 - 3 000 W Trockenmotor<\/li>\n<li data-start=\"2264\" data-end=\"2338\"><strong data-start=\"2399\" data-end=\"2418\">Segmentbreite:<\/strong> 3,8 mm - Stechpalmenst\u00e4rke 1,5 mm (\u00d8 38-52 mm) \/ 2,4 mm (\u00d8 65-127 mm)<\/li>\n<li data-start=\"2264\" data-end=\"2338\"><strong data-start=\"2486\" data-end=\"2511\">Empfohlene Geschwindigkeit:<\/strong> 1 500 - 3 000 U\/min (kein Schlagbohrer\/Hammer)<\/li>\n<\/ul>\n<hr data-start=\"2558\" data-end=\"2561\" \/>\n<p data-start=\"2563\" data-end=\"2593\"><strong>Technische Daten<\/strong><\/p>\n<div class=\"_tableContainer_80l1q_1\">\n<div class=\"_tableWrapper_80l1q_14 group flex w-fit flex-col-reverse\" tabindex=\"-1\">\n<table class=\"w-fit min-w-(--thread-content-width)\" data-start=\"2595\" data-end=\"2949\">\n<thead data-start=\"2595\" data-end=\"2663\">\n<tr data-start=\"2595\" data-end=\"2663\">\n<th data-start=\"2595\" data-end=\"2611\" data-col-size=\"sm\">Durchmesser (mm)<\/th>\n<th data-start=\"2611\" data-end=\"2629\" data-col-size=\"sm\">Arbeitsl\u00e4nge (mm)<\/th>\n<th data-start=\"2629\" data-end=\"2637\" data-col-size=\"sm\">Draht<\/th>\n<th data-start=\"2637\" data-end=\"2652\" data-col-size=\"sm\">Abschnitt (mm)<\/th>\n<th data-start=\"2652\" data-end=\"2663\" data-col-size=\"sm\"># Segm.<\/th>\n<\/tr>\n<\/thead>\n<tbody data-start=\"2733\" data-end=\"2949\">\n<tr data-start=\"2733\" data-end=\"2775\">\n<td data-start=\"2733\" data-end=\"2738\" data-col-size=\"sm\">38<\/td>\n<td data-start=\"2738\" data-end=\"2744\" data-col-size=\"sm\">150<\/td>\n<td data-start=\"2744\" data-end=\"2753\" data-col-size=\"sm\">\u00bd\u2033 BSP<\/td>\n<td data-start=\"2753\" data-end=\"2770\" data-col-size=\"sm\">1,5 \u00d7 3,8 \u00d7 10<\/td>\n<td data-col-size=\"sm\" data-start=\"2770\" data-end=\"2775\">4<\/td>\n<\/tr>\n<tr data-start=\"2776\" data-end=\"2818\">\n<td data-start=\"2776\" data-end=\"2781\" data-col-size=\"sm\">52<\/td>\n<td data-col-size=\"sm\" data-start=\"2781\" data-end=\"2787\">150<\/td>\n<td data-col-size=\"sm\" data-start=\"2787\" data-end=\"2796\">\u00bd\u2033 BSP<\/td>\n<td data-col-size=\"sm\" data-start=\"2796\" data-end=\"2813\">2,4 \u00d7 3,8 \u00d7 10<\/td>\n<td data-col-size=\"sm\" data-start=\"2813\" data-end=\"2818\">4<\/td>\n<\/tr>\n<tr data-start=\"2819\" data-end=\"2861\">\n<td data-start=\"2819\" data-end=\"2824\" data-col-size=\"sm\">65<\/td>\n<td data-start=\"2824\" data-end=\"2830\" data-col-size=\"sm\">150<\/td>\n<td data-start=\"2830\" data-end=\"2839\" data-col-size=\"sm\">\u00bd\u2033 BSP<\/td>\n<td data-start=\"2839\" data-end=\"2856\" data-col-size=\"sm\">2,4 \u00d7 3,8 \u00d7 10<\/td>\n<td data-col-size=\"sm\" data-start=\"2856\" data-end=\"2861\">4<\/td>\n<\/tr>\n<tr data-start=\"2862\" data-end=\"2905\">\n<td data-start=\"2862\" data-end=\"2868\" data-col-size=\"sm\">117<\/td>\n<td data-col-size=\"sm\" data-start=\"2868\" data-end=\"2874\">150<\/td>\n<td data-col-size=\"sm\" data-start=\"2874\" data-end=\"2883\">\u00bd\u2033 BSP<\/td>\n<td data-col-size=\"sm\" data-start=\"2883\" data-end=\"2900\">2,4 \u00d7 3,8 \u00d7 10<\/td>\n<td data-col-size=\"sm\" data-start=\"2900\" data-end=\"2905\">5<\/td>\n<\/tr>\n<tr data-start=\"2906\" data-end=\"2949\">\n<td data-start=\"2906\" data-end=\"2912\" data-col-size=\"sm\">127<\/td>\n<td data-col-size=\"sm\" data-start=\"2912\" data-end=\"2918\">150<\/td>\n<td data-col-size=\"sm\" data-start=\"2918\" data-end=\"2927\">\u00bd\u2033 BSP<\/td>\n<td data-col-size=\"sm\" data-start=\"2927\" data-end=\"2944\">2,4 \u00d7 3,8 \u00d7 10<\/td>\n<td data-col-size=\"sm\" data-start=\"2944\" data-end=\"2949\">6<\/td>\n<\/tr>\n<\/tbody>\n<\/table>\n<div class=\"sticky end-(--thread-content-margin) h-0 self-end select-none\">\n<div class=\"absolute end-0 flex items-end\"><\/div>\n<\/div>\n<\/div>\n<\/div>\n<hr data-start=\"2951\" data-end=\"2954\" \/>\n<p data-start=\"2956\" data-end=\"2977\"><strong>Umfang der Lieferung<\/strong><\/p>\n<ul>\n<li data-start=\"2980\" data-end=\"3034\">5 \u00d7 trockene Diamantkronen (\u00d8 38, 52, 65, 117, 127 mm)<\/li>\n<li data-start=\"2980\" data-end=\"3034\">Driftschl\u00fcssel 8 \u00d7 70 mm<\/li>\n<li data-start=\"2980\" data-end=\"3034\">HEX \u2192 \u00bd\u2033 BSP-Adapter 88 mm<\/li>\n<li data-start=\"2980\" data-end=\"3034\">SDS \u2192 \u00bd\u2033 BSP-Adapter 115 mm<\/li>\n<li data-start=\"2980\" data-end=\"3034\">SDS-MAX \u2192 \u00bd\u2033 BSP-Adapter 180 mm<\/li>\n<li data-start=\"2980\" data-end=\"3034\">Verl\u00e4ngerungsst\u00fcck F-M \u00bd\u2033 BSP, 250 mm<\/li>\n<li data-start=\"2980\" data-end=\"3034\">Pilotbohrer 13 \u00d7 210 mm<\/li>\n<li data-start=\"2980\" data-end=\"3034\">F\u00fchrungsstange 12 \u00d7 210 mm<\/li>\n<li data-start=\"2980\" data-end=\"3034\">Aluminium-Transportkoffer mit Schaumstoffeinlage<\/li>\n<\/ul>","protected":false},"excerpt":{"rendered":"<p data-start=\"388\" data-end=\"1052\">Das BYCON Dry Core Kit ist eine gebrauchsfertige L\u00f6sung f\u00fcr Elektriker und Installateure, die Trockenl\u00f6cher in Ziegel, Bl\u00f6cke und Leichtbeton bohren. Das Kit enth\u00e4lt die f\u00fcnf meistgefragten Durchmesser (38, 52, 65, 117 und 127 mm), jeweils 150 mm lang mit lasergeschwei\u00dften Diamantsegmenten f\u00fcr schnelle, saubere Schnitte ohne Wasser. Dank des universellen \u00bd\u2033 BSP-Anschlusses und der mitgelieferten SDS\/HEX-Adapter lassen sich die Kronen an fast jede Trockenbohrmaschine anschlie\u00dfen. Ein Pilotbohrer, eine F\u00fchrungsstange und ein Verl\u00e4ngerungsst\u00fcck verk\u00fcrzen die R\u00fcstzeit auf der Baustelle. Alles ist sicher in einem robusten Aluminiumkoffer untergebracht - \u00fcbersichtlich und gesch\u00fctzt.<\/p>","protected":false},"featured_media":7643,"comment_status":"open","ping_status":"closed","template":"","meta":[],"product_brand":[627],"product_cat":[21,188,189,20],"product_tag":[],"class_list":{"0":"post-7641","1":"product","2":"type-product","3":"status-publish","4":"has-post-thumbnail","6":"product_brand-bycon","7":"product_cat-diamant","8":"product_cat-diamantboor","9":"product_cat-diamantboor-droog","10":"product_cat-verbruiksartikelen-diamant","12":"first","13":"instock","14":"shipping-taxable","15":"product-type-simple"},"ct_brands":[{"id":627,"name":"BYCON","slug":"bycon"}],"yoast_head":"<!-- This site is optimized with the Yoast SEO plugin v27.4 - https:\/\/yoast.com\/product\/yoast-seo-wordpress\/ -->\n<title>BYCON Dry Core Kit 5-delig | Droogboren \u00d838-127 mm - KEM Europe<\/title>\n<meta name=\"description\" content=\"Vijf laser-gelaste droog\u00adkronen \u00d838-127 mm met \u00bd\u2033 BSP, adapters &amp; pilotboor. Compleet in aluminium koffer \u2013 snel, schoon boren in steen en beton.\" \/>\n<meta name=\"robots\" content=\"index, follow, max-snippet:-1, max-image-preview:large, max-video-preview:-1\" \/>\n<link rel=\"canonical\" href=\"https:\/\/kem-europe.eu\/de\/produkt\/bycon-trockenbohrer-elektriker-set\/\" \/>\n<meta property=\"og:locale\" content=\"de_DE\" \/>\n<meta property=\"og:type\" content=\"article\" \/>\n<meta property=\"og:title\" content=\"BYCON Dry Core Kit 5-delig | Droogboren \u00d838-127 mm - KEM Europe\" \/>\n<meta property=\"og:description\" content=\"Vijf laser-gelaste droog\u00adkronen \u00d838-127 mm met \u00bd\u2033 BSP, adapters &amp; pilotboor. Compleet in aluminium koffer \u2013 snel, schoon boren in steen en beton.\" \/>\n<meta property=\"og:url\" content=\"https:\/\/kem-europe.eu\/de\/produkt\/bycon-trockenbohrer-elektriker-set\/\" \/>\n<meta property=\"og:site_name\" content=\"KEM Europe\" \/>\n<meta property=\"og:image\" content=\"https:\/\/kem-europe.eu\/wp-content\/uploads\/2025\/07\/Dry-Core-Kits.png\" \/>\n\t<meta property=\"og:image:width\" content=\"700\" \/>\n\t<meta property=\"og:image:height\" content=\"700\" \/>\n\t<meta property=\"og:image:type\" content=\"image\/png\" \/>\n<meta name=\"twitter:card\" content=\"summary_large_image\" \/>\n<meta name=\"twitter:label1\" content=\"Gesch\u00e4tzte Lesezeit\" \/>\n\t<meta name=\"twitter:data1\" content=\"2\u00a0Minuten\" \/>\n<script type=\"application\/ld+json\" class=\"yoast-schema-graph\">{\"@context\":\"https:\\\/\\\/schema.org\",\"@graph\":[{\"@type\":\"WebPage\",\"@id\":\"https:\\\/\\\/kem-europe.eu\\\/product\\\/bycon-droogboor-elektriciensset\\\/\",\"url\":\"https:\\\/\\\/kem-europe.eu\\\/product\\\/bycon-droogboor-elektriciensset\\\/\",\"name\":\"BYCON Dry Core Kit 5-delig | Droogboren \u00d838-127 mm - KEM Europe\",\"isPartOf\":{\"@id\":\"https:\\\/\\\/kem-europe.eu\\\/#website\"},\"primaryImageOfPage\":{\"@id\":\"https:\\\/\\\/kem-europe.eu\\\/product\\\/bycon-droogboor-elektriciensset\\\/#primaryimage\"},\"image\":{\"@id\":\"https:\\\/\\\/kem-europe.eu\\\/product\\\/bycon-droogboor-elektriciensset\\\/#primaryimage\"},\"thumbnailUrl\":\"https:\\\/\\\/kem-europe.eu\\\/wp-content\\\/uploads\\\/2025\\\/07\\\/Dry-Core-Kits.png\",\"datePublished\":\"2025-07-02T09:56:27+00:00\",\"description\":\"Vijf laser-gelaste droog\u00adkronen \u00d838-127 mm met \u00bd\u2033 BSP, adapters & pilotboor. Compleet in aluminium koffer \u2013 snel, schoon boren in steen en beton.\",\"breadcrumb\":{\"@id\":\"https:\\\/\\\/kem-europe.eu\\\/product\\\/bycon-droogboor-elektriciensset\\\/#breadcrumb\"},\"inLanguage\":\"de\",\"potentialAction\":[{\"@type\":\"ReadAction\",\"target\":[\"https:\\\/\\\/kem-europe.eu\\\/product\\\/bycon-droogboor-elektriciensset\\\/\"]}]},{\"@type\":\"ImageObject\",\"inLanguage\":\"de\",\"@id\":\"https:\\\/\\\/kem-europe.eu\\\/product\\\/bycon-droogboor-elektriciensset\\\/#primaryimage\",\"url\":\"https:\\\/\\\/kem-europe.eu\\\/wp-content\\\/uploads\\\/2025\\\/07\\\/Dry-Core-Kits.png\",\"contentUrl\":\"https:\\\/\\\/kem-europe.eu\\\/wp-content\\\/uploads\\\/2025\\\/07\\\/Dry-Core-Kits.png\",\"width\":700,\"height\":700,\"caption\":\"BYCON Dry Core Kit \u2013 Elektriciensset 5-delig (\u00d838-127 mm)\"},{\"@type\":\"BreadcrumbList\",\"@id\":\"https:\\\/\\\/kem-europe.eu\\\/product\\\/bycon-droogboor-elektriciensset\\\/#breadcrumb\",\"itemListElement\":[{\"@type\":\"ListItem\",\"position\":1,\"name\":\"Home\",\"item\":\"https:\\\/\\\/kem-europe.eu\\\/\"},{\"@type\":\"ListItem\",\"position\":2,\"name\":\"Winkel\",\"item\":\"https:\\\/\\\/kem-europe.eu\\\/winkel\\\/\"},{\"@type\":\"ListItem\",\"position\":3,\"name\":\"BYCON Dry Core Kit \u2013 Elektriciensset 5-delig (\u00d838-127 mm)\"}]},{\"@type\":\"WebSite\",\"@id\":\"https:\\\/\\\/kem-europe.eu\\\/#website\",\"url\":\"https:\\\/\\\/kem-europe.eu\\\/\",\"name\":\"KEM Europe\",\"description\":\"\",\"publisher\":{\"@id\":\"https:\\\/\\\/kem-europe.eu\\\/#organization\"},\"potentialAction\":[{\"@type\":\"SearchAction\",\"target\":{\"@type\":\"EntryPoint\",\"urlTemplate\":\"https:\\\/\\\/kem-europe.eu\\\/?s={search_term_string}\"},\"query-input\":{\"@type\":\"PropertyValueSpecification\",\"valueRequired\":true,\"valueName\":\"search_term_string\"}}],\"inLanguage\":\"de\"},{\"@type\":\"Organization\",\"@id\":\"https:\\\/\\\/kem-europe.eu\\\/#organization\",\"name\":\"KEM Europe\",\"url\":\"https:\\\/\\\/kem-europe.eu\\\/\",\"logo\":{\"@type\":\"ImageObject\",\"inLanguage\":\"de\",\"@id\":\"https:\\\/\\\/kem-europe.eu\\\/#\\\/schema\\\/logo\\\/image\\\/\",\"url\":\"https:\\\/\\\/kem-europe.eu\\\/wp-content\\\/uploads\\\/2025\\\/02\\\/KEM2019-BLACK-1500W.png\",\"contentUrl\":\"https:\\\/\\\/kem-europe.eu\\\/wp-content\\\/uploads\\\/2025\\\/02\\\/KEM2019-BLACK-1500W.png\",\"width\":1500,\"height\":626,\"caption\":\"KEM Europe\"},\"image\":{\"@id\":\"https:\\\/\\\/kem-europe.eu\\\/#\\\/schema\\\/logo\\\/image\\\/\"}}]}<\/script>\n<!-- \/ Yoast SEO plugin. -->","yoast_head_json":{"title":"BYCON Trockenbohrer-Set 5-teilig | Trockenbohrer \u00d838-127 mm - KEM Europe","description":"F\u00fcnf lasergeschwei\u00dfte Trockenbohrkronen \u00d838-127 mm mit \u00bd\u2033 BSP, Adaptern &amp; Vorbohrer. Komplett im Aluminiumkoffer - schnelles, sauberes Bohren in Stein und Beton.","robots":{"index":"index","follow":"follow","max-snippet":"max-snippet:-1","max-image-preview":"max-image-preview:large","max-video-preview":"max-video-preview:-1"},"canonical":"https:\/\/kem-europe.eu\/de\/produkt\/bycon-trockenbohrer-elektriker-set\/","og_locale":"de_DE","og_type":"article","og_title":"BYCON Dry Core Kit 5-delig | Droogboren \u00d838-127 mm - KEM Europe","og_description":"Vijf laser-gelaste droog\u00adkronen \u00d838-127 mm met \u00bd\u2033 BSP, adapters & pilotboor. Compleet in aluminium koffer \u2013 snel, schoon boren in steen en beton.","og_url":"https:\/\/kem-europe.eu\/de\/produkt\/bycon-trockenbohrer-elektriker-set\/","og_site_name":"KEM Europe","og_image":[{"width":700,"height":700,"url":"https:\/\/kem-europe.eu\/wp-content\/uploads\/2025\/07\/Dry-Core-Kits.png","type":"image\/png"}],"twitter_card":"summary_large_image","twitter_misc":{"Gesch\u00e4tzte Lesezeit":"2\u00a0Minuten"},"schema":{"@context":"https:\/\/schema.org","@graph":[{"@type":"WebPage","@id":"https:\/\/kem-europe.eu\/product\/bycon-droogboor-elektriciensset\/","url":"https:\/\/kem-europe.eu\/product\/bycon-droogboor-elektriciensset\/","name":"BYCON Trockenbohrer-Set 5-teilig | Trockenbohrer \u00d838-127 mm - KEM Europe","isPartOf":{"@id":"https:\/\/kem-europe.eu\/#website"},"primaryImageOfPage":{"@id":"https:\/\/kem-europe.eu\/product\/bycon-droogboor-elektriciensset\/#primaryimage"},"image":{"@id":"https:\/\/kem-europe.eu\/product\/bycon-droogboor-elektriciensset\/#primaryimage"},"thumbnailUrl":"https:\/\/kem-europe.eu\/wp-content\/uploads\/2025\/07\/Dry-Core-Kits.png","datePublished":"2025-07-02T09:56:27+00:00","description":"F\u00fcnf lasergeschwei\u00dfte Trockenbohrkronen \u00d838-127 mm mit \u00bd\u2033 BSP, Adaptern &amp; Vorbohrer. Komplett im Aluminiumkoffer - schnelles, sauberes Bohren in Stein und Beton.","breadcrumb":{"@id":"https:\/\/kem-europe.eu\/product\/bycon-droogboor-elektriciensset\/#breadcrumb"},"inLanguage":"de","potentialAction":[{"@type":"ReadAction","target":["https:\/\/kem-europe.eu\/product\/bycon-droogboor-elektriciensset\/"]}]},{"@type":"ImageObject","inLanguage":"de","@id":"https:\/\/kem-europe.eu\/product\/bycon-droogboor-elektriciensset\/#primaryimage","url":"https:\/\/kem-europe.eu\/wp-content\/uploads\/2025\/07\/Dry-Core-Kits.png","contentUrl":"https:\/\/kem-europe.eu\/wp-content\/uploads\/2025\/07\/Dry-Core-Kits.png","width":700,"height":700,"caption":"BYCON Dry Core Kit \u2013 Elektriciensset 5-delig (\u00d838-127 mm)"},{"@type":"BreadcrumbList","@id":"https:\/\/kem-europe.eu\/product\/bycon-droogboor-elektriciensset\/#breadcrumb","itemListElement":[{"@type":"ListItem","position":1,"name":"Home","item":"https:\/\/kem-europe.eu\/"},{"@type":"ListItem","position":2,"name":"Winkel","item":"https:\/\/kem-europe.eu\/winkel\/"},{"@type":"ListItem","position":3,"name":"BYCON Dry Core Kit \u2013 Elektriciensset 5-delig (\u00d838-127 mm)"}]},{"@type":"WebSite","@id":"https:\/\/kem-europe.eu\/#website","url":"https:\/\/kem-europe.eu\/","name":"KEM Europe","description":"","publisher":{"@id":"https:\/\/kem-europe.eu\/#organization"},"potentialAction":[{"@type":"SearchAction","target":{"@type":"EntryPoint","urlTemplate":"https:\/\/kem-europe.eu\/?s={search_term_string}"},"query-input":{"@type":"PropertyValueSpecification","valueRequired":true,"valueName":"search_term_string"}}],"inLanguage":"de"},{"@type":"Organization","@id":"https:\/\/kem-europe.eu\/#organization","name":"KEM Europe","url":"https:\/\/kem-europe.eu\/","logo":{"@type":"ImageObject","inLanguage":"de","@id":"https:\/\/kem-europe.eu\/#\/schema\/logo\/image\/","url":"https:\/\/kem-europe.eu\/wp-content\/uploads\/2025\/02\/KEM2019-BLACK-1500W.png","contentUrl":"https:\/\/kem-europe.eu\/wp-content\/uploads\/2025\/02\/KEM2019-BLACK-1500W.png","width":1500,"height":626,"caption":"KEM Europe"},"image":{"@id":"https:\/\/kem-europe.eu\/#\/schema\/logo\/image\/"}}]}},"_links":{"self":[{"href":"https:\/\/kem-europe.eu\/de\/wp-json\/wp\/v2\/product\/7641","targetHints":{"allow":["GET"]}}],"collection":[{"href":"https:\/\/kem-europe.eu\/de\/wp-json\/wp\/v2\/product"}],"about":[{"href":"https:\/\/kem-europe.eu\/de\/wp-json\/wp\/v2\/types\/product"}],"replies":[{"embeddable":true,"href":"https:\/\/kem-europe.eu\/de\/wp-json\/wp\/v2\/comments?post=7641"}],"wp:featuredmedia":[{"embeddable":true,"href":"https:\/\/kem-europe.eu\/de\/wp-json\/wp\/v2\/media\/7643"}],"wp:attachment":[{"href":"https:\/\/kem-europe.eu\/de\/wp-json\/wp\/v2\/media?parent=7641"}],"wp:term":[{"taxonomy":"product_brand","embeddable":true,"href":"https:\/\/kem-europe.eu\/de\/wp-json\/wp\/v2\/product_brand?post=7641"},{"taxonomy":"product_cat","embeddable":true,"href":"https:\/\/kem-europe.eu\/de\/wp-json\/wp\/v2\/product_cat?post=7641"},{"taxonomy":"product_tag","embeddable":true,"href":"https:\/\/kem-europe.eu\/de\/wp-json\/wp\/v2\/product_tag?post=7641"}],"curies":[{"name":"wp","href":"https:\/\/api.w.org\/{rel}","templated":true}]}}