{"id":7671,"date":"2025-07-02T11:55:55","date_gmt":"2025-07-02T11:55:55","guid":{"rendered":"https:\/\/kem-europe.eu\/?post_type=product&#038;p=7671"},"modified":"2025-07-02T11:56:14","modified_gmt":"2025-07-02T11:56:14","slug":"bycon-dauerbeutel-staubbeutel-4x25m","status":"publish","type":"product","link":"https:\/\/kem-europe.eu\/de\/product\/bycon-continuous-bag-stofzak-4x25m\/","title":{"rendered":"BYCON Endlossack - 3-lagiger PE-Staubbeutel (4 \u00d7 25 m)"},"content":{"rendered":"<h2 data-start=\"891\" data-end=\"946\">BYCON Endlossack - 3-lagiger PE-Staubbeutel (4 \u00d7 25 m)<\/h2>\n<p data-start=\"970\" data-end=\"1655\">Die BYCON Continuous Bag Patrone wurde speziell f\u00fcr die IVC-1000 und IVC-2000 Zyklonstaubsauger entwickelt, passt aber auch in Systeme mit einem \u00d8 20 cm Fallflansch. Das dreischichtige Polyethylen kombiniert eine ultrad\u00fcnne Au\u00dfenschicht mit einem rei\u00dffesten Kern. Dadurch sind die Beutel stark genug f\u00fcr Bau- und Schleifstaub und enthalten dennoch 70 % weniger Kunststoff als herk\u00f6mmliche Beutel. Die transparente, perforierte Folie erm\u00f6glicht es, den Inhalt visuell zu \u00fcberpr\u00fcfen und den vollen Sack direkt in einer Ballenpresse zu recyceln. Das intelligente Endlossystem verhindert, dass halbvolle S\u00e4cke weggeworfen werden: den Sack f\u00fcllen, neue Folie herunterziehen, zwei Kabelbinder binden und dazwischen abschneiden - ohne Kontakt mit dem Staub.<\/p>\n<hr data-start=\"1657\" data-end=\"1660\" \/>\n<p data-start=\"1662\" data-end=\"1687\"><strong>Hauptmerkmale<\/strong><\/p>\n<ul>\n<li data-start=\"1690\" data-end=\"1745\"><strong data-start=\"1690\" data-end=\"1704\">Material:<\/strong> 3-Schicht-Polyethylen (HDPE\/LDPE-Gemisch)<\/li>\n<li data-start=\"1690\" data-end=\"1745\"><strong data-start=\"1748\" data-end=\"1769\">Einsparung von Plastik:<\/strong> \u00b1 70 % vs. Standardbeutel<\/li>\n<li data-start=\"1690\" data-end=\"1745\"><strong data-start=\"1805\" data-end=\"1823\">Abfallvermeidung:<\/strong> \u2153 CO\u2082-Emissionen durch weniger Rohmaterial<\/li>\n<li data-start=\"1690\" data-end=\"1745\"><strong data-start=\"1864\" data-end=\"1876\">System:<\/strong> Kontinuierliches Dropdown; immer genau volle Taschen<\/li>\n<li data-start=\"1690\" data-end=\"1745\"><strong data-start=\"1926\" data-end=\"1941\">Umstellungszeit:<\/strong> &lt; 30 s (Ziehen \u2192 Kabelbinder \u2192 Schneiden)<\/li>\n<\/ul>\n<hr data-start=\"1986\" data-end=\"1989\" \/>\n<p data-start=\"1991\" data-end=\"2010\"><strong>Spezifikationen<\/strong><\/p>\n<ul>\n<li data-start=\"2013\" data-end=\"2047\"><strong data-start=\"2013\" data-end=\"2022\">Die Form:<\/strong> zylindrisch, abklappbar<\/li>\n<li data-start=\"2013\" data-end=\"2047\"><strong data-start=\"2050\" data-end=\"2070\">L\u00e4nge der Kassette:<\/strong> 25 m (4 St\u00fcck, insgesamt 100 m)<\/li>\n<li data-start=\"2013\" data-end=\"2047\"><strong data-start=\"2104\" data-end=\"2134\">Durchmesser kompatibler Flansch:<\/strong> \u00d8 200 mm<\/li>\n<li data-start=\"2013\" data-end=\"2047\"><strong data-start=\"2148\" data-end=\"2163\">Dicke der Folie:<\/strong> 70 \u00b5m (3-lagig)<\/li>\n<li data-start=\"2013\" data-end=\"2047\"><strong data-start=\"2184\" data-end=\"2209\">Temperaturbest\u00e4ndig:<\/strong> -20 \u00b0C bis +60 \u00b0C<\/li>\n<li data-start=\"2013\" data-end=\"2047\"><strong data-start=\"2232\" data-end=\"2252\">Kompatibilit\u00e4t:<\/strong> BYCON IVC-1000 &amp; IVC-2000 (HEPA H13)<\/li>\n<\/ul>\n<hr data-start=\"2293\" data-end=\"2296\" \/>\n<p data-start=\"2298\" data-end=\"2319\"><strong>Umfang der Lieferung<\/strong><\/p>\n<ul>\n<li data-start=\"2322\" data-end=\"2363\">4 \u00d7 25 m BYCON Endlossack-Kassetten<\/li>\n<li data-start=\"2322\" data-end=\"2363\">Verpackt in stabilem Karton<\/li>\n<\/ul>","protected":false},"excerpt":{"rendered":"<p data-start=\"385\" data-end=\"884\">Der BYCON Continuous Bag ist ein zylindrischer, kontinuierlicher Staubsaugerbeutel f\u00fcr industrielle Absauganlagen. Dank der 3-lagigen, ultrastarken PE-Folie verbrauchen Sie bis zu 70 % weniger Kunststoff und reduzieren Ihren \u00f6kologischen Fu\u00dfabdruck erheblich. Dank des intelligenten Zug-, Druck- und Schneidesystems ist der Beutelwechsel staubfrei und dauert weniger als 30 Sekunden. Sie bestimmen die L\u00e4nge des Beutels, so dass jeder Beutel immer 100 % voll ist. Perfekt f\u00fcr ein sauberes, effizientes und nachhaltiges Abfallmanagement am Arbeitsplatz.<\/p>","protected":false},"featured_media":7675,"comment_status":"open","ping_status":"closed","template":"","meta":[],"product_brand":[627],"product_cat":[462,24],"product_tag":[],"class_list":{"0":"post-7671","1":"product","2":"type-product","3":"status-publish","4":"has-post-thumbnail","6":"product_brand-bycon","7":"product_cat-stofzuiger-toebehoren","8":"product_cat-toebehoren","10":"first","11":"instock","12":"shipping-taxable","13":"product-type-simple"},"ct_brands":[{"id":627,"name":"BYCON","slug":"bycon"}],"yoast_head":"<!-- This site is optimized with the Yoast SEO plugin v27.3 - https:\/\/yoast.com\/product\/yoast-seo-wordpress\/ -->\n<title>BYCON Continuous Bag 4\u00d725 m | 70 % minder plastic - KEM Europe<\/title>\n<meta name=\"description\" content=\"Duurzame 3-laags PE stofzak (4\u00d725 m) voor IVC-1000\/2000. Hygienisch wisselen zonder contact, 70 % minder plastic en \u2153 CO\u2082-uitstoot.\" \/>\n<meta name=\"robots\" content=\"index, follow, max-snippet:-1, max-image-preview:large, max-video-preview:-1\" \/>\n<link rel=\"canonical\" href=\"https:\/\/kem-europe.eu\/de\/produkt\/bycon-dauerbeutel-staubbeutel-4x25m\/\" \/>\n<meta property=\"og:locale\" content=\"de_DE\" \/>\n<meta property=\"og:type\" content=\"article\" \/>\n<meta property=\"og:title\" content=\"BYCON Continuous Bag 4\u00d725 m | 70 % minder plastic - KEM Europe\" \/>\n<meta property=\"og:description\" content=\"Duurzame 3-laags PE stofzak (4\u00d725 m) voor IVC-1000\/2000. Hygienisch wisselen zonder contact, 70 % minder plastic en \u2153 CO\u2082-uitstoot.\" \/>\n<meta property=\"og:url\" content=\"https:\/\/kem-europe.eu\/de\/produkt\/bycon-dauerbeutel-staubbeutel-4x25m\/\" \/>\n<meta property=\"og:site_name\" content=\"KEM Europe\" \/>\n<meta property=\"article:modified_time\" content=\"2025-07-02T11:56:14+00:00\" \/>\n<meta property=\"og:image\" content=\"https:\/\/kem-europe.eu\/wp-content\/uploads\/2025\/07\/Continuous-bag.webp\" \/>\n\t<meta property=\"og:image:width\" content=\"700\" \/>\n\t<meta property=\"og:image:height\" content=\"700\" \/>\n\t<meta property=\"og:image:type\" content=\"image\/webp\" \/>\n<meta name=\"twitter:card\" content=\"summary_large_image\" \/>\n<meta name=\"twitter:label1\" content=\"Gesch\u00e4tzte Lesezeit\" \/>\n\t<meta name=\"twitter:data1\" content=\"2\u00a0Minuten\" \/>\n<script type=\"application\/ld+json\" class=\"yoast-schema-graph\">{\"@context\":\"https:\\\/\\\/schema.org\",\"@graph\":[{\"@type\":\"WebPage\",\"@id\":\"https:\\\/\\\/kem-europe.eu\\\/product\\\/bycon-continuous-bag-stofzak-4x25m\\\/\",\"url\":\"https:\\\/\\\/kem-europe.eu\\\/product\\\/bycon-continuous-bag-stofzak-4x25m\\\/\",\"name\":\"BYCON Continuous Bag 4\u00d725 m | 70 % minder plastic - KEM Europe\",\"isPartOf\":{\"@id\":\"https:\\\/\\\/kem-europe.eu\\\/#website\"},\"primaryImageOfPage\":{\"@id\":\"https:\\\/\\\/kem-europe.eu\\\/product\\\/bycon-continuous-bag-stofzak-4x25m\\\/#primaryimage\"},\"image\":{\"@id\":\"https:\\\/\\\/kem-europe.eu\\\/product\\\/bycon-continuous-bag-stofzak-4x25m\\\/#primaryimage\"},\"thumbnailUrl\":\"https:\\\/\\\/kem-europe.eu\\\/wp-content\\\/uploads\\\/2025\\\/07\\\/Continuous-bag.webp\",\"datePublished\":\"2025-07-02T11:55:55+00:00\",\"dateModified\":\"2025-07-02T11:56:14+00:00\",\"description\":\"Duurzame 3-laags PE stofzak (4\u00d725 m) voor IVC-1000\\\/2000. Hygienisch wisselen zonder contact, 70 % minder plastic en \u2153 CO\u2082-uitstoot.\",\"breadcrumb\":{\"@id\":\"https:\\\/\\\/kem-europe.eu\\\/product\\\/bycon-continuous-bag-stofzak-4x25m\\\/#breadcrumb\"},\"inLanguage\":\"de\",\"potentialAction\":[{\"@type\":\"ReadAction\",\"target\":[\"https:\\\/\\\/kem-europe.eu\\\/product\\\/bycon-continuous-bag-stofzak-4x25m\\\/\"]}]},{\"@type\":\"ImageObject\",\"inLanguage\":\"de\",\"@id\":\"https:\\\/\\\/kem-europe.eu\\\/product\\\/bycon-continuous-bag-stofzak-4x25m\\\/#primaryimage\",\"url\":\"https:\\\/\\\/kem-europe.eu\\\/wp-content\\\/uploads\\\/2025\\\/07\\\/Continuous-bag.webp\",\"contentUrl\":\"https:\\\/\\\/kem-europe.eu\\\/wp-content\\\/uploads\\\/2025\\\/07\\\/Continuous-bag.webp\",\"width\":700,\"height\":700,\"caption\":\"BYCON Continuous Bag \u2013 3-laags PE Stofzak (4 \u00d7 25 m)\"},{\"@type\":\"BreadcrumbList\",\"@id\":\"https:\\\/\\\/kem-europe.eu\\\/product\\\/bycon-continuous-bag-stofzak-4x25m\\\/#breadcrumb\",\"itemListElement\":[{\"@type\":\"ListItem\",\"position\":1,\"name\":\"Home\",\"item\":\"https:\\\/\\\/kem-europe.eu\\\/\"},{\"@type\":\"ListItem\",\"position\":2,\"name\":\"Winkel\",\"item\":\"https:\\\/\\\/kem-europe.eu\\\/winkel\\\/\"},{\"@type\":\"ListItem\",\"position\":3,\"name\":\"BYCON Continuous Bag \u2013 3-laags PE Stofzak (4 \u00d7 25 m)\"}]},{\"@type\":\"WebSite\",\"@id\":\"https:\\\/\\\/kem-europe.eu\\\/#website\",\"url\":\"https:\\\/\\\/kem-europe.eu\\\/\",\"name\":\"KEM Europe\",\"description\":\"\",\"publisher\":{\"@id\":\"https:\\\/\\\/kem-europe.eu\\\/#organization\"},\"potentialAction\":[{\"@type\":\"SearchAction\",\"target\":{\"@type\":\"EntryPoint\",\"urlTemplate\":\"https:\\\/\\\/kem-europe.eu\\\/?s={search_term_string}\"},\"query-input\":{\"@type\":\"PropertyValueSpecification\",\"valueRequired\":true,\"valueName\":\"search_term_string\"}}],\"inLanguage\":\"de\"},{\"@type\":\"Organization\",\"@id\":\"https:\\\/\\\/kem-europe.eu\\\/#organization\",\"name\":\"KEM Europe\",\"url\":\"https:\\\/\\\/kem-europe.eu\\\/\",\"logo\":{\"@type\":\"ImageObject\",\"inLanguage\":\"de\",\"@id\":\"https:\\\/\\\/kem-europe.eu\\\/#\\\/schema\\\/logo\\\/image\\\/\",\"url\":\"https:\\\/\\\/kem-europe.eu\\\/wp-content\\\/uploads\\\/2025\\\/02\\\/KEM2019-BLACK-1500W.png\",\"contentUrl\":\"https:\\\/\\\/kem-europe.eu\\\/wp-content\\\/uploads\\\/2025\\\/02\\\/KEM2019-BLACK-1500W.png\",\"width\":1500,\"height\":626,\"caption\":\"KEM Europe\"},\"image\":{\"@id\":\"https:\\\/\\\/kem-europe.eu\\\/#\\\/schema\\\/logo\\\/image\\\/\"}}]}<\/script>\n<!-- \/ Yoast SEO plugin. -->","yoast_head_json":{"title":"BYCON Endlossack 4\u00d725 m | 70 % ohne Kunststoff - KEM Europe","description":"Strapazierf\u00e4higer 3-lagiger PE-Staubbeutel (4\u00d725 m) f\u00fcr IVC-1000\/2000. Hygienischer, ber\u00fchrungsloser Wechsel, 70 % weniger Kunststoff und \u2153 CO\u2082-Emissionen.","robots":{"index":"index","follow":"follow","max-snippet":"max-snippet:-1","max-image-preview":"max-image-preview:large","max-video-preview":"max-video-preview:-1"},"canonical":"https:\/\/kem-europe.eu\/de\/produkt\/bycon-dauerbeutel-staubbeutel-4x25m\/","og_locale":"de_DE","og_type":"article","og_title":"BYCON Continuous Bag 4\u00d725 m | 70 % minder plastic - KEM Europe","og_description":"Duurzame 3-laags PE stofzak (4\u00d725 m) voor IVC-1000\/2000. Hygienisch wisselen zonder contact, 70 % minder plastic en \u2153 CO\u2082-uitstoot.","og_url":"https:\/\/kem-europe.eu\/de\/produkt\/bycon-dauerbeutel-staubbeutel-4x25m\/","og_site_name":"KEM Europe","article_modified_time":"2025-07-02T11:56:14+00:00","og_image":[{"width":700,"height":700,"url":"https:\/\/kem-europe.eu\/wp-content\/uploads\/2025\/07\/Continuous-bag.webp","type":"image\/webp"}],"twitter_card":"summary_large_image","twitter_misc":{"Gesch\u00e4tzte Lesezeit":"2\u00a0Minuten"},"schema":{"@context":"https:\/\/schema.org","@graph":[{"@type":"WebPage","@id":"https:\/\/kem-europe.eu\/product\/bycon-continuous-bag-stofzak-4x25m\/","url":"https:\/\/kem-europe.eu\/product\/bycon-continuous-bag-stofzak-4x25m\/","name":"BYCON Endlossack 4\u00d725 m | 70 % ohne Kunststoff - KEM Europe","isPartOf":{"@id":"https:\/\/kem-europe.eu\/#website"},"primaryImageOfPage":{"@id":"https:\/\/kem-europe.eu\/product\/bycon-continuous-bag-stofzak-4x25m\/#primaryimage"},"image":{"@id":"https:\/\/kem-europe.eu\/product\/bycon-continuous-bag-stofzak-4x25m\/#primaryimage"},"thumbnailUrl":"https:\/\/kem-europe.eu\/wp-content\/uploads\/2025\/07\/Continuous-bag.webp","datePublished":"2025-07-02T11:55:55+00:00","dateModified":"2025-07-02T11:56:14+00:00","description":"Strapazierf\u00e4higer 3-lagiger PE-Staubbeutel (4\u00d725 m) f\u00fcr IVC-1000\/2000. Hygienischer, ber\u00fchrungsloser Wechsel, 70 % weniger Kunststoff und \u2153 CO\u2082-Emissionen.","breadcrumb":{"@id":"https:\/\/kem-europe.eu\/product\/bycon-continuous-bag-stofzak-4x25m\/#breadcrumb"},"inLanguage":"de","potentialAction":[{"@type":"ReadAction","target":["https:\/\/kem-europe.eu\/product\/bycon-continuous-bag-stofzak-4x25m\/"]}]},{"@type":"ImageObject","inLanguage":"de","@id":"https:\/\/kem-europe.eu\/product\/bycon-continuous-bag-stofzak-4x25m\/#primaryimage","url":"https:\/\/kem-europe.eu\/wp-content\/uploads\/2025\/07\/Continuous-bag.webp","contentUrl":"https:\/\/kem-europe.eu\/wp-content\/uploads\/2025\/07\/Continuous-bag.webp","width":700,"height":700,"caption":"BYCON Continuous Bag \u2013 3-laags PE Stofzak (4 \u00d7 25 m)"},{"@type":"BreadcrumbList","@id":"https:\/\/kem-europe.eu\/product\/bycon-continuous-bag-stofzak-4x25m\/#breadcrumb","itemListElement":[{"@type":"ListItem","position":1,"name":"Home","item":"https:\/\/kem-europe.eu\/"},{"@type":"ListItem","position":2,"name":"Winkel","item":"https:\/\/kem-europe.eu\/winkel\/"},{"@type":"ListItem","position":3,"name":"BYCON Continuous Bag \u2013 3-laags PE Stofzak (4 \u00d7 25 m)"}]},{"@type":"WebSite","@id":"https:\/\/kem-europe.eu\/#website","url":"https:\/\/kem-europe.eu\/","name":"KEM Europe","description":"","publisher":{"@id":"https:\/\/kem-europe.eu\/#organization"},"potentialAction":[{"@type":"SearchAction","target":{"@type":"EntryPoint","urlTemplate":"https:\/\/kem-europe.eu\/?s={search_term_string}"},"query-input":{"@type":"PropertyValueSpecification","valueRequired":true,"valueName":"search_term_string"}}],"inLanguage":"de"},{"@type":"Organization","@id":"https:\/\/kem-europe.eu\/#organization","name":"KEM Europe","url":"https:\/\/kem-europe.eu\/","logo":{"@type":"ImageObject","inLanguage":"de","@id":"https:\/\/kem-europe.eu\/#\/schema\/logo\/image\/","url":"https:\/\/kem-europe.eu\/wp-content\/uploads\/2025\/02\/KEM2019-BLACK-1500W.png","contentUrl":"https:\/\/kem-europe.eu\/wp-content\/uploads\/2025\/02\/KEM2019-BLACK-1500W.png","width":1500,"height":626,"caption":"KEM Europe"},"image":{"@id":"https:\/\/kem-europe.eu\/#\/schema\/logo\/image\/"}}]}},"_links":{"self":[{"href":"https:\/\/kem-europe.eu\/de\/wp-json\/wp\/v2\/product\/7671","targetHints":{"allow":["GET"]}}],"collection":[{"href":"https:\/\/kem-europe.eu\/de\/wp-json\/wp\/v2\/product"}],"about":[{"href":"https:\/\/kem-europe.eu\/de\/wp-json\/wp\/v2\/types\/product"}],"replies":[{"embeddable":true,"href":"https:\/\/kem-europe.eu\/de\/wp-json\/wp\/v2\/comments?post=7671"}],"wp:featuredmedia":[{"embeddable":true,"href":"https:\/\/kem-europe.eu\/de\/wp-json\/wp\/v2\/media\/7675"}],"wp:attachment":[{"href":"https:\/\/kem-europe.eu\/de\/wp-json\/wp\/v2\/media?parent=7671"}],"wp:term":[{"taxonomy":"product_brand","embeddable":true,"href":"https:\/\/kem-europe.eu\/de\/wp-json\/wp\/v2\/product_brand?post=7671"},{"taxonomy":"product_cat","embeddable":true,"href":"https:\/\/kem-europe.eu\/de\/wp-json\/wp\/v2\/product_cat?post=7671"},{"taxonomy":"product_tag","embeddable":true,"href":"https:\/\/kem-europe.eu\/de\/wp-json\/wp\/v2\/product_tag?post=7671"}],"curies":[{"name":"wp","href":"https:\/\/api.w.org\/{rel}","templated":true}]}}