{"id":7699,"date":"2025-07-02T12:44:35","date_gmt":"2025-07-02T12:44:35","guid":{"rendered":"https:\/\/kem-europe.eu\/?post_type=product&#038;p=7699"},"modified":"2025-07-02T12:44:35","modified_gmt":"2025-07-02T12:44:35","slug":"bycon-pkd-diamant-schleifscheibe-180mm","status":"publish","type":"product","link":"https:\/\/kem-europe.eu\/de\/product\/bycon-pkd-diamant-slijpschijf-180mm\/","title":{"rendered":"BYCON PKD - Diamantschleifscheibe 180 mm, 6 Segmente (40\u00d710\u00d710mm)"},"content":{"rendered":"<h2 data-start=\"995\" data-end=\"1054\">BYCON PKD - Diamantschleifscheibe 180 mm (6 Segmente PKD)<\/h2>\n<p data-start=\"1078\" data-end=\"1515\">Die PKD-Scheibe kombiniert einen Stahlkern mit hochwertigem polykristallinem Diamant f\u00fcr extreme Langlebigkeit und h\u00f6chste Geschwindigkeit beim Abtragen harter Oberfl\u00e4chenschichten. Die einzigartige Segmentgeometrie verhindert Spr\u00fcnge und Vibrationen, w\u00e4hrend die strategische Platzierung einen gleichm\u00e4\u00dfigen Verschlei\u00df und eine lang anhaltende Leistung gew\u00e4hrleistet. Diese Scheibe eignet sich hervorragend f\u00fcr den Trocken- und Nasseinsatz, ganz gleich, ob Sie alte Estriche, Mastix oder dickschichtige Beschichtungen abtragen m\u00f6chten.<\/p>\n<hr data-start=\"1517\" data-end=\"1520\" \/>\n<p data-start=\"1522\" data-end=\"1547\"><strong>Hauptmerkmale<\/strong><\/p>\n<ul>\n<li data-start=\"1550\" data-end=\"1578\"><strong data-start=\"1550\" data-end=\"1569\">Durchmesser der Scheibe:<\/strong> 180 mm<\/li>\n<li data-start=\"1550\" data-end=\"1578\"><strong data-start=\"1581\" data-end=\"1597\">Segmenttyp:<\/strong> PKD (polykristalliner Diamant)<\/li>\n<li data-start=\"1550\" data-end=\"1578\"><strong data-start=\"1633\" data-end=\"1653\">Gr\u00f6\u00dfe des Segments:<\/strong> 40 \u00d7 10 \u00d7 10 mm<\/li>\n<li data-start=\"1550\" data-end=\"1578\"><strong data-start=\"1674\" data-end=\"1695\">Anzahl der Segmente:<\/strong> 6<\/li>\n<li data-start=\"1550\" data-end=\"1578\"><strong data-start=\"1702\" data-end=\"1711\">Anleihe:<\/strong> Hartstahltr\u00e4ger mit geschwei\u00dften PKD-Bl\u00f6cken<\/li>\n<\/ul>\n<hr data-start=\"1758\" data-end=\"1761\" \/>\n<p data-start=\"1763\" data-end=\"1782\"><strong>Spezifikationen<\/strong><\/p>\n<ul>\n<li data-start=\"1785\" data-end=\"1855\"><strong data-start=\"1785\" data-end=\"1800\">Anwendung:<\/strong> Entfernung von Epoxidharz, Farbe, Klebstoffen und Beschichtungen auf Beton<\/li>\n<li data-start=\"1785\" data-end=\"1855\"><strong data-start=\"1858\" data-end=\"1878\">Kompatibilit\u00e4t:<\/strong> BYCON DFG-480 und andere Schleifmaschinen mit dem gleichen Aufnahmemuster<\/li>\n<li data-start=\"1785\" data-end=\"1855\"><strong data-start=\"1945\" data-end=\"1957\">Verwendung:<\/strong> trocken oder nass<\/li>\n<li data-start=\"1785\" data-end=\"1855\"><strong data-start=\"1975\" data-end=\"2000\">Empfohlene Geschwindigkeit:<\/strong> mittelhohe Drehzahl f\u00fcr optimale Aufwicklung<\/li>\n<li data-start=\"1785\" data-end=\"1855\"><strong data-start=\"2042\" data-end=\"2056\">Wartung:<\/strong> Blasen Sie die Scheibe nach jeder Arbeit sauber, um die Lebensdauer zu verl\u00e4ngern<\/li>\n<\/ul>\n<hr data-start=\"2123\" data-end=\"2126\" \/>\n<p data-start=\"2128\" data-end=\"2149\"><strong>Umfang der Lieferung<\/strong><\/p>\n<ul data-start=\"2150\" data-end=\"2252\">\n<li data-start=\"2150\" data-end=\"2207\">\n<p data-start=\"2152\" data-end=\"2207\">1 \u00d7 BYCON PKD Diamantscheibe 180 mm, 6 Segmente (PCD)<\/p>\n<\/li>\n<\/ul>","protected":false},"excerpt":{"rendered":"<p data-start=\"391\" data-end=\"988\">Die BYCON PKD-Scheibe ist die erste Wahl, wenn es darum geht, dicke Epoxid-, Farb- und Klebstoffschichten auf Beton schnell abzuschaben. Sechs robuste polykristalline Diamantsegmente (40 \u00d7 10 \u00d7 10 mm) liefern einen aggressiven Schnitt ohne Verglasung, so dass Sie weniger Durchg\u00e4nge ben\u00f6tigen und Zeit sparen. Das offene Segmentmuster sorgt f\u00fcr eine effiziente Ableitung von Materialresten und h\u00e4lt die Scheibe k\u00fchl. Dank des intuitiven Befestigungssystems l\u00e4sst sich die Scheibe in Sekundenschnelle auf BYCON-Schleifmaschinen wie der DFG-480 montieren. Ideal f\u00fcr Bauunternehmer, die bei Bodenrenovierungen maximale Produktivit\u00e4t anstreben.<\/p>","protected":false},"featured_media":7700,"comment_status":"open","ping_status":"closed","template":"","meta":[],"product_brand":[627],"product_cat":[21,275,20],"product_tag":[],"class_list":{"0":"post-7699","1":"product","2":"type-product","3":"status-publish","4":"has-post-thumbnail","6":"product_brand-bycon","7":"product_cat-diamant","8":"product_cat-diamant-komschijf","9":"product_cat-verbruiksartikelen-diamant","11":"first","12":"instock","13":"shipping-taxable","14":"product-type-simple"},"ct_brands":[{"id":627,"name":"BYCON","slug":"bycon"}],"yoast_head":"<!-- This site is optimized with the Yoast SEO plugin v27.3 - https:\/\/yoast.com\/product\/yoast-seo-wordpress\/ -->\n<title>BYCON PKD Slijpschijf 180 mm | PCD coating-removal - KEM Europe<\/title>\n<meta name=\"description\" content=\"PKD-slijpschijf 180 mm met 6 \u00d7 40 \u00d7 10 \u00d7 10 mm segmenten. Verwijdert snel coatings, verf en lijm; past op BYCON DFG-480 vloerslijper.\" \/>\n<meta name=\"robots\" content=\"index, follow, max-snippet:-1, max-image-preview:large, max-video-preview:-1\" \/>\n<link rel=\"canonical\" href=\"https:\/\/kem-europe.eu\/de\/produkt\/bycon-pkd-diamant-schleifscheibe-180mm\/\" \/>\n<meta property=\"og:locale\" content=\"de_DE\" \/>\n<meta property=\"og:type\" content=\"article\" \/>\n<meta property=\"og:title\" content=\"BYCON PKD Slijpschijf 180 mm | PCD coating-removal - KEM Europe\" \/>\n<meta property=\"og:description\" content=\"PKD-slijpschijf 180 mm met 6 \u00d7 40 \u00d7 10 \u00d7 10 mm segmenten. Verwijdert snel coatings, verf en lijm; past op BYCON DFG-480 vloerslijper.\" \/>\n<meta property=\"og:url\" content=\"https:\/\/kem-europe.eu\/de\/produkt\/bycon-pkd-diamant-schleifscheibe-180mm\/\" \/>\n<meta property=\"og:site_name\" content=\"KEM Europe\" \/>\n<meta property=\"og:image\" content=\"https:\/\/kem-europe.eu\/wp-content\/uploads\/2025\/07\/PKD.webp\" \/>\n\t<meta property=\"og:image:width\" content=\"700\" \/>\n\t<meta property=\"og:image:height\" content=\"700\" \/>\n\t<meta property=\"og:image:type\" content=\"image\/webp\" \/>\n<meta name=\"twitter:card\" content=\"summary_large_image\" \/>\n<meta name=\"twitter:label1\" content=\"Gesch\u00e4tzte Lesezeit\" \/>\n\t<meta name=\"twitter:data1\" content=\"1\u00a0Minute\" \/>\n<script type=\"application\/ld+json\" class=\"yoast-schema-graph\">{\"@context\":\"https:\\\/\\\/schema.org\",\"@graph\":[{\"@type\":\"WebPage\",\"@id\":\"https:\\\/\\\/kem-europe.eu\\\/product\\\/bycon-pkd-diamant-slijpschijf-180mm\\\/\",\"url\":\"https:\\\/\\\/kem-europe.eu\\\/product\\\/bycon-pkd-diamant-slijpschijf-180mm\\\/\",\"name\":\"BYCON PKD Slijpschijf 180 mm | PCD coating-removal - KEM Europe\",\"isPartOf\":{\"@id\":\"https:\\\/\\\/kem-europe.eu\\\/#website\"},\"primaryImageOfPage\":{\"@id\":\"https:\\\/\\\/kem-europe.eu\\\/product\\\/bycon-pkd-diamant-slijpschijf-180mm\\\/#primaryimage\"},\"image\":{\"@id\":\"https:\\\/\\\/kem-europe.eu\\\/product\\\/bycon-pkd-diamant-slijpschijf-180mm\\\/#primaryimage\"},\"thumbnailUrl\":\"https:\\\/\\\/kem-europe.eu\\\/wp-content\\\/uploads\\\/2025\\\/07\\\/PKD.webp\",\"datePublished\":\"2025-07-02T12:44:35+00:00\",\"description\":\"PKD-slijpschijf 180 mm met 6 \u00d7 40 \u00d7 10 \u00d7 10 mm segmenten. Verwijdert snel coatings, verf en lijm; past op BYCON DFG-480 vloerslijper.\",\"breadcrumb\":{\"@id\":\"https:\\\/\\\/kem-europe.eu\\\/product\\\/bycon-pkd-diamant-slijpschijf-180mm\\\/#breadcrumb\"},\"inLanguage\":\"de\",\"potentialAction\":[{\"@type\":\"ReadAction\",\"target\":[\"https:\\\/\\\/kem-europe.eu\\\/product\\\/bycon-pkd-diamant-slijpschijf-180mm\\\/\"]}]},{\"@type\":\"ImageObject\",\"inLanguage\":\"de\",\"@id\":\"https:\\\/\\\/kem-europe.eu\\\/product\\\/bycon-pkd-diamant-slijpschijf-180mm\\\/#primaryimage\",\"url\":\"https:\\\/\\\/kem-europe.eu\\\/wp-content\\\/uploads\\\/2025\\\/07\\\/PKD.webp\",\"contentUrl\":\"https:\\\/\\\/kem-europe.eu\\\/wp-content\\\/uploads\\\/2025\\\/07\\\/PKD.webp\",\"width\":700,\"height\":700,\"caption\":\"BYCON PKD \u2013 Diamant Slijpschijf 180 mm, 6 Segmenten (40\u00d710\u00d710mm)\"},{\"@type\":\"BreadcrumbList\",\"@id\":\"https:\\\/\\\/kem-europe.eu\\\/product\\\/bycon-pkd-diamant-slijpschijf-180mm\\\/#breadcrumb\",\"itemListElement\":[{\"@type\":\"ListItem\",\"position\":1,\"name\":\"Home\",\"item\":\"https:\\\/\\\/kem-europe.eu\\\/\"},{\"@type\":\"ListItem\",\"position\":2,\"name\":\"Winkel\",\"item\":\"https:\\\/\\\/kem-europe.eu\\\/winkel\\\/\"},{\"@type\":\"ListItem\",\"position\":3,\"name\":\"BYCON PKD \u2013 Diamant Slijpschijf 180 mm, 6 Segmenten (40\u00d710\u00d710mm)\"}]},{\"@type\":\"WebSite\",\"@id\":\"https:\\\/\\\/kem-europe.eu\\\/#website\",\"url\":\"https:\\\/\\\/kem-europe.eu\\\/\",\"name\":\"KEM Europe\",\"description\":\"\",\"publisher\":{\"@id\":\"https:\\\/\\\/kem-europe.eu\\\/#organization\"},\"potentialAction\":[{\"@type\":\"SearchAction\",\"target\":{\"@type\":\"EntryPoint\",\"urlTemplate\":\"https:\\\/\\\/kem-europe.eu\\\/?s={search_term_string}\"},\"query-input\":{\"@type\":\"PropertyValueSpecification\",\"valueRequired\":true,\"valueName\":\"search_term_string\"}}],\"inLanguage\":\"de\"},{\"@type\":\"Organization\",\"@id\":\"https:\\\/\\\/kem-europe.eu\\\/#organization\",\"name\":\"KEM Europe\",\"url\":\"https:\\\/\\\/kem-europe.eu\\\/\",\"logo\":{\"@type\":\"ImageObject\",\"inLanguage\":\"de\",\"@id\":\"https:\\\/\\\/kem-europe.eu\\\/#\\\/schema\\\/logo\\\/image\\\/\",\"url\":\"https:\\\/\\\/kem-europe.eu\\\/wp-content\\\/uploads\\\/2025\\\/02\\\/KEM2019-BLACK-1500W.png\",\"contentUrl\":\"https:\\\/\\\/kem-europe.eu\\\/wp-content\\\/uploads\\\/2025\\\/02\\\/KEM2019-BLACK-1500W.png\",\"width\":1500,\"height\":626,\"caption\":\"KEM Europe\"},\"image\":{\"@id\":\"https:\\\/\\\/kem-europe.eu\\\/#\\\/schema\\\/logo\\\/image\\\/\"}}]}<\/script>\n<!-- \/ Yoast SEO plugin. -->","yoast_head_json":{"title":"BYCON PKD Schleifscheibe 180 mm | PKD-Belagabtrag - KEM Europe","description":"PKD-Schleifscheibe 180 mm mit 6 \u00d7 40 \u00d7 10 \u00d7 10 mm Segmenten. Entfernt schnell Beschichtungen, Farbe und Kleber; passend f\u00fcr BYCON DFG-480 Bodenschleifmaschine.","robots":{"index":"index","follow":"follow","max-snippet":"max-snippet:-1","max-image-preview":"max-image-preview:large","max-video-preview":"max-video-preview:-1"},"canonical":"https:\/\/kem-europe.eu\/de\/produkt\/bycon-pkd-diamant-schleifscheibe-180mm\/","og_locale":"de_DE","og_type":"article","og_title":"BYCON PKD Slijpschijf 180 mm | PCD coating-removal - KEM Europe","og_description":"PKD-slijpschijf 180 mm met 6 \u00d7 40 \u00d7 10 \u00d7 10 mm segmenten. Verwijdert snel coatings, verf en lijm; past op BYCON DFG-480 vloerslijper.","og_url":"https:\/\/kem-europe.eu\/de\/produkt\/bycon-pkd-diamant-schleifscheibe-180mm\/","og_site_name":"KEM Europe","og_image":[{"width":700,"height":700,"url":"https:\/\/kem-europe.eu\/wp-content\/uploads\/2025\/07\/PKD.webp","type":"image\/webp"}],"twitter_card":"summary_large_image","twitter_misc":{"Gesch\u00e4tzte Lesezeit":"1\u00a0Minute"},"schema":{"@context":"https:\/\/schema.org","@graph":[{"@type":"WebPage","@id":"https:\/\/kem-europe.eu\/product\/bycon-pkd-diamant-slijpschijf-180mm\/","url":"https:\/\/kem-europe.eu\/product\/bycon-pkd-diamant-slijpschijf-180mm\/","name":"BYCON PKD Schleifscheibe 180 mm | PKD-Belagabtrag - KEM Europe","isPartOf":{"@id":"https:\/\/kem-europe.eu\/#website"},"primaryImageOfPage":{"@id":"https:\/\/kem-europe.eu\/product\/bycon-pkd-diamant-slijpschijf-180mm\/#primaryimage"},"image":{"@id":"https:\/\/kem-europe.eu\/product\/bycon-pkd-diamant-slijpschijf-180mm\/#primaryimage"},"thumbnailUrl":"https:\/\/kem-europe.eu\/wp-content\/uploads\/2025\/07\/PKD.webp","datePublished":"2025-07-02T12:44:35+00:00","description":"PKD-Schleifscheibe 180 mm mit 6 \u00d7 40 \u00d7 10 \u00d7 10 mm Segmenten. Entfernt schnell Beschichtungen, Farbe und Kleber; passend f\u00fcr BYCON DFG-480 Bodenschleifmaschine.","breadcrumb":{"@id":"https:\/\/kem-europe.eu\/product\/bycon-pkd-diamant-slijpschijf-180mm\/#breadcrumb"},"inLanguage":"de","potentialAction":[{"@type":"ReadAction","target":["https:\/\/kem-europe.eu\/product\/bycon-pkd-diamant-slijpschijf-180mm\/"]}]},{"@type":"ImageObject","inLanguage":"de","@id":"https:\/\/kem-europe.eu\/product\/bycon-pkd-diamant-slijpschijf-180mm\/#primaryimage","url":"https:\/\/kem-europe.eu\/wp-content\/uploads\/2025\/07\/PKD.webp","contentUrl":"https:\/\/kem-europe.eu\/wp-content\/uploads\/2025\/07\/PKD.webp","width":700,"height":700,"caption":"BYCON PKD \u2013 Diamant Slijpschijf 180 mm, 6 Segmenten (40\u00d710\u00d710mm)"},{"@type":"BreadcrumbList","@id":"https:\/\/kem-europe.eu\/product\/bycon-pkd-diamant-slijpschijf-180mm\/#breadcrumb","itemListElement":[{"@type":"ListItem","position":1,"name":"Home","item":"https:\/\/kem-europe.eu\/"},{"@type":"ListItem","position":2,"name":"Winkel","item":"https:\/\/kem-europe.eu\/winkel\/"},{"@type":"ListItem","position":3,"name":"BYCON PKD \u2013 Diamant Slijpschijf 180 mm, 6 Segmenten (40\u00d710\u00d710mm)"}]},{"@type":"WebSite","@id":"https:\/\/kem-europe.eu\/#website","url":"https:\/\/kem-europe.eu\/","name":"KEM Europe","description":"","publisher":{"@id":"https:\/\/kem-europe.eu\/#organization"},"potentialAction":[{"@type":"SearchAction","target":{"@type":"EntryPoint","urlTemplate":"https:\/\/kem-europe.eu\/?s={search_term_string}"},"query-input":{"@type":"PropertyValueSpecification","valueRequired":true,"valueName":"search_term_string"}}],"inLanguage":"de"},{"@type":"Organization","@id":"https:\/\/kem-europe.eu\/#organization","name":"KEM Europe","url":"https:\/\/kem-europe.eu\/","logo":{"@type":"ImageObject","inLanguage":"de","@id":"https:\/\/kem-europe.eu\/#\/schema\/logo\/image\/","url":"https:\/\/kem-europe.eu\/wp-content\/uploads\/2025\/02\/KEM2019-BLACK-1500W.png","contentUrl":"https:\/\/kem-europe.eu\/wp-content\/uploads\/2025\/02\/KEM2019-BLACK-1500W.png","width":1500,"height":626,"caption":"KEM Europe"},"image":{"@id":"https:\/\/kem-europe.eu\/#\/schema\/logo\/image\/"}}]}},"_links":{"self":[{"href":"https:\/\/kem-europe.eu\/de\/wp-json\/wp\/v2\/product\/7699","targetHints":{"allow":["GET"]}}],"collection":[{"href":"https:\/\/kem-europe.eu\/de\/wp-json\/wp\/v2\/product"}],"about":[{"href":"https:\/\/kem-europe.eu\/de\/wp-json\/wp\/v2\/types\/product"}],"replies":[{"embeddable":true,"href":"https:\/\/kem-europe.eu\/de\/wp-json\/wp\/v2\/comments?post=7699"}],"wp:featuredmedia":[{"embeddable":true,"href":"https:\/\/kem-europe.eu\/de\/wp-json\/wp\/v2\/media\/7700"}],"wp:attachment":[{"href":"https:\/\/kem-europe.eu\/de\/wp-json\/wp\/v2\/media?parent=7699"}],"wp:term":[{"taxonomy":"product_brand","embeddable":true,"href":"https:\/\/kem-europe.eu\/de\/wp-json\/wp\/v2\/product_brand?post=7699"},{"taxonomy":"product_cat","embeddable":true,"href":"https:\/\/kem-europe.eu\/de\/wp-json\/wp\/v2\/product_cat?post=7699"},{"taxonomy":"product_tag","embeddable":true,"href":"https:\/\/kem-europe.eu\/de\/wp-json\/wp\/v2\/product_tag?post=7699"}],"curies":[{"name":"wp","href":"https:\/\/api.w.org\/{rel}","templated":true}]}}