{"id":7705,"date":"2025-07-02T12:51:50","date_gmt":"2025-07-02T12:51:50","guid":{"rendered":"https:\/\/kem-europe.eu\/?post_type=product&#038;p=7705"},"modified":"2025-07-02T12:51:50","modified_gmt":"2025-07-02T12:51:50","slug":"bycon-diamantschleifkopfe-verschiedene-anwendungen","status":"publish","type":"product","link":"https:\/\/kem-europe.eu\/de\/product\/bycon-diamant-slijpkoppen-verschillende-toepassingen\/","title":{"rendered":"BYCON Diamant-Schleifscheiben - Beton &amp; Stein (\u00d8105-180 mm)"},"content":{"rendered":"<h2 data-start=\"1039\" data-end=\"1101\">BYCON Diamant-Schleifscheiben - Beton &amp; Stein (\u00d8105-180 mm)<\/h2>\n<p data-start=\"1125\" data-end=\"1743\">Ob Sie einen Boden f\u00fcr das Polieren vorbereiten, alte Kleber- oder Farbschichten entfernen oder Fliesen schleifen wollen; BYCON hat f\u00fcr jede Aufgabe den richtigen Schleifkopf. Die Segmente sind lasergeschwei\u00dft auf einem Stahlk\u00f6rper und enthalten eine hohe Diamantkonzentration f\u00fcr aggressives Schneiden und lange Standzeiten. Dank der Variation der Segmenttypen (Row, Arrow, Swirl, Turbo, PCD) und der Bindungsh\u00e4rte k\u00f6nnen Sie den Schleifkopf an die H\u00e4rte des Materials und die gew\u00fcnschte Abtragsgeschwindigkeit anpassen. Die K\u00f6pfe sind in den Durchmessern 105, 115, 125, 150 und 180 mm erh\u00e4ltlich und k\u00f6nnen mit einem Klick auf allen g\u00e4ngigen 22,23 mm Winkelschleifern oder Bodenschleifern montiert werden.<\/p>\n<hr data-start=\"1745\" data-end=\"1748\" \/>\n<p data-start=\"1750\" data-end=\"1775\"><strong>Hauptmerkmale<\/strong><\/p>\n<ul>\n<li data-start=\"1778\" data-end=\"1839\"><strong data-start=\"1778\" data-end=\"1805\">Verf\u00fcgbare Durchmesser:<\/strong> \u00d8105 \/ 115 \/ 125 \/ 150 \/ 180 mm<\/li>\n<li data-start=\"1778\" data-end=\"1839\"><strong data-start=\"1842\" data-end=\"1861\">Segment-Optionen:<\/strong> einreihig, zweireihig, Turbo, Pfeil, Wirbel, Turbosegment, PCD<\/li>\n<li data-start=\"1778\" data-end=\"1839\"><strong data-start=\"1930\" data-end=\"1951\">Geeignete Verwendung:<\/strong> Nass- und Trockenschleifen, Entfernen von Beschichtungen und Klebstoffen<\/li>\n<li data-start=\"1778\" data-end=\"1839\"><strong data-start=\"2005\" data-end=\"2019\">Material:<\/strong> Stahlk\u00f6rper mit Diamant- oder PKD-Segmenten<\/li>\n<li data-start=\"1778\" data-end=\"1839\"><strong data-start=\"2066\" data-end=\"2080\">Aufnahmeloch:<\/strong> 22,23 mm - f\u00fcr Standard-Schleifmaschinen (Bodenschleifer)<\/li>\n<\/ul>\n<hr data-start=\"2129\" data-end=\"2132\" \/>\n<p data-start=\"2134\" data-end=\"2153\"><strong>Spezifikationen<\/strong><\/p>\n<ul>\n<li data-start=\"2156\" data-end=\"2215\"><strong data-start=\"2156\" data-end=\"2174\">H\u00f6he des Segments:<\/strong> 5-8 mm (Reihe\/Turbo) - PKD-Spitze 4 mm lang<\/li>\n<li data-start=\"2156\" data-end=\"2215\"><strong data-start=\"2218\" data-end=\"2246\">Segmentbreite\/-dicke:<\/strong> siehe technische \u00dcbersicht<\/li>\n<li data-start=\"2156\" data-end=\"2215\"><strong data-start=\"2275\" data-end=\"2284\">Anleihe:<\/strong> abgestimmt auf Beton und Stein (weich bis mittelhart)<\/li>\n<li data-start=\"2156\" data-end=\"2215\"><strong data-start=\"2339\" data-end=\"2364\">Empfohlene Geschwindigkeit:<\/strong> 6 000-8 500 U\/min (je nach Durchmesser)<\/li>\n<li data-start=\"2156\" data-end=\"2215\"><strong data-start=\"2405\" data-end=\"2433\">Maschinenkompatibilit\u00e4t:<\/strong> BYCON DFG-480 und andere Schleifmaschinen mit 22,23 mm Flansch<\/li>\n<\/ul>\n<hr data-start=\"2489\" data-end=\"2492\" \/>\n<p data-start=\"2494\" data-end=\"2516\"><strong>Technische Tabelle<\/strong><\/p>\n<div class=\"_tableContainer_80l1q_1\">\n<div class=\"_tableWrapper_80l1q_14 group flex w-fit flex-col-reverse\" tabindex=\"-1\">\n<table class=\"w-fit min-w-(--thread-content-width)\" data-start=\"2518\" data-end=\"3438\">\n<thead data-start=\"2518\" data-end=\"2597\">\n<tr data-start=\"2518\" data-end=\"2597\">\n<th data-start=\"2518\" data-end=\"2528\" data-col-size=\"sm\">Artikel Nr.<\/th>\n<th data-start=\"2528\" data-end=\"2537\" data-col-size=\"sm\">\u00d8 (mm)<\/th>\n<th data-start=\"2537\" data-end=\"2551\" data-col-size=\"sm\">Segment Typ<\/th>\n<th data-start=\"2551\" data-end=\"2571\" data-col-size=\"sm\">Segmentgr\u00f6\u00dfe (mm)<\/th>\n<th data-start=\"2571\" data-end=\"2582\" data-col-size=\"sm\"># Verzahnung<\/th>\n<th data-start=\"2582\" data-end=\"2597\" data-col-size=\"sm\">Aufwicklung (mm)<\/th>\n<\/tr>\n<\/thead>\n<tbody data-start=\"2678\" data-end=\"3438\">\n<tr data-start=\"2678\" data-end=\"2726\">\n<td data-start=\"2678\" data-end=\"2688\" data-col-size=\"sm\">3041180<\/td>\n<td data-col-size=\"sm\" data-start=\"2688\" data-end=\"2694\">180<\/td>\n<td data-col-size=\"sm\" data-start=\"2694\" data-end=\"2707\">Einreihig<\/td>\n<td data-col-size=\"sm\" data-start=\"2707\" data-end=\"2713\">H 8<\/td>\n<td data-col-size=\"sm\" data-start=\"2713\" data-end=\"2717\">3<\/td>\n<td data-col-size=\"sm\" data-start=\"2717\" data-end=\"2726\">22,23<\/td>\n<\/tr>\n<tr data-start=\"2727\" data-end=\"2775\">\n<td data-start=\"2727\" data-end=\"2737\" data-col-size=\"sm\">3042180<\/td>\n<td data-col-size=\"sm\" data-start=\"2737\" data-end=\"2743\">180<\/td>\n<td data-col-size=\"sm\" data-start=\"2743\" data-end=\"2756\">Doppelreihe<\/td>\n<td data-col-size=\"sm\" data-start=\"2756\" data-end=\"2762\">H 8<\/td>\n<td data-col-size=\"sm\" data-start=\"2762\" data-end=\"2766\">6<\/td>\n<td data-col-size=\"sm\" data-start=\"2766\" data-end=\"2775\">22,23<\/td>\n<\/tr>\n<tr data-start=\"2776\" data-end=\"2823\">\n<td data-start=\"2776\" data-end=\"2786\" data-col-size=\"sm\">3043180<\/td>\n<td data-col-size=\"sm\" data-start=\"2786\" data-end=\"2792\">180<\/td>\n<td data-col-size=\"sm\" data-start=\"2792\" data-end=\"2804\">Turbo-Reihe<\/td>\n<td data-col-size=\"sm\" data-start=\"2804\" data-end=\"2810\">H 5<\/td>\n<td data-col-size=\"sm\" data-start=\"2810\" data-end=\"2814\">9<\/td>\n<td data-col-size=\"sm\" data-start=\"2814\" data-end=\"2823\">22,23<\/td>\n<\/tr>\n<tr data-start=\"2824\" data-end=\"2874\">\n<td data-start=\"2824\" data-end=\"2834\" data-col-size=\"sm\">3031125<\/td>\n<td data-col-size=\"sm\" data-start=\"2834\" data-end=\"2840\">125<\/td>\n<td data-col-size=\"sm\" data-start=\"2840\" data-end=\"2848\">Pfeil<\/td>\n<td data-col-size=\"sm\" data-start=\"2848\" data-end=\"2861\">T 6 \u00d7 B 20<\/td>\n<td data-col-size=\"sm\" data-start=\"2861\" data-end=\"2865\">3<\/td>\n<td data-col-size=\"sm\" data-start=\"2865\" data-end=\"2874\">22,23<\/td>\n<\/tr>\n<tr data-start=\"2875\" data-end=\"2925\">\n<td data-start=\"2875\" data-end=\"2885\" data-col-size=\"sm\">3031180<\/td>\n<td data-col-size=\"sm\" data-start=\"2885\" data-end=\"2891\">180<\/td>\n<td data-col-size=\"sm\" data-start=\"2891\" data-end=\"2899\">Pfeil<\/td>\n<td data-col-size=\"sm\" data-start=\"2899\" data-end=\"2912\">T 6 \u00d7 B 20<\/td>\n<td data-col-size=\"sm\" data-start=\"2912\" data-end=\"2916\">7<\/td>\n<td data-col-size=\"sm\" data-start=\"2916\" data-end=\"2925\">22,23<\/td>\n<\/tr>\n<tr data-start=\"2926\" data-end=\"2977\">\n<td data-start=\"2926\" data-end=\"2936\" data-col-size=\"sm\">3033125<\/td>\n<td data-start=\"2936\" data-end=\"2942\" data-col-size=\"sm\">125<\/td>\n<td data-col-size=\"sm\" data-start=\"2942\" data-end=\"2950\">Strudel<\/td>\n<td data-col-size=\"sm\" data-start=\"2950\" data-end=\"2963\">T 5 \u00d7 W 7<\/td>\n<td data-col-size=\"sm\" data-start=\"2963\" data-end=\"2968\">16<\/td>\n<td data-col-size=\"sm\" data-start=\"2968\" data-end=\"2977\">22,23<\/td>\n<\/tr>\n<tr data-start=\"2978\" data-end=\"3029\">\n<td data-start=\"2978\" data-end=\"2988\" data-col-size=\"sm\">3033180<\/td>\n<td data-col-size=\"sm\" data-start=\"2988\" data-end=\"2994\">180<\/td>\n<td data-col-size=\"sm\" data-start=\"2994\" data-end=\"3002\">Strudel<\/td>\n<td data-col-size=\"sm\" data-start=\"3002\" data-end=\"3015\">T 5 \u00d7 W 7<\/td>\n<td data-col-size=\"sm\" data-start=\"3015\" data-end=\"3020\">24<\/td>\n<td data-col-size=\"sm\" data-start=\"3020\" data-end=\"3029\">22,23<\/td>\n<\/tr>\n<tr data-start=\"3030\" data-end=\"3091\">\n<td data-start=\"3030\" data-end=\"3040\" data-col-size=\"sm\">3034125<\/td>\n<td data-col-size=\"sm\" data-start=\"3040\" data-end=\"3046\">125<\/td>\n<td data-col-size=\"sm\" data-start=\"3046\" data-end=\"3062\">Turbo-Segment<\/td>\n<td data-col-size=\"sm\" data-start=\"3062\" data-end=\"3077\">T 5 \u00d7 W 6\/12<\/td>\n<td data-col-size=\"sm\" data-start=\"3077\" data-end=\"3082\">14<\/td>\n<td data-col-size=\"sm\" data-start=\"3082\" data-end=\"3091\">22,23<\/td>\n<\/tr>\n<tr data-start=\"3092\" data-end=\"3153\">\n<td data-start=\"3092\" data-end=\"3102\" data-col-size=\"sm\">3034180<\/td>\n<td data-col-size=\"sm\" data-start=\"3102\" data-end=\"3108\">180<\/td>\n<td data-col-size=\"sm\" data-start=\"3108\" data-end=\"3124\">Turbo-Segment<\/td>\n<td data-col-size=\"sm\" data-start=\"3124\" data-end=\"3139\">T 5 \u00d7 W 6\/11<\/td>\n<td data-col-size=\"sm\" data-start=\"3139\" data-end=\"3144\">18<\/td>\n<td data-col-size=\"sm\" data-start=\"3144\" data-end=\"3153\">22,23<\/td>\n<\/tr>\n<tr data-start=\"3154\" data-end=\"3210\">\n<td data-start=\"3154\" data-end=\"3164\" data-col-size=\"sm\">3032105<\/td>\n<td data-col-size=\"sm\" data-start=\"3164\" data-end=\"3170\">105<\/td>\n<td data-col-size=\"sm\" data-start=\"3170\" data-end=\"3176\">PCD<\/td>\n<td data-col-size=\"sm\" data-start=\"3176\" data-end=\"3196\">T 1,5 \u00d7 B 3 \u00d7 L 4<\/td>\n<td data-col-size=\"sm\" data-start=\"3196\" data-end=\"3201\">9<\/td>\n<td data-col-size=\"sm\" data-start=\"3201\" data-end=\"3210\">22,23<\/td>\n<\/tr>\n<tr data-start=\"3211\" data-end=\"3267\">\n<td data-start=\"3211\" data-end=\"3221\" data-col-size=\"sm\">3032115<\/td>\n<td data-col-size=\"sm\" data-start=\"3221\" data-end=\"3227\">115<\/td>\n<td data-col-size=\"sm\" data-start=\"3227\" data-end=\"3233\">PCD<\/td>\n<td data-col-size=\"sm\" data-start=\"3233\" data-end=\"3253\">T 1,5 \u00d7 B 3 \u00d7 L 4<\/td>\n<td data-col-size=\"sm\" data-start=\"3253\" data-end=\"3258\">9<\/td>\n<td data-col-size=\"sm\" data-start=\"3258\" data-end=\"3267\">22,23<\/td>\n<\/tr>\n<tr data-start=\"3268\" data-end=\"3324\">\n<td data-start=\"3268\" data-end=\"3278\" data-col-size=\"sm\">3032125<\/td>\n<td data-col-size=\"sm\" data-start=\"3278\" data-end=\"3284\">125<\/td>\n<td data-col-size=\"sm\" data-start=\"3284\" data-end=\"3290\">PCD<\/td>\n<td data-col-size=\"sm\" data-start=\"3290\" data-end=\"3310\">T 1,5 \u00d7 B 3 \u00d7 L 4<\/td>\n<td data-col-size=\"sm\" data-start=\"3310\" data-end=\"3315\">9<\/td>\n<td data-col-size=\"sm\" data-start=\"3315\" data-end=\"3324\">22,23<\/td>\n<\/tr>\n<tr data-start=\"3325\" data-end=\"3381\">\n<td data-start=\"3325\" data-end=\"3335\" data-col-size=\"sm\">3032150<\/td>\n<td data-col-size=\"sm\" data-start=\"3335\" data-end=\"3341\">150<\/td>\n<td data-col-size=\"sm\" data-start=\"3341\" data-end=\"3347\">PCD<\/td>\n<td data-col-size=\"sm\" data-start=\"3347\" data-end=\"3367\">T 1,5 \u00d7 B 3 \u00d7 L 4<\/td>\n<td data-col-size=\"sm\" data-start=\"3367\" data-end=\"3372\">12<\/td>\n<td data-col-size=\"sm\" data-start=\"3372\" data-end=\"3381\">22,23<\/td>\n<\/tr>\n<tr data-start=\"3382\" data-end=\"3438\">\n<td data-start=\"3382\" data-end=\"3392\" data-col-size=\"sm\">3032180<\/td>\n<td data-col-size=\"sm\" data-start=\"3392\" data-end=\"3398\">180<\/td>\n<td data-col-size=\"sm\" data-start=\"3398\" data-end=\"3404\">PCD<\/td>\n<td data-col-size=\"sm\" data-start=\"3404\" data-end=\"3424\">T 1,5 \u00d7 B 3 \u00d7 L 4<\/td>\n<td data-col-size=\"sm\" data-start=\"3424\" data-end=\"3429\">12<\/td>\n<td data-col-size=\"sm\" data-start=\"3429\" data-end=\"3438\">22,23<\/td>\n<\/tr>\n<\/tbody>\n<\/table>\n<\/div>\n<\/div>\n<p data-start=\"3440\" data-end=\"3530\"><em data-start=\"3440\" data-end=\"3450\">Legende:<\/em> <strong data-start=\"3451\" data-end=\"3456\">T<\/strong> = Dicke, <strong data-start=\"3466\" data-end=\"3471\">W<\/strong> = Breite, <strong data-start=\"3483\" data-end=\"3488\">H<\/strong> = H\u00f6henabschnitt, <strong data-start=\"3507\" data-end=\"3512\">L<\/strong> = L\u00e4nge PCD-Spitze.<\/p>\n<hr data-start=\"3532\" data-end=\"3535\" \/>\n<p data-start=\"3537\" data-end=\"3558\"><strong>Umfang der Lieferung<\/strong><\/p>\n<ul>\n<li data-start=\"3561\" data-end=\"3610\">1 \u00d7 BYCON Diamantschleifkopf (ausgew\u00e4hltes Modell)<\/li>\n<li data-start=\"3561\" data-end=\"3610\">Vorgefertigte Aufnahme<\/li>\n<\/ul>","protected":false},"excerpt":{"rendered":"<p data-start=\"403\" data-end=\"1032\">BYCON Diamant-Schleifk\u00f6pfe sind f\u00fcr schnellen Materialabtrag und ein glattes Endergebnis auf Beton, Granit und Fliesen konzipiert. Dank der verschiedenen Segmentformen - von einreihigen bis hin zu aggressiven PKD-Bl\u00f6cken - w\u00e4hlen Sie immer den optimalen Kopf zum Schleifen, Nivellieren oder Entfernen von Beschichtungen. Die offene Segmentanordnung verhindert Verstopfungen und h\u00e4lt die Scheibe k\u00fchl, so dass Sie l\u00e4nger mit voller Geschwindigkeit arbeiten k\u00f6nnen. Alle K\u00f6pfe sind f\u00fcr den Nass- und Trockeneinsatz geeignet und passen auf Schleifmaschinen mit 22,23 mm Aufnahme, wie z.B. die BYCON DFG-480. Ideal f\u00fcr Bauunternehmer, die sowohl Flexibilit\u00e4t als auch Haltbarkeit verlangen.<\/p>","protected":false},"featured_media":7708,"comment_status":"open","ping_status":"closed","template":"","meta":[],"product_brand":[627],"product_cat":[21,275,20],"product_tag":[],"class_list":{"0":"post-7705","1":"product","2":"type-product","3":"status-publish","4":"has-post-thumbnail","6":"product_brand-bycon","7":"product_cat-diamant","8":"product_cat-diamant-komschijf","9":"product_cat-verbruiksartikelen-diamant","11":"first","12":"instock","13":"shipping-taxable","14":"product-type-simple"},"ct_brands":[{"id":627,"name":"BYCON","slug":"bycon"}],"yoast_head":"<!-- This site is optimized with the Yoast SEO plugin v27.4 - https:\/\/yoast.com\/product\/yoast-seo-wordpress\/ -->\n<title>BYCON Diamant Slijpkoppen \u00d8105-180 mm | Beton &amp; Coating\u00adverwijdering - KEM Europe<\/title>\n<meta name=\"description\" content=\"Laser-gelaste diamant slijpkoppen met single, double, turbo, arrow, swirl en PCD-segmenten. Snel slijpen of strippen, nat &amp; droog, \u00d8105-180 mm.\" \/>\n<meta name=\"robots\" content=\"index, follow, max-snippet:-1, max-image-preview:large, max-video-preview:-1\" \/>\n<link rel=\"canonical\" href=\"https:\/\/kem-europe.eu\/de\/produkt\/bycon-diamantschleifkopfe-verschiedene-anwendungen\/\" \/>\n<meta property=\"og:locale\" content=\"de_DE\" \/>\n<meta property=\"og:type\" content=\"article\" \/>\n<meta property=\"og:title\" content=\"BYCON Diamant Slijpkoppen \u00d8105-180 mm | Beton &amp; Coating\u00adverwijdering - KEM Europe\" \/>\n<meta property=\"og:description\" content=\"Laser-gelaste diamant slijpkoppen met single, double, turbo, arrow, swirl en PCD-segmenten. Snel slijpen of strippen, nat &amp; droog, \u00d8105-180 mm.\" \/>\n<meta property=\"og:url\" content=\"https:\/\/kem-europe.eu\/de\/produkt\/bycon-diamantschleifkopfe-verschiedene-anwendungen\/\" \/>\n<meta property=\"og:site_name\" content=\"KEM Europe\" \/>\n<meta property=\"og:image\" content=\"https:\/\/kem-europe.eu\/wp-content\/uploads\/2025\/07\/Diamond-Grinding-Wheels-Series.png\" \/>\n\t<meta property=\"og:image:width\" content=\"700\" \/>\n\t<meta property=\"og:image:height\" content=\"700\" \/>\n\t<meta property=\"og:image:type\" content=\"image\/png\" \/>\n<meta name=\"twitter:card\" content=\"summary_large_image\" \/>\n<meta name=\"twitter:label1\" content=\"Gesch\u00e4tzte Lesezeit\" \/>\n\t<meta name=\"twitter:data1\" content=\"3\u00a0Minuten\" \/>\n<script type=\"application\/ld+json\" class=\"yoast-schema-graph\">{\"@context\":\"https:\\\/\\\/schema.org\",\"@graph\":[{\"@type\":\"WebPage\",\"@id\":\"https:\\\/\\\/kem-europe.eu\\\/product\\\/bycon-diamant-slijpkoppen-verschillende-toepassingen\\\/\",\"url\":\"https:\\\/\\\/kem-europe.eu\\\/product\\\/bycon-diamant-slijpkoppen-verschillende-toepassingen\\\/\",\"name\":\"BYCON Diamant Slijpkoppen \u00d8105-180 mm | Beton & Coating\u00adverwijdering - KEM Europe\",\"isPartOf\":{\"@id\":\"https:\\\/\\\/kem-europe.eu\\\/#website\"},\"primaryImageOfPage\":{\"@id\":\"https:\\\/\\\/kem-europe.eu\\\/product\\\/bycon-diamant-slijpkoppen-verschillende-toepassingen\\\/#primaryimage\"},\"image\":{\"@id\":\"https:\\\/\\\/kem-europe.eu\\\/product\\\/bycon-diamant-slijpkoppen-verschillende-toepassingen\\\/#primaryimage\"},\"thumbnailUrl\":\"https:\\\/\\\/kem-europe.eu\\\/wp-content\\\/uploads\\\/2025\\\/07\\\/Diamond-Grinding-Wheels-Series.png\",\"datePublished\":\"2025-07-02T12:51:50+00:00\",\"description\":\"Laser-gelaste diamant slijpkoppen met single, double, turbo, arrow, swirl en PCD-segmenten. Snel slijpen of strippen, nat & droog, \u00d8105-180 mm.\",\"breadcrumb\":{\"@id\":\"https:\\\/\\\/kem-europe.eu\\\/product\\\/bycon-diamant-slijpkoppen-verschillende-toepassingen\\\/#breadcrumb\"},\"inLanguage\":\"de\",\"potentialAction\":[{\"@type\":\"ReadAction\",\"target\":[\"https:\\\/\\\/kem-europe.eu\\\/product\\\/bycon-diamant-slijpkoppen-verschillende-toepassingen\\\/\"]}]},{\"@type\":\"ImageObject\",\"inLanguage\":\"de\",\"@id\":\"https:\\\/\\\/kem-europe.eu\\\/product\\\/bycon-diamant-slijpkoppen-verschillende-toepassingen\\\/#primaryimage\",\"url\":\"https:\\\/\\\/kem-europe.eu\\\/wp-content\\\/uploads\\\/2025\\\/07\\\/Diamond-Grinding-Wheels-Series.png\",\"contentUrl\":\"https:\\\/\\\/kem-europe.eu\\\/wp-content\\\/uploads\\\/2025\\\/07\\\/Diamond-Grinding-Wheels-Series.png\",\"width\":700,\"height\":700,\"caption\":\"BYCON Diamond Grinding Wheels \u2013 Beton & Steen (\u00d8105\u2013180 mm)\"},{\"@type\":\"BreadcrumbList\",\"@id\":\"https:\\\/\\\/kem-europe.eu\\\/product\\\/bycon-diamant-slijpkoppen-verschillende-toepassingen\\\/#breadcrumb\",\"itemListElement\":[{\"@type\":\"ListItem\",\"position\":1,\"name\":\"Home\",\"item\":\"https:\\\/\\\/kem-europe.eu\\\/\"},{\"@type\":\"ListItem\",\"position\":2,\"name\":\"Winkel\",\"item\":\"https:\\\/\\\/kem-europe.eu\\\/winkel\\\/\"},{\"@type\":\"ListItem\",\"position\":3,\"name\":\"BYCON Diamond Grinding Wheels \u2013 Beton &#038; Steen (\u00d8105\u2013180 mm)\"}]},{\"@type\":\"WebSite\",\"@id\":\"https:\\\/\\\/kem-europe.eu\\\/#website\",\"url\":\"https:\\\/\\\/kem-europe.eu\\\/\",\"name\":\"KEM Europe\",\"description\":\"\",\"publisher\":{\"@id\":\"https:\\\/\\\/kem-europe.eu\\\/#organization\"},\"potentialAction\":[{\"@type\":\"SearchAction\",\"target\":{\"@type\":\"EntryPoint\",\"urlTemplate\":\"https:\\\/\\\/kem-europe.eu\\\/?s={search_term_string}\"},\"query-input\":{\"@type\":\"PropertyValueSpecification\",\"valueRequired\":true,\"valueName\":\"search_term_string\"}}],\"inLanguage\":\"de\"},{\"@type\":\"Organization\",\"@id\":\"https:\\\/\\\/kem-europe.eu\\\/#organization\",\"name\":\"KEM Europe\",\"url\":\"https:\\\/\\\/kem-europe.eu\\\/\",\"logo\":{\"@type\":\"ImageObject\",\"inLanguage\":\"de\",\"@id\":\"https:\\\/\\\/kem-europe.eu\\\/#\\\/schema\\\/logo\\\/image\\\/\",\"url\":\"https:\\\/\\\/kem-europe.eu\\\/wp-content\\\/uploads\\\/2025\\\/02\\\/KEM2019-BLACK-1500W.png\",\"contentUrl\":\"https:\\\/\\\/kem-europe.eu\\\/wp-content\\\/uploads\\\/2025\\\/02\\\/KEM2019-BLACK-1500W.png\",\"width\":1500,\"height\":626,\"caption\":\"KEM Europe\"},\"image\":{\"@id\":\"https:\\\/\\\/kem-europe.eu\\\/#\\\/schema\\\/logo\\\/image\\\/\"}}]}<\/script>\n<!-- \/ Yoast SEO plugin. -->","yoast_head_json":{"title":"BYCON Diamant-Schleifk\u00f6pfe \u00d8105-180 mm | Beton &amp; Beschichtungsentfernung - KEM Europe","description":"Lasergeschwei\u00dfte Diamantschleifk\u00f6pfe mit Einzel-, Doppel-, Turbo-, Pfeil-, Wirbel- und PKD-Segmenten. Schnelles Schleifen oder Abtragen, nass und trocken, \u00d8105-180 mm.","robots":{"index":"index","follow":"follow","max-snippet":"max-snippet:-1","max-image-preview":"max-image-preview:large","max-video-preview":"max-video-preview:-1"},"canonical":"https:\/\/kem-europe.eu\/de\/produkt\/bycon-diamantschleifkopfe-verschiedene-anwendungen\/","og_locale":"de_DE","og_type":"article","og_title":"BYCON Diamant Slijpkoppen \u00d8105-180 mm | Beton & Coating\u00adverwijdering - KEM Europe","og_description":"Laser-gelaste diamant slijpkoppen met single, double, turbo, arrow, swirl en PCD-segmenten. Snel slijpen of strippen, nat & droog, \u00d8105-180 mm.","og_url":"https:\/\/kem-europe.eu\/de\/produkt\/bycon-diamantschleifkopfe-verschiedene-anwendungen\/","og_site_name":"KEM Europe","og_image":[{"width":700,"height":700,"url":"https:\/\/kem-europe.eu\/wp-content\/uploads\/2025\/07\/Diamond-Grinding-Wheels-Series.png","type":"image\/png"}],"twitter_card":"summary_large_image","twitter_misc":{"Gesch\u00e4tzte Lesezeit":"3\u00a0Minuten"},"schema":{"@context":"https:\/\/schema.org","@graph":[{"@type":"WebPage","@id":"https:\/\/kem-europe.eu\/product\/bycon-diamant-slijpkoppen-verschillende-toepassingen\/","url":"https:\/\/kem-europe.eu\/product\/bycon-diamant-slijpkoppen-verschillende-toepassingen\/","name":"BYCON Diamant-Schleifk\u00f6pfe \u00d8105-180 mm | Beton &amp; Beschichtungsentfernung - KEM Europe","isPartOf":{"@id":"https:\/\/kem-europe.eu\/#website"},"primaryImageOfPage":{"@id":"https:\/\/kem-europe.eu\/product\/bycon-diamant-slijpkoppen-verschillende-toepassingen\/#primaryimage"},"image":{"@id":"https:\/\/kem-europe.eu\/product\/bycon-diamant-slijpkoppen-verschillende-toepassingen\/#primaryimage"},"thumbnailUrl":"https:\/\/kem-europe.eu\/wp-content\/uploads\/2025\/07\/Diamond-Grinding-Wheels-Series.png","datePublished":"2025-07-02T12:51:50+00:00","description":"Lasergeschwei\u00dfte Diamantschleifk\u00f6pfe mit Einzel-, Doppel-, Turbo-, Pfeil-, Wirbel- und PKD-Segmenten. Schnelles Schleifen oder Abtragen, nass und trocken, \u00d8105-180 mm.","breadcrumb":{"@id":"https:\/\/kem-europe.eu\/product\/bycon-diamant-slijpkoppen-verschillende-toepassingen\/#breadcrumb"},"inLanguage":"de","potentialAction":[{"@type":"ReadAction","target":["https:\/\/kem-europe.eu\/product\/bycon-diamant-slijpkoppen-verschillende-toepassingen\/"]}]},{"@type":"ImageObject","inLanguage":"de","@id":"https:\/\/kem-europe.eu\/product\/bycon-diamant-slijpkoppen-verschillende-toepassingen\/#primaryimage","url":"https:\/\/kem-europe.eu\/wp-content\/uploads\/2025\/07\/Diamond-Grinding-Wheels-Series.png","contentUrl":"https:\/\/kem-europe.eu\/wp-content\/uploads\/2025\/07\/Diamond-Grinding-Wheels-Series.png","width":700,"height":700,"caption":"BYCON Diamond Grinding Wheels \u2013 Beton & Steen (\u00d8105\u2013180 mm)"},{"@type":"BreadcrumbList","@id":"https:\/\/kem-europe.eu\/product\/bycon-diamant-slijpkoppen-verschillende-toepassingen\/#breadcrumb","itemListElement":[{"@type":"ListItem","position":1,"name":"Home","item":"https:\/\/kem-europe.eu\/"},{"@type":"ListItem","position":2,"name":"Winkel","item":"https:\/\/kem-europe.eu\/winkel\/"},{"@type":"ListItem","position":3,"name":"BYCON Diamond Grinding Wheels \u2013 Beton &#038; Steen (\u00d8105\u2013180 mm)"}]},{"@type":"WebSite","@id":"https:\/\/kem-europe.eu\/#website","url":"https:\/\/kem-europe.eu\/","name":"KEM Europe","description":"","publisher":{"@id":"https:\/\/kem-europe.eu\/#organization"},"potentialAction":[{"@type":"SearchAction","target":{"@type":"EntryPoint","urlTemplate":"https:\/\/kem-europe.eu\/?s={search_term_string}"},"query-input":{"@type":"PropertyValueSpecification","valueRequired":true,"valueName":"search_term_string"}}],"inLanguage":"de"},{"@type":"Organization","@id":"https:\/\/kem-europe.eu\/#organization","name":"KEM Europe","url":"https:\/\/kem-europe.eu\/","logo":{"@type":"ImageObject","inLanguage":"de","@id":"https:\/\/kem-europe.eu\/#\/schema\/logo\/image\/","url":"https:\/\/kem-europe.eu\/wp-content\/uploads\/2025\/02\/KEM2019-BLACK-1500W.png","contentUrl":"https:\/\/kem-europe.eu\/wp-content\/uploads\/2025\/02\/KEM2019-BLACK-1500W.png","width":1500,"height":626,"caption":"KEM Europe"},"image":{"@id":"https:\/\/kem-europe.eu\/#\/schema\/logo\/image\/"}}]}},"_links":{"self":[{"href":"https:\/\/kem-europe.eu\/de\/wp-json\/wp\/v2\/product\/7705","targetHints":{"allow":["GET"]}}],"collection":[{"href":"https:\/\/kem-europe.eu\/de\/wp-json\/wp\/v2\/product"}],"about":[{"href":"https:\/\/kem-europe.eu\/de\/wp-json\/wp\/v2\/types\/product"}],"replies":[{"embeddable":true,"href":"https:\/\/kem-europe.eu\/de\/wp-json\/wp\/v2\/comments?post=7705"}],"wp:featuredmedia":[{"embeddable":true,"href":"https:\/\/kem-europe.eu\/de\/wp-json\/wp\/v2\/media\/7708"}],"wp:attachment":[{"href":"https:\/\/kem-europe.eu\/de\/wp-json\/wp\/v2\/media?parent=7705"}],"wp:term":[{"taxonomy":"product_brand","embeddable":true,"href":"https:\/\/kem-europe.eu\/de\/wp-json\/wp\/v2\/product_brand?post=7705"},{"taxonomy":"product_cat","embeddable":true,"href":"https:\/\/kem-europe.eu\/de\/wp-json\/wp\/v2\/product_cat?post=7705"},{"taxonomy":"product_tag","embeddable":true,"href":"https:\/\/kem-europe.eu\/de\/wp-json\/wp\/v2\/product_tag?post=7705"}],"curies":[{"name":"wp","href":"https:\/\/api.w.org\/{rel}","templated":true}]}}