{"id":7719,"date":"2025-07-03T07:21:16","date_gmt":"2025-07-03T07:21:16","guid":{"rendered":"https:\/\/kem-europe.eu\/?post_type=product&#038;p=7719"},"modified":"2025-07-03T07:26:36","modified_gmt":"2025-07-03T07:26:36","slug":"eggenberg-ebs2480-schwarz-edition-225mm","status":"publish","type":"product","link":"https:\/\/kem-europe.eu\/de\/product\/eggenberg-ebs2480-black-edition-225mm\/","title":{"rendered":"Eggenberg EBS2480 Black Edition - Professionelle Metallbands\u00e4ge 225 mm (400V)"},"content":{"rendered":"<h2 data-start=\"1098\" data-end=\"1178\">Eggenberg EBS2480 Black Edition - Professionelle Metallbands\u00e4ge 225 mm (400 V)<\/h2>\n<p data-start=\"1202\" data-end=\"1796\">Diese limitierte Black Edition kombiniert ein elegantes Finish mit industrieller Leistung. Der gusseiserne S\u00e4geb\u00fcgel, der Druckmesser f\u00fcr die Blattspannung und der hydraulische S\u00e4gevorschub sorgen f\u00fcr gerade, gratfreie Schnitte in Stahl, Edelstahl und Aluminiumprofilen. Der Kopf l\u00e4sst sich schnell f\u00fcr Gehrungsschnitte bis zu 60\u00b0 nach rechts verstellen. Dank der eingebauten K\u00fchlpumpe wird das S\u00e4geblatt sofort gek\u00fchlt, und das automatische Absacksystem sorgt f\u00fcr eine effiziente Sp\u00e4neentsorgung, so dass der Wartungsaufwand auf ein Minimum reduziert wird. Das ergonomische Bedienfeld bietet \u00fcbersichtliche Funktionen wie Not-Aus, K\u00fchlmittelsteuerung und Drehzahlwahl.<\/p>\n<hr data-start=\"1798\" data-end=\"1801\" \/>\n<p data-start=\"1803\" data-end=\"1823\"><strong>Schneidekapazit\u00e4t<\/strong><\/p>\n<ul>\n<li data-start=\"1826\" data-end=\"1875\"><strong data-start=\"1826\" data-end=\"1832\">0\u00b0<\/strong> - 245 \u00d7 150 mm - \u00d8 225 mm - 190 \u00d7 190 mm<\/li>\n<li data-start=\"1826\" data-end=\"1875\"><strong data-start=\"1878\" data-end=\"1885\">45\u00b0<\/strong> - 190 \u00d7 150 mm - \u00d8 145 mm - 150 \u00d7 150 mm<\/li>\n<li data-start=\"1826\" data-end=\"1875\"><strong data-start=\"1931\" data-end=\"1938\">60\u00b0<\/strong> - 120 \u00d7 90 mm - \u00d8 90 mm - 90 \u00d7 90 mm<\/li>\n<\/ul>\n<hr data-start=\"1982\" data-end=\"1985\" \/>\n<p data-start=\"1987\" data-end=\"2012\"><strong>Hauptmerkmale<\/strong><\/p>\n<ul>\n<li data-start=\"2015\" data-end=\"2049\"><strong data-start=\"2015\" data-end=\"2025\">Motor:<\/strong> 1 100 W \/ 2 HP, 400 V<\/li>\n<li data-start=\"2015\" data-end=\"2049\"><strong data-start=\"2052\" data-end=\"2071\">H\u00f6he des S\u00e4geblatts:<\/strong> 27 mm (Klinge nicht enthalten)<\/li>\n<li data-start=\"2015\" data-end=\"2049\"><strong data-start=\"2105\" data-end=\"2123\">Schnittgeschwindigkeiten:<\/strong> 35 m\/min &amp; 70 m\/min<\/li>\n<li data-start=\"2015\" data-end=\"2049\"><strong data-start=\"2148\" data-end=\"2173\">Hydraulischer Vorschub:<\/strong> stufenlos einstellbar<\/li>\n<li data-start=\"2015\" data-end=\"2049\"><strong data-start=\"2197\" data-end=\"2209\">Gehrung:<\/strong> 0 - 60\u00b0 nach rechts<\/li>\n<li data-start=\"2015\" data-end=\"2049\"><strong data-start=\"2234\" data-end=\"2250\">K\u00fchlsystem:<\/strong> integrierte Pumpe + direkte Blattk\u00fchlung<\/li>\n<li data-start=\"2015\" data-end=\"2049\"><strong data-start=\"2296\" data-end=\"2317\">Quick-Clamp-Klemme:<\/strong> Schnellspanner mit Manometer<\/li>\n<li data-start=\"2015\" data-end=\"2049\"><strong data-start=\"2345\" data-end=\"2384\">Automatische Abschaltung und Spanabfuhr:<\/strong> saubereres und sichereres Arbeiten<\/li>\n<\/ul>\n<hr data-start=\"2415\" data-end=\"2418\" \/>\n<p data-start=\"2420\" data-end=\"2439\"><strong>Spezifikationen<\/strong><\/p>\n<ul>\n<li data-start=\"2442\" data-end=\"2466\">Stromversorgung: 400 V ~ 50 Hz<\/li>\n<li data-start=\"2442\" data-end=\"2466\">Gr\u00f6\u00dfe des S\u00e4geblatts: 2 480 \u00d7 27 \u00d7 0,90 mm<\/li>\n<li data-start=\"2442\" data-end=\"2466\">Abmessungen der Maschine: 1 380 \u00d7 580 \u00d7 930 mm<\/li>\n<li data-start=\"2442\" data-end=\"2466\">Gesamtgewicht: 205 kg<\/li>\n<li data-start=\"2442\" data-end=\"2466\">Ger\u00e4uschpegel: &lt; 80 dB(A)<\/li>\n<li data-start=\"2442\" data-end=\"2466\">Optional: Eggenberg Mikro-Spr\u00fchsystem f\u00fcr minimales K\u00fchl\u00f6l<\/li>\n<\/ul>\n<hr data-start=\"2675\" data-end=\"2678\" \/>\n<h3 data-start=\"2680\" data-end=\"2701\">Umfang der Lieferung<\/h3>\n<ul>\n<li data-start=\"2704\" data-end=\"2760\">Eggenberg EBS2480 Black Edition Bands\u00e4ge 225 mm, 400 V<\/li>\n<li data-start=\"2704\" data-end=\"2760\">Montiertes Standards\u00e4geband (ohne zus\u00e4tzliche S\u00e4gebl\u00e4tter)<\/li>\n<li data-start=\"2704\" data-end=\"2760\">Handbuch<\/li>\n<\/ul>","protected":false},"excerpt":{"rendered":"<p data-start=\"427\" data-end=\"1091\">Die Eggenberg EBS2480 Black Edition liefert kraftvolle, pr\u00e4zise Schnitte bis \u00d8 225 mm dank leisem 2-PS-Motor und stufenlos einstellbarer Hydraulikversorgung. Quick-Clamp Klemmung, integrierte K\u00fchlpumpe und automatische Sp\u00e4neentsorgung sorgen f\u00fcr einen schnellen Arbeitsablauf und einen sauberen Arbeitsplatz. Die Gusseisenkonstruktion mit 5-Punkt-Messerf\u00fchrung garantiert vibrationsfreies Schneiden, w\u00e4hrend zwei Schnittgeschwindigkeiten (35 \/ 70 m\/min) unterschiedliche Materialien bew\u00e4ltigen. CE-Zertifizierung, Not-Aus und automatische Abschaltung erh\u00f6hen die Sicherheit und reduzieren den Energieverbrauch. Ideal f\u00fcr Werkst\u00e4tten, Industrie und Ausbildungszentren.<\/p>","protected":false},"featured_media":7724,"comment_status":"open","ping_status":"closed","template":"","meta":[],"product_brand":[698],"product_cat":[507,565,17],"product_tag":[],"class_list":{"0":"post-7719","1":"product","2":"type-product","3":"status-publish","4":"has-post-thumbnail","6":"product_brand-eggenberg","7":"product_cat-bandzaagmachine","8":"product_cat-bandzaagmachine-stationair","9":"product_cat-machines","11":"first","12":"instock","13":"shipping-taxable","14":"product-type-simple"},"ct_brands":[{"id":698,"name":"EGGENBERG","slug":"eggenberg"}],"yoast_head":"<!-- This site is optimized with the Yoast SEO plugin v27.3 - https:\/\/yoast.com\/product\/yoast-seo-wordpress\/ -->\n<title>Eggenberg EBS2480 Black Edition Bandzaag \u00d8225 mm | 400V - KEM Europe<\/title>\n<meta name=\"description\" content=\"Limited Black Edition bandzaag \u00d8225 mm met 2 PK motor, koelpomp, automatische afslag en verstek tot 60\u00b0. Robuust voor staal, RVS en non-ferro.\" \/>\n<meta name=\"robots\" content=\"index, follow, max-snippet:-1, max-image-preview:large, max-video-preview:-1\" \/>\n<link rel=\"canonical\" href=\"https:\/\/kem-europe.eu\/de\/produkt\/eggenberg-ebs2480-schwarz-edition-225mm\/\" \/>\n<meta property=\"og:locale\" content=\"de_DE\" \/>\n<meta property=\"og:type\" content=\"article\" \/>\n<meta property=\"og:title\" content=\"Eggenberg EBS2480 Black Edition Bandzaag \u00d8225 mm | 400V - KEM Europe\" \/>\n<meta property=\"og:description\" content=\"Limited Black Edition bandzaag \u00d8225 mm met 2 PK motor, koelpomp, automatische afslag en verstek tot 60\u00b0. Robuust voor staal, RVS en non-ferro.\" \/>\n<meta property=\"og:url\" content=\"https:\/\/kem-europe.eu\/de\/produkt\/eggenberg-ebs2480-schwarz-edition-225mm\/\" \/>\n<meta property=\"og:site_name\" content=\"KEM Europe\" \/>\n<meta property=\"article:modified_time\" content=\"2025-07-03T07:26:36+00:00\" \/>\n<meta property=\"og:image\" content=\"https:\/\/kem-europe.eu\/wp-content\/uploads\/2025\/07\/2480BLK-700x700-30.webp\" \/>\n\t<meta property=\"og:image:width\" content=\"700\" \/>\n\t<meta property=\"og:image:height\" content=\"700\" \/>\n\t<meta property=\"og:image:type\" content=\"image\/webp\" \/>\n<meta name=\"twitter:card\" content=\"summary_large_image\" \/>\n<meta name=\"twitter:label1\" content=\"Gesch\u00e4tzte Lesezeit\" \/>\n\t<meta name=\"twitter:data1\" content=\"2\u00a0Minuten\" \/>\n<script type=\"application\/ld+json\" class=\"yoast-schema-graph\">{\"@context\":\"https:\\\/\\\/schema.org\",\"@graph\":[{\"@type\":\"WebPage\",\"@id\":\"https:\\\/\\\/kem-europe.eu\\\/product\\\/eggenberg-ebs2480-black-edition-225mm\\\/\",\"url\":\"https:\\\/\\\/kem-europe.eu\\\/product\\\/eggenberg-ebs2480-black-edition-225mm\\\/\",\"name\":\"Eggenberg EBS2480 Black Edition Bandzaag \u00d8225 mm | 400V - KEM Europe\",\"isPartOf\":{\"@id\":\"https:\\\/\\\/kem-europe.eu\\\/#website\"},\"primaryImageOfPage\":{\"@id\":\"https:\\\/\\\/kem-europe.eu\\\/product\\\/eggenberg-ebs2480-black-edition-225mm\\\/#primaryimage\"},\"image\":{\"@id\":\"https:\\\/\\\/kem-europe.eu\\\/product\\\/eggenberg-ebs2480-black-edition-225mm\\\/#primaryimage\"},\"thumbnailUrl\":\"https:\\\/\\\/kem-europe.eu\\\/wp-content\\\/uploads\\\/2025\\\/07\\\/2480BLK-700x700-30.webp\",\"datePublished\":\"2025-07-03T07:21:16+00:00\",\"dateModified\":\"2025-07-03T07:26:36+00:00\",\"description\":\"Limited Black Edition bandzaag \u00d8225 mm met 2 PK motor, koelpomp, automatische afslag en verstek tot 60\u00b0. Robuust voor staal, RVS en non-ferro.\",\"breadcrumb\":{\"@id\":\"https:\\\/\\\/kem-europe.eu\\\/product\\\/eggenberg-ebs2480-black-edition-225mm\\\/#breadcrumb\"},\"inLanguage\":\"de\",\"potentialAction\":[{\"@type\":\"ReadAction\",\"target\":[\"https:\\\/\\\/kem-europe.eu\\\/product\\\/eggenberg-ebs2480-black-edition-225mm\\\/\"]}]},{\"@type\":\"ImageObject\",\"inLanguage\":\"de\",\"@id\":\"https:\\\/\\\/kem-europe.eu\\\/product\\\/eggenberg-ebs2480-black-edition-225mm\\\/#primaryimage\",\"url\":\"https:\\\/\\\/kem-europe.eu\\\/wp-content\\\/uploads\\\/2025\\\/07\\\/2480BLK-700x700-30.webp\",\"contentUrl\":\"https:\\\/\\\/kem-europe.eu\\\/wp-content\\\/uploads\\\/2025\\\/07\\\/2480BLK-700x700-30.webp\",\"width\":700,\"height\":700,\"caption\":\"Eggenberg EBS2480 Black Edition \u2013 Professionele Metaalbandzaag 225 mm (400V)\"},{\"@type\":\"BreadcrumbList\",\"@id\":\"https:\\\/\\\/kem-europe.eu\\\/product\\\/eggenberg-ebs2480-black-edition-225mm\\\/#breadcrumb\",\"itemListElement\":[{\"@type\":\"ListItem\",\"position\":1,\"name\":\"Home\",\"item\":\"https:\\\/\\\/kem-europe.eu\\\/\"},{\"@type\":\"ListItem\",\"position\":2,\"name\":\"Winkel\",\"item\":\"https:\\\/\\\/kem-europe.eu\\\/winkel\\\/\"},{\"@type\":\"ListItem\",\"position\":3,\"name\":\"Eggenberg EBS2480 Black Edition \u2013 Professionele Metaalbandzaag 225 mm (400V)\"}]},{\"@type\":\"WebSite\",\"@id\":\"https:\\\/\\\/kem-europe.eu\\\/#website\",\"url\":\"https:\\\/\\\/kem-europe.eu\\\/\",\"name\":\"KEM Europe\",\"description\":\"\",\"publisher\":{\"@id\":\"https:\\\/\\\/kem-europe.eu\\\/#organization\"},\"potentialAction\":[{\"@type\":\"SearchAction\",\"target\":{\"@type\":\"EntryPoint\",\"urlTemplate\":\"https:\\\/\\\/kem-europe.eu\\\/?s={search_term_string}\"},\"query-input\":{\"@type\":\"PropertyValueSpecification\",\"valueRequired\":true,\"valueName\":\"search_term_string\"}}],\"inLanguage\":\"de\"},{\"@type\":\"Organization\",\"@id\":\"https:\\\/\\\/kem-europe.eu\\\/#organization\",\"name\":\"KEM Europe\",\"url\":\"https:\\\/\\\/kem-europe.eu\\\/\",\"logo\":{\"@type\":\"ImageObject\",\"inLanguage\":\"de\",\"@id\":\"https:\\\/\\\/kem-europe.eu\\\/#\\\/schema\\\/logo\\\/image\\\/\",\"url\":\"https:\\\/\\\/kem-europe.eu\\\/wp-content\\\/uploads\\\/2025\\\/02\\\/KEM2019-BLACK-1500W.png\",\"contentUrl\":\"https:\\\/\\\/kem-europe.eu\\\/wp-content\\\/uploads\\\/2025\\\/02\\\/KEM2019-BLACK-1500W.png\",\"width\":1500,\"height\":626,\"caption\":\"KEM Europe\"},\"image\":{\"@id\":\"https:\\\/\\\/kem-europe.eu\\\/#\\\/schema\\\/logo\\\/image\\\/\"}}]}<\/script>\n<!-- \/ Yoast SEO plugin. -->","yoast_head_json":{"title":"Eggenberg EBS2480 Black Edition Bands\u00e4ge \u00d8225 mm | 400V - KEM Europe","description":"Limitierte Black Edition Bands\u00e4ge \u00d8225 mm mit 2 PS Motor, K\u00fchlpumpe, Abschaltautomatik und Gehrung bis 60\u00b0. Robust f\u00fcr Stahl, rostfreien Stahl und Buntmetalle.","robots":{"index":"index","follow":"follow","max-snippet":"max-snippet:-1","max-image-preview":"max-image-preview:large","max-video-preview":"max-video-preview:-1"},"canonical":"https:\/\/kem-europe.eu\/de\/produkt\/eggenberg-ebs2480-schwarz-edition-225mm\/","og_locale":"de_DE","og_type":"article","og_title":"Eggenberg EBS2480 Black Edition Bandzaag \u00d8225 mm | 400V - KEM Europe","og_description":"Limited Black Edition bandzaag \u00d8225 mm met 2 PK motor, koelpomp, automatische afslag en verstek tot 60\u00b0. Robuust voor staal, RVS en non-ferro.","og_url":"https:\/\/kem-europe.eu\/de\/produkt\/eggenberg-ebs2480-schwarz-edition-225mm\/","og_site_name":"KEM Europe","article_modified_time":"2025-07-03T07:26:36+00:00","og_image":[{"width":700,"height":700,"url":"https:\/\/kem-europe.eu\/wp-content\/uploads\/2025\/07\/2480BLK-700x700-30.webp","type":"image\/webp"}],"twitter_card":"summary_large_image","twitter_misc":{"Gesch\u00e4tzte Lesezeit":"2\u00a0Minuten"},"schema":{"@context":"https:\/\/schema.org","@graph":[{"@type":"WebPage","@id":"https:\/\/kem-europe.eu\/product\/eggenberg-ebs2480-black-edition-225mm\/","url":"https:\/\/kem-europe.eu\/product\/eggenberg-ebs2480-black-edition-225mm\/","name":"Eggenberg EBS2480 Black Edition Bands\u00e4ge \u00d8225 mm | 400V - KEM Europe","isPartOf":{"@id":"https:\/\/kem-europe.eu\/#website"},"primaryImageOfPage":{"@id":"https:\/\/kem-europe.eu\/product\/eggenberg-ebs2480-black-edition-225mm\/#primaryimage"},"image":{"@id":"https:\/\/kem-europe.eu\/product\/eggenberg-ebs2480-black-edition-225mm\/#primaryimage"},"thumbnailUrl":"https:\/\/kem-europe.eu\/wp-content\/uploads\/2025\/07\/2480BLK-700x700-30.webp","datePublished":"2025-07-03T07:21:16+00:00","dateModified":"2025-07-03T07:26:36+00:00","description":"Limitierte Black Edition Bands\u00e4ge \u00d8225 mm mit 2 PS Motor, K\u00fchlpumpe, Abschaltautomatik und Gehrung bis 60\u00b0. Robust f\u00fcr Stahl, rostfreien Stahl und Buntmetalle.","breadcrumb":{"@id":"https:\/\/kem-europe.eu\/product\/eggenberg-ebs2480-black-edition-225mm\/#breadcrumb"},"inLanguage":"de","potentialAction":[{"@type":"ReadAction","target":["https:\/\/kem-europe.eu\/product\/eggenberg-ebs2480-black-edition-225mm\/"]}]},{"@type":"ImageObject","inLanguage":"de","@id":"https:\/\/kem-europe.eu\/product\/eggenberg-ebs2480-black-edition-225mm\/#primaryimage","url":"https:\/\/kem-europe.eu\/wp-content\/uploads\/2025\/07\/2480BLK-700x700-30.webp","contentUrl":"https:\/\/kem-europe.eu\/wp-content\/uploads\/2025\/07\/2480BLK-700x700-30.webp","width":700,"height":700,"caption":"Eggenberg EBS2480 Black Edition \u2013 Professionele Metaalbandzaag 225 mm (400V)"},{"@type":"BreadcrumbList","@id":"https:\/\/kem-europe.eu\/product\/eggenberg-ebs2480-black-edition-225mm\/#breadcrumb","itemListElement":[{"@type":"ListItem","position":1,"name":"Home","item":"https:\/\/kem-europe.eu\/"},{"@type":"ListItem","position":2,"name":"Winkel","item":"https:\/\/kem-europe.eu\/winkel\/"},{"@type":"ListItem","position":3,"name":"Eggenberg EBS2480 Black Edition \u2013 Professionele Metaalbandzaag 225 mm (400V)"}]},{"@type":"WebSite","@id":"https:\/\/kem-europe.eu\/#website","url":"https:\/\/kem-europe.eu\/","name":"KEM Europe","description":"","publisher":{"@id":"https:\/\/kem-europe.eu\/#organization"},"potentialAction":[{"@type":"SearchAction","target":{"@type":"EntryPoint","urlTemplate":"https:\/\/kem-europe.eu\/?s={search_term_string}"},"query-input":{"@type":"PropertyValueSpecification","valueRequired":true,"valueName":"search_term_string"}}],"inLanguage":"de"},{"@type":"Organization","@id":"https:\/\/kem-europe.eu\/#organization","name":"KEM Europe","url":"https:\/\/kem-europe.eu\/","logo":{"@type":"ImageObject","inLanguage":"de","@id":"https:\/\/kem-europe.eu\/#\/schema\/logo\/image\/","url":"https:\/\/kem-europe.eu\/wp-content\/uploads\/2025\/02\/KEM2019-BLACK-1500W.png","contentUrl":"https:\/\/kem-europe.eu\/wp-content\/uploads\/2025\/02\/KEM2019-BLACK-1500W.png","width":1500,"height":626,"caption":"KEM Europe"},"image":{"@id":"https:\/\/kem-europe.eu\/#\/schema\/logo\/image\/"}}]}},"_links":{"self":[{"href":"https:\/\/kem-europe.eu\/de\/wp-json\/wp\/v2\/product\/7719","targetHints":{"allow":["GET"]}}],"collection":[{"href":"https:\/\/kem-europe.eu\/de\/wp-json\/wp\/v2\/product"}],"about":[{"href":"https:\/\/kem-europe.eu\/de\/wp-json\/wp\/v2\/types\/product"}],"replies":[{"embeddable":true,"href":"https:\/\/kem-europe.eu\/de\/wp-json\/wp\/v2\/comments?post=7719"}],"wp:featuredmedia":[{"embeddable":true,"href":"https:\/\/kem-europe.eu\/de\/wp-json\/wp\/v2\/media\/7724"}],"wp:attachment":[{"href":"https:\/\/kem-europe.eu\/de\/wp-json\/wp\/v2\/media?parent=7719"}],"wp:term":[{"taxonomy":"product_brand","embeddable":true,"href":"https:\/\/kem-europe.eu\/de\/wp-json\/wp\/v2\/product_brand?post=7719"},{"taxonomy":"product_cat","embeddable":true,"href":"https:\/\/kem-europe.eu\/de\/wp-json\/wp\/v2\/product_cat?post=7719"},{"taxonomy":"product_tag","embeddable":true,"href":"https:\/\/kem-europe.eu\/de\/wp-json\/wp\/v2\/product_tag?post=7719"}],"curies":[{"name":"wp","href":"https:\/\/api.w.org\/{rel}","templated":true}]}}