{"id":7771,"date":"2025-08-25T14:41:00","date_gmt":"2025-08-25T14:41:00","guid":{"rendered":"https:\/\/kem-europe.eu\/?post_type=product&#038;p=7771"},"modified":"2025-10-28T11:32:52","modified_gmt":"2025-10-28T11:32:52","slug":"dorly-hulkforce-premium-diamantbohrer-trocken-1-1-4-400mm","status":"publish","type":"product","link":"https:\/\/kem-europe.eu\/de\/product\/dorly-hulkforce-premium-diamantboor-droog-1-1-4-400mm\/","title":{"rendered":"D'Orly HULKForce Premium Trocken-Diamantbohrer - 1 1\/4\" x 400 mm - Soft Impact Funktion - \u00d832 bis \u00d8202 mm"},"content":{"rendered":"<h2 data-start=\"303\" data-end=\"682\">Eigenschaften des D'Orly HULKForce Premium Dry Diamond Drill - 1 1\/4\" x 400 mm - Soft Impact Funktion - \u00d832 bis \u00d8202 mm<\/h2>\n<p data-start=\"303\" data-end=\"682\">Der D'Orly HULKForce Premium Trockenbohrer wurde speziell f\u00fcr das Bohren in stark armiertem Beton ohne Wasserk\u00fchlung entwickelt. Dank der innovativen ZENESIS-Diamanttechnologie und eines fortschrittlichen Bindungsverfahrens bietet dieser Bohrer Spitzenleistungen und eine sehr lange Lebensdauer der Werkzeuge. Eine zuverl\u00e4ssige Wahl f\u00fcr Profis mit hohen Anforderungen an Geschwindigkeit, Qualit\u00e4t und Haltbarkeit.<\/p>\n<h3 data-start=\"684\" data-end=\"713\">Wesentliche Merkmale<\/h3>\n<ul>\n<li data-start=\"716\" data-end=\"818\"><strong data-start=\"716\" data-end=\"751\">Optimierte Metallverklebung:<\/strong> Entwickelt f\u00fcr das Trockenbohren, arbeitet effizient ohne Wasserk\u00fchlung.<\/li>\n<li data-start=\"716\" data-end=\"818\"><strong data-start=\"821\" data-end=\"847\">ZENESIS Diamant-Array:<\/strong> Sorgt f\u00fcr konstanten Materialabtrag und stabile Leistung.<\/li>\n<li data-start=\"716\" data-end=\"818\"><strong data-start=\"917\" data-end=\"952\">Au\u00dfergew\u00f6hnlich lange Lebensdauer:<\/strong> In Tests erreichte der Bohrer bis zu 8 Meter in Stahlbeton B45 (in \u00d6sterreich getestet).<\/li>\n<li data-start=\"716\" data-end=\"818\"><strong data-start=\"1045\" data-end=\"1065\">Weiche Hubfunktion:<\/strong> Verbessert die Staubentfernung und erh\u00f6ht die Effizienz beim Trockenbohren.<\/li>\n<li data-start=\"716\" data-end=\"818\"><strong data-start=\"1141\" data-end=\"1182\">\u00c4hnlicher Einsatz wie beim KEM RM-TX:<\/strong> Aber mit deutlich h\u00f6herer Leistung und Langlebigkeit.<\/li>\n<li data-start=\"716\" data-end=\"818\"><strong data-start=\"1241\" data-end=\"1266\">Gro\u00dfer Durchmesserbereich:<\/strong> Erh\u00e4ltlich von \u00d832 bis \u00d8202 mm, ideal in Kombination mit leistungsstarken Motoren wie dem BYCON DB-202D\/P.<\/li>\n<li data-start=\"716\" data-end=\"818\"><strong data-start=\"1371\" data-end=\"1392\">Praktische Ratschl\u00e4ge:<\/strong> Im Falle einer Verstopfung den Bohrer kurz zur\u00fcckziehen, um den Staub optimal zu entfernen und die Segmentqualit\u00e4t zu erhalten.<\/li>\n<\/ul>\n<h3 data-start=\"1506\" data-end=\"1531\">Technische Daten<\/h3>\n<ul>\n<li data-start=\"1534\" data-end=\"1554\"><strong data-start=\"1534\" data-end=\"1545\">L\u00e4nge:<\/strong> 400 mm<\/li>\n<li data-start=\"1534\" data-end=\"1554\"><strong data-start=\"1557\" data-end=\"1570\">Durchmesser:<\/strong> \u00d832 - \u00d8202 mm<\/li>\n<li data-start=\"1534\" data-end=\"1554\"><strong data-start=\"1589\" data-end=\"1605\">Verbindung:<\/strong> 1 1\/4\" UNC<\/li>\n<li data-start=\"1534\" data-end=\"1554\"><strong data-start=\"1621\" data-end=\"1636\">Anwendung:<\/strong> Trockenbohren mit Soft-Stroke-Funktion<\/li>\n<li data-start=\"1534\" data-end=\"1554\"><strong data-start=\"1672\" data-end=\"1686\">Material:<\/strong> Schwerer Stahlbeton<\/li>\n<li data-start=\"1534\" data-end=\"1554\"><strong data-start=\"1712\" data-end=\"1728\">Technologie:<\/strong> ZENESIS Diamant-Array<\/li>\n<li data-start=\"1534\" data-end=\"1554\"><strong data-start=\"1755\" data-end=\"1783\">Lebensdauer in B45-Beton:<\/strong> ca. 8 Meter<\/li>\n<\/ul>\n<h3 data-start=\"1799\" data-end=\"1820\">Umfang der Lieferung<\/h3>\n<ul data-start=\"1821\" data-end=\"1942\">\n<li data-start=\"1821\" data-end=\"1942\">\n<p data-start=\"1823\" data-end=\"1942\">1x D'Orly HULKForce Premium Dry Diamond Drill - 1 1\/4\" x 400 mm - Soft Impact Funktion - \u00d832 bis \u00d8202 mm (Gr\u00f6\u00dfe nach Wahl)<\/p>\n<\/li>\n<\/ul>","protected":false},"excerpt":{"rendered":"<p data-start=\"83\" data-end=\"235\">Die D'Orly HULKForce Premium Trockenbohrschnecke ist f\u00fcr schweren Stahlbeton konzipiert. Ausgestattet mit ZENESIS-Technologie, Soft-Stroke-Funktion und langer Lebensdauer.<\/p>","protected":false},"featured_media":7776,"comment_status":"open","ping_status":"closed","template":"","meta":[],"product_brand":[625],"product_cat":[21,188,189,20],"product_tag":[],"class_list":{"0":"post-7771","1":"product","2":"type-product","3":"status-publish","4":"has-post-thumbnail","6":"product_brand-dorly","7":"product_cat-diamant","8":"product_cat-diamantboor","9":"product_cat-diamantboor-droog","10":"product_cat-verbruiksartikelen-diamant","12":"first","13":"instock","14":"shipping-taxable","15":"purchasable","16":"product-type-variable"},"ct_brands":[{"id":625,"name":"D'ORLY","slug":"dorly"}],"yoast_head":"<!-- This site is optimized with the Yoast SEO plugin v27.3 - https:\/\/yoast.com\/product\/yoast-seo-wordpress\/ -->\n<title>D\u2019Orly HULKForce Premium Droogboor 1 1\/4\u201d \u2013 \u00d832 t\/m \u00d8202 mm - KEM Europe<\/title>\n<meta name=\"description\" content=\"Ontdek de D\u2019Orly HULKForce Premium diamantboor voor droogboren in gewapend beton. Met ZENESIS-technologie, softslagfunctie en lange levensduur.\" \/>\n<meta name=\"robots\" content=\"index, follow, max-snippet:-1, max-image-preview:large, max-video-preview:-1\" \/>\n<link rel=\"canonical\" href=\"https:\/\/kem-europe.eu\/de\/produkt\/dorly-hulkforce-premium-diamantbohrer-trocken-1-1-4-400mm\/\" \/>\n<meta property=\"og:locale\" content=\"de_DE\" \/>\n<meta property=\"og:type\" content=\"article\" \/>\n<meta property=\"og:title\" content=\"D\u2019Orly HULKForce Premium Droogboor 1 1\/4\u201d \u2013 \u00d832 t\/m \u00d8202 mm - KEM Europe\" \/>\n<meta property=\"og:description\" content=\"Ontdek de D\u2019Orly HULKForce Premium diamantboor voor droogboren in gewapend beton. Met ZENESIS-technologie, softslagfunctie en lange levensduur.\" \/>\n<meta property=\"og:url\" content=\"https:\/\/kem-europe.eu\/de\/produkt\/dorly-hulkforce-premium-diamantbohrer-trocken-1-1-4-400mm\/\" \/>\n<meta property=\"og:site_name\" content=\"KEM Europe\" \/>\n<meta property=\"article:modified_time\" content=\"2025-10-28T11:32:52+00:00\" \/>\n<meta property=\"og:image\" content=\"https:\/\/kem-europe.eu\/wp-content\/uploads\/2025\/08\/Ontwerp-zonder-titel-6.webp\" \/>\n\t<meta property=\"og:image:width\" content=\"700\" \/>\n\t<meta property=\"og:image:height\" content=\"700\" \/>\n\t<meta property=\"og:image:type\" content=\"image\/webp\" \/>\n<meta name=\"twitter:card\" content=\"summary_large_image\" \/>\n<meta name=\"twitter:label1\" content=\"Gesch\u00e4tzte Lesezeit\" \/>\n\t<meta name=\"twitter:data1\" content=\"2\u00a0Minuten\" \/>\n<script type=\"application\/ld+json\" class=\"yoast-schema-graph\">{\"@context\":\"https:\\\/\\\/schema.org\",\"@graph\":[{\"@type\":\"WebPage\",\"@id\":\"https:\\\/\\\/kem-europe.eu\\\/product\\\/dorly-hulkforce-premium-diamantboor-droog-1-1-4-400mm\\\/\",\"url\":\"https:\\\/\\\/kem-europe.eu\\\/product\\\/dorly-hulkforce-premium-diamantboor-droog-1-1-4-400mm\\\/\",\"name\":\"D\u2019Orly HULKForce Premium Droogboor 1 1\\\/4\u201d \u2013 \u00d832 t\\\/m \u00d8202 mm - KEM Europe\",\"isPartOf\":{\"@id\":\"https:\\\/\\\/kem-europe.eu\\\/#website\"},\"primaryImageOfPage\":{\"@id\":\"https:\\\/\\\/kem-europe.eu\\\/product\\\/dorly-hulkforce-premium-diamantboor-droog-1-1-4-400mm\\\/#primaryimage\"},\"image\":{\"@id\":\"https:\\\/\\\/kem-europe.eu\\\/product\\\/dorly-hulkforce-premium-diamantboor-droog-1-1-4-400mm\\\/#primaryimage\"},\"thumbnailUrl\":\"https:\\\/\\\/kem-europe.eu\\\/wp-content\\\/uploads\\\/2025\\\/08\\\/Ontwerp-zonder-titel-6.webp\",\"datePublished\":\"2025-08-25T14:41:00+00:00\",\"dateModified\":\"2025-10-28T11:32:52+00:00\",\"description\":\"Ontdek de D\u2019Orly HULKForce Premium diamantboor voor droogboren in gewapend beton. Met ZENESIS-technologie, softslagfunctie en lange levensduur.\",\"breadcrumb\":{\"@id\":\"https:\\\/\\\/kem-europe.eu\\\/product\\\/dorly-hulkforce-premium-diamantboor-droog-1-1-4-400mm\\\/#breadcrumb\"},\"inLanguage\":\"de\",\"potentialAction\":[{\"@type\":\"ReadAction\",\"target\":[\"https:\\\/\\\/kem-europe.eu\\\/product\\\/dorly-hulkforce-premium-diamantboor-droog-1-1-4-400mm\\\/\"]}]},{\"@type\":\"ImageObject\",\"inLanguage\":\"de\",\"@id\":\"https:\\\/\\\/kem-europe.eu\\\/product\\\/dorly-hulkforce-premium-diamantboor-droog-1-1-4-400mm\\\/#primaryimage\",\"url\":\"https:\\\/\\\/kem-europe.eu\\\/wp-content\\\/uploads\\\/2025\\\/08\\\/Ontwerp-zonder-titel-6.webp\",\"contentUrl\":\"https:\\\/\\\/kem-europe.eu\\\/wp-content\\\/uploads\\\/2025\\\/08\\\/Ontwerp-zonder-titel-6.webp\",\"width\":700,\"height\":700,\"caption\":\"D\u2019Orly HULKForce Premium Droog Diamantboor \u2013 1 1\\\/4\u201d x 400 mm \u2013 Softslagfunctie \u2013 \u00d832 t\\\/m \u00d8202 mm\"},{\"@type\":\"BreadcrumbList\",\"@id\":\"https:\\\/\\\/kem-europe.eu\\\/product\\\/dorly-hulkforce-premium-diamantboor-droog-1-1-4-400mm\\\/#breadcrumb\",\"itemListElement\":[{\"@type\":\"ListItem\",\"position\":1,\"name\":\"Home\",\"item\":\"https:\\\/\\\/kem-europe.eu\\\/\"},{\"@type\":\"ListItem\",\"position\":2,\"name\":\"Winkel\",\"item\":\"https:\\\/\\\/kem-europe.eu\\\/winkel\\\/\"},{\"@type\":\"ListItem\",\"position\":3,\"name\":\"D\u2019Orly HULKForce Premium Droog Diamantboor \u2013 1 1\\\/4\u201d x 400 mm \u2013 Softslagfunctie \u2013 \u00d832 t\\\/m \u00d8202 mm\"}]},{\"@type\":\"WebSite\",\"@id\":\"https:\\\/\\\/kem-europe.eu\\\/#website\",\"url\":\"https:\\\/\\\/kem-europe.eu\\\/\",\"name\":\"KEM Europe\",\"description\":\"\",\"publisher\":{\"@id\":\"https:\\\/\\\/kem-europe.eu\\\/#organization\"},\"potentialAction\":[{\"@type\":\"SearchAction\",\"target\":{\"@type\":\"EntryPoint\",\"urlTemplate\":\"https:\\\/\\\/kem-europe.eu\\\/?s={search_term_string}\"},\"query-input\":{\"@type\":\"PropertyValueSpecification\",\"valueRequired\":true,\"valueName\":\"search_term_string\"}}],\"inLanguage\":\"de\"},{\"@type\":\"Organization\",\"@id\":\"https:\\\/\\\/kem-europe.eu\\\/#organization\",\"name\":\"KEM Europe\",\"url\":\"https:\\\/\\\/kem-europe.eu\\\/\",\"logo\":{\"@type\":\"ImageObject\",\"inLanguage\":\"de\",\"@id\":\"https:\\\/\\\/kem-europe.eu\\\/#\\\/schema\\\/logo\\\/image\\\/\",\"url\":\"https:\\\/\\\/kem-europe.eu\\\/wp-content\\\/uploads\\\/2025\\\/02\\\/KEM2019-BLACK-1500W.png\",\"contentUrl\":\"https:\\\/\\\/kem-europe.eu\\\/wp-content\\\/uploads\\\/2025\\\/02\\\/KEM2019-BLACK-1500W.png\",\"width\":1500,\"height\":626,\"caption\":\"KEM Europe\"},\"image\":{\"@id\":\"https:\\\/\\\/kem-europe.eu\\\/#\\\/schema\\\/logo\\\/image\\\/\"}}]}<\/script>\n<!-- \/ Yoast SEO plugin. -->","yoast_head_json":{"title":"D'Orly HULKForce Premium Trocknungsbohrer 1 1\/4\" - \u00d832 bis \u00d8202 mm - KEM Europe","description":"Entdecken Sie die D'Orly HULKForce Premium Diamantbohrkrone f\u00fcr Trockenbohrungen in Stahlbeton. Mit ZENESIS Technologie, Soft-Stroke-Funktion und langer Lebensdauer.","robots":{"index":"index","follow":"follow","max-snippet":"max-snippet:-1","max-image-preview":"max-image-preview:large","max-video-preview":"max-video-preview:-1"},"canonical":"https:\/\/kem-europe.eu\/de\/produkt\/dorly-hulkforce-premium-diamantbohrer-trocken-1-1-4-400mm\/","og_locale":"de_DE","og_type":"article","og_title":"D\u2019Orly HULKForce Premium Droogboor 1 1\/4\u201d \u2013 \u00d832 t\/m \u00d8202 mm - KEM Europe","og_description":"Ontdek de D\u2019Orly HULKForce Premium diamantboor voor droogboren in gewapend beton. Met ZENESIS-technologie, softslagfunctie en lange levensduur.","og_url":"https:\/\/kem-europe.eu\/de\/produkt\/dorly-hulkforce-premium-diamantbohrer-trocken-1-1-4-400mm\/","og_site_name":"KEM Europe","article_modified_time":"2025-10-28T11:32:52+00:00","og_image":[{"width":700,"height":700,"url":"https:\/\/kem-europe.eu\/wp-content\/uploads\/2025\/08\/Ontwerp-zonder-titel-6.webp","type":"image\/webp"}],"twitter_card":"summary_large_image","twitter_misc":{"Gesch\u00e4tzte Lesezeit":"2\u00a0Minuten"},"schema":{"@context":"https:\/\/schema.org","@graph":[{"@type":"WebPage","@id":"https:\/\/kem-europe.eu\/product\/dorly-hulkforce-premium-diamantboor-droog-1-1-4-400mm\/","url":"https:\/\/kem-europe.eu\/product\/dorly-hulkforce-premium-diamantboor-droog-1-1-4-400mm\/","name":"D'Orly HULKForce Premium Trocknungsbohrer 1 1\/4\" - \u00d832 bis \u00d8202 mm - KEM Europe","isPartOf":{"@id":"https:\/\/kem-europe.eu\/#website"},"primaryImageOfPage":{"@id":"https:\/\/kem-europe.eu\/product\/dorly-hulkforce-premium-diamantboor-droog-1-1-4-400mm\/#primaryimage"},"image":{"@id":"https:\/\/kem-europe.eu\/product\/dorly-hulkforce-premium-diamantboor-droog-1-1-4-400mm\/#primaryimage"},"thumbnailUrl":"https:\/\/kem-europe.eu\/wp-content\/uploads\/2025\/08\/Ontwerp-zonder-titel-6.webp","datePublished":"2025-08-25T14:41:00+00:00","dateModified":"2025-10-28T11:32:52+00:00","description":"Entdecken Sie die D'Orly HULKForce Premium Diamantbohrkrone f\u00fcr Trockenbohrungen in Stahlbeton. Mit ZENESIS Technologie, Soft-Stroke-Funktion und langer Lebensdauer.","breadcrumb":{"@id":"https:\/\/kem-europe.eu\/product\/dorly-hulkforce-premium-diamantboor-droog-1-1-4-400mm\/#breadcrumb"},"inLanguage":"de","potentialAction":[{"@type":"ReadAction","target":["https:\/\/kem-europe.eu\/product\/dorly-hulkforce-premium-diamantboor-droog-1-1-4-400mm\/"]}]},{"@type":"ImageObject","inLanguage":"de","@id":"https:\/\/kem-europe.eu\/product\/dorly-hulkforce-premium-diamantboor-droog-1-1-4-400mm\/#primaryimage","url":"https:\/\/kem-europe.eu\/wp-content\/uploads\/2025\/08\/Ontwerp-zonder-titel-6.webp","contentUrl":"https:\/\/kem-europe.eu\/wp-content\/uploads\/2025\/08\/Ontwerp-zonder-titel-6.webp","width":700,"height":700,"caption":"D\u2019Orly HULKForce Premium Droog Diamantboor \u2013 1 1\/4\u201d x 400 mm \u2013 Softslagfunctie \u2013 \u00d832 t\/m \u00d8202 mm"},{"@type":"BreadcrumbList","@id":"https:\/\/kem-europe.eu\/product\/dorly-hulkforce-premium-diamantboor-droog-1-1-4-400mm\/#breadcrumb","itemListElement":[{"@type":"ListItem","position":1,"name":"Home","item":"https:\/\/kem-europe.eu\/"},{"@type":"ListItem","position":2,"name":"Winkel","item":"https:\/\/kem-europe.eu\/winkel\/"},{"@type":"ListItem","position":3,"name":"D\u2019Orly HULKForce Premium Droog Diamantboor \u2013 1 1\/4\u201d x 400 mm \u2013 Softslagfunctie \u2013 \u00d832 t\/m \u00d8202 mm"}]},{"@type":"WebSite","@id":"https:\/\/kem-europe.eu\/#website","url":"https:\/\/kem-europe.eu\/","name":"KEM Europe","description":"","publisher":{"@id":"https:\/\/kem-europe.eu\/#organization"},"potentialAction":[{"@type":"SearchAction","target":{"@type":"EntryPoint","urlTemplate":"https:\/\/kem-europe.eu\/?s={search_term_string}"},"query-input":{"@type":"PropertyValueSpecification","valueRequired":true,"valueName":"search_term_string"}}],"inLanguage":"de"},{"@type":"Organization","@id":"https:\/\/kem-europe.eu\/#organization","name":"KEM Europe","url":"https:\/\/kem-europe.eu\/","logo":{"@type":"ImageObject","inLanguage":"de","@id":"https:\/\/kem-europe.eu\/#\/schema\/logo\/image\/","url":"https:\/\/kem-europe.eu\/wp-content\/uploads\/2025\/02\/KEM2019-BLACK-1500W.png","contentUrl":"https:\/\/kem-europe.eu\/wp-content\/uploads\/2025\/02\/KEM2019-BLACK-1500W.png","width":1500,"height":626,"caption":"KEM Europe"},"image":{"@id":"https:\/\/kem-europe.eu\/#\/schema\/logo\/image\/"}}]}},"_links":{"self":[{"href":"https:\/\/kem-europe.eu\/de\/wp-json\/wp\/v2\/product\/7771","targetHints":{"allow":["GET"]}}],"collection":[{"href":"https:\/\/kem-europe.eu\/de\/wp-json\/wp\/v2\/product"}],"about":[{"href":"https:\/\/kem-europe.eu\/de\/wp-json\/wp\/v2\/types\/product"}],"replies":[{"embeddable":true,"href":"https:\/\/kem-europe.eu\/de\/wp-json\/wp\/v2\/comments?post=7771"}],"wp:featuredmedia":[{"embeddable":true,"href":"https:\/\/kem-europe.eu\/de\/wp-json\/wp\/v2\/media\/7776"}],"wp:attachment":[{"href":"https:\/\/kem-europe.eu\/de\/wp-json\/wp\/v2\/media?parent=7771"}],"wp:term":[{"taxonomy":"product_brand","embeddable":true,"href":"https:\/\/kem-europe.eu\/de\/wp-json\/wp\/v2\/product_brand?post=7771"},{"taxonomy":"product_cat","embeddable":true,"href":"https:\/\/kem-europe.eu\/de\/wp-json\/wp\/v2\/product_cat?post=7771"},{"taxonomy":"product_tag","embeddable":true,"href":"https:\/\/kem-europe.eu\/de\/wp-json\/wp\/v2\/product_tag?post=7771"}],"curies":[{"name":"wp","href":"https:\/\/api.w.org\/{rel}","templated":true}]}}