{"id":7794,"date":"2025-08-26T07:09:24","date_gmt":"2025-08-26T07:09:24","guid":{"rendered":"https:\/\/kem-europe.eu\/?post_type=product&#038;p=7794"},"modified":"2025-08-26T07:27:51","modified_gmt":"2025-08-26T07:27:51","slug":"eggenberg-rollenbahn-1-2-3-meter","status":"publish","type":"product","link":"https:\/\/kem-europe.eu\/de\/product\/eggenberg-rollenbaan-1-2-3-meter\/","title":{"rendered":"Eggenberger Rollenbahn - 1 \/ 2 \/ 3 Meter"},"content":{"rendered":"<h2 data-start=\"316\" data-end=\"345\"><strong data-start=\"319\" data-end=\"343\">Eggenberger Achterbahn<\/strong><\/h2>\n<p data-start=\"346\" data-end=\"996\">Die Eggenberg Rollenbahn ist ein praktischer und zuverl\u00e4ssiger Helfer bei der Bearbeitung langer und schwerer Werkst\u00fccke. Sie k\u00f6nnen die Rollenbahn sowohl vor als auch hinter der Bands\u00e4gemaschine positionieren und sorgen so f\u00fcr einen reibungslosen Materialeinzug sowie einen sauberen Abtransport. Dank des stabilen U-Profils und der massiven, verzinkten Stahlrollen werden die Werkst\u00fccke gleichm\u00e4\u00dfig und effizient transportiert. Die Rollenbahn ist stufenlos h\u00f6henverstellbar und fest verankert, so dass ein stabiler Halt jederzeit gew\u00e4hrleistet ist. Au\u00dferdem k\u00f6nnen Sie mehrere Rollenbahnen einfach miteinander verbinden und so den Arbeitsraum flexibel erweitern.<\/p>\n<p data-start=\"346\" data-end=\"996\"><em>Ideal f\u00fcr die Verwendung mit <a href=\"https:\/\/kem-europe.eu\/de\/produktkategorie\/maschinen\/bandsagemaschine\/\"><strong>Eggenberg Bands\u00e4gen<\/strong><\/a>aber auch universell auf andere Maschinen anwendbar.<\/em><\/p>\n<h3 data-start=\"998\" data-end=\"1025\">Verf\u00fcgbare Varianten<\/h3>\n<div class=\"_tableContainer_sk2ct_1\">\n<div class=\"_tableWrapper_sk2ct_13 group flex w-fit flex-col-reverse\" tabindex=\"-1\">\n<table class=\"w-fit min-w-(--thread-content-width)\" data-start=\"1026\" data-end=\"1685\">\n<thead data-start=\"1026\" data-end=\"1172\">\n<tr data-start=\"1026\" data-end=\"1172\">\n<th data-start=\"1026\" data-end=\"1036\" data-col-size=\"sm\">Variante<\/th>\n<th data-start=\"1036\" data-end=\"1049\" data-col-size=\"sm\">L\u00e4nge der Start- und Landebahn<\/th>\n<th data-start=\"1049\" data-end=\"1065\" data-col-size=\"sm\">Breite der Rolle<\/th>\n<th data-start=\"1065\" data-end=\"1082\" data-col-size=\"sm\">Durchmesser der Rolle<\/th>\n<th data-start=\"1082\" data-end=\"1102\" data-col-size=\"sm\">H\u00f6henverstellung<\/th>\n<th data-start=\"1102\" data-end=\"1124\" data-col-size=\"sm\">Tragf\u00e4higkeit max.<\/th>\n<th data-start=\"1124\" data-end=\"1144\" data-col-size=\"sm\">Durchmesser des Standrohrs<\/th>\n<th data-start=\"1144\" data-end=\"1161\" data-col-size=\"sm\">Abmessungen (LxB)<\/th>\n<th data-start=\"1161\" data-end=\"1172\" data-col-size=\"sm\">Gewicht<\/th>\n<\/tr>\n<\/thead>\n<tbody data-start=\"1321\" data-end=\"1685\">\n<tr data-start=\"1321\" data-end=\"1441\">\n<td data-start=\"1321\" data-end=\"1352\" data-col-size=\"sm\"><strong data-start=\"1323\" data-end=\"1351\">Eggenberger Rollenbahn 1 m<\/strong><\/td>\n<td data-col-size=\"sm\" data-start=\"1352\" data-end=\"1362\">1000 mm<\/td>\n<td data-col-size=\"sm\" data-start=\"1362\" data-end=\"1371\">360 mm<\/td>\n<td data-col-size=\"sm\" data-start=\"1371\" data-end=\"1379\">60 mm<\/td>\n<td data-col-size=\"sm\" data-start=\"1379\" data-end=\"1395\">620 - 1055 mm<\/td>\n<td data-col-size=\"sm\" data-start=\"1395\" data-end=\"1404\">500 kg<\/td>\n<td data-col-size=\"sm\" data-start=\"1404\" data-end=\"1412\">50 mm<\/td>\n<td data-col-size=\"sm\" data-start=\"1412\" data-end=\"1428\">1000 \u00d7 450 mm<\/td>\n<td data-col-size=\"sm\" data-start=\"1428\" data-end=\"1441\">ca. 38 kg<\/td>\n<\/tr>\n<tr data-start=\"1442\" data-end=\"1562\">\n<td data-start=\"1442\" data-end=\"1473\" data-col-size=\"sm\"><strong data-start=\"1444\" data-end=\"1472\">Eggenberger Rollenbahn 2 m<\/strong><\/td>\n<td data-col-size=\"sm\" data-start=\"1473\" data-end=\"1483\">2000 mm<\/td>\n<td data-col-size=\"sm\" data-start=\"1483\" data-end=\"1492\">360 mm<\/td>\n<td data-col-size=\"sm\" data-start=\"1492\" data-end=\"1500\">60 mm<\/td>\n<td data-col-size=\"sm\" data-start=\"1500\" data-end=\"1516\">620 - 1055 mm<\/td>\n<td data-col-size=\"sm\" data-start=\"1516\" data-end=\"1525\">700 kg<\/td>\n<td data-col-size=\"sm\" data-start=\"1525\" data-end=\"1533\">50 mm<\/td>\n<td data-col-size=\"sm\" data-start=\"1533\" data-end=\"1549\">2000 \u00d7 450 mm<\/td>\n<td data-col-size=\"sm\" data-start=\"1549\" data-end=\"1562\">ca. 54 kg<\/td>\n<\/tr>\n<tr data-start=\"1563\" data-end=\"1685\">\n<td data-start=\"1563\" data-end=\"1594\" data-col-size=\"sm\"><strong data-start=\"1565\" data-end=\"1593\">Eggenberger Rollenbahn 3 m<\/strong><\/td>\n<td data-col-size=\"sm\" data-start=\"1594\" data-end=\"1604\">3000 mm<\/td>\n<td data-col-size=\"sm\" data-start=\"1604\" data-end=\"1613\">360 mm<\/td>\n<td data-col-size=\"sm\" data-start=\"1613\" data-end=\"1621\">60 mm<\/td>\n<td data-col-size=\"sm\" data-start=\"1621\" data-end=\"1637\">620 - 1055 mm<\/td>\n<td data-col-size=\"sm\" data-start=\"1637\" data-end=\"1646\">900 kg<\/td>\n<td data-col-size=\"sm\" data-start=\"1646\" data-end=\"1654\">50 mm<\/td>\n<td data-col-size=\"sm\" data-start=\"1654\" data-end=\"1670\">3000 \u00d7 450 mm<\/td>\n<td data-col-size=\"sm\" data-start=\"1670\" data-end=\"1685\">ca. 66 kg<\/td>\n<\/tr>\n<\/tbody>\n<\/table>\n<\/div>\n<\/div>","protected":false},"excerpt":{"rendered":"<p data-start=\"153\" data-end=\"451\">Die Eggenberg Rollenbahn macht den Transport von schweren und langen Werkst\u00fccken einfach und sicher. Dank der robusten Konstruktion und der M\u00f6glichkeit, mehrere Bahnen zu verbinden, arbeiten Sie reibungslos und flexibel - ideal in Kombination mit <a href=\"https:\/\/kem-europe.eu\/de\/produktkategorie\/maschinen\/bandsagemaschine\/\">Eggenberg Bands\u00e4gen<\/a>.<\/p>","protected":false},"featured_media":7797,"comment_status":"open","ping_status":"closed","template":"","meta":[],"product_brand":[698],"product_cat":[508,757,24],"product_tag":[],"class_list":{"0":"post-7794","1":"product","2":"type-product","3":"status-publish","4":"has-post-thumbnail","6":"product_brand-eggenberg","7":"product_cat-bandzaagmachine-toebehoren","8":"product_cat-rollenbaan","9":"product_cat-toebehoren","11":"first","12":"instock","13":"shipping-taxable","14":"purchasable","15":"product-type-variable"},"ct_brands":[{"id":698,"name":"EGGENBERG","slug":"eggenberg"}],"yoast_head":"<!-- This site is optimized with the Yoast SEO plugin v27.3 - https:\/\/yoast.com\/product\/yoast-seo-wordpress\/ -->\n<title>Eggenberg Rollenbaan \u2013 1m, 2m &amp; 3m | Verstelbaar - KEM Europe<\/title>\n<meta name=\"description\" content=\"Eggenberg Rollenbanen voor soepel transport van zware werkstukken. Verkrijgbaar in 1, 2 en 3 meter. Tot 900 kg belastbaar, ideaal met Eggenberg bandzaagmachines.\" \/>\n<meta name=\"robots\" content=\"index, follow, max-snippet:-1, max-image-preview:large, max-video-preview:-1\" \/>\n<link rel=\"canonical\" href=\"https:\/\/kem-europe.eu\/de\/produkt\/eggenberg-rollenbahn-1-2-3-meter\/\" \/>\n<meta property=\"og:locale\" content=\"de_DE\" \/>\n<meta property=\"og:type\" content=\"article\" \/>\n<meta property=\"og:title\" content=\"Eggenberg Rollenbaan \u2013 1m, 2m &amp; 3m | Verstelbaar - KEM Europe\" \/>\n<meta property=\"og:description\" content=\"Eggenberg Rollenbanen voor soepel transport van zware werkstukken. Verkrijgbaar in 1, 2 en 3 meter. Tot 900 kg belastbaar, ideaal met Eggenberg bandzaagmachines.\" \/>\n<meta property=\"og:url\" content=\"https:\/\/kem-europe.eu\/de\/produkt\/eggenberg-rollenbahn-1-2-3-meter\/\" \/>\n<meta property=\"og:site_name\" content=\"KEM Europe\" \/>\n<meta property=\"article:modified_time\" content=\"2025-08-26T07:27:51+00:00\" \/>\n<meta property=\"og:image\" content=\"https:\/\/kem-europe.eu\/wp-content\/uploads\/2025\/08\/3m-rollenbaan-3.png\" \/>\n\t<meta property=\"og:image:width\" content=\"700\" \/>\n\t<meta property=\"og:image:height\" content=\"700\" \/>\n\t<meta property=\"og:image:type\" content=\"image\/png\" \/>\n<meta name=\"twitter:card\" content=\"summary_large_image\" \/>\n<meta name=\"twitter:label1\" content=\"Gesch\u00e4tzte Lesezeit\" \/>\n\t<meta name=\"twitter:data1\" content=\"2\u00a0Minuten\" \/>\n<script type=\"application\/ld+json\" class=\"yoast-schema-graph\">{\"@context\":\"https:\\\/\\\/schema.org\",\"@graph\":[{\"@type\":\"WebPage\",\"@id\":\"https:\\\/\\\/kem-europe.eu\\\/product\\\/eggenberg-rollenbaan-1-2-3-meter\\\/\",\"url\":\"https:\\\/\\\/kem-europe.eu\\\/product\\\/eggenberg-rollenbaan-1-2-3-meter\\\/\",\"name\":\"Eggenberg Rollenbaan \u2013 1m, 2m & 3m | Verstelbaar - KEM Europe\",\"isPartOf\":{\"@id\":\"https:\\\/\\\/kem-europe.eu\\\/#website\"},\"primaryImageOfPage\":{\"@id\":\"https:\\\/\\\/kem-europe.eu\\\/product\\\/eggenberg-rollenbaan-1-2-3-meter\\\/#primaryimage\"},\"image\":{\"@id\":\"https:\\\/\\\/kem-europe.eu\\\/product\\\/eggenberg-rollenbaan-1-2-3-meter\\\/#primaryimage\"},\"thumbnailUrl\":\"https:\\\/\\\/kem-europe.eu\\\/wp-content\\\/uploads\\\/2025\\\/08\\\/3m-rollenbaan-3.png\",\"datePublished\":\"2025-08-26T07:09:24+00:00\",\"dateModified\":\"2025-08-26T07:27:51+00:00\",\"description\":\"Eggenberg Rollenbanen voor soepel transport van zware werkstukken. Verkrijgbaar in 1, 2 en 3 meter. Tot 900 kg belastbaar, ideaal met Eggenberg bandzaagmachines.\",\"breadcrumb\":{\"@id\":\"https:\\\/\\\/kem-europe.eu\\\/product\\\/eggenberg-rollenbaan-1-2-3-meter\\\/#breadcrumb\"},\"inLanguage\":\"de\",\"potentialAction\":[{\"@type\":\"ReadAction\",\"target\":[\"https:\\\/\\\/kem-europe.eu\\\/product\\\/eggenberg-rollenbaan-1-2-3-meter\\\/\"]}]},{\"@type\":\"ImageObject\",\"inLanguage\":\"de\",\"@id\":\"https:\\\/\\\/kem-europe.eu\\\/product\\\/eggenberg-rollenbaan-1-2-3-meter\\\/#primaryimage\",\"url\":\"https:\\\/\\\/kem-europe.eu\\\/wp-content\\\/uploads\\\/2025\\\/08\\\/3m-rollenbaan-3.png\",\"contentUrl\":\"https:\\\/\\\/kem-europe.eu\\\/wp-content\\\/uploads\\\/2025\\\/08\\\/3m-rollenbaan-3.png\",\"width\":700,\"height\":700,\"caption\":\"Eggenberg Rollenbaan - 1 \\\/ 2 \\\/ 3 meter\"},{\"@type\":\"BreadcrumbList\",\"@id\":\"https:\\\/\\\/kem-europe.eu\\\/product\\\/eggenberg-rollenbaan-1-2-3-meter\\\/#breadcrumb\",\"itemListElement\":[{\"@type\":\"ListItem\",\"position\":1,\"name\":\"Home\",\"item\":\"https:\\\/\\\/kem-europe.eu\\\/\"},{\"@type\":\"ListItem\",\"position\":2,\"name\":\"Winkel\",\"item\":\"https:\\\/\\\/kem-europe.eu\\\/winkel\\\/\"},{\"@type\":\"ListItem\",\"position\":3,\"name\":\"Eggenberg Rollenbaan &#8211; 1 \\\/ 2 \\\/ 3 meter\"}]},{\"@type\":\"WebSite\",\"@id\":\"https:\\\/\\\/kem-europe.eu\\\/#website\",\"url\":\"https:\\\/\\\/kem-europe.eu\\\/\",\"name\":\"KEM Europe\",\"description\":\"\",\"publisher\":{\"@id\":\"https:\\\/\\\/kem-europe.eu\\\/#organization\"},\"potentialAction\":[{\"@type\":\"SearchAction\",\"target\":{\"@type\":\"EntryPoint\",\"urlTemplate\":\"https:\\\/\\\/kem-europe.eu\\\/?s={search_term_string}\"},\"query-input\":{\"@type\":\"PropertyValueSpecification\",\"valueRequired\":true,\"valueName\":\"search_term_string\"}}],\"inLanguage\":\"de\"},{\"@type\":\"Organization\",\"@id\":\"https:\\\/\\\/kem-europe.eu\\\/#organization\",\"name\":\"KEM Europe\",\"url\":\"https:\\\/\\\/kem-europe.eu\\\/\",\"logo\":{\"@type\":\"ImageObject\",\"inLanguage\":\"de\",\"@id\":\"https:\\\/\\\/kem-europe.eu\\\/#\\\/schema\\\/logo\\\/image\\\/\",\"url\":\"https:\\\/\\\/kem-europe.eu\\\/wp-content\\\/uploads\\\/2025\\\/02\\\/KEM2019-BLACK-1500W.png\",\"contentUrl\":\"https:\\\/\\\/kem-europe.eu\\\/wp-content\\\/uploads\\\/2025\\\/02\\\/KEM2019-BLACK-1500W.png\",\"width\":1500,\"height\":626,\"caption\":\"KEM Europe\"},\"image\":{\"@id\":\"https:\\\/\\\/kem-europe.eu\\\/#\\\/schema\\\/logo\\\/image\\\/\"}}]}<\/script>\n<!-- \/ Yoast SEO plugin. -->","yoast_head_json":{"title":"Eggenberg Rollenbahn - 1m, 2m &amp; 3m | Einstellbar - KEM Europe","description":"Eggenberg Rollenbahnen f\u00fcr den reibungslosen Transport von schweren Werkst\u00fccken. Erh\u00e4ltlich in 1, 2 und 3 Metern. Tragkraft bis zu 900 kg, ideal mit Eggenberg Bands\u00e4gen.","robots":{"index":"index","follow":"follow","max-snippet":"max-snippet:-1","max-image-preview":"max-image-preview:large","max-video-preview":"max-video-preview:-1"},"canonical":"https:\/\/kem-europe.eu\/de\/produkt\/eggenberg-rollenbahn-1-2-3-meter\/","og_locale":"de_DE","og_type":"article","og_title":"Eggenberg Rollenbaan \u2013 1m, 2m & 3m | Verstelbaar - KEM Europe","og_description":"Eggenberg Rollenbanen voor soepel transport van zware werkstukken. Verkrijgbaar in 1, 2 en 3 meter. Tot 900 kg belastbaar, ideaal met Eggenberg bandzaagmachines.","og_url":"https:\/\/kem-europe.eu\/de\/produkt\/eggenberg-rollenbahn-1-2-3-meter\/","og_site_name":"KEM Europe","article_modified_time":"2025-08-26T07:27:51+00:00","og_image":[{"width":700,"height":700,"url":"https:\/\/kem-europe.eu\/wp-content\/uploads\/2025\/08\/3m-rollenbaan-3.png","type":"image\/png"}],"twitter_card":"summary_large_image","twitter_misc":{"Gesch\u00e4tzte Lesezeit":"2\u00a0Minuten"},"schema":{"@context":"https:\/\/schema.org","@graph":[{"@type":"WebPage","@id":"https:\/\/kem-europe.eu\/product\/eggenberg-rollenbaan-1-2-3-meter\/","url":"https:\/\/kem-europe.eu\/product\/eggenberg-rollenbaan-1-2-3-meter\/","name":"Eggenberg Rollenbahn - 1m, 2m &amp; 3m | Einstellbar - KEM Europe","isPartOf":{"@id":"https:\/\/kem-europe.eu\/#website"},"primaryImageOfPage":{"@id":"https:\/\/kem-europe.eu\/product\/eggenberg-rollenbaan-1-2-3-meter\/#primaryimage"},"image":{"@id":"https:\/\/kem-europe.eu\/product\/eggenberg-rollenbaan-1-2-3-meter\/#primaryimage"},"thumbnailUrl":"https:\/\/kem-europe.eu\/wp-content\/uploads\/2025\/08\/3m-rollenbaan-3.png","datePublished":"2025-08-26T07:09:24+00:00","dateModified":"2025-08-26T07:27:51+00:00","description":"Eggenberg Rollenbahnen f\u00fcr den reibungslosen Transport von schweren Werkst\u00fccken. Erh\u00e4ltlich in 1, 2 und 3 Metern. Tragkraft bis zu 900 kg, ideal mit Eggenberg Bands\u00e4gen.","breadcrumb":{"@id":"https:\/\/kem-europe.eu\/product\/eggenberg-rollenbaan-1-2-3-meter\/#breadcrumb"},"inLanguage":"de","potentialAction":[{"@type":"ReadAction","target":["https:\/\/kem-europe.eu\/product\/eggenberg-rollenbaan-1-2-3-meter\/"]}]},{"@type":"ImageObject","inLanguage":"de","@id":"https:\/\/kem-europe.eu\/product\/eggenberg-rollenbaan-1-2-3-meter\/#primaryimage","url":"https:\/\/kem-europe.eu\/wp-content\/uploads\/2025\/08\/3m-rollenbaan-3.png","contentUrl":"https:\/\/kem-europe.eu\/wp-content\/uploads\/2025\/08\/3m-rollenbaan-3.png","width":700,"height":700,"caption":"Eggenberg Rollenbaan - 1 \/ 2 \/ 3 meter"},{"@type":"BreadcrumbList","@id":"https:\/\/kem-europe.eu\/product\/eggenberg-rollenbaan-1-2-3-meter\/#breadcrumb","itemListElement":[{"@type":"ListItem","position":1,"name":"Home","item":"https:\/\/kem-europe.eu\/"},{"@type":"ListItem","position":2,"name":"Winkel","item":"https:\/\/kem-europe.eu\/winkel\/"},{"@type":"ListItem","position":3,"name":"Eggenberg Rollenbaan &#8211; 1 \/ 2 \/ 3 meter"}]},{"@type":"WebSite","@id":"https:\/\/kem-europe.eu\/#website","url":"https:\/\/kem-europe.eu\/","name":"KEM Europe","description":"","publisher":{"@id":"https:\/\/kem-europe.eu\/#organization"},"potentialAction":[{"@type":"SearchAction","target":{"@type":"EntryPoint","urlTemplate":"https:\/\/kem-europe.eu\/?s={search_term_string}"},"query-input":{"@type":"PropertyValueSpecification","valueRequired":true,"valueName":"search_term_string"}}],"inLanguage":"de"},{"@type":"Organization","@id":"https:\/\/kem-europe.eu\/#organization","name":"KEM Europe","url":"https:\/\/kem-europe.eu\/","logo":{"@type":"ImageObject","inLanguage":"de","@id":"https:\/\/kem-europe.eu\/#\/schema\/logo\/image\/","url":"https:\/\/kem-europe.eu\/wp-content\/uploads\/2025\/02\/KEM2019-BLACK-1500W.png","contentUrl":"https:\/\/kem-europe.eu\/wp-content\/uploads\/2025\/02\/KEM2019-BLACK-1500W.png","width":1500,"height":626,"caption":"KEM Europe"},"image":{"@id":"https:\/\/kem-europe.eu\/#\/schema\/logo\/image\/"}}]}},"_links":{"self":[{"href":"https:\/\/kem-europe.eu\/de\/wp-json\/wp\/v2\/product\/7794","targetHints":{"allow":["GET"]}}],"collection":[{"href":"https:\/\/kem-europe.eu\/de\/wp-json\/wp\/v2\/product"}],"about":[{"href":"https:\/\/kem-europe.eu\/de\/wp-json\/wp\/v2\/types\/product"}],"replies":[{"embeddable":true,"href":"https:\/\/kem-europe.eu\/de\/wp-json\/wp\/v2\/comments?post=7794"}],"wp:featuredmedia":[{"embeddable":true,"href":"https:\/\/kem-europe.eu\/de\/wp-json\/wp\/v2\/media\/7797"}],"wp:attachment":[{"href":"https:\/\/kem-europe.eu\/de\/wp-json\/wp\/v2\/media?parent=7794"}],"wp:term":[{"taxonomy":"product_brand","embeddable":true,"href":"https:\/\/kem-europe.eu\/de\/wp-json\/wp\/v2\/product_brand?post=7794"},{"taxonomy":"product_cat","embeddable":true,"href":"https:\/\/kem-europe.eu\/de\/wp-json\/wp\/v2\/product_cat?post=7794"},{"taxonomy":"product_tag","embeddable":true,"href":"https:\/\/kem-europe.eu\/de\/wp-json\/wp\/v2\/product_tag?post=7794"}],"curies":[{"name":"wp","href":"https:\/\/api.w.org\/{rel}","templated":true}]}}