{"id":7795,"date":"2025-08-26T07:17:02","date_gmt":"2025-08-26T07:17:02","guid":{"rendered":"https:\/\/kem-europe.eu\/?post_type=product&#038;p=7795"},"modified":"2025-08-26T07:28:27","modified_gmt":"2025-08-26T07:28:27","slug":"eggenberg-rollenbahn-mit-langenanschlag-1-2-3-meter","status":"publish","type":"product","link":"https:\/\/kem-europe.eu\/de\/product\/eggenberg-rollenbaan-met-lengteaanslag-1-2-3-meter\/","title":{"rendered":"Eggenberg Rollenbahn mit L\u00e4ngenanschlag - 1 \/ 2 \/ 3 Meter"},"content":{"rendered":"<h2>Eggenberger Rollenbahn mit L\u00e4ngenanschlag<\/h2>\n<p data-start=\"201\" data-end=\"1166\">Die Eggenberg Rollenbahn mit L\u00e4ngenanschlag ist die L\u00f6sung, wenn Sie lange und schwere Werkst\u00fccke nicht nur sicher abst\u00fctzen, sondern auch exakt positionieren wollen. Sie k\u00f6nnen die Rollenbahn entweder vor oder hinter der Bands\u00e4gemaschine positionieren, was einen reibungslosen Materialvorschub und einen sauberen Abtransport gew\u00e4hrleistet. Der klappbare Materialanschlag kann sowohl links als auch rechts eingesetzt werden und ist zudem leicht verschiebbar, was f\u00fcr maximale Flexibilit\u00e4t sorgt. Dank des stabilen U-Profils und der massiven, verzinkten Stahlrollen ist ein reibungsloser und zuverl\u00e4ssiger Transport gew\u00e4hrleistet. Die Schiene ist stufenlos h\u00f6henverstellbar und \u00fcber Stahlstellf\u00fc\u00dfe fest fixiert, so dass die Werkst\u00fccke immer stabil bleiben. Au\u00dferdem lassen sich mehrere Rollenbahnen problemlos miteinander verbinden, so dass Sie den Arbeitsbereich schnell erweitern k\u00f6nnen.<\/p>\n<p data-start=\"201\" data-end=\"1166\"><em>Besonders geeignet in Kombination mit<a href=\"https:\/\/kem-europe.eu\/de\/produktkategorie\/maschinen\/bandsagemaschine\/\"><strong> Eggenberg Bands\u00e4gen<\/strong><\/a>aber auch auf anderen S\u00e4ge- und Bearbeitungsmaschinen einsetzbar.<\/em><\/p>\n<h3 data-start=\"1817\" data-end=\"1852\"><strong data-start=\"1821\" data-end=\"1850\">Spezifikationen pro Variante<\/strong><\/h3>\n<div class=\"_tableContainer_sk2ct_1\">\n<div class=\"_tableWrapper_sk2ct_13 group flex w-fit flex-col-reverse\" tabindex=\"-1\">\n<table class=\"w-fit min-w-(--thread-content-width)\" data-start=\"1854\" data-end=\"2485\">\n<thead data-start=\"1854\" data-end=\"1983\">\n<tr data-start=\"1854\" data-end=\"1983\">\n<th data-start=\"1854\" data-end=\"1864\" data-col-size=\"md\">Variante<\/th>\n<th data-start=\"1864\" data-end=\"1877\" data-col-size=\"sm\">L\u00e4nge der Start- und Landebahn<\/th>\n<th data-start=\"1877\" data-end=\"1893\" data-col-size=\"sm\">Breite der Rolle<\/th>\n<th data-start=\"1893\" data-end=\"1910\" data-col-size=\"sm\">Durchmesser der Rolle<\/th>\n<th data-start=\"1910\" data-end=\"1930\" data-col-size=\"sm\">H\u00f6henverstellung<\/th>\n<th data-start=\"1930\" data-end=\"1952\" data-col-size=\"sm\">Tragf\u00e4higkeit max.<\/th>\n<th data-start=\"1952\" data-end=\"1972\" data-col-size=\"sm\">Durchmesser des Standrohrs<\/th>\n<th data-start=\"1972\" data-end=\"1983\" data-col-size=\"sm\">Gewicht<\/th>\n<\/tr>\n<\/thead>\n<tbody data-start=\"2115\" data-end=\"2485\">\n<tr data-start=\"2115\" data-end=\"2237\">\n<td data-start=\"2115\" data-end=\"2164\" data-col-size=\"md\"><strong data-start=\"2117\" data-end=\"2163\">Eggenberg Rollenbahn mit L\u00e4ngenanschlag 1 m<\/strong><\/td>\n<td data-col-size=\"sm\" data-start=\"2164\" data-end=\"2174\">1000 mm<\/td>\n<td data-col-size=\"sm\" data-start=\"2174\" data-end=\"2183\">360 mm<\/td>\n<td data-col-size=\"sm\" data-start=\"2183\" data-end=\"2191\">60 mm<\/td>\n<td data-col-size=\"sm\" data-start=\"2191\" data-end=\"2207\">620 - 1055 mm<\/td>\n<td data-col-size=\"sm\" data-start=\"2207\" data-end=\"2216\">500 kg<\/td>\n<td data-col-size=\"sm\" data-start=\"2216\" data-end=\"2224\">50 mm<\/td>\n<td data-col-size=\"sm\" data-start=\"2224\" data-end=\"2237\">ca. 42 kg<\/td>\n<\/tr>\n<tr data-start=\"2238\" data-end=\"2360\">\n<td data-start=\"2238\" data-end=\"2287\" data-col-size=\"md\"><strong data-start=\"2240\" data-end=\"2286\">Eggenberg Rollenbahn mit L\u00e4ngenanschlag 2 m<\/strong><\/td>\n<td data-col-size=\"sm\" data-start=\"2287\" data-end=\"2297\">2000 mm<\/td>\n<td data-col-size=\"sm\" data-start=\"2297\" data-end=\"2306\">360 mm<\/td>\n<td data-col-size=\"sm\" data-start=\"2306\" data-end=\"2314\">60 mm<\/td>\n<td data-col-size=\"sm\" data-start=\"2314\" data-end=\"2330\">620 - 1055 mm<\/td>\n<td data-col-size=\"sm\" data-start=\"2330\" data-end=\"2339\">700 kg<\/td>\n<td data-col-size=\"sm\" data-start=\"2339\" data-end=\"2347\">50 mm<\/td>\n<td data-col-size=\"sm\" data-start=\"2347\" data-end=\"2360\">ca. 54 kg<\/td>\n<\/tr>\n<tr data-start=\"2361\" data-end=\"2485\">\n<td data-start=\"2361\" data-end=\"2410\" data-col-size=\"md\"><strong data-start=\"2363\" data-end=\"2409\">Eggenberg Rollenbahn mit L\u00e4ngenanschlag 3 m<\/strong><\/td>\n<td data-start=\"2410\" data-end=\"2420\" data-col-size=\"sm\">3000 mm<\/td>\n<td data-start=\"2420\" data-end=\"2429\" data-col-size=\"sm\">360 mm<\/td>\n<td data-start=\"2429\" data-end=\"2437\" data-col-size=\"sm\">60 mm<\/td>\n<td data-start=\"2437\" data-end=\"2453\" data-col-size=\"sm\">620 - 1055 mm<\/td>\n<td data-start=\"2453\" data-end=\"2462\" data-col-size=\"sm\">900 kg<\/td>\n<td data-start=\"2462\" data-end=\"2470\" data-col-size=\"sm\">50 mm<\/td>\n<td data-start=\"2470\" data-end=\"2485\" data-col-size=\"sm\">ca. 70 kg<\/td>\n<\/tr>\n<\/tbody>\n<\/table>\n<\/div>\n<\/div>","protected":false},"excerpt":{"rendered":"<p data-start=\"1207\" data-end=\"1423\"><em>Die Eggenberg Rollenbahn mit L\u00e4ngenanschlag verbindet Stabilit\u00e4t mit Pr\u00e4zision. Dank dem verschiebbaren, klappbaren Anschlag positionieren Sie Werkst\u00fccke einfach und arbeiten reibungslos mit <a href=\"https:\/\/kem-europe.eu\/de\/produktkategorie\/maschinen\/bandsagemaschine\/\"><strong>Eggenberg Bands\u00e4gen<\/strong><\/a>.<\/em><\/p>","protected":false},"featured_media":7797,"comment_status":"open","ping_status":"closed","template":"","meta":[],"product_brand":[698],"product_cat":[508,757,24],"product_tag":[],"class_list":{"0":"post-7795","1":"product","2":"type-product","3":"status-publish","4":"has-post-thumbnail","6":"product_brand-eggenberg","7":"product_cat-bandzaagmachine-toebehoren","8":"product_cat-rollenbaan","9":"product_cat-toebehoren","11":"first","12":"instock","13":"shipping-taxable","14":"purchasable","15":"product-type-variable"},"ct_brands":[{"id":698,"name":"EGGENBERG","slug":"eggenberg"}],"yoast_head":"<!-- This site is optimized with the Yoast SEO plugin v27.3 - https:\/\/yoast.com\/product\/yoast-seo-wordpress\/ -->\n<title>Eggenberg Rollenbaan met Lengteaanslag \u2013 1m, 2m &amp; 3m - KEM Europe<\/title>\n<meta name=\"description\" content=\"Eggenberg Rollenbanen met lengteaanslag voor nauwkeurig materiaaltransport. Verkrijgbaar in 1, 2 en 3 meter. Klapbare aanslag, tot 900 kg belastbaar, ideaal bij Eggenberg bandzaagmachines.\" \/>\n<meta name=\"robots\" content=\"index, follow, max-snippet:-1, max-image-preview:large, max-video-preview:-1\" \/>\n<link rel=\"canonical\" href=\"https:\/\/kem-europe.eu\/de\/produkt\/eggenberg-rollenbahn-mit-langenanschlag-1-2-3-meter\/\" \/>\n<meta property=\"og:locale\" content=\"de_DE\" \/>\n<meta property=\"og:type\" content=\"article\" \/>\n<meta property=\"og:title\" content=\"Eggenberg Rollenbaan met Lengteaanslag \u2013 1m, 2m &amp; 3m - KEM Europe\" \/>\n<meta property=\"og:description\" content=\"Eggenberg Rollenbanen met lengteaanslag voor nauwkeurig materiaaltransport. Verkrijgbaar in 1, 2 en 3 meter. Klapbare aanslag, tot 900 kg belastbaar, ideaal bij Eggenberg bandzaagmachines.\" \/>\n<meta property=\"og:url\" content=\"https:\/\/kem-europe.eu\/de\/produkt\/eggenberg-rollenbahn-mit-langenanschlag-1-2-3-meter\/\" \/>\n<meta property=\"og:site_name\" content=\"KEM Europe\" \/>\n<meta property=\"article:modified_time\" content=\"2025-08-26T07:28:27+00:00\" \/>\n<meta property=\"og:image\" content=\"https:\/\/kem-europe.eu\/wp-content\/uploads\/2025\/08\/3m-rollenbaan-3.png\" \/>\n\t<meta property=\"og:image:width\" content=\"700\" \/>\n\t<meta property=\"og:image:height\" content=\"700\" \/>\n\t<meta property=\"og:image:type\" content=\"image\/png\" \/>\n<meta name=\"twitter:card\" content=\"summary_large_image\" \/>\n<meta name=\"twitter:label1\" content=\"Gesch\u00e4tzte Lesezeit\" \/>\n\t<meta name=\"twitter:data1\" content=\"2\u00a0Minuten\" \/>\n<script type=\"application\/ld+json\" class=\"yoast-schema-graph\">{\"@context\":\"https:\\\/\\\/schema.org\",\"@graph\":[{\"@type\":\"WebPage\",\"@id\":\"https:\\\/\\\/kem-europe.eu\\\/product\\\/eggenberg-rollenbaan-met-lengteaanslag-1-2-3-meter\\\/\",\"url\":\"https:\\\/\\\/kem-europe.eu\\\/product\\\/eggenberg-rollenbaan-met-lengteaanslag-1-2-3-meter\\\/\",\"name\":\"Eggenberg Rollenbaan met Lengteaanslag \u2013 1m, 2m & 3m - KEM Europe\",\"isPartOf\":{\"@id\":\"https:\\\/\\\/kem-europe.eu\\\/#website\"},\"primaryImageOfPage\":{\"@id\":\"https:\\\/\\\/kem-europe.eu\\\/product\\\/eggenberg-rollenbaan-met-lengteaanslag-1-2-3-meter\\\/#primaryimage\"},\"image\":{\"@id\":\"https:\\\/\\\/kem-europe.eu\\\/product\\\/eggenberg-rollenbaan-met-lengteaanslag-1-2-3-meter\\\/#primaryimage\"},\"thumbnailUrl\":\"https:\\\/\\\/kem-europe.eu\\\/wp-content\\\/uploads\\\/2025\\\/08\\\/3m-rollenbaan-3.png\",\"datePublished\":\"2025-08-26T07:17:02+00:00\",\"dateModified\":\"2025-08-26T07:28:27+00:00\",\"description\":\"Eggenberg Rollenbanen met lengteaanslag voor nauwkeurig materiaaltransport. Verkrijgbaar in 1, 2 en 3 meter. Klapbare aanslag, tot 900 kg belastbaar, ideaal bij Eggenberg bandzaagmachines.\",\"breadcrumb\":{\"@id\":\"https:\\\/\\\/kem-europe.eu\\\/product\\\/eggenberg-rollenbaan-met-lengteaanslag-1-2-3-meter\\\/#breadcrumb\"},\"inLanguage\":\"de\",\"potentialAction\":[{\"@type\":\"ReadAction\",\"target\":[\"https:\\\/\\\/kem-europe.eu\\\/product\\\/eggenberg-rollenbaan-met-lengteaanslag-1-2-3-meter\\\/\"]}]},{\"@type\":\"ImageObject\",\"inLanguage\":\"de\",\"@id\":\"https:\\\/\\\/kem-europe.eu\\\/product\\\/eggenberg-rollenbaan-met-lengteaanslag-1-2-3-meter\\\/#primaryimage\",\"url\":\"https:\\\/\\\/kem-europe.eu\\\/wp-content\\\/uploads\\\/2025\\\/08\\\/3m-rollenbaan-3.png\",\"contentUrl\":\"https:\\\/\\\/kem-europe.eu\\\/wp-content\\\/uploads\\\/2025\\\/08\\\/3m-rollenbaan-3.png\",\"width\":700,\"height\":700,\"caption\":\"Eggenberg Rollenbaan - 1 \\\/ 2 \\\/ 3 meter\"},{\"@type\":\"BreadcrumbList\",\"@id\":\"https:\\\/\\\/kem-europe.eu\\\/product\\\/eggenberg-rollenbaan-met-lengteaanslag-1-2-3-meter\\\/#breadcrumb\",\"itemListElement\":[{\"@type\":\"ListItem\",\"position\":1,\"name\":\"Home\",\"item\":\"https:\\\/\\\/kem-europe.eu\\\/\"},{\"@type\":\"ListItem\",\"position\":2,\"name\":\"Winkel\",\"item\":\"https:\\\/\\\/kem-europe.eu\\\/winkel\\\/\"},{\"@type\":\"ListItem\",\"position\":3,\"name\":\"Eggenberg Rollenbaan met Lengteaanslag &#8211; 1 \\\/ 2 \\\/ 3 meter\"}]},{\"@type\":\"WebSite\",\"@id\":\"https:\\\/\\\/kem-europe.eu\\\/#website\",\"url\":\"https:\\\/\\\/kem-europe.eu\\\/\",\"name\":\"KEM Europe\",\"description\":\"\",\"publisher\":{\"@id\":\"https:\\\/\\\/kem-europe.eu\\\/#organization\"},\"potentialAction\":[{\"@type\":\"SearchAction\",\"target\":{\"@type\":\"EntryPoint\",\"urlTemplate\":\"https:\\\/\\\/kem-europe.eu\\\/?s={search_term_string}\"},\"query-input\":{\"@type\":\"PropertyValueSpecification\",\"valueRequired\":true,\"valueName\":\"search_term_string\"}}],\"inLanguage\":\"de\"},{\"@type\":\"Organization\",\"@id\":\"https:\\\/\\\/kem-europe.eu\\\/#organization\",\"name\":\"KEM Europe\",\"url\":\"https:\\\/\\\/kem-europe.eu\\\/\",\"logo\":{\"@type\":\"ImageObject\",\"inLanguage\":\"de\",\"@id\":\"https:\\\/\\\/kem-europe.eu\\\/#\\\/schema\\\/logo\\\/image\\\/\",\"url\":\"https:\\\/\\\/kem-europe.eu\\\/wp-content\\\/uploads\\\/2025\\\/02\\\/KEM2019-BLACK-1500W.png\",\"contentUrl\":\"https:\\\/\\\/kem-europe.eu\\\/wp-content\\\/uploads\\\/2025\\\/02\\\/KEM2019-BLACK-1500W.png\",\"width\":1500,\"height\":626,\"caption\":\"KEM Europe\"},\"image\":{\"@id\":\"https:\\\/\\\/kem-europe.eu\\\/#\\\/schema\\\/logo\\\/image\\\/\"}}]}<\/script>\n<!-- \/ Yoast SEO plugin. -->","yoast_head_json":{"title":"Eggenberg Rollenbahn mit L\u00e4ngenanschlag - 1m, 2m &amp; 3m - KEM Europe","description":"Eggenberg Rollenbahnen mit L\u00e4ngenanschlag f\u00fcr pr\u00e4zisen Materialtransport. Erh\u00e4ltlich in 1, 2 und 3 Metern. Klappbarer Anschlag, belastbar bis 900 kg, ideal f\u00fcr Eggenberg Bands\u00e4gen.","robots":{"index":"index","follow":"follow","max-snippet":"max-snippet:-1","max-image-preview":"max-image-preview:large","max-video-preview":"max-video-preview:-1"},"canonical":"https:\/\/kem-europe.eu\/de\/produkt\/eggenberg-rollenbahn-mit-langenanschlag-1-2-3-meter\/","og_locale":"de_DE","og_type":"article","og_title":"Eggenberg Rollenbaan met Lengteaanslag \u2013 1m, 2m & 3m - KEM Europe","og_description":"Eggenberg Rollenbanen met lengteaanslag voor nauwkeurig materiaaltransport. Verkrijgbaar in 1, 2 en 3 meter. Klapbare aanslag, tot 900 kg belastbaar, ideaal bij Eggenberg bandzaagmachines.","og_url":"https:\/\/kem-europe.eu\/de\/produkt\/eggenberg-rollenbahn-mit-langenanschlag-1-2-3-meter\/","og_site_name":"KEM Europe","article_modified_time":"2025-08-26T07:28:27+00:00","og_image":[{"width":700,"height":700,"url":"https:\/\/kem-europe.eu\/wp-content\/uploads\/2025\/08\/3m-rollenbaan-3.png","type":"image\/png"}],"twitter_card":"summary_large_image","twitter_misc":{"Gesch\u00e4tzte Lesezeit":"2\u00a0Minuten"},"schema":{"@context":"https:\/\/schema.org","@graph":[{"@type":"WebPage","@id":"https:\/\/kem-europe.eu\/product\/eggenberg-rollenbaan-met-lengteaanslag-1-2-3-meter\/","url":"https:\/\/kem-europe.eu\/product\/eggenberg-rollenbaan-met-lengteaanslag-1-2-3-meter\/","name":"Eggenberg Rollenbahn mit L\u00e4ngenanschlag - 1m, 2m &amp; 3m - KEM Europe","isPartOf":{"@id":"https:\/\/kem-europe.eu\/#website"},"primaryImageOfPage":{"@id":"https:\/\/kem-europe.eu\/product\/eggenberg-rollenbaan-met-lengteaanslag-1-2-3-meter\/#primaryimage"},"image":{"@id":"https:\/\/kem-europe.eu\/product\/eggenberg-rollenbaan-met-lengteaanslag-1-2-3-meter\/#primaryimage"},"thumbnailUrl":"https:\/\/kem-europe.eu\/wp-content\/uploads\/2025\/08\/3m-rollenbaan-3.png","datePublished":"2025-08-26T07:17:02+00:00","dateModified":"2025-08-26T07:28:27+00:00","description":"Eggenberg Rollenbahnen mit L\u00e4ngenanschlag f\u00fcr pr\u00e4zisen Materialtransport. Erh\u00e4ltlich in 1, 2 und 3 Metern. Klappbarer Anschlag, belastbar bis 900 kg, ideal f\u00fcr Eggenberg Bands\u00e4gen.","breadcrumb":{"@id":"https:\/\/kem-europe.eu\/product\/eggenberg-rollenbaan-met-lengteaanslag-1-2-3-meter\/#breadcrumb"},"inLanguage":"de","potentialAction":[{"@type":"ReadAction","target":["https:\/\/kem-europe.eu\/product\/eggenberg-rollenbaan-met-lengteaanslag-1-2-3-meter\/"]}]},{"@type":"ImageObject","inLanguage":"de","@id":"https:\/\/kem-europe.eu\/product\/eggenberg-rollenbaan-met-lengteaanslag-1-2-3-meter\/#primaryimage","url":"https:\/\/kem-europe.eu\/wp-content\/uploads\/2025\/08\/3m-rollenbaan-3.png","contentUrl":"https:\/\/kem-europe.eu\/wp-content\/uploads\/2025\/08\/3m-rollenbaan-3.png","width":700,"height":700,"caption":"Eggenberg Rollenbaan - 1 \/ 2 \/ 3 meter"},{"@type":"BreadcrumbList","@id":"https:\/\/kem-europe.eu\/product\/eggenberg-rollenbaan-met-lengteaanslag-1-2-3-meter\/#breadcrumb","itemListElement":[{"@type":"ListItem","position":1,"name":"Home","item":"https:\/\/kem-europe.eu\/"},{"@type":"ListItem","position":2,"name":"Winkel","item":"https:\/\/kem-europe.eu\/winkel\/"},{"@type":"ListItem","position":3,"name":"Eggenberg Rollenbaan met Lengteaanslag &#8211; 1 \/ 2 \/ 3 meter"}]},{"@type":"WebSite","@id":"https:\/\/kem-europe.eu\/#website","url":"https:\/\/kem-europe.eu\/","name":"KEM Europe","description":"","publisher":{"@id":"https:\/\/kem-europe.eu\/#organization"},"potentialAction":[{"@type":"SearchAction","target":{"@type":"EntryPoint","urlTemplate":"https:\/\/kem-europe.eu\/?s={search_term_string}"},"query-input":{"@type":"PropertyValueSpecification","valueRequired":true,"valueName":"search_term_string"}}],"inLanguage":"de"},{"@type":"Organization","@id":"https:\/\/kem-europe.eu\/#organization","name":"KEM Europe","url":"https:\/\/kem-europe.eu\/","logo":{"@type":"ImageObject","inLanguage":"de","@id":"https:\/\/kem-europe.eu\/#\/schema\/logo\/image\/","url":"https:\/\/kem-europe.eu\/wp-content\/uploads\/2025\/02\/KEM2019-BLACK-1500W.png","contentUrl":"https:\/\/kem-europe.eu\/wp-content\/uploads\/2025\/02\/KEM2019-BLACK-1500W.png","width":1500,"height":626,"caption":"KEM Europe"},"image":{"@id":"https:\/\/kem-europe.eu\/#\/schema\/logo\/image\/"}}]}},"_links":{"self":[{"href":"https:\/\/kem-europe.eu\/de\/wp-json\/wp\/v2\/product\/7795","targetHints":{"allow":["GET"]}}],"collection":[{"href":"https:\/\/kem-europe.eu\/de\/wp-json\/wp\/v2\/product"}],"about":[{"href":"https:\/\/kem-europe.eu\/de\/wp-json\/wp\/v2\/types\/product"}],"replies":[{"embeddable":true,"href":"https:\/\/kem-europe.eu\/de\/wp-json\/wp\/v2\/comments?post=7795"}],"wp:featuredmedia":[{"embeddable":true,"href":"https:\/\/kem-europe.eu\/de\/wp-json\/wp\/v2\/media\/7797"}],"wp:attachment":[{"href":"https:\/\/kem-europe.eu\/de\/wp-json\/wp\/v2\/media?parent=7795"}],"wp:term":[{"taxonomy":"product_brand","embeddable":true,"href":"https:\/\/kem-europe.eu\/de\/wp-json\/wp\/v2\/product_brand?post=7795"},{"taxonomy":"product_cat","embeddable":true,"href":"https:\/\/kem-europe.eu\/de\/wp-json\/wp\/v2\/product_cat?post=7795"},{"taxonomy":"product_tag","embeddable":true,"href":"https:\/\/kem-europe.eu\/de\/wp-json\/wp\/v2\/product_tag?post=7795"}],"curies":[{"name":"wp","href":"https:\/\/api.w.org\/{rel}","templated":true}]}}