{"id":7833,"date":"2025-09-01T12:01:54","date_gmt":"2025-09-01T12:01:54","guid":{"rendered":"https:\/\/kem-europe.eu\/?post_type=product&#038;p=7833"},"modified":"2025-11-28T10:08:02","modified_gmt":"2025-11-28T10:08:02","slug":"saule-modulare-werkstattausrustung-holzarbeitsplatte","status":"publish","type":"product","link":"https:\/\/kem-europe.eu\/de\/product\/pillar-modulaire-werkplaatsinrichting-houten-werkblad\/","title":{"rendered":"PILLAR Modulare Werkstatteinrichtung - Arbeitsplatte aus Holz 61,5 cm"},"content":{"rendered":"<h2>Pillar Modular Workplace Equipment - Arbeitsplatte aus Holz 61,5 cm<\/h2>\n<p data-start=\"897\" data-end=\"1316\">Die <strong data-start=\"900\" data-end=\"941\">Modulare S\u00e4ulen-Werkstattausr\u00fcstung<\/strong> mit Holzarbeitsplatte ist f\u00fcr Profis gedacht, die Wert auf Solidit\u00e4t und \u00dcbersichtlichkeit legen. Wo viele Werkstatteinrichtungen im Laufe der Zeit versagen, bleibt Pillar eine zuverl\u00e4ssige Basis in jeder Umgebung. Der robuste Stahlrahmen und die 61,5 cm tiefe Arbeitsplatte aus Hartholz bieten die Kombination aus St\u00e4rke und Arbeitskomfort, die im t\u00e4glichen Gebrauch ben\u00f6tigt wird.<\/p>\n<p data-start=\"1318\" data-end=\"1590\">Die Arbeitsplatte aus Sperrholz hat eine angenehme, warme Ausstrahlung und verzeiht Pr\u00e4zisionsarbeit und manuelle Eingriffe. In Kombination mit dem modularen Aufbau entsteht ein effizienter Arbeitsplatz, der sich leicht an spezifische Arbeitsaufgaben anpassen l\u00e4sst.<\/p>\n<p data-start=\"1592\" data-end=\"1861\">Die glatte Oberfl\u00e4che in <strong data-start=\"1616\" data-end=\"1634\">Mitternachtsschwarz<\/strong> sorgt f\u00fcr Ruhe und Einheitlichkeit, w\u00e4hrend das zeitlose Aussehen von Holz dem Arbeitsplatz ein professionelles und zug\u00e4ngliches Aussehen verleiht. Pillar ist somit eine solide und nachhaltige Investition in \u00dcbersicht und Produktivit\u00e4t.<\/p>\n<p data-start=\"1863\" data-end=\"1893\"><strong data-start=\"1863\" data-end=\"1891\">Wesentliche Merkmale:<\/strong><\/p>\n<ul>\n<li data-start=\"1896\" data-end=\"1985\"><strong data-start=\"1896\" data-end=\"1924\">Zuverl\u00e4ssige Konstruktion:<\/strong> stabiler Stahlrahmen und Arbeitsplatte aus Hartholz (61,5 cm tief).<\/li>\n<li data-start=\"1896\" data-end=\"1985\"><strong data-start=\"1988\" data-end=\"2009\">Modulares System:<\/strong> flexibel an verschiedene Vorg\u00e4nge und Anwendungen anpassbar.<\/li>\n<li data-start=\"1896\" data-end=\"1985\"><strong data-start=\"2080\" data-end=\"2099\">Mehr \u00dcbersicht:<\/strong> feste Positionen und logischer Aufbau f\u00fcr effizientes Arbeiten.<\/li>\n<li data-start=\"1896\" data-end=\"1985\"><strong data-start=\"2163\" data-end=\"2193\">Professionelles Auftreten:<\/strong> Einheitliches Finish in Midnight Black mit warmer Holzoptik.<\/li>\n<li data-start=\"1896\" data-end=\"1985\"><strong data-start=\"2255\" data-end=\"2278\">Kluge Investition:<\/strong> langlebig, solide und ohne unn\u00f6tige Extras.<\/li>\n<\/ul>\n<p data-start=\"2331\" data-end=\"2362\"><strong data-start=\"2331\" data-end=\"2360\">Technische Daten:<\/strong><\/p>\n<ul>\n<li data-start=\"2365\" data-end=\"2383\"><strong>Gewicht:<\/strong> \u00b1330 kg<\/li>\n<li data-start=\"2365\" data-end=\"2383\"><strong>Arbeitsblatt:<\/strong> Holz (Sperrholz\/Hartholz), Tiefe 61,5 cm<\/li>\n<li data-start=\"2365\" data-end=\"2383\"><strong>Abmessungen:<\/strong> 2955 mm breit \u00d7 495 mm tief \u00d7 2000 mm hoch<\/li>\n<li data-start=\"2365\" data-end=\"2383\"><strong>Farbe:<\/strong> Mitternachtsschwarz<\/li>\n<\/ul>\n<p data-start=\"2526\" data-end=\"2684\"><strong data-start=\"2526\" data-end=\"2546\">Umfang der Lieferung:<\/strong><br data-start=\"2546\" data-end=\"2549\" \/>Komplette Pillar-Werkstatteinrichtung mit Holzarbeitsplatte, einschlie\u00dflich verschiedener Unterschr\u00e4nke, H\u00e4ngeschr\u00e4nke, Stecktafeln und Werkzeughalter.<\/p>","protected":false},"excerpt":{"rendered":"<p data-start=\"531\" data-end=\"688\">Modulare Pillar-Werkstatteinrichtung mit Holzarbeitsplatte (61,5 cm tief) und Stahlrahmen. Komplette, langlebige L\u00f6sung f\u00fcr einen geordneten Arbeitsplatz.<\/p>\n<h3 data-start=\"690\" data-end=\"735\"><\/h3>","protected":false},"featured_media":7836,"comment_status":"open","ping_status":"closed","template":"","meta":[],"product_brand":[761],"product_cat":[19,762],"product_tag":[],"class_list":{"0":"post-7833","1":"product","2":"type-product","3":"status-publish","4":"has-post-thumbnail","6":"product_brand-pillar","7":"product_cat-overige","8":"product_cat-werkplaatsinrichting","10":"first","11":"instock","12":"shipping-taxable","13":"product-type-simple"},"ct_brands":[{"id":761,"name":"PILLAR","slug":"saule"}],"yoast_head":"<!-- This site is optimized with the Yoast SEO plugin v27.3 - https:\/\/yoast.com\/product\/yoast-seo-wordpress\/ -->\n<title>Pillar Modulaire Werkplaatsinrichting \u2013 Houten Werkblad 61,5 cm - KEM Europe<\/title>\n<meta name=\"description\" content=\"Pillar modulaire werkplaatsinrichting met houten werkblad 61,5 cm. Degelijk, overzichtelijk en duurzaam. Verkrijgbaar bij KEM Europe.\" \/>\n<meta name=\"robots\" content=\"index, follow, max-snippet:-1, max-image-preview:large, max-video-preview:-1\" \/>\n<link rel=\"canonical\" href=\"https:\/\/kem-europe.eu\/de\/produkt\/saule-modulare-werkstattausrustung-holzarbeitsplatte\/\" \/>\n<meta property=\"og:locale\" content=\"de_DE\" \/>\n<meta property=\"og:type\" content=\"article\" \/>\n<meta property=\"og:title\" content=\"Pillar Modulaire Werkplaatsinrichting \u2013 Houten Werkblad 61,5 cm - KEM Europe\" \/>\n<meta property=\"og:description\" content=\"Pillar modulaire werkplaatsinrichting met houten werkblad 61,5 cm. Degelijk, overzichtelijk en duurzaam. Verkrijgbaar bij KEM Europe.\" \/>\n<meta property=\"og:url\" content=\"https:\/\/kem-europe.eu\/de\/produkt\/saule-modulare-werkstattausrustung-holzarbeitsplatte\/\" \/>\n<meta property=\"og:site_name\" content=\"KEM Europe\" \/>\n<meta property=\"article:modified_time\" content=\"2025-11-28T10:08:02+00:00\" \/>\n<meta property=\"og:image\" content=\"https:\/\/kem-europe.eu\/wp-content\/uploads\/2025\/09\/Pillar-werkplaatsinrichting-houten-multiplex-werkblad-1-1.webp\" \/>\n\t<meta property=\"og:image:width\" content=\"700\" \/>\n\t<meta property=\"og:image:height\" content=\"700\" \/>\n\t<meta property=\"og:image:type\" content=\"image\/webp\" \/>\n<meta name=\"twitter:card\" content=\"summary_large_image\" \/>\n<meta name=\"twitter:label1\" content=\"Gesch\u00e4tzte Lesezeit\" \/>\n\t<meta name=\"twitter:data1\" content=\"2\u00a0Minuten\" \/>\n<script type=\"application\/ld+json\" class=\"yoast-schema-graph\">{\"@context\":\"https:\\\/\\\/schema.org\",\"@graph\":[{\"@type\":\"WebPage\",\"@id\":\"https:\\\/\\\/kem-europe.eu\\\/product\\\/pillar-modulaire-werkplaatsinrichting-houten-werkblad\\\/\",\"url\":\"https:\\\/\\\/kem-europe.eu\\\/product\\\/pillar-modulaire-werkplaatsinrichting-houten-werkblad\\\/\",\"name\":\"Pillar Modulaire Werkplaatsinrichting \u2013 Houten Werkblad 61,5 cm - KEM Europe\",\"isPartOf\":{\"@id\":\"https:\\\/\\\/kem-europe.eu\\\/#website\"},\"primaryImageOfPage\":{\"@id\":\"https:\\\/\\\/kem-europe.eu\\\/product\\\/pillar-modulaire-werkplaatsinrichting-houten-werkblad\\\/#primaryimage\"},\"image\":{\"@id\":\"https:\\\/\\\/kem-europe.eu\\\/product\\\/pillar-modulaire-werkplaatsinrichting-houten-werkblad\\\/#primaryimage\"},\"thumbnailUrl\":\"https:\\\/\\\/kem-europe.eu\\\/wp-content\\\/uploads\\\/2025\\\/09\\\/Pillar-werkplaatsinrichting-houten-multiplex-werkblad-1-1.webp\",\"datePublished\":\"2025-09-01T12:01:54+00:00\",\"dateModified\":\"2025-11-28T10:08:02+00:00\",\"description\":\"Pillar modulaire werkplaatsinrichting met houten werkblad 61,5 cm. Degelijk, overzichtelijk en duurzaam. Verkrijgbaar bij KEM Europe.\",\"breadcrumb\":{\"@id\":\"https:\\\/\\\/kem-europe.eu\\\/product\\\/pillar-modulaire-werkplaatsinrichting-houten-werkblad\\\/#breadcrumb\"},\"inLanguage\":\"de\",\"potentialAction\":[{\"@type\":\"ReadAction\",\"target\":[\"https:\\\/\\\/kem-europe.eu\\\/product\\\/pillar-modulaire-werkplaatsinrichting-houten-werkblad\\\/\"]}]},{\"@type\":\"ImageObject\",\"inLanguage\":\"de\",\"@id\":\"https:\\\/\\\/kem-europe.eu\\\/product\\\/pillar-modulaire-werkplaatsinrichting-houten-werkblad\\\/#primaryimage\",\"url\":\"https:\\\/\\\/kem-europe.eu\\\/wp-content\\\/uploads\\\/2025\\\/09\\\/Pillar-werkplaatsinrichting-houten-multiplex-werkblad-1-1.webp\",\"contentUrl\":\"https:\\\/\\\/kem-europe.eu\\\/wp-content\\\/uploads\\\/2025\\\/09\\\/Pillar-werkplaatsinrichting-houten-multiplex-werkblad-1-1.webp\",\"width\":700,\"height\":700,\"caption\":\"Pillar Modulaire Werkplaatsinrichting \u2013 Houten Werkblad 61,5 cm\"},{\"@type\":\"BreadcrumbList\",\"@id\":\"https:\\\/\\\/kem-europe.eu\\\/product\\\/pillar-modulaire-werkplaatsinrichting-houten-werkblad\\\/#breadcrumb\",\"itemListElement\":[{\"@type\":\"ListItem\",\"position\":1,\"name\":\"Home\",\"item\":\"https:\\\/\\\/kem-europe.eu\\\/\"},{\"@type\":\"ListItem\",\"position\":2,\"name\":\"Winkel\",\"item\":\"https:\\\/\\\/kem-europe.eu\\\/winkel\\\/\"},{\"@type\":\"ListItem\",\"position\":3,\"name\":\"PILLAR Modulaire Werkplaatsinrichting \u2013 Houten Werkblad 61,5 cm\"}]},{\"@type\":\"WebSite\",\"@id\":\"https:\\\/\\\/kem-europe.eu\\\/#website\",\"url\":\"https:\\\/\\\/kem-europe.eu\\\/\",\"name\":\"KEM Europe\",\"description\":\"\",\"publisher\":{\"@id\":\"https:\\\/\\\/kem-europe.eu\\\/#organization\"},\"potentialAction\":[{\"@type\":\"SearchAction\",\"target\":{\"@type\":\"EntryPoint\",\"urlTemplate\":\"https:\\\/\\\/kem-europe.eu\\\/?s={search_term_string}\"},\"query-input\":{\"@type\":\"PropertyValueSpecification\",\"valueRequired\":true,\"valueName\":\"search_term_string\"}}],\"inLanguage\":\"de\"},{\"@type\":\"Organization\",\"@id\":\"https:\\\/\\\/kem-europe.eu\\\/#organization\",\"name\":\"KEM Europe\",\"url\":\"https:\\\/\\\/kem-europe.eu\\\/\",\"logo\":{\"@type\":\"ImageObject\",\"inLanguage\":\"de\",\"@id\":\"https:\\\/\\\/kem-europe.eu\\\/#\\\/schema\\\/logo\\\/image\\\/\",\"url\":\"https:\\\/\\\/kem-europe.eu\\\/wp-content\\\/uploads\\\/2025\\\/02\\\/KEM2019-BLACK-1500W.png\",\"contentUrl\":\"https:\\\/\\\/kem-europe.eu\\\/wp-content\\\/uploads\\\/2025\\\/02\\\/KEM2019-BLACK-1500W.png\",\"width\":1500,\"height\":626,\"caption\":\"KEM Europe\"},\"image\":{\"@id\":\"https:\\\/\\\/kem-europe.eu\\\/#\\\/schema\\\/logo\\\/image\\\/\"}}]}<\/script>\n<!-- \/ Yoast SEO plugin. -->","yoast_head_json":{"title":"Pillar Modular Workplace Equipment - Arbeitsplatte aus Holz 61,5 cm - KEM Europe","description":"Pillar modulare Werkstattausr\u00fcstung mit Holzarbeitsplatte 61,5 cm. Solide, klar und dauerhaft. Erh\u00e4ltlich bei KEM Europe.","robots":{"index":"index","follow":"follow","max-snippet":"max-snippet:-1","max-image-preview":"max-image-preview:large","max-video-preview":"max-video-preview:-1"},"canonical":"https:\/\/kem-europe.eu\/de\/produkt\/saule-modulare-werkstattausrustung-holzarbeitsplatte\/","og_locale":"de_DE","og_type":"article","og_title":"Pillar Modulaire Werkplaatsinrichting \u2013 Houten Werkblad 61,5 cm - KEM Europe","og_description":"Pillar modulaire werkplaatsinrichting met houten werkblad 61,5 cm. Degelijk, overzichtelijk en duurzaam. Verkrijgbaar bij KEM Europe.","og_url":"https:\/\/kem-europe.eu\/de\/produkt\/saule-modulare-werkstattausrustung-holzarbeitsplatte\/","og_site_name":"KEM Europe","article_modified_time":"2025-11-28T10:08:02+00:00","og_image":[{"width":700,"height":700,"url":"https:\/\/kem-europe.eu\/wp-content\/uploads\/2025\/09\/Pillar-werkplaatsinrichting-houten-multiplex-werkblad-1-1.webp","type":"image\/webp"}],"twitter_card":"summary_large_image","twitter_misc":{"Gesch\u00e4tzte Lesezeit":"2\u00a0Minuten"},"schema":{"@context":"https:\/\/schema.org","@graph":[{"@type":"WebPage","@id":"https:\/\/kem-europe.eu\/product\/pillar-modulaire-werkplaatsinrichting-houten-werkblad\/","url":"https:\/\/kem-europe.eu\/product\/pillar-modulaire-werkplaatsinrichting-houten-werkblad\/","name":"Pillar Modular Workplace Equipment - Arbeitsplatte aus Holz 61,5 cm - KEM Europe","isPartOf":{"@id":"https:\/\/kem-europe.eu\/#website"},"primaryImageOfPage":{"@id":"https:\/\/kem-europe.eu\/product\/pillar-modulaire-werkplaatsinrichting-houten-werkblad\/#primaryimage"},"image":{"@id":"https:\/\/kem-europe.eu\/product\/pillar-modulaire-werkplaatsinrichting-houten-werkblad\/#primaryimage"},"thumbnailUrl":"https:\/\/kem-europe.eu\/wp-content\/uploads\/2025\/09\/Pillar-werkplaatsinrichting-houten-multiplex-werkblad-1-1.webp","datePublished":"2025-09-01T12:01:54+00:00","dateModified":"2025-11-28T10:08:02+00:00","description":"Pillar modulare Werkstattausr\u00fcstung mit Holzarbeitsplatte 61,5 cm. Solide, klar und dauerhaft. Erh\u00e4ltlich bei KEM Europe.","breadcrumb":{"@id":"https:\/\/kem-europe.eu\/product\/pillar-modulaire-werkplaatsinrichting-houten-werkblad\/#breadcrumb"},"inLanguage":"de","potentialAction":[{"@type":"ReadAction","target":["https:\/\/kem-europe.eu\/product\/pillar-modulaire-werkplaatsinrichting-houten-werkblad\/"]}]},{"@type":"ImageObject","inLanguage":"de","@id":"https:\/\/kem-europe.eu\/product\/pillar-modulaire-werkplaatsinrichting-houten-werkblad\/#primaryimage","url":"https:\/\/kem-europe.eu\/wp-content\/uploads\/2025\/09\/Pillar-werkplaatsinrichting-houten-multiplex-werkblad-1-1.webp","contentUrl":"https:\/\/kem-europe.eu\/wp-content\/uploads\/2025\/09\/Pillar-werkplaatsinrichting-houten-multiplex-werkblad-1-1.webp","width":700,"height":700,"caption":"Pillar Modulaire Werkplaatsinrichting \u2013 Houten Werkblad 61,5 cm"},{"@type":"BreadcrumbList","@id":"https:\/\/kem-europe.eu\/product\/pillar-modulaire-werkplaatsinrichting-houten-werkblad\/#breadcrumb","itemListElement":[{"@type":"ListItem","position":1,"name":"Home","item":"https:\/\/kem-europe.eu\/"},{"@type":"ListItem","position":2,"name":"Winkel","item":"https:\/\/kem-europe.eu\/winkel\/"},{"@type":"ListItem","position":3,"name":"PILLAR Modulaire Werkplaatsinrichting \u2013 Houten Werkblad 61,5 cm"}]},{"@type":"WebSite","@id":"https:\/\/kem-europe.eu\/#website","url":"https:\/\/kem-europe.eu\/","name":"KEM Europe","description":"","publisher":{"@id":"https:\/\/kem-europe.eu\/#organization"},"potentialAction":[{"@type":"SearchAction","target":{"@type":"EntryPoint","urlTemplate":"https:\/\/kem-europe.eu\/?s={search_term_string}"},"query-input":{"@type":"PropertyValueSpecification","valueRequired":true,"valueName":"search_term_string"}}],"inLanguage":"de"},{"@type":"Organization","@id":"https:\/\/kem-europe.eu\/#organization","name":"KEM Europe","url":"https:\/\/kem-europe.eu\/","logo":{"@type":"ImageObject","inLanguage":"de","@id":"https:\/\/kem-europe.eu\/#\/schema\/logo\/image\/","url":"https:\/\/kem-europe.eu\/wp-content\/uploads\/2025\/02\/KEM2019-BLACK-1500W.png","contentUrl":"https:\/\/kem-europe.eu\/wp-content\/uploads\/2025\/02\/KEM2019-BLACK-1500W.png","width":1500,"height":626,"caption":"KEM Europe"},"image":{"@id":"https:\/\/kem-europe.eu\/#\/schema\/logo\/image\/"}}]}},"_links":{"self":[{"href":"https:\/\/kem-europe.eu\/de\/wp-json\/wp\/v2\/product\/7833","targetHints":{"allow":["GET"]}}],"collection":[{"href":"https:\/\/kem-europe.eu\/de\/wp-json\/wp\/v2\/product"}],"about":[{"href":"https:\/\/kem-europe.eu\/de\/wp-json\/wp\/v2\/types\/product"}],"replies":[{"embeddable":true,"href":"https:\/\/kem-europe.eu\/de\/wp-json\/wp\/v2\/comments?post=7833"}],"wp:featuredmedia":[{"embeddable":true,"href":"https:\/\/kem-europe.eu\/de\/wp-json\/wp\/v2\/media\/7836"}],"wp:attachment":[{"href":"https:\/\/kem-europe.eu\/de\/wp-json\/wp\/v2\/media?parent=7833"}],"wp:term":[{"taxonomy":"product_brand","embeddable":true,"href":"https:\/\/kem-europe.eu\/de\/wp-json\/wp\/v2\/product_brand?post=7833"},{"taxonomy":"product_cat","embeddable":true,"href":"https:\/\/kem-europe.eu\/de\/wp-json\/wp\/v2\/product_cat?post=7833"},{"taxonomy":"product_tag","embeddable":true,"href":"https:\/\/kem-europe.eu\/de\/wp-json\/wp\/v2\/product_tag?post=7833"}],"curies":[{"name":"wp","href":"https:\/\/api.w.org\/{rel}","templated":true}]}}