{"id":7893,"date":"2025-10-27T08:31:05","date_gmt":"2025-10-27T08:31:05","guid":{"rendered":"https:\/\/kem-europe.eu\/?post_type=product&#038;p=7893"},"modified":"2025-10-28T09:30:01","modified_gmt":"2025-10-28T09:30:01","slug":"dck-akku-schrauber-kdjz23-10ek-12v","status":"publish","type":"product","link":"https:\/\/kem-europe.eu\/de\/product\/dck-accu-schroefmachine-kdjz23-10ek-12v\/","title":{"rendered":"DCK Akkuschrauber KDJZ23-10(EK) 12V"},"content":{"rendered":"<h2>DCK Akkuschrauber KDJZ23-10(EK) 12V 2.0Ah<\/h2>\n<p>Sie sind auf der Suche nach einem robusten, zuverl\u00e4ssigen und kompakten Akkuschrauber f\u00fcr den professionellen Einsatz? Dann ist der DCK-Akkuschrauber KDJZ23-10(EK) genau das Richtige f\u00fcr Sie. Er schraubt und bohrt m\u00fchelos in Holz, Stahl oder Metall und zeichnet sich durch ein leichtes, ergonomisches Design aus. Der leistungsstarke b\u00fcrstenlose Motor sorgt f\u00fcr eine lange Lebensdauer und mehr Arbeit mit einer Akkuladung. Egal, ob Sie auf der Baustelle oder bei t\u00e4glichen Installationen arbeiten, mit diesem Schraubendreher haben Sie immer Kraft und Pr\u00e4zision zur Hand. Dank des LED-Arbeitslichts k\u00f6nnen Sie und Ihr Team auch in weniger beleuchteten Bereichen problemlos weiterarbeiten.<\/p>\n<ul>\n<li><strong>B\u00fcrstenloser Motor:<\/strong> Mehr Leistung, weniger Verschlei\u00df und l\u00e4ngere Batterielebensdauer.<\/li>\n<li><strong>Leicht und kompakt:<\/strong> Ideal f\u00fcr Langzeiteins\u00e4tze und Arbeiten in engen R\u00e4umen.<\/li>\n<li><strong>Langfristige Arbeit:<\/strong> Bis zu 530 Schrauben oder 78 L\u00f6cher pro Akkuladung.<\/li>\n<li><strong>Pr\u00e4zise Kontrolle:<\/strong> 20+1 Drehmoment-Modi f\u00fcr jede Schraub- und Bohrarbeit.<\/li>\n<li><strong>Feiner Griff und LED-Arbeitsleuchte:<\/strong> Bequemes Arbeiten bei jederzeit guter Sicht.<\/li>\n<\/ul>\n<h3>Technische Daten<\/h3>\n<ul>\n<li>Spannung - 12V MAX<\/li>\n<li>Batteriekapazit\u00e4t - 2.0Ah Li-Ion<\/li>\n<li>Motor - b\u00fcrstenlos<\/li>\n<li>Max. Drehmoment - 35 Nm \/ 310 in-lbs<\/li>\n<li>Leerlaufdrehzahl - 0-460 \/ 0-1600 U\/min<\/li>\n<li>Max. Bohrleistung Holz - 20 mm<\/li>\n<li>Max. Bohrleistung Stahl - 10 mm<\/li>\n<li>Max. Schraubendurchmesser - 7 mm<\/li>\n<li>Anzahl der Drehmoment-Modi - 20+1<\/li>\n<li>Bohrfutter - 10 mm Schnellspanner<\/li>\n<li>Gewicht (ohne Batterie) - ca. 1 kg<\/li>\n<\/ul>\n<h3>Umfang der Lieferung<\/h3>\n<ul>\n<li>1x DCK KDJZ23-10(EK) Schraubendreher<\/li>\n<li>2x 12V 2.0Ah Li-Ion Akkus<\/li>\n<li>1x Ladeger\u00e4t (3Ah)<\/li>\n<li>G\u00fcrtelhaken<\/li>\n<li>Schraubenbit<\/li>\n<li>Aufbewahrungskoffer aus Kunststoff<\/li>\n<li>Benutzerhandbuch<\/li>\n<\/ul>","protected":false},"excerpt":{"rendered":"<p>Leistungsstarker, kompakter 12-V-Akkuschrauber mit b\u00fcrstenlosem Motor und langer Akkulaufzeit. Perfekt f\u00fcr den t\u00e4glichen professionellen Einsatz.<\/p>","protected":false},"featured_media":7894,"comment_status":"open","ping_status":"closed","template":"","meta":[],"product_brand":[630],"product_cat":[55,54],"product_tag":[],"class_list":{"0":"post-7893","1":"product","2":"type-product","3":"status-publish","4":"has-post-thumbnail","6":"product_brand-dck","7":"product_cat-accu-boor-schroefmachine","8":"product_cat-accu-machines","10":"first","11":"instock","12":"shipping-taxable","13":"product-type-simple"},"ct_brands":[{"id":630,"name":"DCK","slug":"dck"}],"yoast_head":"<!-- This site is optimized with the Yoast SEO plugin v27.3 - https:\/\/yoast.com\/product\/yoast-seo-wordpress\/ -->\n<title>DCK Accu Schroefmachine KDJZ23-10(EK) 12V 2,0Ah \u2013 Compact, krachtig en veelzijdig<\/title>\n<meta name=\"description\" content=\"12V DCK Accu Schroefmachine KDJZ23-10(EK): compact, krachtig, borstelloos en inclusief 2 accu\u2019s. Ideaal voor professioneel schroef- en boorwerk.\" \/>\n<meta name=\"robots\" content=\"index, follow, max-snippet:-1, max-image-preview:large, max-video-preview:-1\" \/>\n<link rel=\"canonical\" href=\"https:\/\/kem-europe.eu\/de\/produkt\/dck-akku-schrauber-kdjz23-10ek-12v\/\" \/>\n<meta property=\"og:locale\" content=\"de_DE\" \/>\n<meta property=\"og:type\" content=\"article\" \/>\n<meta property=\"og:title\" content=\"DCK Accu Schroefmachine KDJZ23-10(EK) 12V 2,0Ah \u2013 Compact, krachtig en veelzijdig\" \/>\n<meta property=\"og:description\" content=\"12V DCK Accu Schroefmachine KDJZ23-10(EK): compact, krachtig, borstelloos en inclusief 2 accu\u2019s. Ideaal voor professioneel schroef- en boorwerk.\" \/>\n<meta property=\"og:url\" content=\"https:\/\/kem-europe.eu\/de\/produkt\/dck-akku-schrauber-kdjz23-10ek-12v\/\" \/>\n<meta property=\"og:site_name\" content=\"KEM Europe\" \/>\n<meta property=\"article:modified_time\" content=\"2025-10-28T09:30:01+00:00\" \/>\n<meta property=\"og:image\" content=\"https:\/\/kem-europe.eu\/wp-content\/uploads\/2025\/10\/DCK-Accu-Schroefmachine-KDJZ23-10EK-12V.png\" \/>\n\t<meta property=\"og:image:width\" content=\"700\" \/>\n\t<meta property=\"og:image:height\" content=\"700\" \/>\n\t<meta property=\"og:image:type\" content=\"image\/png\" \/>\n<meta name=\"twitter:card\" content=\"summary_large_image\" \/>\n<meta name=\"twitter:label1\" content=\"Gesch\u00e4tzte Lesezeit\" \/>\n\t<meta name=\"twitter:data1\" content=\"2\u00a0Minuten\" \/>\n<script type=\"application\/ld+json\" class=\"yoast-schema-graph\">{\"@context\":\"https:\\\/\\\/schema.org\",\"@graph\":[{\"@type\":\"WebPage\",\"@id\":\"https:\\\/\\\/kem-europe.eu\\\/product\\\/dck-accu-schroefmachine-kdjz23-10ek-12v\\\/\",\"url\":\"https:\\\/\\\/kem-europe.eu\\\/product\\\/dck-accu-schroefmachine-kdjz23-10ek-12v\\\/\",\"name\":\"DCK Accu Schroefmachine KDJZ23-10(EK) 12V 2,0Ah \u2013 Compact, krachtig en veelzijdig\",\"isPartOf\":{\"@id\":\"https:\\\/\\\/kem-europe.eu\\\/#website\"},\"primaryImageOfPage\":{\"@id\":\"https:\\\/\\\/kem-europe.eu\\\/product\\\/dck-accu-schroefmachine-kdjz23-10ek-12v\\\/#primaryimage\"},\"image\":{\"@id\":\"https:\\\/\\\/kem-europe.eu\\\/product\\\/dck-accu-schroefmachine-kdjz23-10ek-12v\\\/#primaryimage\"},\"thumbnailUrl\":\"https:\\\/\\\/kem-europe.eu\\\/wp-content\\\/uploads\\\/2025\\\/10\\\/DCK-Accu-Schroefmachine-KDJZ23-10EK-12V.png\",\"datePublished\":\"2025-10-27T08:31:05+00:00\",\"dateModified\":\"2025-10-28T09:30:01+00:00\",\"description\":\"12V DCK Accu Schroefmachine KDJZ23-10(EK): compact, krachtig, borstelloos en inclusief 2 accu\u2019s. Ideaal voor professioneel schroef- en boorwerk.\",\"breadcrumb\":{\"@id\":\"https:\\\/\\\/kem-europe.eu\\\/product\\\/dck-accu-schroefmachine-kdjz23-10ek-12v\\\/#breadcrumb\"},\"inLanguage\":\"de\",\"potentialAction\":[{\"@type\":\"ReadAction\",\"target\":[\"https:\\\/\\\/kem-europe.eu\\\/product\\\/dck-accu-schroefmachine-kdjz23-10ek-12v\\\/\"]}]},{\"@type\":\"ImageObject\",\"inLanguage\":\"de\",\"@id\":\"https:\\\/\\\/kem-europe.eu\\\/product\\\/dck-accu-schroefmachine-kdjz23-10ek-12v\\\/#primaryimage\",\"url\":\"https:\\\/\\\/kem-europe.eu\\\/wp-content\\\/uploads\\\/2025\\\/10\\\/DCK-Accu-Schroefmachine-KDJZ23-10EK-12V.png\",\"contentUrl\":\"https:\\\/\\\/kem-europe.eu\\\/wp-content\\\/uploads\\\/2025\\\/10\\\/DCK-Accu-Schroefmachine-KDJZ23-10EK-12V.png\",\"width\":700,\"height\":700},{\"@type\":\"BreadcrumbList\",\"@id\":\"https:\\\/\\\/kem-europe.eu\\\/product\\\/dck-accu-schroefmachine-kdjz23-10ek-12v\\\/#breadcrumb\",\"itemListElement\":[{\"@type\":\"ListItem\",\"position\":1,\"name\":\"Home\",\"item\":\"https:\\\/\\\/kem-europe.eu\\\/\"},{\"@type\":\"ListItem\",\"position\":2,\"name\":\"Winkel\",\"item\":\"https:\\\/\\\/kem-europe.eu\\\/winkel\\\/\"},{\"@type\":\"ListItem\",\"position\":3,\"name\":\"DCK Accu Schroefmachine KDJZ23-10(EK) 12V\"}]},{\"@type\":\"WebSite\",\"@id\":\"https:\\\/\\\/kem-europe.eu\\\/#website\",\"url\":\"https:\\\/\\\/kem-europe.eu\\\/\",\"name\":\"KEM Europe\",\"description\":\"\",\"publisher\":{\"@id\":\"https:\\\/\\\/kem-europe.eu\\\/#organization\"},\"potentialAction\":[{\"@type\":\"SearchAction\",\"target\":{\"@type\":\"EntryPoint\",\"urlTemplate\":\"https:\\\/\\\/kem-europe.eu\\\/?s={search_term_string}\"},\"query-input\":{\"@type\":\"PropertyValueSpecification\",\"valueRequired\":true,\"valueName\":\"search_term_string\"}}],\"inLanguage\":\"de\"},{\"@type\":\"Organization\",\"@id\":\"https:\\\/\\\/kem-europe.eu\\\/#organization\",\"name\":\"KEM Europe\",\"url\":\"https:\\\/\\\/kem-europe.eu\\\/\",\"logo\":{\"@type\":\"ImageObject\",\"inLanguage\":\"de\",\"@id\":\"https:\\\/\\\/kem-europe.eu\\\/#\\\/schema\\\/logo\\\/image\\\/\",\"url\":\"https:\\\/\\\/kem-europe.eu\\\/wp-content\\\/uploads\\\/2025\\\/02\\\/KEM2019-BLACK-1500W.png\",\"contentUrl\":\"https:\\\/\\\/kem-europe.eu\\\/wp-content\\\/uploads\\\/2025\\\/02\\\/KEM2019-BLACK-1500W.png\",\"width\":1500,\"height\":626,\"caption\":\"KEM Europe\"},\"image\":{\"@id\":\"https:\\\/\\\/kem-europe.eu\\\/#\\\/schema\\\/logo\\\/image\\\/\"}}]}<\/script>\n<!-- \/ Yoast SEO plugin. -->","yoast_head_json":{"title":"DCK Akkuschrauber KDJZ23-10(EK) 12V 2.0Ah - Kompakt, leistungsstark und vielseitig","description":"12V DCK Akkuschrauber KDJZ23-10(EK): kompakt, leistungsstark, b\u00fcrstenlos und mit 2 Batterien. Ideal f\u00fcr professionelle Schraub- und Bohrarbeiten.","robots":{"index":"index","follow":"follow","max-snippet":"max-snippet:-1","max-image-preview":"max-image-preview:large","max-video-preview":"max-video-preview:-1"},"canonical":"https:\/\/kem-europe.eu\/de\/produkt\/dck-akku-schrauber-kdjz23-10ek-12v\/","og_locale":"de_DE","og_type":"article","og_title":"DCK Accu Schroefmachine KDJZ23-10(EK) 12V 2,0Ah \u2013 Compact, krachtig en veelzijdig","og_description":"12V DCK Accu Schroefmachine KDJZ23-10(EK): compact, krachtig, borstelloos en inclusief 2 accu\u2019s. Ideaal voor professioneel schroef- en boorwerk.","og_url":"https:\/\/kem-europe.eu\/de\/produkt\/dck-akku-schrauber-kdjz23-10ek-12v\/","og_site_name":"KEM Europe","article_modified_time":"2025-10-28T09:30:01+00:00","og_image":[{"width":700,"height":700,"url":"https:\/\/kem-europe.eu\/wp-content\/uploads\/2025\/10\/DCK-Accu-Schroefmachine-KDJZ23-10EK-12V.png","type":"image\/png"}],"twitter_card":"summary_large_image","twitter_misc":{"Gesch\u00e4tzte Lesezeit":"2\u00a0Minuten"},"schema":{"@context":"https:\/\/schema.org","@graph":[{"@type":"WebPage","@id":"https:\/\/kem-europe.eu\/product\/dck-accu-schroefmachine-kdjz23-10ek-12v\/","url":"https:\/\/kem-europe.eu\/product\/dck-accu-schroefmachine-kdjz23-10ek-12v\/","name":"DCK Akkuschrauber KDJZ23-10(EK) 12V 2.0Ah - Kompakt, leistungsstark und vielseitig","isPartOf":{"@id":"https:\/\/kem-europe.eu\/#website"},"primaryImageOfPage":{"@id":"https:\/\/kem-europe.eu\/product\/dck-accu-schroefmachine-kdjz23-10ek-12v\/#primaryimage"},"image":{"@id":"https:\/\/kem-europe.eu\/product\/dck-accu-schroefmachine-kdjz23-10ek-12v\/#primaryimage"},"thumbnailUrl":"https:\/\/kem-europe.eu\/wp-content\/uploads\/2025\/10\/DCK-Accu-Schroefmachine-KDJZ23-10EK-12V.png","datePublished":"2025-10-27T08:31:05+00:00","dateModified":"2025-10-28T09:30:01+00:00","description":"12V DCK Akkuschrauber KDJZ23-10(EK): kompakt, leistungsstark, b\u00fcrstenlos und mit 2 Batterien. Ideal f\u00fcr professionelle Schraub- und Bohrarbeiten.","breadcrumb":{"@id":"https:\/\/kem-europe.eu\/product\/dck-accu-schroefmachine-kdjz23-10ek-12v\/#breadcrumb"},"inLanguage":"de","potentialAction":[{"@type":"ReadAction","target":["https:\/\/kem-europe.eu\/product\/dck-accu-schroefmachine-kdjz23-10ek-12v\/"]}]},{"@type":"ImageObject","inLanguage":"de","@id":"https:\/\/kem-europe.eu\/product\/dck-accu-schroefmachine-kdjz23-10ek-12v\/#primaryimage","url":"https:\/\/kem-europe.eu\/wp-content\/uploads\/2025\/10\/DCK-Accu-Schroefmachine-KDJZ23-10EK-12V.png","contentUrl":"https:\/\/kem-europe.eu\/wp-content\/uploads\/2025\/10\/DCK-Accu-Schroefmachine-KDJZ23-10EK-12V.png","width":700,"height":700},{"@type":"BreadcrumbList","@id":"https:\/\/kem-europe.eu\/product\/dck-accu-schroefmachine-kdjz23-10ek-12v\/#breadcrumb","itemListElement":[{"@type":"ListItem","position":1,"name":"Home","item":"https:\/\/kem-europe.eu\/"},{"@type":"ListItem","position":2,"name":"Winkel","item":"https:\/\/kem-europe.eu\/winkel\/"},{"@type":"ListItem","position":3,"name":"DCK Accu Schroefmachine KDJZ23-10(EK) 12V"}]},{"@type":"WebSite","@id":"https:\/\/kem-europe.eu\/#website","url":"https:\/\/kem-europe.eu\/","name":"KEM Europe","description":"","publisher":{"@id":"https:\/\/kem-europe.eu\/#organization"},"potentialAction":[{"@type":"SearchAction","target":{"@type":"EntryPoint","urlTemplate":"https:\/\/kem-europe.eu\/?s={search_term_string}"},"query-input":{"@type":"PropertyValueSpecification","valueRequired":true,"valueName":"search_term_string"}}],"inLanguage":"de"},{"@type":"Organization","@id":"https:\/\/kem-europe.eu\/#organization","name":"KEM Europe","url":"https:\/\/kem-europe.eu\/","logo":{"@type":"ImageObject","inLanguage":"de","@id":"https:\/\/kem-europe.eu\/#\/schema\/logo\/image\/","url":"https:\/\/kem-europe.eu\/wp-content\/uploads\/2025\/02\/KEM2019-BLACK-1500W.png","contentUrl":"https:\/\/kem-europe.eu\/wp-content\/uploads\/2025\/02\/KEM2019-BLACK-1500W.png","width":1500,"height":626,"caption":"KEM Europe"},"image":{"@id":"https:\/\/kem-europe.eu\/#\/schema\/logo\/image\/"}}]}},"_links":{"self":[{"href":"https:\/\/kem-europe.eu\/de\/wp-json\/wp\/v2\/product\/7893","targetHints":{"allow":["GET"]}}],"collection":[{"href":"https:\/\/kem-europe.eu\/de\/wp-json\/wp\/v2\/product"}],"about":[{"href":"https:\/\/kem-europe.eu\/de\/wp-json\/wp\/v2\/types\/product"}],"replies":[{"embeddable":true,"href":"https:\/\/kem-europe.eu\/de\/wp-json\/wp\/v2\/comments?post=7893"}],"wp:featuredmedia":[{"embeddable":true,"href":"https:\/\/kem-europe.eu\/de\/wp-json\/wp\/v2\/media\/7894"}],"wp:attachment":[{"href":"https:\/\/kem-europe.eu\/de\/wp-json\/wp\/v2\/media?parent=7893"}],"wp:term":[{"taxonomy":"product_brand","embeddable":true,"href":"https:\/\/kem-europe.eu\/de\/wp-json\/wp\/v2\/product_brand?post=7893"},{"taxonomy":"product_cat","embeddable":true,"href":"https:\/\/kem-europe.eu\/de\/wp-json\/wp\/v2\/product_cat?post=7893"},{"taxonomy":"product_tag","embeddable":true,"href":"https:\/\/kem-europe.eu\/de\/wp-json\/wp\/v2\/product_tag?post=7893"}],"curies":[{"name":"wp","href":"https:\/\/api.w.org\/{rel}","templated":true}]}}