{"id":7969,"date":"2025-10-28T06:52:45","date_gmt":"2025-10-28T06:52:45","guid":{"rendered":"https:\/\/kem-europe.eu\/?post_type=product&#038;p=7969"},"modified":"2025-10-28T08:46:49","modified_gmt":"2025-10-28T08:46:49","slug":"dck-kqe1680-30-kompressor","status":"publish","type":"product","link":"https:\/\/kem-europe.eu\/de\/product\/dck-kqe1680-30-compressor\/","title":{"rendered":"DCK KQE1680\/30 Verdichter"},"content":{"rendered":"<h2>DCK KQE1680\/30 Verdichter - 1680W 8 bar<\/h2>\n<p>Sie sind ein Profi und suchen einen zuverl\u00e4ssigen und wartungsarmen Kompressor? Der DCK-Kompressor KQE1680\/30 ist speziell f\u00fcr den t\u00e4glichen Einsatz im Baugewerbe, in der Werkstatt und in der Industrie konzipiert, leistet aber auch f\u00fcr den Heimwerker hervorragende Arbeit. Dank seiner \u00f6lfreien Konstruktion arbeiten Sie immer mit sauberer Druckluft - ideal f\u00fcr anspruchsvolle Anwendungen, bei denen \u00d6ldampf nicht erw\u00fcnscht ist. Mit seinem leistungsstarken 1680-Watt-Motor, dem gro\u00dfz\u00fcgigen 30-Liter-Tank und einem Maximaldruck von 8 bar liefert dieser Kompressor eine stabile Leistung f\u00fcr Ihre Druckluftwerkzeuge, Spr\u00fch- oder Pumparbeiten. Dank seiner kompakten Gr\u00f6\u00dfe ist er zudem leicht zu transportieren, sodass Sie \u00fcberall arbeiten k\u00f6nnen. Die Schalld\u00e4mmung macht das Arbeiten auch an langen Tagen ein wenig angenehmer.<\/p>\n<ul>\n<li><strong>Pflegeleicht und \u00f6lfrei:<\/strong> Sie brauchen kein \u00d6l nachzuf\u00fcllen und arbeiten immer mit sauberer Luft, ideal f\u00fcr Pr\u00e4zisionsarbeiten.<\/li>\n<li><strong>Starke Leistung:<\/strong> Mit 1680 W Motorleistung und 8 bar Maximaldruck erledigen Sie jede Aufgabe im Handumdrehen.<\/li>\n<li><strong>Ger\u00e4umiger Tank:<\/strong> Der 30-Liter-Tank bietet ausreichend Druckluft, so dass Sie l\u00e4nger arbeiten k\u00f6nnen, ohne st\u00e4ndig nachf\u00fcllen zu m\u00fcssen.<\/li>\n<li><strong>Niedriger Ger\u00e4uschpegel:<\/strong> Intelligente Schalld\u00e4mmung reduziert den L\u00e4rm am Arbeitsplatz.<\/li>\n<li><strong>Leicht zu bewegen:<\/strong> Dank seines robusten und kompakten Designs k\u00f6nnen Sie es problemlos mitnehmen.<\/li>\n<\/ul>\n<h3>Technische Daten<\/h3>\n<ul>\n<li>Leistung - 1680W<\/li>\n<li>Maximaler Druck - 8 bar<\/li>\n<li>Tankinhalt - 30 Liter<\/li>\n<li>Luftverdr\u00e4ngung - 100 l\/min<\/li>\n<li>Motordrehzahl - 2850 U\/min<\/li>\n<li>Gewicht - 19,5 kg<\/li>\n<li>\u00d6lfrei - Ja<\/li>\n<\/ul>\n<h3>Umfang der Lieferung<\/h3>\n<ul>\n<li>Verdichter DCK KQE1680\/30<\/li>\n<li>Schalld\u00e4mpfer<\/li>\n<li>Benutzerhandbuch<\/li>\n<\/ul>","protected":false},"excerpt":{"rendered":"<p>Professioneller, \u00f6lfreier 1680W, 30-Liter-Kompressor. Wartungsarm, leistungsstark und mit Ger\u00e4uschd\u00e4mpfung ausgestattet.<\/p>","protected":false},"featured_media":7968,"comment_status":"open","ping_status":"closed","template":"","meta":[],"product_brand":[630],"product_cat":[634,17],"product_tag":[],"class_list":{"0":"post-7969","1":"product","2":"type-product","3":"status-publish","4":"has-post-thumbnail","6":"product_brand-dck","7":"product_cat-compressor","8":"product_cat-machines","10":"first","11":"instock","12":"shipping-taxable","13":"product-type-simple"},"ct_brands":[{"id":630,"name":"DCK","slug":"dck"}],"yoast_head":"<!-- This site is optimized with the Yoast SEO plugin v27.3 - https:\/\/yoast.com\/product\/yoast-seo-wordpress\/ -->\n<title>DCK KQE1680\/30 Compressor 1680W 8 bar \u2013 Olievrij en Stil<\/title>\n<meta name=\"description\" content=\"Olievrije DCK compressor met 1680W, 30L tank en 8 bar. Stil, onderhoudsarm en ideaal voor de professional.\" \/>\n<meta name=\"robots\" content=\"index, follow, max-snippet:-1, max-image-preview:large, max-video-preview:-1\" \/>\n<link rel=\"canonical\" href=\"https:\/\/kem-europe.eu\/de\/produkt\/dck-kqe1680-30-kompressor\/\" \/>\n<meta property=\"og:locale\" content=\"de_DE\" \/>\n<meta property=\"og:type\" content=\"article\" \/>\n<meta property=\"og:title\" content=\"DCK KQE1680\/30 Compressor 1680W 8 bar \u2013 Olievrij en Stil\" \/>\n<meta property=\"og:description\" content=\"Olievrije DCK compressor met 1680W, 30L tank en 8 bar. Stil, onderhoudsarm en ideaal voor de professional.\" \/>\n<meta property=\"og:url\" content=\"https:\/\/kem-europe.eu\/de\/produkt\/dck-kqe1680-30-kompressor\/\" \/>\n<meta property=\"og:site_name\" content=\"KEM Europe\" \/>\n<meta property=\"article:modified_time\" content=\"2025-10-28T08:46:49+00:00\" \/>\n<meta property=\"og:image\" content=\"https:\/\/kem-europe.eu\/wp-content\/uploads\/2025\/10\/KQE1680_30-1.png\" \/>\n\t<meta property=\"og:image:width\" content=\"700\" \/>\n\t<meta property=\"og:image:height\" content=\"700\" \/>\n\t<meta property=\"og:image:type\" content=\"image\/png\" \/>\n<meta name=\"twitter:card\" content=\"summary_large_image\" \/>\n<meta name=\"twitter:label1\" content=\"Gesch\u00e4tzte Lesezeit\" \/>\n\t<meta name=\"twitter:data1\" content=\"2\u00a0Minuten\" \/>\n<script type=\"application\/ld+json\" class=\"yoast-schema-graph\">{\"@context\":\"https:\\\/\\\/schema.org\",\"@graph\":[{\"@type\":\"WebPage\",\"@id\":\"https:\\\/\\\/kem-europe.eu\\\/product\\\/dck-kqe1680-30-compressor\\\/\",\"url\":\"https:\\\/\\\/kem-europe.eu\\\/product\\\/dck-kqe1680-30-compressor\\\/\",\"name\":\"DCK KQE1680\\\/30 Compressor 1680W 8 bar \u2013 Olievrij en Stil\",\"isPartOf\":{\"@id\":\"https:\\\/\\\/kem-europe.eu\\\/#website\"},\"primaryImageOfPage\":{\"@id\":\"https:\\\/\\\/kem-europe.eu\\\/product\\\/dck-kqe1680-30-compressor\\\/#primaryimage\"},\"image\":{\"@id\":\"https:\\\/\\\/kem-europe.eu\\\/product\\\/dck-kqe1680-30-compressor\\\/#primaryimage\"},\"thumbnailUrl\":\"https:\\\/\\\/kem-europe.eu\\\/wp-content\\\/uploads\\\/2025\\\/10\\\/KQE1680_30-1.png\",\"datePublished\":\"2025-10-28T06:52:45+00:00\",\"dateModified\":\"2025-10-28T08:46:49+00:00\",\"description\":\"Olievrije DCK compressor met 1680W, 30L tank en 8 bar. Stil, onderhoudsarm en ideaal voor de professional.\",\"breadcrumb\":{\"@id\":\"https:\\\/\\\/kem-europe.eu\\\/product\\\/dck-kqe1680-30-compressor\\\/#breadcrumb\"},\"inLanguage\":\"de\",\"potentialAction\":[{\"@type\":\"ReadAction\",\"target\":[\"https:\\\/\\\/kem-europe.eu\\\/product\\\/dck-kqe1680-30-compressor\\\/\"]}]},{\"@type\":\"ImageObject\",\"inLanguage\":\"de\",\"@id\":\"https:\\\/\\\/kem-europe.eu\\\/product\\\/dck-kqe1680-30-compressor\\\/#primaryimage\",\"url\":\"https:\\\/\\\/kem-europe.eu\\\/wp-content\\\/uploads\\\/2025\\\/10\\\/KQE1680_30-1.png\",\"contentUrl\":\"https:\\\/\\\/kem-europe.eu\\\/wp-content\\\/uploads\\\/2025\\\/10\\\/KQE1680_30-1.png\",\"width\":700,\"height\":700,\"caption\":\"DCK KQE1680\\\/30 compressor\"},{\"@type\":\"BreadcrumbList\",\"@id\":\"https:\\\/\\\/kem-europe.eu\\\/product\\\/dck-kqe1680-30-compressor\\\/#breadcrumb\",\"itemListElement\":[{\"@type\":\"ListItem\",\"position\":1,\"name\":\"Home\",\"item\":\"https:\\\/\\\/kem-europe.eu\\\/\"},{\"@type\":\"ListItem\",\"position\":2,\"name\":\"Winkel\",\"item\":\"https:\\\/\\\/kem-europe.eu\\\/winkel\\\/\"},{\"@type\":\"ListItem\",\"position\":3,\"name\":\"DCK KQE1680\\\/30 Compressor\"}]},{\"@type\":\"WebSite\",\"@id\":\"https:\\\/\\\/kem-europe.eu\\\/#website\",\"url\":\"https:\\\/\\\/kem-europe.eu\\\/\",\"name\":\"KEM Europe\",\"description\":\"\",\"publisher\":{\"@id\":\"https:\\\/\\\/kem-europe.eu\\\/#organization\"},\"potentialAction\":[{\"@type\":\"SearchAction\",\"target\":{\"@type\":\"EntryPoint\",\"urlTemplate\":\"https:\\\/\\\/kem-europe.eu\\\/?s={search_term_string}\"},\"query-input\":{\"@type\":\"PropertyValueSpecification\",\"valueRequired\":true,\"valueName\":\"search_term_string\"}}],\"inLanguage\":\"de\"},{\"@type\":\"Organization\",\"@id\":\"https:\\\/\\\/kem-europe.eu\\\/#organization\",\"name\":\"KEM Europe\",\"url\":\"https:\\\/\\\/kem-europe.eu\\\/\",\"logo\":{\"@type\":\"ImageObject\",\"inLanguage\":\"de\",\"@id\":\"https:\\\/\\\/kem-europe.eu\\\/#\\\/schema\\\/logo\\\/image\\\/\",\"url\":\"https:\\\/\\\/kem-europe.eu\\\/wp-content\\\/uploads\\\/2025\\\/02\\\/KEM2019-BLACK-1500W.png\",\"contentUrl\":\"https:\\\/\\\/kem-europe.eu\\\/wp-content\\\/uploads\\\/2025\\\/02\\\/KEM2019-BLACK-1500W.png\",\"width\":1500,\"height\":626,\"caption\":\"KEM Europe\"},\"image\":{\"@id\":\"https:\\\/\\\/kem-europe.eu\\\/#\\\/schema\\\/logo\\\/image\\\/\"}}]}<\/script>\n<!-- \/ Yoast SEO plugin. -->","yoast_head_json":{"title":"DCK KQE1680\/30 Kompressor 1680W 8 bar - \u00d6lfrei und leise","description":"\u00d6lfreier DCK-Kompressor mit 1680W, 30L Tank und 8 bar. Leise, wartungsarm und ideal f\u00fcr den Profi.","robots":{"index":"index","follow":"follow","max-snippet":"max-snippet:-1","max-image-preview":"max-image-preview:large","max-video-preview":"max-video-preview:-1"},"canonical":"https:\/\/kem-europe.eu\/de\/produkt\/dck-kqe1680-30-kompressor\/","og_locale":"de_DE","og_type":"article","og_title":"DCK KQE1680\/30 Compressor 1680W 8 bar \u2013 Olievrij en Stil","og_description":"Olievrije DCK compressor met 1680W, 30L tank en 8 bar. Stil, onderhoudsarm en ideaal voor de professional.","og_url":"https:\/\/kem-europe.eu\/de\/produkt\/dck-kqe1680-30-kompressor\/","og_site_name":"KEM Europe","article_modified_time":"2025-10-28T08:46:49+00:00","og_image":[{"width":700,"height":700,"url":"https:\/\/kem-europe.eu\/wp-content\/uploads\/2025\/10\/KQE1680_30-1.png","type":"image\/png"}],"twitter_card":"summary_large_image","twitter_misc":{"Gesch\u00e4tzte Lesezeit":"2\u00a0Minuten"},"schema":{"@context":"https:\/\/schema.org","@graph":[{"@type":"WebPage","@id":"https:\/\/kem-europe.eu\/product\/dck-kqe1680-30-compressor\/","url":"https:\/\/kem-europe.eu\/product\/dck-kqe1680-30-compressor\/","name":"DCK KQE1680\/30 Kompressor 1680W 8 bar - \u00d6lfrei und leise","isPartOf":{"@id":"https:\/\/kem-europe.eu\/#website"},"primaryImageOfPage":{"@id":"https:\/\/kem-europe.eu\/product\/dck-kqe1680-30-compressor\/#primaryimage"},"image":{"@id":"https:\/\/kem-europe.eu\/product\/dck-kqe1680-30-compressor\/#primaryimage"},"thumbnailUrl":"https:\/\/kem-europe.eu\/wp-content\/uploads\/2025\/10\/KQE1680_30-1.png","datePublished":"2025-10-28T06:52:45+00:00","dateModified":"2025-10-28T08:46:49+00:00","description":"\u00d6lfreier DCK-Kompressor mit 1680W, 30L Tank und 8 bar. Leise, wartungsarm und ideal f\u00fcr den Profi.","breadcrumb":{"@id":"https:\/\/kem-europe.eu\/product\/dck-kqe1680-30-compressor\/#breadcrumb"},"inLanguage":"de","potentialAction":[{"@type":"ReadAction","target":["https:\/\/kem-europe.eu\/product\/dck-kqe1680-30-compressor\/"]}]},{"@type":"ImageObject","inLanguage":"de","@id":"https:\/\/kem-europe.eu\/product\/dck-kqe1680-30-compressor\/#primaryimage","url":"https:\/\/kem-europe.eu\/wp-content\/uploads\/2025\/10\/KQE1680_30-1.png","contentUrl":"https:\/\/kem-europe.eu\/wp-content\/uploads\/2025\/10\/KQE1680_30-1.png","width":700,"height":700,"caption":"DCK KQE1680\/30 compressor"},{"@type":"BreadcrumbList","@id":"https:\/\/kem-europe.eu\/product\/dck-kqe1680-30-compressor\/#breadcrumb","itemListElement":[{"@type":"ListItem","position":1,"name":"Home","item":"https:\/\/kem-europe.eu\/"},{"@type":"ListItem","position":2,"name":"Winkel","item":"https:\/\/kem-europe.eu\/winkel\/"},{"@type":"ListItem","position":3,"name":"DCK KQE1680\/30 Compressor"}]},{"@type":"WebSite","@id":"https:\/\/kem-europe.eu\/#website","url":"https:\/\/kem-europe.eu\/","name":"KEM Europe","description":"","publisher":{"@id":"https:\/\/kem-europe.eu\/#organization"},"potentialAction":[{"@type":"SearchAction","target":{"@type":"EntryPoint","urlTemplate":"https:\/\/kem-europe.eu\/?s={search_term_string}"},"query-input":{"@type":"PropertyValueSpecification","valueRequired":true,"valueName":"search_term_string"}}],"inLanguage":"de"},{"@type":"Organization","@id":"https:\/\/kem-europe.eu\/#organization","name":"KEM Europe","url":"https:\/\/kem-europe.eu\/","logo":{"@type":"ImageObject","inLanguage":"de","@id":"https:\/\/kem-europe.eu\/#\/schema\/logo\/image\/","url":"https:\/\/kem-europe.eu\/wp-content\/uploads\/2025\/02\/KEM2019-BLACK-1500W.png","contentUrl":"https:\/\/kem-europe.eu\/wp-content\/uploads\/2025\/02\/KEM2019-BLACK-1500W.png","width":1500,"height":626,"caption":"KEM Europe"},"image":{"@id":"https:\/\/kem-europe.eu\/#\/schema\/logo\/image\/"}}]}},"_links":{"self":[{"href":"https:\/\/kem-europe.eu\/de\/wp-json\/wp\/v2\/product\/7969","targetHints":{"allow":["GET"]}}],"collection":[{"href":"https:\/\/kem-europe.eu\/de\/wp-json\/wp\/v2\/product"}],"about":[{"href":"https:\/\/kem-europe.eu\/de\/wp-json\/wp\/v2\/types\/product"}],"replies":[{"embeddable":true,"href":"https:\/\/kem-europe.eu\/de\/wp-json\/wp\/v2\/comments?post=7969"}],"wp:featuredmedia":[{"embeddable":true,"href":"https:\/\/kem-europe.eu\/de\/wp-json\/wp\/v2\/media\/7968"}],"wp:attachment":[{"href":"https:\/\/kem-europe.eu\/de\/wp-json\/wp\/v2\/media?parent=7969"}],"wp:term":[{"taxonomy":"product_brand","embeddable":true,"href":"https:\/\/kem-europe.eu\/de\/wp-json\/wp\/v2\/product_brand?post=7969"},{"taxonomy":"product_cat","embeddable":true,"href":"https:\/\/kem-europe.eu\/de\/wp-json\/wp\/v2\/product_cat?post=7969"},{"taxonomy":"product_tag","embeddable":true,"href":"https:\/\/kem-europe.eu\/de\/wp-json\/wp\/v2\/product_tag?post=7969"}],"curies":[{"name":"wp","href":"https:\/\/api.w.org\/{rel}","templated":true}]}}