{"id":7983,"date":"2025-10-28T07:12:21","date_gmt":"2025-10-28T07:12:21","guid":{"rendered":"https:\/\/kem-europe.eu\/?post_type=product&#038;p=7983"},"modified":"2025-10-28T08:43:52","modified_gmt":"2025-10-28T08:43:52","slug":"dck-ffbl2020-akku-20v-2-0ah","status":"publish","type":"product","link":"https:\/\/kem-europe.eu\/de\/product\/dck-ffbl2020-accu-20v-2-0ah\/","title":{"rendered":"DCK FFBL2020 Akku 20V 2.0Ah"},"content":{"rendered":"<h2>DCK FFBL2020 Akku - 20V 2.0Ah<\/h2>\n<p>Sie arbeiten als Profi auf dem Bau oder in der Industrie und wollen nie ohne Strom sein? Dann ist der DCK FFBL2020 Akku Ihr zuverl\u00e4ssiger Partner. Dieser kompakte, leichte 20V-Lithium-Ionen-Akku gibt Ihnen die Freiheit, mit all Ihren DCK 20V MAX-Werkzeugen weiterzuarbeiten. Dank des intelligenten Schutzes vor \u00dcberladung und Tiefentladung h\u00e4lt Ihr Akku l\u00e4nger und Sie k\u00f6nnen sich auf eine optimale Sicherheit verlassen. Mit der praktischen 4-Zellen-LED-Anzeige sehen Sie auf einen Blick, wie viel Energie Sie noch haben. Entscheiden Sie sich f\u00fcr effizientes Arbeiten, wo immer Ihr Projekt Sie hinf\u00fchrt.<\/p>\n<ul>\n<li><strong>Kompakt und leicht:<\/strong> Leicht zu tragen und bequem zu bedienen, auch bei l\u00e4ngeren Arbeiten.<\/li>\n<li><strong>Fortschrittlicher Zellschutz:<\/strong> Zuverl\u00e4ssiger Schutz vor \u00dcberladung und Tiefentladung f\u00fcr eine l\u00e4ngere Lebensdauer.<\/li>\n<li><strong>Schnelle Ladezeit:<\/strong> Vollst\u00e4ndig aufgeladen in ca. 60 Minuten mit einem 2A-Ladeger\u00e4t.<\/li>\n<li><strong>Sofortiger Einblick in den Batteriestatus:<\/strong> Dank der 4-Segment-LED-Anzeige wissen Sie immer, wie weit Sie noch fahren k\u00f6nnen.<\/li>\n<li><strong>Vollst\u00e4ndig kompatibel:<\/strong> Funktioniert mit allen DCK 20V MAX Werkzeugen f\u00fcr ultimative Flexibilit\u00e4t.<\/li>\n<\/ul>\n<h3>Technische Daten<\/h3>\n<ul>\n<li>Batteriespannung - 20V MAX<\/li>\n<li>Batteriekapazit\u00e4t - 2.0Ah<\/li>\n<li>Batterietyp - Lithium-Ionen (Li-Ion)<\/li>\n<li>Aufladezeit - ca. 60 Minuten (2A-Ladeger\u00e4t)<\/li>\n<li>Schutz - \u00dcberladung, Tiefentladung<\/li>\n<li>Anzeige - 4-Zellen-LED-Ladestatus<\/li>\n<li>Gewicht - ca. 0,4-0,5 kg<\/li>\n<\/ul>\n<h3>Umfang der Lieferung<\/h3>\n<ul>\n<li>1x DCK FFBL2020 Akku 20V 2.0Ah<\/li>\n<li>Benutzerhandbuch<\/li>\n<\/ul>","protected":false},"excerpt":{"rendered":"<p>Der DCK FFBL2020 Akku ist ein 20V 2.0Ah Lithium-Ionen-Akku mit schneller Ladezeit und zuverl\u00e4ssigem Schutz, geeignet f\u00fcr die DCK 20V MAX Plattform.<\/p>","protected":false},"featured_media":7982,"comment_status":"open","ping_status":"closed","template":"","meta":[],"product_brand":[630],"product_cat":[61,60],"product_tag":[],"class_list":{"0":"post-7983","1":"product","2":"type-product","3":"status-publish","4":"has-post-thumbnail","6":"product_brand-dck","7":"product_cat-accu","8":"product_cat-accus-laders","10":"first","11":"instock","12":"shipping-taxable","13":"product-type-simple"},"ct_brands":[{"id":630,"name":"DCK","slug":"dck"}],"yoast_head":"<!-- This site is optimized with the Yoast SEO plugin v27.4 - https:\/\/yoast.com\/product\/yoast-seo-wordpress\/ -->\n<title>DCK FFBL2020 Accu 20V 2.0Ah \u2013 Compacte krachtige accu voor DCK 20V MAX<\/title>\n<meta name=\"description\" content=\"DCK FFBL2020 Accu 20V 2.0Ah \u2013 Compacte, krachtige accu met snelle laadtijd voor DCK 20V MAX gereedschappen. Ideaal als extra of reserve.\" \/>\n<meta name=\"robots\" content=\"index, follow, max-snippet:-1, max-image-preview:large, max-video-preview:-1\" \/>\n<link rel=\"canonical\" href=\"https:\/\/kem-europe.eu\/de\/produkt\/dck-ffbl2020-akku-20v-2-0ah\/\" \/>\n<meta property=\"og:locale\" content=\"de_DE\" \/>\n<meta property=\"og:type\" content=\"article\" \/>\n<meta property=\"og:title\" content=\"DCK FFBL2020 Accu 20V 2.0Ah \u2013 Compacte krachtige accu voor DCK 20V MAX\" \/>\n<meta property=\"og:description\" content=\"DCK FFBL2020 Accu 20V 2.0Ah \u2013 Compacte, krachtige accu met snelle laadtijd voor DCK 20V MAX gereedschappen. Ideaal als extra of reserve.\" \/>\n<meta property=\"og:url\" content=\"https:\/\/kem-europe.eu\/de\/produkt\/dck-ffbl2020-akku-20v-2-0ah\/\" \/>\n<meta property=\"og:site_name\" content=\"KEM Europe\" \/>\n<meta property=\"article:modified_time\" content=\"2025-10-28T08:43:52+00:00\" \/>\n<meta property=\"og:image\" content=\"https:\/\/kem-europe.eu\/wp-content\/uploads\/2025\/10\/FFBL2020-1.png\" \/>\n\t<meta property=\"og:image:width\" content=\"700\" \/>\n\t<meta property=\"og:image:height\" content=\"700\" \/>\n\t<meta property=\"og:image:type\" content=\"image\/png\" \/>\n<meta name=\"twitter:card\" content=\"summary_large_image\" \/>\n<meta name=\"twitter:label1\" content=\"Gesch\u00e4tzte Lesezeit\" \/>\n\t<meta name=\"twitter:data1\" content=\"2\u00a0Minuten\" \/>\n<script type=\"application\/ld+json\" class=\"yoast-schema-graph\">{\"@context\":\"https:\\\/\\\/schema.org\",\"@graph\":[{\"@type\":\"WebPage\",\"@id\":\"https:\\\/\\\/kem-europe.eu\\\/product\\\/dck-ffbl2020-accu-20v-2-0ah\\\/\",\"url\":\"https:\\\/\\\/kem-europe.eu\\\/product\\\/dck-ffbl2020-accu-20v-2-0ah\\\/\",\"name\":\"DCK FFBL2020 Accu 20V 2.0Ah \u2013 Compacte krachtige accu voor DCK 20V MAX\",\"isPartOf\":{\"@id\":\"https:\\\/\\\/kem-europe.eu\\\/#website\"},\"primaryImageOfPage\":{\"@id\":\"https:\\\/\\\/kem-europe.eu\\\/product\\\/dck-ffbl2020-accu-20v-2-0ah\\\/#primaryimage\"},\"image\":{\"@id\":\"https:\\\/\\\/kem-europe.eu\\\/product\\\/dck-ffbl2020-accu-20v-2-0ah\\\/#primaryimage\"},\"thumbnailUrl\":\"https:\\\/\\\/kem-europe.eu\\\/wp-content\\\/uploads\\\/2025\\\/10\\\/FFBL2020-1.png\",\"datePublished\":\"2025-10-28T07:12:21+00:00\",\"dateModified\":\"2025-10-28T08:43:52+00:00\",\"description\":\"DCK FFBL2020 Accu 20V 2.0Ah \u2013 Compacte, krachtige accu met snelle laadtijd voor DCK 20V MAX gereedschappen. Ideaal als extra of reserve.\",\"breadcrumb\":{\"@id\":\"https:\\\/\\\/kem-europe.eu\\\/product\\\/dck-ffbl2020-accu-20v-2-0ah\\\/#breadcrumb\"},\"inLanguage\":\"de\",\"potentialAction\":[{\"@type\":\"ReadAction\",\"target\":[\"https:\\\/\\\/kem-europe.eu\\\/product\\\/dck-ffbl2020-accu-20v-2-0ah\\\/\"]}]},{\"@type\":\"ImageObject\",\"inLanguage\":\"de\",\"@id\":\"https:\\\/\\\/kem-europe.eu\\\/product\\\/dck-ffbl2020-accu-20v-2-0ah\\\/#primaryimage\",\"url\":\"https:\\\/\\\/kem-europe.eu\\\/wp-content\\\/uploads\\\/2025\\\/10\\\/FFBL2020-1.png\",\"contentUrl\":\"https:\\\/\\\/kem-europe.eu\\\/wp-content\\\/uploads\\\/2025\\\/10\\\/FFBL2020-1.png\",\"width\":700,\"height\":700,\"caption\":\"DCK FFBL2020 Accu 20V 2.0Ah\"},{\"@type\":\"BreadcrumbList\",\"@id\":\"https:\\\/\\\/kem-europe.eu\\\/product\\\/dck-ffbl2020-accu-20v-2-0ah\\\/#breadcrumb\",\"itemListElement\":[{\"@type\":\"ListItem\",\"position\":1,\"name\":\"Home\",\"item\":\"https:\\\/\\\/kem-europe.eu\\\/\"},{\"@type\":\"ListItem\",\"position\":2,\"name\":\"Winkel\",\"item\":\"https:\\\/\\\/kem-europe.eu\\\/winkel\\\/\"},{\"@type\":\"ListItem\",\"position\":3,\"name\":\"DCK FFBL2020 Accu 20V 2.0Ah\"}]},{\"@type\":\"WebSite\",\"@id\":\"https:\\\/\\\/kem-europe.eu\\\/#website\",\"url\":\"https:\\\/\\\/kem-europe.eu\\\/\",\"name\":\"KEM Europe\",\"description\":\"\",\"publisher\":{\"@id\":\"https:\\\/\\\/kem-europe.eu\\\/#organization\"},\"potentialAction\":[{\"@type\":\"SearchAction\",\"target\":{\"@type\":\"EntryPoint\",\"urlTemplate\":\"https:\\\/\\\/kem-europe.eu\\\/?s={search_term_string}\"},\"query-input\":{\"@type\":\"PropertyValueSpecification\",\"valueRequired\":true,\"valueName\":\"search_term_string\"}}],\"inLanguage\":\"de\"},{\"@type\":\"Organization\",\"@id\":\"https:\\\/\\\/kem-europe.eu\\\/#organization\",\"name\":\"KEM Europe\",\"url\":\"https:\\\/\\\/kem-europe.eu\\\/\",\"logo\":{\"@type\":\"ImageObject\",\"inLanguage\":\"de\",\"@id\":\"https:\\\/\\\/kem-europe.eu\\\/#\\\/schema\\\/logo\\\/image\\\/\",\"url\":\"https:\\\/\\\/kem-europe.eu\\\/wp-content\\\/uploads\\\/2025\\\/02\\\/KEM2019-BLACK-1500W.png\",\"contentUrl\":\"https:\\\/\\\/kem-europe.eu\\\/wp-content\\\/uploads\\\/2025\\\/02\\\/KEM2019-BLACK-1500W.png\",\"width\":1500,\"height\":626,\"caption\":\"KEM Europe\"},\"image\":{\"@id\":\"https:\\\/\\\/kem-europe.eu\\\/#\\\/schema\\\/logo\\\/image\\\/\"}}]}<\/script>\n<!-- \/ Yoast SEO plugin. -->","yoast_head_json":{"title":"DCK FFBL2020 Akku 20V 2.0Ah - Kompakter leistungsstarker Akku f\u00fcr DCK 20V MAX","description":"DCK FFBL2020 Akku 20V 2.0Ah - Kompakter, leistungsstarker Akku mit schneller Ladezeit f\u00fcr DCK 20V MAX Werkzeuge. Ideal als Erg\u00e4nzung oder Ersatz.","robots":{"index":"index","follow":"follow","max-snippet":"max-snippet:-1","max-image-preview":"max-image-preview:large","max-video-preview":"max-video-preview:-1"},"canonical":"https:\/\/kem-europe.eu\/de\/produkt\/dck-ffbl2020-akku-20v-2-0ah\/","og_locale":"de_DE","og_type":"article","og_title":"DCK FFBL2020 Accu 20V 2.0Ah \u2013 Compacte krachtige accu voor DCK 20V MAX","og_description":"DCK FFBL2020 Accu 20V 2.0Ah \u2013 Compacte, krachtige accu met snelle laadtijd voor DCK 20V MAX gereedschappen. Ideaal als extra of reserve.","og_url":"https:\/\/kem-europe.eu\/de\/produkt\/dck-ffbl2020-akku-20v-2-0ah\/","og_site_name":"KEM Europe","article_modified_time":"2025-10-28T08:43:52+00:00","og_image":[{"width":700,"height":700,"url":"https:\/\/kem-europe.eu\/wp-content\/uploads\/2025\/10\/FFBL2020-1.png","type":"image\/png"}],"twitter_card":"summary_large_image","twitter_misc":{"Gesch\u00e4tzte Lesezeit":"2\u00a0Minuten"},"schema":{"@context":"https:\/\/schema.org","@graph":[{"@type":"WebPage","@id":"https:\/\/kem-europe.eu\/product\/dck-ffbl2020-accu-20v-2-0ah\/","url":"https:\/\/kem-europe.eu\/product\/dck-ffbl2020-accu-20v-2-0ah\/","name":"DCK FFBL2020 Akku 20V 2.0Ah - Kompakter leistungsstarker Akku f\u00fcr DCK 20V MAX","isPartOf":{"@id":"https:\/\/kem-europe.eu\/#website"},"primaryImageOfPage":{"@id":"https:\/\/kem-europe.eu\/product\/dck-ffbl2020-accu-20v-2-0ah\/#primaryimage"},"image":{"@id":"https:\/\/kem-europe.eu\/product\/dck-ffbl2020-accu-20v-2-0ah\/#primaryimage"},"thumbnailUrl":"https:\/\/kem-europe.eu\/wp-content\/uploads\/2025\/10\/FFBL2020-1.png","datePublished":"2025-10-28T07:12:21+00:00","dateModified":"2025-10-28T08:43:52+00:00","description":"DCK FFBL2020 Akku 20V 2.0Ah - Kompakter, leistungsstarker Akku mit schneller Ladezeit f\u00fcr DCK 20V MAX Werkzeuge. Ideal als Erg\u00e4nzung oder Ersatz.","breadcrumb":{"@id":"https:\/\/kem-europe.eu\/product\/dck-ffbl2020-accu-20v-2-0ah\/#breadcrumb"},"inLanguage":"de","potentialAction":[{"@type":"ReadAction","target":["https:\/\/kem-europe.eu\/product\/dck-ffbl2020-accu-20v-2-0ah\/"]}]},{"@type":"ImageObject","inLanguage":"de","@id":"https:\/\/kem-europe.eu\/product\/dck-ffbl2020-accu-20v-2-0ah\/#primaryimage","url":"https:\/\/kem-europe.eu\/wp-content\/uploads\/2025\/10\/FFBL2020-1.png","contentUrl":"https:\/\/kem-europe.eu\/wp-content\/uploads\/2025\/10\/FFBL2020-1.png","width":700,"height":700,"caption":"DCK FFBL2020 Accu 20V 2.0Ah"},{"@type":"BreadcrumbList","@id":"https:\/\/kem-europe.eu\/product\/dck-ffbl2020-accu-20v-2-0ah\/#breadcrumb","itemListElement":[{"@type":"ListItem","position":1,"name":"Home","item":"https:\/\/kem-europe.eu\/"},{"@type":"ListItem","position":2,"name":"Winkel","item":"https:\/\/kem-europe.eu\/winkel\/"},{"@type":"ListItem","position":3,"name":"DCK FFBL2020 Accu 20V 2.0Ah"}]},{"@type":"WebSite","@id":"https:\/\/kem-europe.eu\/#website","url":"https:\/\/kem-europe.eu\/","name":"KEM Europe","description":"","publisher":{"@id":"https:\/\/kem-europe.eu\/#organization"},"potentialAction":[{"@type":"SearchAction","target":{"@type":"EntryPoint","urlTemplate":"https:\/\/kem-europe.eu\/?s={search_term_string}"},"query-input":{"@type":"PropertyValueSpecification","valueRequired":true,"valueName":"search_term_string"}}],"inLanguage":"de"},{"@type":"Organization","@id":"https:\/\/kem-europe.eu\/#organization","name":"KEM Europe","url":"https:\/\/kem-europe.eu\/","logo":{"@type":"ImageObject","inLanguage":"de","@id":"https:\/\/kem-europe.eu\/#\/schema\/logo\/image\/","url":"https:\/\/kem-europe.eu\/wp-content\/uploads\/2025\/02\/KEM2019-BLACK-1500W.png","contentUrl":"https:\/\/kem-europe.eu\/wp-content\/uploads\/2025\/02\/KEM2019-BLACK-1500W.png","width":1500,"height":626,"caption":"KEM Europe"},"image":{"@id":"https:\/\/kem-europe.eu\/#\/schema\/logo\/image\/"}}]}},"_links":{"self":[{"href":"https:\/\/kem-europe.eu\/de\/wp-json\/wp\/v2\/product\/7983","targetHints":{"allow":["GET"]}}],"collection":[{"href":"https:\/\/kem-europe.eu\/de\/wp-json\/wp\/v2\/product"}],"about":[{"href":"https:\/\/kem-europe.eu\/de\/wp-json\/wp\/v2\/types\/product"}],"replies":[{"embeddable":true,"href":"https:\/\/kem-europe.eu\/de\/wp-json\/wp\/v2\/comments?post=7983"}],"wp:featuredmedia":[{"embeddable":true,"href":"https:\/\/kem-europe.eu\/de\/wp-json\/wp\/v2\/media\/7982"}],"wp:attachment":[{"href":"https:\/\/kem-europe.eu\/de\/wp-json\/wp\/v2\/media?parent=7983"}],"wp:term":[{"taxonomy":"product_brand","embeddable":true,"href":"https:\/\/kem-europe.eu\/de\/wp-json\/wp\/v2\/product_brand?post=7983"},{"taxonomy":"product_cat","embeddable":true,"href":"https:\/\/kem-europe.eu\/de\/wp-json\/wp\/v2\/product_cat?post=7983"},{"taxonomy":"product_tag","embeddable":true,"href":"https:\/\/kem-europe.eu\/de\/wp-json\/wp\/v2\/product_tag?post=7983"}],"curies":[{"name":"wp","href":"https:\/\/api.w.org\/{rel}","templated":true}]}}