{"id":8001,"date":"2025-10-28T07:26:23","date_gmt":"2025-10-28T07:26:23","guid":{"rendered":"https:\/\/kem-europe.eu\/?post_type=product&#038;p=8001"},"modified":"2025-10-28T09:39:25","modified_gmt":"2025-10-28T09:39:25","slug":"dck-kdsp75ek-kabellose-poliermaschine","status":"publish","type":"product","link":"https:\/\/kem-europe.eu\/de\/product\/dck-kdsp75ek-accu-polijstmachine\/","title":{"rendered":"DCK KDSP75(EK) Akkupolierer"},"content":{"rendered":"<h2>DCK KDSP75(EK) Akku-Polierer - 12V 2.0Ah<\/h2>\n<p>Sind Sie auf der Suche nach einem kompakten Polierer, der m\u00fchelos Leistung und Benutzerfreundlichkeit vereint? Der DCK KDSP75(EK) wurde speziell f\u00fcr Profis entwickelt, die auch an schwer zug\u00e4nglichen Stellen pr\u00e4zise arbeiten wollen. Dank seines b\u00fcrstenlosen Motors ist ein leistungsstarkes und langlebiges Werkzeug garantiert, w\u00e4hrend sein geringes Gewicht und die gute Ergonomie daf\u00fcr sorgen, dass Sie lange Freude an ihm haben werden. Dank der zwei einstellbaren Geschwindigkeiten k\u00f6nnen Sie ganz einfach zwischen feinem Polieren und grobem Schleifen wechseln. Ideal f\u00fcr die Autopflege, Holzbearbeitung und Arbeiten, bei denen es auf Pr\u00e4zision ankommt. G\u00f6nnen Sie sich den Komfort dieses Allrounders f\u00fcr professionelle Ergebnisse!<\/p>\n<ul>\n<li><strong>Kompakt und ergonomisch:<\/strong> M\u00fchelose Langzeitarbeit, auch in kleinen oder schwer zug\u00e4nglichen Bereichen.<\/li>\n<li><strong>B\u00fcrstenloser Motor:<\/strong> Mehr Leistung, weniger Wartung und l\u00e4ngere Lebensdauer.<\/li>\n<li><strong>Zwei Geschwindigkeiten:<\/strong> Einfacher Wechsel zwischen Polieren (0-2800 U\/min) und Schleifen (0-8300 U\/min).<\/li>\n<li><strong>Anti-Neustart-Funktion:<\/strong> Zus\u00e4tzliche Sicherheit im Falle unerwarteter Unterbrechungen.<\/li>\n<li><strong>Vielseitige Anwendungsm\u00f6glichkeiten:<\/strong> Geeignet f\u00fcr 75-mm-Polierpads und 50-mm-Schleifpads.<\/li>\n<\/ul>\n<h3>Technische Daten<\/h3>\n<ul>\n<li>Batteriespannung - 12V MAX<\/li>\n<li>Batteriekapazit\u00e4t - 2.0Ah (Li-Ion)<\/li>\n<li>Maximale Leistung - 230W<\/li>\n<li>Geschwindigkeit - 0-2800 &amp; 0-8300 U\/min (2 Einstellungen)<\/li>\n<li>Durchmesser der Polierscheibe - 75 mm<\/li>\n<li>Durchmesser des Schleiftellers - 50 mm<\/li>\n<li>Spindelgewinde - 5\/16\u2033-24 UNF-2B<\/li>\n<li>Gewicht - 1,08 kg (inkl. Batterie)<\/li>\n<li>Ladezeit - ca. 60 Min.<\/li>\n<\/ul>\n<h3>Umfang der Lieferung<\/h3>\n<ul>\n<li>1x DCK KDSP75(EK) Akkupolierer<\/li>\n<li>2x 12V 2.0Ah Li-Ion Batterien<\/li>\n<li>1x 12V Batterieladeger\u00e4t<\/li>\n<li>1x Polierschwamm gro\u00df<\/li>\n<li>1x Polierschwamm fein<\/li>\n<li>1x Wollkissen<\/li>\n<li>1x Schleifpad<\/li>\n<li>1x Seitengriff<\/li>\n<li>1x Aufbewahrungstasche<\/li>\n<li>Handbuch<\/li>\n<\/ul>","protected":false},"excerpt":{"rendered":"<p>Der DCK KDSP75(EK) ist ein kompakter, leistungsstarker Akku-Polierer. Ideal f\u00fcr pr\u00e4zises Polieren oder Schleifen in schwer zug\u00e4nglichen Bereichen.<\/p>","protected":false},"featured_media":8000,"comment_status":"open","ping_status":"closed","template":"","meta":[],"product_brand":[630],"product_cat":[54,771],"product_tag":[],"class_list":{"0":"post-8001","1":"product","2":"type-product","3":"status-publish","4":"has-post-thumbnail","6":"product_brand-dck","7":"product_cat-accu-machines","8":"product_cat-accu-polijstmachine","10":"first","11":"instock","12":"shipping-taxable","13":"product-type-simple"},"ct_brands":[{"id":630,"name":"DCK","slug":"dck"}],"yoast_head":"<!-- This site is optimized with the Yoast SEO plugin v27.3 - https:\/\/yoast.com\/product\/yoast-seo-wordpress\/ -->\n<title>DCK KDSP75(EK) Accu Polijstmachine 12V 2,0Ah \u2013 Compact &amp; Krachtig<\/title>\n<meta name=\"description\" content=\"DCK KDSP75(EK) Accu Polijstmachine 12V, licht en krachtig. Voor precies polijsten of schuren, geleverd met 2 accu\u2019s en accessoires.\" \/>\n<meta name=\"robots\" content=\"index, follow, max-snippet:-1, max-image-preview:large, max-video-preview:-1\" \/>\n<link rel=\"canonical\" href=\"https:\/\/kem-europe.eu\/de\/produkt\/dck-kdsp75ek-kabellose-poliermaschine\/\" \/>\n<meta property=\"og:locale\" content=\"de_DE\" \/>\n<meta property=\"og:type\" content=\"article\" \/>\n<meta property=\"og:title\" content=\"DCK KDSP75(EK) Accu Polijstmachine 12V 2,0Ah \u2013 Compact &amp; Krachtig\" \/>\n<meta property=\"og:description\" content=\"DCK KDSP75(EK) Accu Polijstmachine 12V, licht en krachtig. Voor precies polijsten of schuren, geleverd met 2 accu\u2019s en accessoires.\" \/>\n<meta property=\"og:url\" content=\"https:\/\/kem-europe.eu\/de\/produkt\/dck-kdsp75ek-kabellose-poliermaschine\/\" \/>\n<meta property=\"og:site_name\" content=\"KEM Europe\" \/>\n<meta property=\"article:modified_time\" content=\"2025-10-28T09:39:25+00:00\" \/>\n<meta property=\"og:image\" content=\"https:\/\/kem-europe.eu\/wp-content\/uploads\/2025\/10\/KDSP75EK-1.png\" \/>\n\t<meta property=\"og:image:width\" content=\"700\" \/>\n\t<meta property=\"og:image:height\" content=\"700\" \/>\n\t<meta property=\"og:image:type\" content=\"image\/png\" \/>\n<meta name=\"twitter:card\" content=\"summary_large_image\" \/>\n<meta name=\"twitter:label1\" content=\"Gesch\u00e4tzte Lesezeit\" \/>\n\t<meta name=\"twitter:data1\" content=\"2\u00a0Minuten\" \/>\n<script type=\"application\/ld+json\" class=\"yoast-schema-graph\">{\"@context\":\"https:\\\/\\\/schema.org\",\"@graph\":[{\"@type\":\"WebPage\",\"@id\":\"https:\\\/\\\/kem-europe.eu\\\/product\\\/dck-kdsp75ek-accu-polijstmachine\\\/\",\"url\":\"https:\\\/\\\/kem-europe.eu\\\/product\\\/dck-kdsp75ek-accu-polijstmachine\\\/\",\"name\":\"DCK KDSP75(EK) Accu Polijstmachine 12V 2,0Ah \u2013 Compact & Krachtig\",\"isPartOf\":{\"@id\":\"https:\\\/\\\/kem-europe.eu\\\/#website\"},\"primaryImageOfPage\":{\"@id\":\"https:\\\/\\\/kem-europe.eu\\\/product\\\/dck-kdsp75ek-accu-polijstmachine\\\/#primaryimage\"},\"image\":{\"@id\":\"https:\\\/\\\/kem-europe.eu\\\/product\\\/dck-kdsp75ek-accu-polijstmachine\\\/#primaryimage\"},\"thumbnailUrl\":\"https:\\\/\\\/kem-europe.eu\\\/wp-content\\\/uploads\\\/2025\\\/10\\\/KDSP75EK-1.png\",\"datePublished\":\"2025-10-28T07:26:23+00:00\",\"dateModified\":\"2025-10-28T09:39:25+00:00\",\"description\":\"DCK KDSP75(EK) Accu Polijstmachine 12V, licht en krachtig. Voor precies polijsten of schuren, geleverd met 2 accu\u2019s en accessoires.\",\"breadcrumb\":{\"@id\":\"https:\\\/\\\/kem-europe.eu\\\/product\\\/dck-kdsp75ek-accu-polijstmachine\\\/#breadcrumb\"},\"inLanguage\":\"de\",\"potentialAction\":[{\"@type\":\"ReadAction\",\"target\":[\"https:\\\/\\\/kem-europe.eu\\\/product\\\/dck-kdsp75ek-accu-polijstmachine\\\/\"]}]},{\"@type\":\"ImageObject\",\"inLanguage\":\"de\",\"@id\":\"https:\\\/\\\/kem-europe.eu\\\/product\\\/dck-kdsp75ek-accu-polijstmachine\\\/#primaryimage\",\"url\":\"https:\\\/\\\/kem-europe.eu\\\/wp-content\\\/uploads\\\/2025\\\/10\\\/KDSP75EK-1.png\",\"contentUrl\":\"https:\\\/\\\/kem-europe.eu\\\/wp-content\\\/uploads\\\/2025\\\/10\\\/KDSP75EK-1.png\",\"width\":700,\"height\":700,\"caption\":\"DCK KDSP75(EK) accu polijstmachine\"},{\"@type\":\"BreadcrumbList\",\"@id\":\"https:\\\/\\\/kem-europe.eu\\\/product\\\/dck-kdsp75ek-accu-polijstmachine\\\/#breadcrumb\",\"itemListElement\":[{\"@type\":\"ListItem\",\"position\":1,\"name\":\"Home\",\"item\":\"https:\\\/\\\/kem-europe.eu\\\/\"},{\"@type\":\"ListItem\",\"position\":2,\"name\":\"Winkel\",\"item\":\"https:\\\/\\\/kem-europe.eu\\\/winkel\\\/\"},{\"@type\":\"ListItem\",\"position\":3,\"name\":\"DCK KDSP75(EK) Accu Polijstmachine\"}]},{\"@type\":\"WebSite\",\"@id\":\"https:\\\/\\\/kem-europe.eu\\\/#website\",\"url\":\"https:\\\/\\\/kem-europe.eu\\\/\",\"name\":\"KEM Europe\",\"description\":\"\",\"publisher\":{\"@id\":\"https:\\\/\\\/kem-europe.eu\\\/#organization\"},\"potentialAction\":[{\"@type\":\"SearchAction\",\"target\":{\"@type\":\"EntryPoint\",\"urlTemplate\":\"https:\\\/\\\/kem-europe.eu\\\/?s={search_term_string}\"},\"query-input\":{\"@type\":\"PropertyValueSpecification\",\"valueRequired\":true,\"valueName\":\"search_term_string\"}}],\"inLanguage\":\"de\"},{\"@type\":\"Organization\",\"@id\":\"https:\\\/\\\/kem-europe.eu\\\/#organization\",\"name\":\"KEM Europe\",\"url\":\"https:\\\/\\\/kem-europe.eu\\\/\",\"logo\":{\"@type\":\"ImageObject\",\"inLanguage\":\"de\",\"@id\":\"https:\\\/\\\/kem-europe.eu\\\/#\\\/schema\\\/logo\\\/image\\\/\",\"url\":\"https:\\\/\\\/kem-europe.eu\\\/wp-content\\\/uploads\\\/2025\\\/02\\\/KEM2019-BLACK-1500W.png\",\"contentUrl\":\"https:\\\/\\\/kem-europe.eu\\\/wp-content\\\/uploads\\\/2025\\\/02\\\/KEM2019-BLACK-1500W.png\",\"width\":1500,\"height\":626,\"caption\":\"KEM Europe\"},\"image\":{\"@id\":\"https:\\\/\\\/kem-europe.eu\\\/#\\\/schema\\\/logo\\\/image\\\/\"}}]}<\/script>\n<!-- \/ Yoast SEO plugin. -->","yoast_head_json":{"title":"DCK KDSP75(EK) Akku-Poliermaschine 12V 2.0Ah - Kompakt &amp; Leistungsstark","description":"DCK KDSP75(EK) Akku-Polierer 12V, leicht und leistungsstark. F\u00fcr pr\u00e4zises Polieren oder Schleifen, geliefert mit 2 Batterien und Zubeh\u00f6r.","robots":{"index":"index","follow":"follow","max-snippet":"max-snippet:-1","max-image-preview":"max-image-preview:large","max-video-preview":"max-video-preview:-1"},"canonical":"https:\/\/kem-europe.eu\/de\/produkt\/dck-kdsp75ek-kabellose-poliermaschine\/","og_locale":"de_DE","og_type":"article","og_title":"DCK KDSP75(EK) Accu Polijstmachine 12V 2,0Ah \u2013 Compact & Krachtig","og_description":"DCK KDSP75(EK) Accu Polijstmachine 12V, licht en krachtig. Voor precies polijsten of schuren, geleverd met 2 accu\u2019s en accessoires.","og_url":"https:\/\/kem-europe.eu\/de\/produkt\/dck-kdsp75ek-kabellose-poliermaschine\/","og_site_name":"KEM Europe","article_modified_time":"2025-10-28T09:39:25+00:00","og_image":[{"width":700,"height":700,"url":"https:\/\/kem-europe.eu\/wp-content\/uploads\/2025\/10\/KDSP75EK-1.png","type":"image\/png"}],"twitter_card":"summary_large_image","twitter_misc":{"Gesch\u00e4tzte Lesezeit":"2\u00a0Minuten"},"schema":{"@context":"https:\/\/schema.org","@graph":[{"@type":"WebPage","@id":"https:\/\/kem-europe.eu\/product\/dck-kdsp75ek-accu-polijstmachine\/","url":"https:\/\/kem-europe.eu\/product\/dck-kdsp75ek-accu-polijstmachine\/","name":"DCK KDSP75(EK) Akku-Poliermaschine 12V 2.0Ah - Kompakt &amp; Leistungsstark","isPartOf":{"@id":"https:\/\/kem-europe.eu\/#website"},"primaryImageOfPage":{"@id":"https:\/\/kem-europe.eu\/product\/dck-kdsp75ek-accu-polijstmachine\/#primaryimage"},"image":{"@id":"https:\/\/kem-europe.eu\/product\/dck-kdsp75ek-accu-polijstmachine\/#primaryimage"},"thumbnailUrl":"https:\/\/kem-europe.eu\/wp-content\/uploads\/2025\/10\/KDSP75EK-1.png","datePublished":"2025-10-28T07:26:23+00:00","dateModified":"2025-10-28T09:39:25+00:00","description":"DCK KDSP75(EK) Akku-Polierer 12V, leicht und leistungsstark. F\u00fcr pr\u00e4zises Polieren oder Schleifen, geliefert mit 2 Batterien und Zubeh\u00f6r.","breadcrumb":{"@id":"https:\/\/kem-europe.eu\/product\/dck-kdsp75ek-accu-polijstmachine\/#breadcrumb"},"inLanguage":"de","potentialAction":[{"@type":"ReadAction","target":["https:\/\/kem-europe.eu\/product\/dck-kdsp75ek-accu-polijstmachine\/"]}]},{"@type":"ImageObject","inLanguage":"de","@id":"https:\/\/kem-europe.eu\/product\/dck-kdsp75ek-accu-polijstmachine\/#primaryimage","url":"https:\/\/kem-europe.eu\/wp-content\/uploads\/2025\/10\/KDSP75EK-1.png","contentUrl":"https:\/\/kem-europe.eu\/wp-content\/uploads\/2025\/10\/KDSP75EK-1.png","width":700,"height":700,"caption":"DCK KDSP75(EK) accu polijstmachine"},{"@type":"BreadcrumbList","@id":"https:\/\/kem-europe.eu\/product\/dck-kdsp75ek-accu-polijstmachine\/#breadcrumb","itemListElement":[{"@type":"ListItem","position":1,"name":"Home","item":"https:\/\/kem-europe.eu\/"},{"@type":"ListItem","position":2,"name":"Winkel","item":"https:\/\/kem-europe.eu\/winkel\/"},{"@type":"ListItem","position":3,"name":"DCK KDSP75(EK) Accu Polijstmachine"}]},{"@type":"WebSite","@id":"https:\/\/kem-europe.eu\/#website","url":"https:\/\/kem-europe.eu\/","name":"KEM Europe","description":"","publisher":{"@id":"https:\/\/kem-europe.eu\/#organization"},"potentialAction":[{"@type":"SearchAction","target":{"@type":"EntryPoint","urlTemplate":"https:\/\/kem-europe.eu\/?s={search_term_string}"},"query-input":{"@type":"PropertyValueSpecification","valueRequired":true,"valueName":"search_term_string"}}],"inLanguage":"de"},{"@type":"Organization","@id":"https:\/\/kem-europe.eu\/#organization","name":"KEM Europe","url":"https:\/\/kem-europe.eu\/","logo":{"@type":"ImageObject","inLanguage":"de","@id":"https:\/\/kem-europe.eu\/#\/schema\/logo\/image\/","url":"https:\/\/kem-europe.eu\/wp-content\/uploads\/2025\/02\/KEM2019-BLACK-1500W.png","contentUrl":"https:\/\/kem-europe.eu\/wp-content\/uploads\/2025\/02\/KEM2019-BLACK-1500W.png","width":1500,"height":626,"caption":"KEM Europe"},"image":{"@id":"https:\/\/kem-europe.eu\/#\/schema\/logo\/image\/"}}]}},"_links":{"self":[{"href":"https:\/\/kem-europe.eu\/de\/wp-json\/wp\/v2\/product\/8001","targetHints":{"allow":["GET"]}}],"collection":[{"href":"https:\/\/kem-europe.eu\/de\/wp-json\/wp\/v2\/product"}],"about":[{"href":"https:\/\/kem-europe.eu\/de\/wp-json\/wp\/v2\/types\/product"}],"replies":[{"embeddable":true,"href":"https:\/\/kem-europe.eu\/de\/wp-json\/wp\/v2\/comments?post=8001"}],"wp:featuredmedia":[{"embeddable":true,"href":"https:\/\/kem-europe.eu\/de\/wp-json\/wp\/v2\/media\/8000"}],"wp:attachment":[{"href":"https:\/\/kem-europe.eu\/de\/wp-json\/wp\/v2\/media?parent=8001"}],"wp:term":[{"taxonomy":"product_brand","embeddable":true,"href":"https:\/\/kem-europe.eu\/de\/wp-json\/wp\/v2\/product_brand?post=8001"},{"taxonomy":"product_cat","embeddable":true,"href":"https:\/\/kem-europe.eu\/de\/wp-json\/wp\/v2\/product_cat?post=8001"},{"taxonomy":"product_tag","embeddable":true,"href":"https:\/\/kem-europe.eu\/de\/wp-json\/wp\/v2\/product_tag?post=8001"}],"curies":[{"name":"wp","href":"https:\/\/api.w.org\/{rel}","templated":true}]}}