{"id":8005,"date":"2025-10-28T07:30:26","date_gmt":"2025-10-28T07:30:26","guid":{"rendered":"https:\/\/kem-europe.eu\/?post_type=product&#038;p=8005"},"modified":"2025-10-28T09:39:21","modified_gmt":"2025-10-28T09:39:21","slug":"dck-kdpm50ek-schnurloses-blindnietgerat","status":"publish","type":"product","link":"https:\/\/kem-europe.eu\/de\/product\/dck-kdpm50ek-accu-blindklinknageltang\/","title":{"rendered":"DCK KDPM50(EK) Akku-Blindnieter"},"content":{"rendered":"<h2>DCK KDPM50(EK) Akku-Blindnietzange - 12V 2,0Ah<\/h2>\n<p>Sie w\u00fcnschen sich mehr Freiheit und Kraft beim Setzen von Blindnieten? Die Akku-Blindnietzange DCK KDPM50(EK) wurde speziell f\u00fcr Profis im Baugewerbe, in der Industrie und in der Metallverarbeitung entwickelt. Dank des 12-V-Li-Ionen-Akkus arbeiten Sie m\u00fchelos an Stellen, die mit herk\u00f6mmlichen Zangen nur schwer zu erreichen sind. Dieses Werkzeug kombiniert eine hohe Zugkraft mit einem kompakten, leichten Design und intelligenten Funktionen wie der automatischen Stiftentfernung. So arbeiten Sie nicht nur schneller, sondern auch ergonomischer und sicherer bei langwierigen Arbeiten. Kurzum: eine vielseitige Blindnietzange, die Ihren Arbeitsplatz wirklich entlastet!<\/p>\n<ul>\n<li><strong>Kabelloser Komfort:<\/strong> Kein \u00c4rger mit Kabeln, maximale Bewegungsfreiheit an jedem Ort.<\/li>\n<li><strong>Leistungsstark und schnell:<\/strong> Mit einer Zugkraft von 10.000N und einer Hubl\u00e4nge von 20 mm f\u00fcr schwere und vielf\u00e4ltige N\u00e4gel.<\/li>\n<li><strong>Vielf\u00e4ltig einsetzbar:<\/strong> Geeignet f\u00fcr verschiedene Nagelgr\u00f6\u00dfen und Materialien, einschlie\u00dflich Stahl, Edelstahl und Aluminium bis zu \u00d86,0 mm.<\/li>\n<li><strong>Bequemes Arbeiten:<\/strong> Nur etwa 1,6 kg mit Akku und ergonomischem Design f\u00fcr weniger Erm\u00fcdung.<\/li>\n<li><strong>N\u00fctzliche Eigenschaften:<\/strong> Automatische Stiftentfernung und schnelle W\u00e4rmeableitung f\u00fcr effizienteren Betrieb und weniger Wartung.<\/li>\n<\/ul>\n<h3>Technische Daten<\/h3>\n<ul>\n<li>Batteriespannung - 12V MAX<\/li>\n<li>Batteriekapazit\u00e4t - 2.0Ah (Li-Ion)<\/li>\n<li>Maximale Zugkraft - 10.000N<\/li>\n<li>Hubl\u00e4nge - 20 mm<\/li>\n<li>Nietkapazit\u00e4t - \u00d82,4-5,0 mm (Stahl, rostfreier Stahl, Aluminium), \u00d82,4-6,0 mm (Aluminium)<\/li>\n<li>Gewicht - ca. 1,6 kg (mit Batterie)<\/li>\n<li>Ladekapazit\u00e4t Ladeger\u00e4t - 3A<\/li>\n<li>Motortyp - B\u00fcrstenlos<\/li>\n<li>Geh\u00e4use - robuster Kunststoff\/professionell<\/li>\n<\/ul>\n<h3>Umfang der Lieferung<\/h3>\n<ul>\n<li>1x DCK KDPM50(EK) Akku-Blindnietmaschine<\/li>\n<li>2x 12V 2.0Ah Li-Ion Batterien<\/li>\n<li>1x Batterieladeger\u00e4t (3A)<\/li>\n<li>5x Nasenst\u00fccke\/Radst\u00fccke<\/li>\n<li>2x Dornsammelschale\/Teile<\/li>\n<li>1x Magnetring<\/li>\n<li>1x Ring-\/Radschl\u00fcssel<\/li>\n<li>1x Robuster Kunststoffkoffer<\/li>\n<li>Handbuch<\/li>\n<\/ul>","protected":false},"excerpt":{"rendered":"<p>Leistungsstarke Akku-Blindnietzange (12V, 2,0Ah) f\u00fcr den professionellen Einsatz. Arbeitet schnell, ergonomisch und kann \u00fcberall eingesetzt werden.<\/p>","protected":false},"featured_media":8004,"comment_status":"open","ping_status":"closed","template":"","meta":[],"product_brand":[630],"product_cat":[773,54],"product_tag":[],"class_list":{"0":"post-8005","1":"product","2":"type-product","3":"status-publish","4":"has-post-thumbnail","6":"product_brand-dck","7":"product_cat-accu-blindklinknageltang","8":"product_cat-accu-machines","10":"first","11":"instock","12":"shipping-taxable","13":"product-type-simple"},"ct_brands":[{"id":630,"name":"DCK","slug":"dck"}],"yoast_head":"<!-- This site is optimized with the Yoast SEO plugin v27.3 - https:\/\/yoast.com\/product\/yoast-seo-wordpress\/ -->\n<title>DCK KDPM50(EK) Accu Blindklinknageltang - 12V 2,0Ah | Professioneel &amp; Compact<\/title>\n<meta name=\"description\" content=\"DCK KDPM50(EK) Accu blindklinknageltang 12V 2,0Ah: krachtig, licht &amp; draadloos. Ideaal voor de professional in bouw &amp; industrie.\" \/>\n<meta name=\"robots\" content=\"index, follow, max-snippet:-1, max-image-preview:large, max-video-preview:-1\" \/>\n<link rel=\"canonical\" href=\"https:\/\/kem-europe.eu\/de\/produkt\/dck-kdpm50ek-schnurloses-blindnietgerat\/\" \/>\n<meta property=\"og:locale\" content=\"de_DE\" \/>\n<meta property=\"og:type\" content=\"article\" \/>\n<meta property=\"og:title\" content=\"DCK KDPM50(EK) Accu Blindklinknageltang - 12V 2,0Ah | Professioneel &amp; Compact\" \/>\n<meta property=\"og:description\" content=\"DCK KDPM50(EK) Accu blindklinknageltang 12V 2,0Ah: krachtig, licht &amp; draadloos. Ideaal voor de professional in bouw &amp; industrie.\" \/>\n<meta property=\"og:url\" content=\"https:\/\/kem-europe.eu\/de\/produkt\/dck-kdpm50ek-schnurloses-blindnietgerat\/\" \/>\n<meta property=\"og:site_name\" content=\"KEM Europe\" \/>\n<meta property=\"article:modified_time\" content=\"2025-10-28T09:39:21+00:00\" \/>\n<meta property=\"og:image\" content=\"https:\/\/kem-europe.eu\/wp-content\/uploads\/2025\/10\/KDPM50EK-1.png\" \/>\n\t<meta property=\"og:image:width\" content=\"700\" \/>\n\t<meta property=\"og:image:height\" content=\"700\" \/>\n\t<meta property=\"og:image:type\" content=\"image\/png\" \/>\n<meta name=\"twitter:card\" content=\"summary_large_image\" \/>\n<meta name=\"twitter:label1\" content=\"Gesch\u00e4tzte Lesezeit\" \/>\n\t<meta name=\"twitter:data1\" content=\"2\u00a0Minuten\" \/>\n<script type=\"application\/ld+json\" class=\"yoast-schema-graph\">{\"@context\":\"https:\\\/\\\/schema.org\",\"@graph\":[{\"@type\":\"WebPage\",\"@id\":\"https:\\\/\\\/kem-europe.eu\\\/product\\\/dck-kdpm50ek-accu-blindklinknageltang\\\/\",\"url\":\"https:\\\/\\\/kem-europe.eu\\\/product\\\/dck-kdpm50ek-accu-blindklinknageltang\\\/\",\"name\":\"DCK KDPM50(EK) Accu Blindklinknageltang - 12V 2,0Ah | Professioneel & Compact\",\"isPartOf\":{\"@id\":\"https:\\\/\\\/kem-europe.eu\\\/#website\"},\"primaryImageOfPage\":{\"@id\":\"https:\\\/\\\/kem-europe.eu\\\/product\\\/dck-kdpm50ek-accu-blindklinknageltang\\\/#primaryimage\"},\"image\":{\"@id\":\"https:\\\/\\\/kem-europe.eu\\\/product\\\/dck-kdpm50ek-accu-blindklinknageltang\\\/#primaryimage\"},\"thumbnailUrl\":\"https:\\\/\\\/kem-europe.eu\\\/wp-content\\\/uploads\\\/2025\\\/10\\\/KDPM50EK-1.png\",\"datePublished\":\"2025-10-28T07:30:26+00:00\",\"dateModified\":\"2025-10-28T09:39:21+00:00\",\"description\":\"DCK KDPM50(EK) Accu blindklinknageltang 12V 2,0Ah: krachtig, licht & draadloos. Ideaal voor de professional in bouw & industrie.\",\"breadcrumb\":{\"@id\":\"https:\\\/\\\/kem-europe.eu\\\/product\\\/dck-kdpm50ek-accu-blindklinknageltang\\\/#breadcrumb\"},\"inLanguage\":\"de\",\"potentialAction\":[{\"@type\":\"ReadAction\",\"target\":[\"https:\\\/\\\/kem-europe.eu\\\/product\\\/dck-kdpm50ek-accu-blindklinknageltang\\\/\"]}]},{\"@type\":\"ImageObject\",\"inLanguage\":\"de\",\"@id\":\"https:\\\/\\\/kem-europe.eu\\\/product\\\/dck-kdpm50ek-accu-blindklinknageltang\\\/#primaryimage\",\"url\":\"https:\\\/\\\/kem-europe.eu\\\/wp-content\\\/uploads\\\/2025\\\/10\\\/KDPM50EK-1.png\",\"contentUrl\":\"https:\\\/\\\/kem-europe.eu\\\/wp-content\\\/uploads\\\/2025\\\/10\\\/KDPM50EK-1.png\",\"width\":700,\"height\":700,\"caption\":\"DCK KDPM50(EK) accu blindklinknageltang\"},{\"@type\":\"BreadcrumbList\",\"@id\":\"https:\\\/\\\/kem-europe.eu\\\/product\\\/dck-kdpm50ek-accu-blindklinknageltang\\\/#breadcrumb\",\"itemListElement\":[{\"@type\":\"ListItem\",\"position\":1,\"name\":\"Home\",\"item\":\"https:\\\/\\\/kem-europe.eu\\\/\"},{\"@type\":\"ListItem\",\"position\":2,\"name\":\"Winkel\",\"item\":\"https:\\\/\\\/kem-europe.eu\\\/winkel\\\/\"},{\"@type\":\"ListItem\",\"position\":3,\"name\":\"DCK KDPM50(EK) Accu Blindklinknageltang\"}]},{\"@type\":\"WebSite\",\"@id\":\"https:\\\/\\\/kem-europe.eu\\\/#website\",\"url\":\"https:\\\/\\\/kem-europe.eu\\\/\",\"name\":\"KEM Europe\",\"description\":\"\",\"publisher\":{\"@id\":\"https:\\\/\\\/kem-europe.eu\\\/#organization\"},\"potentialAction\":[{\"@type\":\"SearchAction\",\"target\":{\"@type\":\"EntryPoint\",\"urlTemplate\":\"https:\\\/\\\/kem-europe.eu\\\/?s={search_term_string}\"},\"query-input\":{\"@type\":\"PropertyValueSpecification\",\"valueRequired\":true,\"valueName\":\"search_term_string\"}}],\"inLanguage\":\"de\"},{\"@type\":\"Organization\",\"@id\":\"https:\\\/\\\/kem-europe.eu\\\/#organization\",\"name\":\"KEM Europe\",\"url\":\"https:\\\/\\\/kem-europe.eu\\\/\",\"logo\":{\"@type\":\"ImageObject\",\"inLanguage\":\"de\",\"@id\":\"https:\\\/\\\/kem-europe.eu\\\/#\\\/schema\\\/logo\\\/image\\\/\",\"url\":\"https:\\\/\\\/kem-europe.eu\\\/wp-content\\\/uploads\\\/2025\\\/02\\\/KEM2019-BLACK-1500W.png\",\"contentUrl\":\"https:\\\/\\\/kem-europe.eu\\\/wp-content\\\/uploads\\\/2025\\\/02\\\/KEM2019-BLACK-1500W.png\",\"width\":1500,\"height\":626,\"caption\":\"KEM Europe\"},\"image\":{\"@id\":\"https:\\\/\\\/kem-europe.eu\\\/#\\\/schema\\\/logo\\\/image\\\/\"}}]}<\/script>\n<!-- \/ Yoast SEO plugin. -->","yoast_head_json":{"title":"DCK KDPM50(EK) Akku-Blindnieter - 12V 2.0Ah | Professionell &amp; Kompakt","description":"DCK KDPM50(EK) Akku-Blindnietmaschine 12V 2,0Ah: leistungsstark, leicht und kabellos. Ideal f\u00fcr den Profi in Bau und Industrie.","robots":{"index":"index","follow":"follow","max-snippet":"max-snippet:-1","max-image-preview":"max-image-preview:large","max-video-preview":"max-video-preview:-1"},"canonical":"https:\/\/kem-europe.eu\/de\/produkt\/dck-kdpm50ek-schnurloses-blindnietgerat\/","og_locale":"de_DE","og_type":"article","og_title":"DCK KDPM50(EK) Accu Blindklinknageltang - 12V 2,0Ah | Professioneel & Compact","og_description":"DCK KDPM50(EK) Accu blindklinknageltang 12V 2,0Ah: krachtig, licht & draadloos. Ideaal voor de professional in bouw & industrie.","og_url":"https:\/\/kem-europe.eu\/de\/produkt\/dck-kdpm50ek-schnurloses-blindnietgerat\/","og_site_name":"KEM Europe","article_modified_time":"2025-10-28T09:39:21+00:00","og_image":[{"width":700,"height":700,"url":"https:\/\/kem-europe.eu\/wp-content\/uploads\/2025\/10\/KDPM50EK-1.png","type":"image\/png"}],"twitter_card":"summary_large_image","twitter_misc":{"Gesch\u00e4tzte Lesezeit":"2\u00a0Minuten"},"schema":{"@context":"https:\/\/schema.org","@graph":[{"@type":"WebPage","@id":"https:\/\/kem-europe.eu\/product\/dck-kdpm50ek-accu-blindklinknageltang\/","url":"https:\/\/kem-europe.eu\/product\/dck-kdpm50ek-accu-blindklinknageltang\/","name":"DCK KDPM50(EK) Akku-Blindnieter - 12V 2.0Ah | Professionell &amp; Kompakt","isPartOf":{"@id":"https:\/\/kem-europe.eu\/#website"},"primaryImageOfPage":{"@id":"https:\/\/kem-europe.eu\/product\/dck-kdpm50ek-accu-blindklinknageltang\/#primaryimage"},"image":{"@id":"https:\/\/kem-europe.eu\/product\/dck-kdpm50ek-accu-blindklinknageltang\/#primaryimage"},"thumbnailUrl":"https:\/\/kem-europe.eu\/wp-content\/uploads\/2025\/10\/KDPM50EK-1.png","datePublished":"2025-10-28T07:30:26+00:00","dateModified":"2025-10-28T09:39:21+00:00","description":"DCK KDPM50(EK) Akku-Blindnietmaschine 12V 2,0Ah: leistungsstark, leicht und kabellos. Ideal f\u00fcr den Profi in Bau und Industrie.","breadcrumb":{"@id":"https:\/\/kem-europe.eu\/product\/dck-kdpm50ek-accu-blindklinknageltang\/#breadcrumb"},"inLanguage":"de","potentialAction":[{"@type":"ReadAction","target":["https:\/\/kem-europe.eu\/product\/dck-kdpm50ek-accu-blindklinknageltang\/"]}]},{"@type":"ImageObject","inLanguage":"de","@id":"https:\/\/kem-europe.eu\/product\/dck-kdpm50ek-accu-blindklinknageltang\/#primaryimage","url":"https:\/\/kem-europe.eu\/wp-content\/uploads\/2025\/10\/KDPM50EK-1.png","contentUrl":"https:\/\/kem-europe.eu\/wp-content\/uploads\/2025\/10\/KDPM50EK-1.png","width":700,"height":700,"caption":"DCK KDPM50(EK) accu blindklinknageltang"},{"@type":"BreadcrumbList","@id":"https:\/\/kem-europe.eu\/product\/dck-kdpm50ek-accu-blindklinknageltang\/#breadcrumb","itemListElement":[{"@type":"ListItem","position":1,"name":"Home","item":"https:\/\/kem-europe.eu\/"},{"@type":"ListItem","position":2,"name":"Winkel","item":"https:\/\/kem-europe.eu\/winkel\/"},{"@type":"ListItem","position":3,"name":"DCK KDPM50(EK) Accu Blindklinknageltang"}]},{"@type":"WebSite","@id":"https:\/\/kem-europe.eu\/#website","url":"https:\/\/kem-europe.eu\/","name":"KEM Europe","description":"","publisher":{"@id":"https:\/\/kem-europe.eu\/#organization"},"potentialAction":[{"@type":"SearchAction","target":{"@type":"EntryPoint","urlTemplate":"https:\/\/kem-europe.eu\/?s={search_term_string}"},"query-input":{"@type":"PropertyValueSpecification","valueRequired":true,"valueName":"search_term_string"}}],"inLanguage":"de"},{"@type":"Organization","@id":"https:\/\/kem-europe.eu\/#organization","name":"KEM Europe","url":"https:\/\/kem-europe.eu\/","logo":{"@type":"ImageObject","inLanguage":"de","@id":"https:\/\/kem-europe.eu\/#\/schema\/logo\/image\/","url":"https:\/\/kem-europe.eu\/wp-content\/uploads\/2025\/02\/KEM2019-BLACK-1500W.png","contentUrl":"https:\/\/kem-europe.eu\/wp-content\/uploads\/2025\/02\/KEM2019-BLACK-1500W.png","width":1500,"height":626,"caption":"KEM Europe"},"image":{"@id":"https:\/\/kem-europe.eu\/#\/schema\/logo\/image\/"}}]}},"_links":{"self":[{"href":"https:\/\/kem-europe.eu\/de\/wp-json\/wp\/v2\/product\/8005","targetHints":{"allow":["GET"]}}],"collection":[{"href":"https:\/\/kem-europe.eu\/de\/wp-json\/wp\/v2\/product"}],"about":[{"href":"https:\/\/kem-europe.eu\/de\/wp-json\/wp\/v2\/types\/product"}],"replies":[{"embeddable":true,"href":"https:\/\/kem-europe.eu\/de\/wp-json\/wp\/v2\/comments?post=8005"}],"wp:featuredmedia":[{"embeddable":true,"href":"https:\/\/kem-europe.eu\/de\/wp-json\/wp\/v2\/media\/8004"}],"wp:attachment":[{"href":"https:\/\/kem-europe.eu\/de\/wp-json\/wp\/v2\/media?parent=8005"}],"wp:term":[{"taxonomy":"product_brand","embeddable":true,"href":"https:\/\/kem-europe.eu\/de\/wp-json\/wp\/v2\/product_brand?post=8005"},{"taxonomy":"product_cat","embeddable":true,"href":"https:\/\/kem-europe.eu\/de\/wp-json\/wp\/v2\/product_cat?post=8005"},{"taxonomy":"product_tag","embeddable":true,"href":"https:\/\/kem-europe.eu\/de\/wp-json\/wp\/v2\/product_tag?post=8005"}],"curies":[{"name":"wp","href":"https:\/\/api.w.org\/{rel}","templated":true}]}}