{"id":8025,"date":"2025-10-28T07:49:28","date_gmt":"2025-10-28T07:49:28","guid":{"rendered":"https:\/\/kem-europe.eu\/?post_type=product&#038;p=8025"},"modified":"2025-10-28T09:34:27","modified_gmt":"2025-10-28T09:34:27","slug":"dck-kmy07-185-kreissage-185mm-1600w","status":"publish","type":"product","link":"https:\/\/kem-europe.eu\/de\/product\/dck-kmy07-185-cirkelzaag-185mm-1600w\/","title":{"rendered":"DCK KMY07-185 Kreiss\u00e4ge 185MM 1600W"},"content":{"rendered":"<h2>DCK KMY07-185 Kreiss\u00e4ge - 185MM 1600W<\/h2>\n<p>Suchen Sie eine leistungsstarke Kreiss\u00e4ge, die nicht nur stark, sondern auch pr\u00e4zise ist? Die DCK KMY07-185 Kreiss\u00e4ge bietet Ihnen jeden Tag Zuverl\u00e4ssigkeit und Leistung, ideal f\u00fcr Profis auf der Baustelle oder in der Werkstatt. Dank des 1600-Watt-Motors und des 185-mm-S\u00e4geblatts bew\u00e4ltigen Sie auch schwierige Arbeiten mit Leichtigkeit. Das robuste Design und clevere Details wie der Aluminiumschutz und die praktische Staubabsaugung sorgen f\u00fcr ein angenehmes und effizientes Arbeiten. Der ergonomische Griff und das relativ geringe Gewicht machen auch l\u00e4ngeres Arbeiten angenehm. Ob Sie nun geradeaus s\u00e4gen oder saubere Gehrungsschnitte machen wollen, mit dieser Maschine ist das m\u00fchelos m\u00f6glich.<\/p>\n<ul>\n<li><strong>Leistungsstarker 1600W Motor:<\/strong> Ausreichende Leistung f\u00fcr schwierige und dicke Materialien.<\/li>\n<li><strong>Gro\u00dfer Schnittbereich:<\/strong> Dank des 185 mm langen S\u00e4geblatts und einer Schnitttiefe von 67 mm k\u00f6nnen Sie viele verschiedene Projekte in Angriff nehmen.<\/li>\n<li><strong>Pr\u00e4zise Schnitte:<\/strong> Verstellbare Sohle f\u00fcr Schnitte bis zu 45\u00b0, perfekt f\u00fcr pr\u00e4zise Gehrungsarbeiten.<\/li>\n<li><strong>Sauberer Arbeitsplatz:<\/strong> Der Anschluss f\u00fcr die Staubabsaugung erleichtert den Anschluss der Staubabsaugung und sorgt f\u00fcr weniger Schmutz.<\/li>\n<li><strong>Ergonomisch und leicht:<\/strong> Das Arbeiten bleibt auch bei l\u00e4ngerem Gebrauch angenehm.<\/li>\n<\/ul>\n<h3>Technische Daten<\/h3>\n<ul>\n<li>Stromversorgung - 230V-Netz<\/li>\n<li>Leistung - 1600W \/ 13,5 Ampere<\/li>\n<li>Leerlaufdrehzahl - 5300 U\/min<\/li>\n<li>S\u00e4geblattdurchmesser - 185 mm (7-1\/4\u2033)<\/li>\n<li>S\u00e4geblattbohrung - 25,4 mm (1\u2033)<\/li>\n<li>Max. Schnitttiefe gerade (0\u00b0) - 67 mm<\/li>\n<li>Max. Gehrungsschnitttiefe (45\u00b0) - ca. 45 mm<\/li>\n<li>Einstellbarer S\u00e4gebereich - 0\u00b0 bis 45\u00b0<\/li>\n<li>Gewicht - 4,1 kg<\/li>\n<\/ul>\n<h3>Umfang der Lieferung<\/h3>\n<ul>\n<li>DCK KMY07-185 Kreiss\u00e4ge 185MM 1600W<\/li>\n<li>S\u00e4geblatt 185 mm<\/li>\n<li>Inbusschl\u00fcssel (HEX-Schl\u00fcssel)<\/li>\n<li>Fixierscheibe (Flansch)<\/li>\n<li>Satz Kohleb\u00fcrsten<\/li>\n<li>Handbuch<\/li>\n<li>Geliefert im Karton<\/li>\n<\/ul>","protected":false},"excerpt":{"rendered":"<p>Leistungsstarke und pr\u00e4zise 1600W Kreiss\u00e4ge von DCK mit 185mm S\u00e4geblatt und Staubabsaugung, geeignet f\u00fcr Profis und intensiven Gebrauch.<\/p>","protected":false},"featured_media":8024,"comment_status":"open","ping_status":"closed","template":"","meta":[],"product_brand":[630],"product_cat":[127,17],"product_tag":[],"class_list":{"0":"post-8025","1":"product","2":"type-product","3":"status-publish","4":"has-post-thumbnail","6":"product_brand-dck","7":"product_cat-cirkelzaag","8":"product_cat-machines","10":"first","11":"instock","12":"shipping-taxable","13":"product-type-simple"},"ct_brands":[{"id":630,"name":"DCK","slug":"dck"}],"yoast_head":"<!-- This site is optimized with the Yoast SEO plugin v27.4 - https:\/\/yoast.com\/product\/yoast-seo-wordpress\/ -->\n<title>DCK KMY07-185 Cirkelzaag 185MM 1600W \u2013 Krachtige en Precieze Zaag<\/title>\n<meta name=\"description\" content=\"DCK KMY07-185 Cirkelzaag 185MM 1600W \u2013 Voor krachtig en precies zagen, ideaal voor professionals. Inclusief zaagblad en accessoires.\" \/>\n<meta name=\"robots\" content=\"index, follow, max-snippet:-1, max-image-preview:large, max-video-preview:-1\" \/>\n<link rel=\"canonical\" href=\"https:\/\/kem-europe.eu\/de\/produkt\/dck-kmy07-185-kreissage-185mm-1600w\/\" \/>\n<meta property=\"og:locale\" content=\"de_DE\" \/>\n<meta property=\"og:type\" content=\"article\" \/>\n<meta property=\"og:title\" content=\"DCK KMY07-185 Cirkelzaag 185MM 1600W \u2013 Krachtige en Precieze Zaag\" \/>\n<meta property=\"og:description\" content=\"DCK KMY07-185 Cirkelzaag 185MM 1600W \u2013 Voor krachtig en precies zagen, ideaal voor professionals. Inclusief zaagblad en accessoires.\" \/>\n<meta property=\"og:url\" content=\"https:\/\/kem-europe.eu\/de\/produkt\/dck-kmy07-185-kreissage-185mm-1600w\/\" \/>\n<meta property=\"og:site_name\" content=\"KEM Europe\" \/>\n<meta property=\"article:modified_time\" content=\"2025-10-28T09:34:27+00:00\" \/>\n<meta property=\"og:image\" content=\"https:\/\/kem-europe.eu\/wp-content\/uploads\/2025\/10\/KMY07-185-1.png\" \/>\n\t<meta property=\"og:image:width\" content=\"700\" \/>\n\t<meta property=\"og:image:height\" content=\"700\" \/>\n\t<meta property=\"og:image:type\" content=\"image\/png\" \/>\n<meta name=\"twitter:card\" content=\"summary_large_image\" \/>\n<meta name=\"twitter:label1\" content=\"Gesch\u00e4tzte Lesezeit\" \/>\n\t<meta name=\"twitter:data1\" content=\"2\u00a0Minuten\" \/>\n<script type=\"application\/ld+json\" class=\"yoast-schema-graph\">{\"@context\":\"https:\\\/\\\/schema.org\",\"@graph\":[{\"@type\":\"WebPage\",\"@id\":\"https:\\\/\\\/kem-europe.eu\\\/product\\\/dck-kmy07-185-cirkelzaag-185mm-1600w\\\/\",\"url\":\"https:\\\/\\\/kem-europe.eu\\\/product\\\/dck-kmy07-185-cirkelzaag-185mm-1600w\\\/\",\"name\":\"DCK KMY07-185 Cirkelzaag 185MM 1600W \u2013 Krachtige en Precieze Zaag\",\"isPartOf\":{\"@id\":\"https:\\\/\\\/kem-europe.eu\\\/#website\"},\"primaryImageOfPage\":{\"@id\":\"https:\\\/\\\/kem-europe.eu\\\/product\\\/dck-kmy07-185-cirkelzaag-185mm-1600w\\\/#primaryimage\"},\"image\":{\"@id\":\"https:\\\/\\\/kem-europe.eu\\\/product\\\/dck-kmy07-185-cirkelzaag-185mm-1600w\\\/#primaryimage\"},\"thumbnailUrl\":\"https:\\\/\\\/kem-europe.eu\\\/wp-content\\\/uploads\\\/2025\\\/10\\\/KMY07-185-1.png\",\"datePublished\":\"2025-10-28T07:49:28+00:00\",\"dateModified\":\"2025-10-28T09:34:27+00:00\",\"description\":\"DCK KMY07-185 Cirkelzaag 185MM 1600W \u2013 Voor krachtig en precies zagen, ideaal voor professionals. Inclusief zaagblad en accessoires.\",\"breadcrumb\":{\"@id\":\"https:\\\/\\\/kem-europe.eu\\\/product\\\/dck-kmy07-185-cirkelzaag-185mm-1600w\\\/#breadcrumb\"},\"inLanguage\":\"de\",\"potentialAction\":[{\"@type\":\"ReadAction\",\"target\":[\"https:\\\/\\\/kem-europe.eu\\\/product\\\/dck-kmy07-185-cirkelzaag-185mm-1600w\\\/\"]}]},{\"@type\":\"ImageObject\",\"inLanguage\":\"de\",\"@id\":\"https:\\\/\\\/kem-europe.eu\\\/product\\\/dck-kmy07-185-cirkelzaag-185mm-1600w\\\/#primaryimage\",\"url\":\"https:\\\/\\\/kem-europe.eu\\\/wp-content\\\/uploads\\\/2025\\\/10\\\/KMY07-185-1.png\",\"contentUrl\":\"https:\\\/\\\/kem-europe.eu\\\/wp-content\\\/uploads\\\/2025\\\/10\\\/KMY07-185-1.png\",\"width\":700,\"height\":700,\"caption\":\"DCK KMY07-185 Cirkelzaag 185MM 1600W\"},{\"@type\":\"BreadcrumbList\",\"@id\":\"https:\\\/\\\/kem-europe.eu\\\/product\\\/dck-kmy07-185-cirkelzaag-185mm-1600w\\\/#breadcrumb\",\"itemListElement\":[{\"@type\":\"ListItem\",\"position\":1,\"name\":\"Home\",\"item\":\"https:\\\/\\\/kem-europe.eu\\\/\"},{\"@type\":\"ListItem\",\"position\":2,\"name\":\"Winkel\",\"item\":\"https:\\\/\\\/kem-europe.eu\\\/winkel\\\/\"},{\"@type\":\"ListItem\",\"position\":3,\"name\":\"DCK KMY07-185 Cirkelzaag 185MM 1600W\"}]},{\"@type\":\"WebSite\",\"@id\":\"https:\\\/\\\/kem-europe.eu\\\/#website\",\"url\":\"https:\\\/\\\/kem-europe.eu\\\/\",\"name\":\"KEM Europe\",\"description\":\"\",\"publisher\":{\"@id\":\"https:\\\/\\\/kem-europe.eu\\\/#organization\"},\"potentialAction\":[{\"@type\":\"SearchAction\",\"target\":{\"@type\":\"EntryPoint\",\"urlTemplate\":\"https:\\\/\\\/kem-europe.eu\\\/?s={search_term_string}\"},\"query-input\":{\"@type\":\"PropertyValueSpecification\",\"valueRequired\":true,\"valueName\":\"search_term_string\"}}],\"inLanguage\":\"de\"},{\"@type\":\"Organization\",\"@id\":\"https:\\\/\\\/kem-europe.eu\\\/#organization\",\"name\":\"KEM Europe\",\"url\":\"https:\\\/\\\/kem-europe.eu\\\/\",\"logo\":{\"@type\":\"ImageObject\",\"inLanguage\":\"de\",\"@id\":\"https:\\\/\\\/kem-europe.eu\\\/#\\\/schema\\\/logo\\\/image\\\/\",\"url\":\"https:\\\/\\\/kem-europe.eu\\\/wp-content\\\/uploads\\\/2025\\\/02\\\/KEM2019-BLACK-1500W.png\",\"contentUrl\":\"https:\\\/\\\/kem-europe.eu\\\/wp-content\\\/uploads\\\/2025\\\/02\\\/KEM2019-BLACK-1500W.png\",\"width\":1500,\"height\":626,\"caption\":\"KEM Europe\"},\"image\":{\"@id\":\"https:\\\/\\\/kem-europe.eu\\\/#\\\/schema\\\/logo\\\/image\\\/\"}}]}<\/script>\n<!-- \/ Yoast SEO plugin. -->","yoast_head_json":{"title":"DCK KMY07-185 Kreiss\u00e4ge 185MM 1600W - Leistungsstarke und pr\u00e4zise S\u00e4ge","description":"DCK KMY07-185 Kreiss\u00e4ge 185MM 1600W - F\u00fcr leistungsstarke und pr\u00e4zise Schnitte, ideal f\u00fcr Profis. Inklusive S\u00e4geblatt und Zubeh\u00f6r.","robots":{"index":"index","follow":"follow","max-snippet":"max-snippet:-1","max-image-preview":"max-image-preview:large","max-video-preview":"max-video-preview:-1"},"canonical":"https:\/\/kem-europe.eu\/de\/produkt\/dck-kmy07-185-kreissage-185mm-1600w\/","og_locale":"de_DE","og_type":"article","og_title":"DCK KMY07-185 Cirkelzaag 185MM 1600W \u2013 Krachtige en Precieze Zaag","og_description":"DCK KMY07-185 Cirkelzaag 185MM 1600W \u2013 Voor krachtig en precies zagen, ideaal voor professionals. Inclusief zaagblad en accessoires.","og_url":"https:\/\/kem-europe.eu\/de\/produkt\/dck-kmy07-185-kreissage-185mm-1600w\/","og_site_name":"KEM Europe","article_modified_time":"2025-10-28T09:34:27+00:00","og_image":[{"width":700,"height":700,"url":"https:\/\/kem-europe.eu\/wp-content\/uploads\/2025\/10\/KMY07-185-1.png","type":"image\/png"}],"twitter_card":"summary_large_image","twitter_misc":{"Gesch\u00e4tzte Lesezeit":"2\u00a0Minuten"},"schema":{"@context":"https:\/\/schema.org","@graph":[{"@type":"WebPage","@id":"https:\/\/kem-europe.eu\/product\/dck-kmy07-185-cirkelzaag-185mm-1600w\/","url":"https:\/\/kem-europe.eu\/product\/dck-kmy07-185-cirkelzaag-185mm-1600w\/","name":"DCK KMY07-185 Kreiss\u00e4ge 185MM 1600W - Leistungsstarke und pr\u00e4zise S\u00e4ge","isPartOf":{"@id":"https:\/\/kem-europe.eu\/#website"},"primaryImageOfPage":{"@id":"https:\/\/kem-europe.eu\/product\/dck-kmy07-185-cirkelzaag-185mm-1600w\/#primaryimage"},"image":{"@id":"https:\/\/kem-europe.eu\/product\/dck-kmy07-185-cirkelzaag-185mm-1600w\/#primaryimage"},"thumbnailUrl":"https:\/\/kem-europe.eu\/wp-content\/uploads\/2025\/10\/KMY07-185-1.png","datePublished":"2025-10-28T07:49:28+00:00","dateModified":"2025-10-28T09:34:27+00:00","description":"DCK KMY07-185 Kreiss\u00e4ge 185MM 1600W - F\u00fcr leistungsstarke und pr\u00e4zise Schnitte, ideal f\u00fcr Profis. Inklusive S\u00e4geblatt und Zubeh\u00f6r.","breadcrumb":{"@id":"https:\/\/kem-europe.eu\/product\/dck-kmy07-185-cirkelzaag-185mm-1600w\/#breadcrumb"},"inLanguage":"de","potentialAction":[{"@type":"ReadAction","target":["https:\/\/kem-europe.eu\/product\/dck-kmy07-185-cirkelzaag-185mm-1600w\/"]}]},{"@type":"ImageObject","inLanguage":"de","@id":"https:\/\/kem-europe.eu\/product\/dck-kmy07-185-cirkelzaag-185mm-1600w\/#primaryimage","url":"https:\/\/kem-europe.eu\/wp-content\/uploads\/2025\/10\/KMY07-185-1.png","contentUrl":"https:\/\/kem-europe.eu\/wp-content\/uploads\/2025\/10\/KMY07-185-1.png","width":700,"height":700,"caption":"DCK KMY07-185 Cirkelzaag 185MM 1600W"},{"@type":"BreadcrumbList","@id":"https:\/\/kem-europe.eu\/product\/dck-kmy07-185-cirkelzaag-185mm-1600w\/#breadcrumb","itemListElement":[{"@type":"ListItem","position":1,"name":"Home","item":"https:\/\/kem-europe.eu\/"},{"@type":"ListItem","position":2,"name":"Winkel","item":"https:\/\/kem-europe.eu\/winkel\/"},{"@type":"ListItem","position":3,"name":"DCK KMY07-185 Cirkelzaag 185MM 1600W"}]},{"@type":"WebSite","@id":"https:\/\/kem-europe.eu\/#website","url":"https:\/\/kem-europe.eu\/","name":"KEM Europe","description":"","publisher":{"@id":"https:\/\/kem-europe.eu\/#organization"},"potentialAction":[{"@type":"SearchAction","target":{"@type":"EntryPoint","urlTemplate":"https:\/\/kem-europe.eu\/?s={search_term_string}"},"query-input":{"@type":"PropertyValueSpecification","valueRequired":true,"valueName":"search_term_string"}}],"inLanguage":"de"},{"@type":"Organization","@id":"https:\/\/kem-europe.eu\/#organization","name":"KEM Europe","url":"https:\/\/kem-europe.eu\/","logo":{"@type":"ImageObject","inLanguage":"de","@id":"https:\/\/kem-europe.eu\/#\/schema\/logo\/image\/","url":"https:\/\/kem-europe.eu\/wp-content\/uploads\/2025\/02\/KEM2019-BLACK-1500W.png","contentUrl":"https:\/\/kem-europe.eu\/wp-content\/uploads\/2025\/02\/KEM2019-BLACK-1500W.png","width":1500,"height":626,"caption":"KEM Europe"},"image":{"@id":"https:\/\/kem-europe.eu\/#\/schema\/logo\/image\/"}}]}},"_links":{"self":[{"href":"https:\/\/kem-europe.eu\/de\/wp-json\/wp\/v2\/product\/8025","targetHints":{"allow":["GET"]}}],"collection":[{"href":"https:\/\/kem-europe.eu\/de\/wp-json\/wp\/v2\/product"}],"about":[{"href":"https:\/\/kem-europe.eu\/de\/wp-json\/wp\/v2\/types\/product"}],"replies":[{"embeddable":true,"href":"https:\/\/kem-europe.eu\/de\/wp-json\/wp\/v2\/comments?post=8025"}],"wp:featuredmedia":[{"embeddable":true,"href":"https:\/\/kem-europe.eu\/de\/wp-json\/wp\/v2\/media\/8024"}],"wp:attachment":[{"href":"https:\/\/kem-europe.eu\/de\/wp-json\/wp\/v2\/media?parent=8025"}],"wp:term":[{"taxonomy":"product_brand","embeddable":true,"href":"https:\/\/kem-europe.eu\/de\/wp-json\/wp\/v2\/product_brand?post=8025"},{"taxonomy":"product_cat","embeddable":true,"href":"https:\/\/kem-europe.eu\/de\/wp-json\/wp\/v2\/product_cat?post=8025"},{"taxonomy":"product_tag","embeddable":true,"href":"https:\/\/kem-europe.eu\/de\/wp-json\/wp\/v2\/product_tag?post=8025"}],"curies":[{"name":"wp","href":"https:\/\/api.w.org\/{rel}","templated":true}]}}