{"id":8035,"date":"2025-10-28T07:57:29","date_gmt":"2025-10-28T07:57:29","guid":{"rendered":"https:\/\/kem-europe.eu\/?post_type=product&#038;p=8035"},"modified":"2025-10-28T09:51:00","modified_gmt":"2025-10-28T09:51:00","slug":"dck-kde20v-16-entstaubungsanlage","status":"publish","type":"product","link":"https:\/\/kem-europe.eu\/de\/product\/dck-kde20v-16-stofafzuiging-opzetstuk\/","title":{"rendered":"DCK KDE20V-16 Staubsaugeraufsatz"},"content":{"rendered":"<h2>Absaugvorrichtung DCK KDE20V-16<\/h2>\n<p>Haben Sie genug von fliegendem Staub beim Bohren? Der DCK KDE20V-16 Staubabsaugaufsatz ist speziell f\u00fcr Profis gedacht, die sauber, sicher und effizient arbeiten wollen. Dank seines integrierten HEPA-Filters f\u00e4ngt dieses clevere Zubeh\u00f6rteil bis zu 99,97% Feinstaub bereits an der Quelle auf. So halten Sie nicht nur Ihren Arbeitsplatz sauber, sondern sch\u00fctzen sich und Ihre Kollegen auch vor sch\u00e4dlichem Feinstaub. Dank der automatischen Filterreinigung, des gro\u00dfen Staubbeh\u00e4lters und des pr\u00e4zisen Tiefenanschlags k\u00f6nnen Sie schnell und pr\u00e4zise arbeiten, ganz gleich, ob Sie auf dem Bau, bei Renovierungsarbeiten oder im Versorgungsbereich t\u00e4tig sind. Schnell an Ihrem DCK 20V Bohrhammer befestigt und schon sind Sie bereit f\u00fcr den n\u00e4chsten Einsatz.<\/p>\n<ul>\n<li><strong>Hervorragende Staubabsaugung:<\/strong> Dank des HEPA-Filters bleibt Ihr Arbeitsplatz nahezu staubfrei.<\/li>\n<li><strong>Automatische Filterreinigung:<\/strong> Immer maximale Saugleistung, ohne Unterbrechungen.<\/li>\n<li><strong>Universell einsetzbar:<\/strong> L\u00e4sst sich schnell an allen DCK 20V-Rotationsh\u00e4mmern anbringen.<\/li>\n<li><strong>Pr\u00e4ziser Tiefenanschlag:<\/strong> Teleskopisch verstellbar f\u00fcr maximale Kontrolle bis zu 130 mm.<\/li>\n<li><strong>Kompakt und leicht:<\/strong> Leicht zu tragen, bequem zu benutzen.<\/li>\n<\/ul>\n<h3>Technische Daten<\/h3>\n<ul>\n<li>Maximaler Bohrdurchmesser - 16 mm<\/li>\n<li>Maximale Hubl\u00e4nge - 130 mm<\/li>\n<li>Fassungsverm\u00f6gen des Staubbeh\u00e4lters - 240 cm\u00b3<\/li>\n<li>HEPA-Filter - 99,97% Effizienz bei \u22650,3 Mikron<\/li>\n<li>Maximale Geschwindigkeit - 21.000 U\/min<\/li>\n<li>Abmessungen - 396 x 88 x 240 mm<\/li>\n<li>Gewicht - ca. 1,2 kg<\/li>\n<\/ul>\n<h3>Umfang der Lieferung<\/h3>\n<ul>\n<li>Absaugvorrichtung DCK KDE20V-16<\/li>\n<li>Integrierter HEPA-Filter<\/li>\n<li>Tiefenbegrenzer\/Teleskoprohr<\/li>\n<li>Staubbeh\u00e4lter<\/li>\n<li>Handbuch<\/li>\n<\/ul>","protected":false},"excerpt":{"rendered":"<p>Professioneller Absaugaufsatz mit HEPA-Filter f\u00fcr DCK 20V-Bohrh\u00e4mmer, ideal f\u00fcr nahezu staubfreies Arbeiten in Beton, Stein und Putz.<\/p>","protected":false},"featured_media":8034,"comment_status":"open","ping_status":"closed","template":"","meta":[],"product_brand":[630],"product_cat":[71,19,779],"product_tag":[],"class_list":{"0":"post-8035","1":"product","2":"type-product","3":"status-publish","4":"has-post-thumbnail","6":"product_brand-dck","7":"product_cat-accessoires","8":"product_cat-overige","9":"product_cat-stofafzuiging-opzetstuk","11":"first","12":"instock","13":"shipping-taxable","14":"product-type-simple"},"ct_brands":[{"id":630,"name":"DCK","slug":"dck"}],"yoast_head":"<!-- This site is optimized with the Yoast SEO plugin v27.3 - https:\/\/yoast.com\/product\/yoast-seo-wordpress\/ -->\n<title>DCK KDE20V-16 Stofafzuig opzetstuk met HEPA-filter voor DCK 20V boorhamers<\/title>\n<meta name=\"description\" content=\"Stofvrij boren met het DCK KDE20V-16 opzetstuk. HEPA-filter, automatische reiniging, voor alle DCK 20V boorhamers. Effici\u00ebnt, veilig en nauwkeurig.\" \/>\n<meta name=\"robots\" content=\"index, follow, max-snippet:-1, max-image-preview:large, max-video-preview:-1\" \/>\n<link rel=\"canonical\" href=\"https:\/\/kem-europe.eu\/de\/produkt\/dck-kde20v-16-entstaubungsanlage\/\" \/>\n<meta property=\"og:locale\" content=\"de_DE\" \/>\n<meta property=\"og:type\" content=\"article\" \/>\n<meta property=\"og:title\" content=\"DCK KDE20V-16 Stofafzuig opzetstuk met HEPA-filter voor DCK 20V boorhamers\" \/>\n<meta property=\"og:description\" content=\"Stofvrij boren met het DCK KDE20V-16 opzetstuk. HEPA-filter, automatische reiniging, voor alle DCK 20V boorhamers. Effici\u00ebnt, veilig en nauwkeurig.\" \/>\n<meta property=\"og:url\" content=\"https:\/\/kem-europe.eu\/de\/produkt\/dck-kde20v-16-entstaubungsanlage\/\" \/>\n<meta property=\"og:site_name\" content=\"KEM Europe\" \/>\n<meta property=\"article:modified_time\" content=\"2025-10-28T09:51:00+00:00\" \/>\n<meta property=\"og:image\" content=\"https:\/\/kem-europe.eu\/wp-content\/uploads\/2025\/10\/KDE20V-1.png\" \/>\n\t<meta property=\"og:image:width\" content=\"700\" \/>\n\t<meta property=\"og:image:height\" content=\"700\" \/>\n\t<meta property=\"og:image:type\" content=\"image\/png\" \/>\n<meta name=\"twitter:card\" content=\"summary_large_image\" \/>\n<meta name=\"twitter:label1\" content=\"Gesch\u00e4tzte Lesezeit\" \/>\n\t<meta name=\"twitter:data1\" content=\"2\u00a0Minuten\" \/>\n<script type=\"application\/ld+json\" class=\"yoast-schema-graph\">{\"@context\":\"https:\\\/\\\/schema.org\",\"@graph\":[{\"@type\":\"WebPage\",\"@id\":\"https:\\\/\\\/kem-europe.eu\\\/product\\\/dck-kde20v-16-stofafzuiging-opzetstuk\\\/\",\"url\":\"https:\\\/\\\/kem-europe.eu\\\/product\\\/dck-kde20v-16-stofafzuiging-opzetstuk\\\/\",\"name\":\"DCK KDE20V-16 Stofafzuig opzetstuk met HEPA-filter voor DCK 20V boorhamers\",\"isPartOf\":{\"@id\":\"https:\\\/\\\/kem-europe.eu\\\/#website\"},\"primaryImageOfPage\":{\"@id\":\"https:\\\/\\\/kem-europe.eu\\\/product\\\/dck-kde20v-16-stofafzuiging-opzetstuk\\\/#primaryimage\"},\"image\":{\"@id\":\"https:\\\/\\\/kem-europe.eu\\\/product\\\/dck-kde20v-16-stofafzuiging-opzetstuk\\\/#primaryimage\"},\"thumbnailUrl\":\"https:\\\/\\\/kem-europe.eu\\\/wp-content\\\/uploads\\\/2025\\\/10\\\/KDE20V-1.png\",\"datePublished\":\"2025-10-28T07:57:29+00:00\",\"dateModified\":\"2025-10-28T09:51:00+00:00\",\"description\":\"Stofvrij boren met het DCK KDE20V-16 opzetstuk. HEPA-filter, automatische reiniging, voor alle DCK 20V boorhamers. Effici\u00ebnt, veilig en nauwkeurig.\",\"breadcrumb\":{\"@id\":\"https:\\\/\\\/kem-europe.eu\\\/product\\\/dck-kde20v-16-stofafzuiging-opzetstuk\\\/#breadcrumb\"},\"inLanguage\":\"de\",\"potentialAction\":[{\"@type\":\"ReadAction\",\"target\":[\"https:\\\/\\\/kem-europe.eu\\\/product\\\/dck-kde20v-16-stofafzuiging-opzetstuk\\\/\"]}]},{\"@type\":\"ImageObject\",\"inLanguage\":\"de\",\"@id\":\"https:\\\/\\\/kem-europe.eu\\\/product\\\/dck-kde20v-16-stofafzuiging-opzetstuk\\\/#primaryimage\",\"url\":\"https:\\\/\\\/kem-europe.eu\\\/wp-content\\\/uploads\\\/2025\\\/10\\\/KDE20V-1.png\",\"contentUrl\":\"https:\\\/\\\/kem-europe.eu\\\/wp-content\\\/uploads\\\/2025\\\/10\\\/KDE20V-1.png\",\"width\":700,\"height\":700,\"caption\":\"DCK KDE20V-16 stofafzuig opzetstuk\"},{\"@type\":\"BreadcrumbList\",\"@id\":\"https:\\\/\\\/kem-europe.eu\\\/product\\\/dck-kde20v-16-stofafzuiging-opzetstuk\\\/#breadcrumb\",\"itemListElement\":[{\"@type\":\"ListItem\",\"position\":1,\"name\":\"Home\",\"item\":\"https:\\\/\\\/kem-europe.eu\\\/\"},{\"@type\":\"ListItem\",\"position\":2,\"name\":\"Winkel\",\"item\":\"https:\\\/\\\/kem-europe.eu\\\/winkel\\\/\"},{\"@type\":\"ListItem\",\"position\":3,\"name\":\"DCK KDE20V-16 Stofafzuiging Opzetstuk\"}]},{\"@type\":\"WebSite\",\"@id\":\"https:\\\/\\\/kem-europe.eu\\\/#website\",\"url\":\"https:\\\/\\\/kem-europe.eu\\\/\",\"name\":\"KEM Europe\",\"description\":\"\",\"publisher\":{\"@id\":\"https:\\\/\\\/kem-europe.eu\\\/#organization\"},\"potentialAction\":[{\"@type\":\"SearchAction\",\"target\":{\"@type\":\"EntryPoint\",\"urlTemplate\":\"https:\\\/\\\/kem-europe.eu\\\/?s={search_term_string}\"},\"query-input\":{\"@type\":\"PropertyValueSpecification\",\"valueRequired\":true,\"valueName\":\"search_term_string\"}}],\"inLanguage\":\"de\"},{\"@type\":\"Organization\",\"@id\":\"https:\\\/\\\/kem-europe.eu\\\/#organization\",\"name\":\"KEM Europe\",\"url\":\"https:\\\/\\\/kem-europe.eu\\\/\",\"logo\":{\"@type\":\"ImageObject\",\"inLanguage\":\"de\",\"@id\":\"https:\\\/\\\/kem-europe.eu\\\/#\\\/schema\\\/logo\\\/image\\\/\",\"url\":\"https:\\\/\\\/kem-europe.eu\\\/wp-content\\\/uploads\\\/2025\\\/02\\\/KEM2019-BLACK-1500W.png\",\"contentUrl\":\"https:\\\/\\\/kem-europe.eu\\\/wp-content\\\/uploads\\\/2025\\\/02\\\/KEM2019-BLACK-1500W.png\",\"width\":1500,\"height\":626,\"caption\":\"KEM Europe\"},\"image\":{\"@id\":\"https:\\\/\\\/kem-europe.eu\\\/#\\\/schema\\\/logo\\\/image\\\/\"}}]}<\/script>\n<!-- \/ Yoast SEO plugin. -->","yoast_head_json":{"title":"DCK KDE20V-16 Absaugvorrichtung mit HEPA-Filter f\u00fcr DCK 20V Bohrh\u00e4mmer","description":"Staubfreies Bohren mit dem Aufsatz DCK KDE20V-16. HEPA-Filter, automatische Reinigung, f\u00fcr alle DCK 20V Bohrh\u00e4mmer. Effizient, sicher und pr\u00e4zise.","robots":{"index":"index","follow":"follow","max-snippet":"max-snippet:-1","max-image-preview":"max-image-preview:large","max-video-preview":"max-video-preview:-1"},"canonical":"https:\/\/kem-europe.eu\/de\/produkt\/dck-kde20v-16-entstaubungsanlage\/","og_locale":"de_DE","og_type":"article","og_title":"DCK KDE20V-16 Stofafzuig opzetstuk met HEPA-filter voor DCK 20V boorhamers","og_description":"Stofvrij boren met het DCK KDE20V-16 opzetstuk. HEPA-filter, automatische reiniging, voor alle DCK 20V boorhamers. Effici\u00ebnt, veilig en nauwkeurig.","og_url":"https:\/\/kem-europe.eu\/de\/produkt\/dck-kde20v-16-entstaubungsanlage\/","og_site_name":"KEM Europe","article_modified_time":"2025-10-28T09:51:00+00:00","og_image":[{"width":700,"height":700,"url":"https:\/\/kem-europe.eu\/wp-content\/uploads\/2025\/10\/KDE20V-1.png","type":"image\/png"}],"twitter_card":"summary_large_image","twitter_misc":{"Gesch\u00e4tzte Lesezeit":"2\u00a0Minuten"},"schema":{"@context":"https:\/\/schema.org","@graph":[{"@type":"WebPage","@id":"https:\/\/kem-europe.eu\/product\/dck-kde20v-16-stofafzuiging-opzetstuk\/","url":"https:\/\/kem-europe.eu\/product\/dck-kde20v-16-stofafzuiging-opzetstuk\/","name":"DCK KDE20V-16 Absaugvorrichtung mit HEPA-Filter f\u00fcr DCK 20V Bohrh\u00e4mmer","isPartOf":{"@id":"https:\/\/kem-europe.eu\/#website"},"primaryImageOfPage":{"@id":"https:\/\/kem-europe.eu\/product\/dck-kde20v-16-stofafzuiging-opzetstuk\/#primaryimage"},"image":{"@id":"https:\/\/kem-europe.eu\/product\/dck-kde20v-16-stofafzuiging-opzetstuk\/#primaryimage"},"thumbnailUrl":"https:\/\/kem-europe.eu\/wp-content\/uploads\/2025\/10\/KDE20V-1.png","datePublished":"2025-10-28T07:57:29+00:00","dateModified":"2025-10-28T09:51:00+00:00","description":"Staubfreies Bohren mit dem Aufsatz DCK KDE20V-16. HEPA-Filter, automatische Reinigung, f\u00fcr alle DCK 20V Bohrh\u00e4mmer. Effizient, sicher und pr\u00e4zise.","breadcrumb":{"@id":"https:\/\/kem-europe.eu\/product\/dck-kde20v-16-stofafzuiging-opzetstuk\/#breadcrumb"},"inLanguage":"de","potentialAction":[{"@type":"ReadAction","target":["https:\/\/kem-europe.eu\/product\/dck-kde20v-16-stofafzuiging-opzetstuk\/"]}]},{"@type":"ImageObject","inLanguage":"de","@id":"https:\/\/kem-europe.eu\/product\/dck-kde20v-16-stofafzuiging-opzetstuk\/#primaryimage","url":"https:\/\/kem-europe.eu\/wp-content\/uploads\/2025\/10\/KDE20V-1.png","contentUrl":"https:\/\/kem-europe.eu\/wp-content\/uploads\/2025\/10\/KDE20V-1.png","width":700,"height":700,"caption":"DCK KDE20V-16 stofafzuig opzetstuk"},{"@type":"BreadcrumbList","@id":"https:\/\/kem-europe.eu\/product\/dck-kde20v-16-stofafzuiging-opzetstuk\/#breadcrumb","itemListElement":[{"@type":"ListItem","position":1,"name":"Home","item":"https:\/\/kem-europe.eu\/"},{"@type":"ListItem","position":2,"name":"Winkel","item":"https:\/\/kem-europe.eu\/winkel\/"},{"@type":"ListItem","position":3,"name":"DCK KDE20V-16 Stofafzuiging Opzetstuk"}]},{"@type":"WebSite","@id":"https:\/\/kem-europe.eu\/#website","url":"https:\/\/kem-europe.eu\/","name":"KEM Europe","description":"","publisher":{"@id":"https:\/\/kem-europe.eu\/#organization"},"potentialAction":[{"@type":"SearchAction","target":{"@type":"EntryPoint","urlTemplate":"https:\/\/kem-europe.eu\/?s={search_term_string}"},"query-input":{"@type":"PropertyValueSpecification","valueRequired":true,"valueName":"search_term_string"}}],"inLanguage":"de"},{"@type":"Organization","@id":"https:\/\/kem-europe.eu\/#organization","name":"KEM Europe","url":"https:\/\/kem-europe.eu\/","logo":{"@type":"ImageObject","inLanguage":"de","@id":"https:\/\/kem-europe.eu\/#\/schema\/logo\/image\/","url":"https:\/\/kem-europe.eu\/wp-content\/uploads\/2025\/02\/KEM2019-BLACK-1500W.png","contentUrl":"https:\/\/kem-europe.eu\/wp-content\/uploads\/2025\/02\/KEM2019-BLACK-1500W.png","width":1500,"height":626,"caption":"KEM Europe"},"image":{"@id":"https:\/\/kem-europe.eu\/#\/schema\/logo\/image\/"}}]}},"_links":{"self":[{"href":"https:\/\/kem-europe.eu\/de\/wp-json\/wp\/v2\/product\/8035","targetHints":{"allow":["GET"]}}],"collection":[{"href":"https:\/\/kem-europe.eu\/de\/wp-json\/wp\/v2\/product"}],"about":[{"href":"https:\/\/kem-europe.eu\/de\/wp-json\/wp\/v2\/types\/product"}],"replies":[{"embeddable":true,"href":"https:\/\/kem-europe.eu\/de\/wp-json\/wp\/v2\/comments?post=8035"}],"wp:featuredmedia":[{"embeddable":true,"href":"https:\/\/kem-europe.eu\/de\/wp-json\/wp\/v2\/media\/8034"}],"wp:attachment":[{"href":"https:\/\/kem-europe.eu\/de\/wp-json\/wp\/v2\/media?parent=8035"}],"wp:term":[{"taxonomy":"product_brand","embeddable":true,"href":"https:\/\/kem-europe.eu\/de\/wp-json\/wp\/v2\/product_brand?post=8035"},{"taxonomy":"product_cat","embeddable":true,"href":"https:\/\/kem-europe.eu\/de\/wp-json\/wp\/v2\/product_cat?post=8035"},{"taxonomy":"product_tag","embeddable":true,"href":"https:\/\/kem-europe.eu\/de\/wp-json\/wp\/v2\/product_tag?post=8035"}],"curies":[{"name":"wp","href":"https:\/\/api.w.org\/{rel}","templated":true}]}}