{"id":8043,"date":"2025-10-28T08:04:52","date_gmt":"2025-10-28T08:04:52","guid":{"rendered":"https:\/\/kem-europe.eu\/?post_type=product&#038;p=8043"},"modified":"2025-10-28T09:45:54","modified_gmt":"2025-10-28T09:45:54","slug":"dck-kzg07-6-spalthammer","status":"publish","type":"product","link":"https:\/\/kem-europe.eu\/de\/product\/dck-kzg07-6-hakhamer\/","title":{"rendered":"DCK KZG07-6 Hackenhammer"},"content":{"rendered":"<h2>DCK KZG07-6 Hackmaschine - 1600W 22J 7,3kg<\/h2>\n<p>Sind Sie ein Profi, der viele Abbrucharbeiten in Beton, Stein oder Mauerwerk ausf\u00fchrt? Dann ist der DCK KZG07-6 Chipper vielleicht genau das, was Sie suchen. Dank des leistungsstarken 1600-W-Motors und einer beeindruckenden Schlagenergie von 22 Joule ist keine Arbeit zu schwer. Dank des vibrationsd\u00e4mpfenden Griffs profitieren Sie von einem lang anhaltenden Benutzerkomfort, und dank des relativ geringen Gewichts von 7,3 kg haben Sie diesen H\u00e4cksler auch bei intensiver Arbeit gut unter Kontrolle. Die robuste Bauweise und die langlebigen Komponenten sorgen f\u00fcr eine hohe Zuverl\u00e4ssigkeit. Das clevere Design sorgt au\u00dferdem f\u00fcr einen einfachen Wechsel des Zubeh\u00f6rs \u00fcber die 17-mm-Sechskant-Aufnahme. Entdecken Sie, wie viel Leistung und Benutzerfreundlichkeit dieser H\u00e4cksler Ihnen bei Ihrer Arbeit bringt!<\/p>\n<ul>\n<li><strong>Sehr leistungsstarker Motor:<\/strong> Dank 1600W Leistung effiziente Abbrucharbeiten in Beton und Stein.<\/li>\n<li><strong>Optimale Schlagenergie:<\/strong> 22 Joule pro Hub sorgen f\u00fcr schnelle Ergebnisse.<\/li>\n<li><strong>Hohe Benutzerfreundlichkeit:<\/strong> Der Anti-Titril-Griff verringert die Erm\u00fcdung und erh\u00f6ht die Kontrolle.<\/li>\n<li><strong>Langlebige Konstruktion:<\/strong> Robustes Geh\u00e4use und Gummikolbenring f\u00fcr lange Lebensdauer.<\/li>\n<li><strong>Einfacher Zubeh\u00f6rwechsel:<\/strong> 17 mm Sechskantaufnahme f\u00fcr schnellen Mei\u00dfelwechsel.<\/li>\n<li><strong>Ein Leichtgewicht in seiner Klasse:<\/strong> Mit 7,3 kg leicht zu handhaben f\u00fcr schwere Arbeiten.<\/li>\n<\/ul>\n<h3>Technische Daten<\/h3>\n<ul>\n<li>Leistung - 1600W<\/li>\n<li>Aufprallenergie - 22 Joule<\/li>\n<li>Hubzahl - 2900 H\u00fcbe\/Minute<\/li>\n<li>Aufwicklung - 17 mm HEX<\/li>\n<li>Gewicht - 7,3 kg<\/li>\n<li>Stromversorgung - 220-240V \/ 50-60Hz<\/li>\n<\/ul>\n<h3>Umfang der Lieferung<\/h3>\n<ul>\n<li>DCK KZG07-6 Mei\u00dfelhammer<\/li>\n<li>Seitlicher Griff<\/li>\n<li>Mei\u00dfel<\/li>\n<li>Aufbewahrungskoffer (Kunststoff)<\/li>\n<li>Handbuch<\/li>\n<\/ul>","protected":false},"excerpt":{"rendered":"<p>Der DCK KZG07-6 Zerkleinerer kombiniert einen leistungsstarken 1600-W-Motor mit komfortabler Ergonomie und Langlebigkeit f\u00fcr harte Abbrucharbeiten.<\/p>","protected":false},"featured_media":8042,"comment_status":"open","ping_status":"closed","template":"","meta":[],"product_brand":[630],"product_cat":[608,17],"product_tag":[],"class_list":{"0":"post-8043","1":"product","2":"type-product","3":"status-publish","4":"has-post-thumbnail","6":"product_brand-dck","7":"product_cat-hakhamer","8":"product_cat-machines","10":"first","11":"instock","12":"shipping-taxable","13":"product-type-simple"},"ct_brands":[{"id":630,"name":"DCK","slug":"dck"}],"yoast_head":"<!-- This site is optimized with the Yoast SEO plugin v27.3 - https:\/\/yoast.com\/product\/yoast-seo-wordpress\/ -->\n<title>DCK KZG07-6 Hakhamer \u2013 1600W, 22 Joule, 7,3kg | Krachtig &amp; Comfortabel<\/title>\n<meta name=\"description\" content=\"DCK KZG07-6 hakhamer: 1600W, 22J en antitril-handgreep. Ideaal voor professionals die kracht en duurzaamheid zoeken bij sloopwerk.\" \/>\n<meta name=\"robots\" content=\"index, follow, max-snippet:-1, max-image-preview:large, max-video-preview:-1\" \/>\n<link rel=\"canonical\" href=\"https:\/\/kem-europe.eu\/de\/produkt\/dck-kzg07-6-spalthammer\/\" \/>\n<meta property=\"og:locale\" content=\"de_DE\" \/>\n<meta property=\"og:type\" content=\"article\" \/>\n<meta property=\"og:title\" content=\"DCK KZG07-6 Hakhamer \u2013 1600W, 22 Joule, 7,3kg | Krachtig &amp; Comfortabel\" \/>\n<meta property=\"og:description\" content=\"DCK KZG07-6 hakhamer: 1600W, 22J en antitril-handgreep. Ideaal voor professionals die kracht en duurzaamheid zoeken bij sloopwerk.\" \/>\n<meta property=\"og:url\" content=\"https:\/\/kem-europe.eu\/de\/produkt\/dck-kzg07-6-spalthammer\/\" \/>\n<meta property=\"og:site_name\" content=\"KEM Europe\" \/>\n<meta property=\"article:modified_time\" content=\"2025-10-28T09:45:54+00:00\" \/>\n<meta property=\"og:image\" content=\"https:\/\/kem-europe.eu\/wp-content\/uploads\/2025\/10\/KZG07-6-1.png\" \/>\n\t<meta property=\"og:image:width\" content=\"700\" \/>\n\t<meta property=\"og:image:height\" content=\"700\" \/>\n\t<meta property=\"og:image:type\" content=\"image\/png\" \/>\n<meta name=\"twitter:card\" content=\"summary_large_image\" \/>\n<meta name=\"twitter:label1\" content=\"Gesch\u00e4tzte Lesezeit\" \/>\n\t<meta name=\"twitter:data1\" content=\"2\u00a0Minuten\" \/>\n<script type=\"application\/ld+json\" class=\"yoast-schema-graph\">{\"@context\":\"https:\\\/\\\/schema.org\",\"@graph\":[{\"@type\":\"WebPage\",\"@id\":\"https:\\\/\\\/kem-europe.eu\\\/product\\\/dck-kzg07-6-hakhamer\\\/\",\"url\":\"https:\\\/\\\/kem-europe.eu\\\/product\\\/dck-kzg07-6-hakhamer\\\/\",\"name\":\"DCK KZG07-6 Hakhamer \u2013 1600W, 22 Joule, 7,3kg | Krachtig & Comfortabel\",\"isPartOf\":{\"@id\":\"https:\\\/\\\/kem-europe.eu\\\/#website\"},\"primaryImageOfPage\":{\"@id\":\"https:\\\/\\\/kem-europe.eu\\\/product\\\/dck-kzg07-6-hakhamer\\\/#primaryimage\"},\"image\":{\"@id\":\"https:\\\/\\\/kem-europe.eu\\\/product\\\/dck-kzg07-6-hakhamer\\\/#primaryimage\"},\"thumbnailUrl\":\"https:\\\/\\\/kem-europe.eu\\\/wp-content\\\/uploads\\\/2025\\\/10\\\/KZG07-6-1.png\",\"datePublished\":\"2025-10-28T08:04:52+00:00\",\"dateModified\":\"2025-10-28T09:45:54+00:00\",\"description\":\"DCK KZG07-6 hakhamer: 1600W, 22J en antitril-handgreep. Ideaal voor professionals die kracht en duurzaamheid zoeken bij sloopwerk.\",\"breadcrumb\":{\"@id\":\"https:\\\/\\\/kem-europe.eu\\\/product\\\/dck-kzg07-6-hakhamer\\\/#breadcrumb\"},\"inLanguage\":\"de\",\"potentialAction\":[{\"@type\":\"ReadAction\",\"target\":[\"https:\\\/\\\/kem-europe.eu\\\/product\\\/dck-kzg07-6-hakhamer\\\/\"]}]},{\"@type\":\"ImageObject\",\"inLanguage\":\"de\",\"@id\":\"https:\\\/\\\/kem-europe.eu\\\/product\\\/dck-kzg07-6-hakhamer\\\/#primaryimage\",\"url\":\"https:\\\/\\\/kem-europe.eu\\\/wp-content\\\/uploads\\\/2025\\\/10\\\/KZG07-6-1.png\",\"contentUrl\":\"https:\\\/\\\/kem-europe.eu\\\/wp-content\\\/uploads\\\/2025\\\/10\\\/KZG07-6-1.png\",\"width\":700,\"height\":700,\"caption\":\"DCK KZG07-6 Hakhamer\"},{\"@type\":\"BreadcrumbList\",\"@id\":\"https:\\\/\\\/kem-europe.eu\\\/product\\\/dck-kzg07-6-hakhamer\\\/#breadcrumb\",\"itemListElement\":[{\"@type\":\"ListItem\",\"position\":1,\"name\":\"Home\",\"item\":\"https:\\\/\\\/kem-europe.eu\\\/\"},{\"@type\":\"ListItem\",\"position\":2,\"name\":\"Winkel\",\"item\":\"https:\\\/\\\/kem-europe.eu\\\/winkel\\\/\"},{\"@type\":\"ListItem\",\"position\":3,\"name\":\"DCK KZG07-6 Hakhamer\"}]},{\"@type\":\"WebSite\",\"@id\":\"https:\\\/\\\/kem-europe.eu\\\/#website\",\"url\":\"https:\\\/\\\/kem-europe.eu\\\/\",\"name\":\"KEM Europe\",\"description\":\"\",\"publisher\":{\"@id\":\"https:\\\/\\\/kem-europe.eu\\\/#organization\"},\"potentialAction\":[{\"@type\":\"SearchAction\",\"target\":{\"@type\":\"EntryPoint\",\"urlTemplate\":\"https:\\\/\\\/kem-europe.eu\\\/?s={search_term_string}\"},\"query-input\":{\"@type\":\"PropertyValueSpecification\",\"valueRequired\":true,\"valueName\":\"search_term_string\"}}],\"inLanguage\":\"de\"},{\"@type\":\"Organization\",\"@id\":\"https:\\\/\\\/kem-europe.eu\\\/#organization\",\"name\":\"KEM Europe\",\"url\":\"https:\\\/\\\/kem-europe.eu\\\/\",\"logo\":{\"@type\":\"ImageObject\",\"inLanguage\":\"de\",\"@id\":\"https:\\\/\\\/kem-europe.eu\\\/#\\\/schema\\\/logo\\\/image\\\/\",\"url\":\"https:\\\/\\\/kem-europe.eu\\\/wp-content\\\/uploads\\\/2025\\\/02\\\/KEM2019-BLACK-1500W.png\",\"contentUrl\":\"https:\\\/\\\/kem-europe.eu\\\/wp-content\\\/uploads\\\/2025\\\/02\\\/KEM2019-BLACK-1500W.png\",\"width\":1500,\"height\":626,\"caption\":\"KEM Europe\"},\"image\":{\"@id\":\"https:\\\/\\\/kem-europe.eu\\\/#\\\/schema\\\/logo\\\/image\\\/\"}}]}<\/script>\n<!-- \/ Yoast SEO plugin. -->","yoast_head_json":{"title":"DCK KZG07-6 H\u00e4cksler - 1600W, 22 Joule, 7,3kg | Leistungsstark &amp; komfortabel","description":"DCK KZG07-6 Mei\u00dfelhammer: 1600W, 22J und Anti-Vibrationsgriff. Ideal f\u00fcr Profis, die Leistung und Haltbarkeit bei Abbrucharbeiten suchen.","robots":{"index":"index","follow":"follow","max-snippet":"max-snippet:-1","max-image-preview":"max-image-preview:large","max-video-preview":"max-video-preview:-1"},"canonical":"https:\/\/kem-europe.eu\/de\/produkt\/dck-kzg07-6-spalthammer\/","og_locale":"de_DE","og_type":"article","og_title":"DCK KZG07-6 Hakhamer \u2013 1600W, 22 Joule, 7,3kg | Krachtig & Comfortabel","og_description":"DCK KZG07-6 hakhamer: 1600W, 22J en antitril-handgreep. Ideaal voor professionals die kracht en duurzaamheid zoeken bij sloopwerk.","og_url":"https:\/\/kem-europe.eu\/de\/produkt\/dck-kzg07-6-spalthammer\/","og_site_name":"KEM Europe","article_modified_time":"2025-10-28T09:45:54+00:00","og_image":[{"width":700,"height":700,"url":"https:\/\/kem-europe.eu\/wp-content\/uploads\/2025\/10\/KZG07-6-1.png","type":"image\/png"}],"twitter_card":"summary_large_image","twitter_misc":{"Gesch\u00e4tzte Lesezeit":"2\u00a0Minuten"},"schema":{"@context":"https:\/\/schema.org","@graph":[{"@type":"WebPage","@id":"https:\/\/kem-europe.eu\/product\/dck-kzg07-6-hakhamer\/","url":"https:\/\/kem-europe.eu\/product\/dck-kzg07-6-hakhamer\/","name":"DCK KZG07-6 H\u00e4cksler - 1600W, 22 Joule, 7,3kg | Leistungsstark &amp; komfortabel","isPartOf":{"@id":"https:\/\/kem-europe.eu\/#website"},"primaryImageOfPage":{"@id":"https:\/\/kem-europe.eu\/product\/dck-kzg07-6-hakhamer\/#primaryimage"},"image":{"@id":"https:\/\/kem-europe.eu\/product\/dck-kzg07-6-hakhamer\/#primaryimage"},"thumbnailUrl":"https:\/\/kem-europe.eu\/wp-content\/uploads\/2025\/10\/KZG07-6-1.png","datePublished":"2025-10-28T08:04:52+00:00","dateModified":"2025-10-28T09:45:54+00:00","description":"DCK KZG07-6 Mei\u00dfelhammer: 1600W, 22J und Anti-Vibrationsgriff. Ideal f\u00fcr Profis, die Leistung und Haltbarkeit bei Abbrucharbeiten suchen.","breadcrumb":{"@id":"https:\/\/kem-europe.eu\/product\/dck-kzg07-6-hakhamer\/#breadcrumb"},"inLanguage":"de","potentialAction":[{"@type":"ReadAction","target":["https:\/\/kem-europe.eu\/product\/dck-kzg07-6-hakhamer\/"]}]},{"@type":"ImageObject","inLanguage":"de","@id":"https:\/\/kem-europe.eu\/product\/dck-kzg07-6-hakhamer\/#primaryimage","url":"https:\/\/kem-europe.eu\/wp-content\/uploads\/2025\/10\/KZG07-6-1.png","contentUrl":"https:\/\/kem-europe.eu\/wp-content\/uploads\/2025\/10\/KZG07-6-1.png","width":700,"height":700,"caption":"DCK KZG07-6 Hakhamer"},{"@type":"BreadcrumbList","@id":"https:\/\/kem-europe.eu\/product\/dck-kzg07-6-hakhamer\/#breadcrumb","itemListElement":[{"@type":"ListItem","position":1,"name":"Home","item":"https:\/\/kem-europe.eu\/"},{"@type":"ListItem","position":2,"name":"Winkel","item":"https:\/\/kem-europe.eu\/winkel\/"},{"@type":"ListItem","position":3,"name":"DCK KZG07-6 Hakhamer"}]},{"@type":"WebSite","@id":"https:\/\/kem-europe.eu\/#website","url":"https:\/\/kem-europe.eu\/","name":"KEM Europe","description":"","publisher":{"@id":"https:\/\/kem-europe.eu\/#organization"},"potentialAction":[{"@type":"SearchAction","target":{"@type":"EntryPoint","urlTemplate":"https:\/\/kem-europe.eu\/?s={search_term_string}"},"query-input":{"@type":"PropertyValueSpecification","valueRequired":true,"valueName":"search_term_string"}}],"inLanguage":"de"},{"@type":"Organization","@id":"https:\/\/kem-europe.eu\/#organization","name":"KEM Europe","url":"https:\/\/kem-europe.eu\/","logo":{"@type":"ImageObject","inLanguage":"de","@id":"https:\/\/kem-europe.eu\/#\/schema\/logo\/image\/","url":"https:\/\/kem-europe.eu\/wp-content\/uploads\/2025\/02\/KEM2019-BLACK-1500W.png","contentUrl":"https:\/\/kem-europe.eu\/wp-content\/uploads\/2025\/02\/KEM2019-BLACK-1500W.png","width":1500,"height":626,"caption":"KEM Europe"},"image":{"@id":"https:\/\/kem-europe.eu\/#\/schema\/logo\/image\/"}}]}},"_links":{"self":[{"href":"https:\/\/kem-europe.eu\/de\/wp-json\/wp\/v2\/product\/8043","targetHints":{"allow":["GET"]}}],"collection":[{"href":"https:\/\/kem-europe.eu\/de\/wp-json\/wp\/v2\/product"}],"about":[{"href":"https:\/\/kem-europe.eu\/de\/wp-json\/wp\/v2\/types\/product"}],"replies":[{"embeddable":true,"href":"https:\/\/kem-europe.eu\/de\/wp-json\/wp\/v2\/comments?post=8043"}],"wp:featuredmedia":[{"embeddable":true,"href":"https:\/\/kem-europe.eu\/de\/wp-json\/wp\/v2\/media\/8042"}],"wp:attachment":[{"href":"https:\/\/kem-europe.eu\/de\/wp-json\/wp\/v2\/media?parent=8043"}],"wp:term":[{"taxonomy":"product_brand","embeddable":true,"href":"https:\/\/kem-europe.eu\/de\/wp-json\/wp\/v2\/product_brand?post=8043"},{"taxonomy":"product_cat","embeddable":true,"href":"https:\/\/kem-europe.eu\/de\/wp-json\/wp\/v2\/product_cat?post=8043"},{"taxonomy":"product_tag","embeddable":true,"href":"https:\/\/kem-europe.eu\/de\/wp-json\/wp\/v2\/product_tag?post=8043"}],"curies":[{"name":"wp","href":"https:\/\/api.w.org\/{rel}","templated":true}]}}