{"id":8051,"date":"2025-10-28T08:11:59","date_gmt":"2025-10-28T08:11:59","guid":{"rendered":"https:\/\/kem-europe.eu\/?post_type=product&#038;p=8051"},"modified":"2025-10-28T09:44:35","modified_gmt":"2025-10-28T09:44:35","slug":"dck-kdjf22z-schnurlose-sabelsage-20v-korper","status":"publish","type":"product","link":"https:\/\/kem-europe.eu\/de\/product\/dck-kdjf22z-accu-reciprozaag-20v-body\/","title":{"rendered":"DCK KDJF22(Z) Akku-Tischkreiss\u00e4ge 20V BODY"},"content":{"rendered":"<h2>DCK KDJF22(Z) Akku-Tischkreiss\u00e4ge - 20V 5.0Ah BODY<\/h2>\n<p>Sie sind auf der Suche nach einem robusten Allrounder f\u00fcr Ihre Abbruch- und Montagearbeiten? Mit der DCK KDJF22(Z) Accu-Recipros\u00e4ge packen Sie jedes Projekt professionell an, egal ob Sie Holz, Metall oder Kunststoff schneiden m\u00fcssen. Dank des leistungsstarken b\u00fcrstenlosen Motors und des leichten, kompakten Designs arbeiten Sie m\u00fchelos auch an schwer zug\u00e4nglichen Stellen. Diese S\u00e4ge wird mit der praktischen 20-V-MAX-Akkuplattform betrieben (Akku und Ladeger\u00e4t separat erh\u00e4ltlich), sodass Sie flexibel und kabellos arbeiten k\u00f6nnen. Wechseln Sie die S\u00e4gebl\u00e4tter schnell dank des werkzeuglosen Systems und behalten Sie die Kontrolle mit der variablen Drehzahlregelung bis zu 3000 H\u00fcben pro Minute. Sicher, komfortabel und zuverl\u00e4ssig - genau das, was Sie als Profi brauchen!<\/p>\n<ul>\n<li><strong>B\u00fcrstenloser Motor:<\/strong> Mehr Leistung, weniger Verschlei\u00df und l\u00e4ngere Lebensdauer.<\/li>\n<li><strong>Leicht und kompakt:<\/strong> Nur etwa 1,8 kg, ideal f\u00fcr \u00dcberkopfarbeiten oder schwer zug\u00e4ngliche Bereiche.<\/li>\n<li><strong>Schneller Wechsel:<\/strong> Dank des werkzeuglosen Systems k\u00f6nnen Sie die S\u00e4gebl\u00e4tter blitzschnell wechseln.<\/li>\n<li><strong>Sicher in der Anwendung:<\/strong> Ausgestattet mit einem Sperrschalter, der ein unerw\u00fcnschtes Starten verhindert.<\/li>\n<li><strong>Universelle Einsetzbarkeit:<\/strong> Geeignet f\u00fcr Holz, Metall, Kunststoff und Rohre, sowohl f\u00fcr Installations- als auch f\u00fcr Abbrucharbeiten.<\/li>\n<\/ul>\n<h3>Technische Daten<\/h3>\n<ul>\n<li>Spannung - 20V MAX<\/li>\n<li>Motor - B\u00fcrstenlos, Vollkupferwicklung<\/li>\n<li>Maximale Leistung - 450 W (entspricht AC)<\/li>\n<li>Geschwindigkeit ohne Last - 0-3000 H\u00fcbe\/min<\/li>\n<li>Hubl\u00e4nge - 22 mm (7\/8\u201d)<\/li>\n<li>Maximale Schnittleistung Holz - 180 mm (7\u201d)<\/li>\n<li>Max. Schneidkapazit\u00e4t Rohre - 100 mm (4\u201d)<\/li>\n<li>Max. Schnittleistung Metall - 15 mm (5\/8\u201d)<\/li>\n<li>Gewicht - ca. 1,8 kg (ohne Batterie)<\/li>\n<\/ul>\n<h3>Umfang der Lieferung<\/h3>\n<ul>\n<li>DCK KDJF22(Z) Accu-S\u00e4bels\u00e4ge (Geh\u00e4use)<\/li>\n<li>S\u00e4geblatt<\/li>\n<li>Handbuch<\/li>\n<li>Verpackung\/Karton<\/li>\n<\/ul>","protected":false},"excerpt":{"rendered":"<p>Leistungsstarke, kompakte DCK-Akku-S\u00e4bels\u00e4ge f\u00fcr eine Vielzahl von Schneidarbeiten. Hinweis: Lieferung ohne Akku und Ladeger\u00e4t.<\/p>","protected":false},"featured_media":7938,"comment_status":"open","ping_status":"closed","template":"","meta":[],"product_brand":[630],"product_cat":[54,97],"product_tag":[],"class_list":{"0":"post-8051","1":"product","2":"type-product","3":"status-publish","4":"has-post-thumbnail","6":"product_brand-dck","7":"product_cat-accu-machines","8":"product_cat-accu-reciprozaag","10":"first","11":"instock","12":"shipping-taxable","13":"product-type-simple"},"ct_brands":[{"id":630,"name":"DCK","slug":"dck"}],"yoast_head":"<!-- This site is optimized with the Yoast SEO plugin v27.3 - https:\/\/yoast.com\/product\/yoast-seo-wordpress\/ -->\n<title>DCK KDJF22(Z) Accu Reciprozaag 20V Body \u2013 Professioneel &amp; Compact<\/title>\n<meta name=\"description\" content=\"DCK KDJF22(Z) 20V accu reciprozaag body met borstelloze motor. Compact, krachtig en ideaal voor elke professional. Exclusief accu\/lader.\" \/>\n<meta name=\"robots\" content=\"index, follow, max-snippet:-1, max-image-preview:large, max-video-preview:-1\" \/>\n<link rel=\"canonical\" href=\"https:\/\/kem-europe.eu\/de\/produkt\/dck-kdjf22z-schnurlose-sabelsage-20v-korper\/\" \/>\n<meta property=\"og:locale\" content=\"de_DE\" \/>\n<meta property=\"og:type\" content=\"article\" \/>\n<meta property=\"og:title\" content=\"DCK KDJF22(Z) Accu Reciprozaag 20V Body \u2013 Professioneel &amp; Compact\" \/>\n<meta property=\"og:description\" content=\"DCK KDJF22(Z) 20V accu reciprozaag body met borstelloze motor. Compact, krachtig en ideaal voor elke professional. Exclusief accu\/lader.\" \/>\n<meta property=\"og:url\" content=\"https:\/\/kem-europe.eu\/de\/produkt\/dck-kdjf22z-schnurlose-sabelsage-20v-korper\/\" \/>\n<meta property=\"og:site_name\" content=\"KEM Europe\" \/>\n<meta property=\"article:modified_time\" content=\"2025-10-28T09:44:35+00:00\" \/>\n<meta property=\"og:image\" content=\"https:\/\/kem-europe.eu\/wp-content\/uploads\/2025\/10\/KDJF22FK.png\" \/>\n\t<meta property=\"og:image:width\" content=\"700\" \/>\n\t<meta property=\"og:image:height\" content=\"700\" \/>\n\t<meta property=\"og:image:type\" content=\"image\/png\" \/>\n<meta name=\"twitter:card\" content=\"summary_large_image\" \/>\n<meta name=\"twitter:label1\" content=\"Gesch\u00e4tzte Lesezeit\" \/>\n\t<meta name=\"twitter:data1\" content=\"2\u00a0Minuten\" \/>\n<script type=\"application\/ld+json\" class=\"yoast-schema-graph\">{\"@context\":\"https:\\\/\\\/schema.org\",\"@graph\":[{\"@type\":\"WebPage\",\"@id\":\"https:\\\/\\\/kem-europe.eu\\\/product\\\/dck-kdjf22z-accu-reciprozaag-20v-body\\\/\",\"url\":\"https:\\\/\\\/kem-europe.eu\\\/product\\\/dck-kdjf22z-accu-reciprozaag-20v-body\\\/\",\"name\":\"DCK KDJF22(Z) Accu Reciprozaag 20V Body \u2013 Professioneel & Compact\",\"isPartOf\":{\"@id\":\"https:\\\/\\\/kem-europe.eu\\\/#website\"},\"primaryImageOfPage\":{\"@id\":\"https:\\\/\\\/kem-europe.eu\\\/product\\\/dck-kdjf22z-accu-reciprozaag-20v-body\\\/#primaryimage\"},\"image\":{\"@id\":\"https:\\\/\\\/kem-europe.eu\\\/product\\\/dck-kdjf22z-accu-reciprozaag-20v-body\\\/#primaryimage\"},\"thumbnailUrl\":\"https:\\\/\\\/kem-europe.eu\\\/wp-content\\\/uploads\\\/2025\\\/10\\\/KDJF22FK.png\",\"datePublished\":\"2025-10-28T08:11:59+00:00\",\"dateModified\":\"2025-10-28T09:44:35+00:00\",\"description\":\"DCK KDJF22(Z) 20V accu reciprozaag body met borstelloze motor. Compact, krachtig en ideaal voor elke professional. Exclusief accu\\\/lader.\",\"breadcrumb\":{\"@id\":\"https:\\\/\\\/kem-europe.eu\\\/product\\\/dck-kdjf22z-accu-reciprozaag-20v-body\\\/#breadcrumb\"},\"inLanguage\":\"de\",\"potentialAction\":[{\"@type\":\"ReadAction\",\"target\":[\"https:\\\/\\\/kem-europe.eu\\\/product\\\/dck-kdjf22z-accu-reciprozaag-20v-body\\\/\"]}]},{\"@type\":\"ImageObject\",\"inLanguage\":\"de\",\"@id\":\"https:\\\/\\\/kem-europe.eu\\\/product\\\/dck-kdjf22z-accu-reciprozaag-20v-body\\\/#primaryimage\",\"url\":\"https:\\\/\\\/kem-europe.eu\\\/wp-content\\\/uploads\\\/2025\\\/10\\\/KDJF22FK.png\",\"contentUrl\":\"https:\\\/\\\/kem-europe.eu\\\/wp-content\\\/uploads\\\/2025\\\/10\\\/KDJF22FK.png\",\"width\":700,\"height\":700,\"caption\":\"DCK KDJF22(Z) Accu Reciprozaag 20V body\"},{\"@type\":\"BreadcrumbList\",\"@id\":\"https:\\\/\\\/kem-europe.eu\\\/product\\\/dck-kdjf22z-accu-reciprozaag-20v-body\\\/#breadcrumb\",\"itemListElement\":[{\"@type\":\"ListItem\",\"position\":1,\"name\":\"Home\",\"item\":\"https:\\\/\\\/kem-europe.eu\\\/\"},{\"@type\":\"ListItem\",\"position\":2,\"name\":\"Winkel\",\"item\":\"https:\\\/\\\/kem-europe.eu\\\/winkel\\\/\"},{\"@type\":\"ListItem\",\"position\":3,\"name\":\"DCK KDJF22(Z) Accu Reciprozaag 20V BODY\"}]},{\"@type\":\"WebSite\",\"@id\":\"https:\\\/\\\/kem-europe.eu\\\/#website\",\"url\":\"https:\\\/\\\/kem-europe.eu\\\/\",\"name\":\"KEM Europe\",\"description\":\"\",\"publisher\":{\"@id\":\"https:\\\/\\\/kem-europe.eu\\\/#organization\"},\"potentialAction\":[{\"@type\":\"SearchAction\",\"target\":{\"@type\":\"EntryPoint\",\"urlTemplate\":\"https:\\\/\\\/kem-europe.eu\\\/?s={search_term_string}\"},\"query-input\":{\"@type\":\"PropertyValueSpecification\",\"valueRequired\":true,\"valueName\":\"search_term_string\"}}],\"inLanguage\":\"de\"},{\"@type\":\"Organization\",\"@id\":\"https:\\\/\\\/kem-europe.eu\\\/#organization\",\"name\":\"KEM Europe\",\"url\":\"https:\\\/\\\/kem-europe.eu\\\/\",\"logo\":{\"@type\":\"ImageObject\",\"inLanguage\":\"de\",\"@id\":\"https:\\\/\\\/kem-europe.eu\\\/#\\\/schema\\\/logo\\\/image\\\/\",\"url\":\"https:\\\/\\\/kem-europe.eu\\\/wp-content\\\/uploads\\\/2025\\\/02\\\/KEM2019-BLACK-1500W.png\",\"contentUrl\":\"https:\\\/\\\/kem-europe.eu\\\/wp-content\\\/uploads\\\/2025\\\/02\\\/KEM2019-BLACK-1500W.png\",\"width\":1500,\"height\":626,\"caption\":\"KEM Europe\"},\"image\":{\"@id\":\"https:\\\/\\\/kem-europe.eu\\\/#\\\/schema\\\/logo\\\/image\\\/\"}}]}<\/script>\n<!-- \/ Yoast SEO plugin. -->","yoast_head_json":{"title":"DCK KDJF22(Z) Akku-Tischkreiss\u00e4ge 20V Body - Professionell &amp; Kompakt","description":"DCK KDJF22(Z) 20V Akku-S\u00e4bels\u00e4gegeh\u00e4use mit b\u00fcrstenlosem Motor. Kompakt, leistungsstark und ideal f\u00fcr jeden Profi. Ohne Akku\/Ladeger\u00e4t.","robots":{"index":"index","follow":"follow","max-snippet":"max-snippet:-1","max-image-preview":"max-image-preview:large","max-video-preview":"max-video-preview:-1"},"canonical":"https:\/\/kem-europe.eu\/de\/produkt\/dck-kdjf22z-schnurlose-sabelsage-20v-korper\/","og_locale":"de_DE","og_type":"article","og_title":"DCK KDJF22(Z) Accu Reciprozaag 20V Body \u2013 Professioneel & Compact","og_description":"DCK KDJF22(Z) 20V accu reciprozaag body met borstelloze motor. Compact, krachtig en ideaal voor elke professional. Exclusief accu\/lader.","og_url":"https:\/\/kem-europe.eu\/de\/produkt\/dck-kdjf22z-schnurlose-sabelsage-20v-korper\/","og_site_name":"KEM Europe","article_modified_time":"2025-10-28T09:44:35+00:00","og_image":[{"width":700,"height":700,"url":"https:\/\/kem-europe.eu\/wp-content\/uploads\/2025\/10\/KDJF22FK.png","type":"image\/png"}],"twitter_card":"summary_large_image","twitter_misc":{"Gesch\u00e4tzte Lesezeit":"2\u00a0Minuten"},"schema":{"@context":"https:\/\/schema.org","@graph":[{"@type":"WebPage","@id":"https:\/\/kem-europe.eu\/product\/dck-kdjf22z-accu-reciprozaag-20v-body\/","url":"https:\/\/kem-europe.eu\/product\/dck-kdjf22z-accu-reciprozaag-20v-body\/","name":"DCK KDJF22(Z) Akku-Tischkreiss\u00e4ge 20V Body - Professionell &amp; Kompakt","isPartOf":{"@id":"https:\/\/kem-europe.eu\/#website"},"primaryImageOfPage":{"@id":"https:\/\/kem-europe.eu\/product\/dck-kdjf22z-accu-reciprozaag-20v-body\/#primaryimage"},"image":{"@id":"https:\/\/kem-europe.eu\/product\/dck-kdjf22z-accu-reciprozaag-20v-body\/#primaryimage"},"thumbnailUrl":"https:\/\/kem-europe.eu\/wp-content\/uploads\/2025\/10\/KDJF22FK.png","datePublished":"2025-10-28T08:11:59+00:00","dateModified":"2025-10-28T09:44:35+00:00","description":"DCK KDJF22(Z) 20V Akku-S\u00e4bels\u00e4gegeh\u00e4use mit b\u00fcrstenlosem Motor. Kompakt, leistungsstark und ideal f\u00fcr jeden Profi. Ohne Akku\/Ladeger\u00e4t.","breadcrumb":{"@id":"https:\/\/kem-europe.eu\/product\/dck-kdjf22z-accu-reciprozaag-20v-body\/#breadcrumb"},"inLanguage":"de","potentialAction":[{"@type":"ReadAction","target":["https:\/\/kem-europe.eu\/product\/dck-kdjf22z-accu-reciprozaag-20v-body\/"]}]},{"@type":"ImageObject","inLanguage":"de","@id":"https:\/\/kem-europe.eu\/product\/dck-kdjf22z-accu-reciprozaag-20v-body\/#primaryimage","url":"https:\/\/kem-europe.eu\/wp-content\/uploads\/2025\/10\/KDJF22FK.png","contentUrl":"https:\/\/kem-europe.eu\/wp-content\/uploads\/2025\/10\/KDJF22FK.png","width":700,"height":700,"caption":"DCK KDJF22(Z) Accu Reciprozaag 20V body"},{"@type":"BreadcrumbList","@id":"https:\/\/kem-europe.eu\/product\/dck-kdjf22z-accu-reciprozaag-20v-body\/#breadcrumb","itemListElement":[{"@type":"ListItem","position":1,"name":"Home","item":"https:\/\/kem-europe.eu\/"},{"@type":"ListItem","position":2,"name":"Winkel","item":"https:\/\/kem-europe.eu\/winkel\/"},{"@type":"ListItem","position":3,"name":"DCK KDJF22(Z) Accu Reciprozaag 20V BODY"}]},{"@type":"WebSite","@id":"https:\/\/kem-europe.eu\/#website","url":"https:\/\/kem-europe.eu\/","name":"KEM Europe","description":"","publisher":{"@id":"https:\/\/kem-europe.eu\/#organization"},"potentialAction":[{"@type":"SearchAction","target":{"@type":"EntryPoint","urlTemplate":"https:\/\/kem-europe.eu\/?s={search_term_string}"},"query-input":{"@type":"PropertyValueSpecification","valueRequired":true,"valueName":"search_term_string"}}],"inLanguage":"de"},{"@type":"Organization","@id":"https:\/\/kem-europe.eu\/#organization","name":"KEM Europe","url":"https:\/\/kem-europe.eu\/","logo":{"@type":"ImageObject","inLanguage":"de","@id":"https:\/\/kem-europe.eu\/#\/schema\/logo\/image\/","url":"https:\/\/kem-europe.eu\/wp-content\/uploads\/2025\/02\/KEM2019-BLACK-1500W.png","contentUrl":"https:\/\/kem-europe.eu\/wp-content\/uploads\/2025\/02\/KEM2019-BLACK-1500W.png","width":1500,"height":626,"caption":"KEM Europe"},"image":{"@id":"https:\/\/kem-europe.eu\/#\/schema\/logo\/image\/"}}]}},"_links":{"self":[{"href":"https:\/\/kem-europe.eu\/de\/wp-json\/wp\/v2\/product\/8051","targetHints":{"allow":["GET"]}}],"collection":[{"href":"https:\/\/kem-europe.eu\/de\/wp-json\/wp\/v2\/product"}],"about":[{"href":"https:\/\/kem-europe.eu\/de\/wp-json\/wp\/v2\/types\/product"}],"replies":[{"embeddable":true,"href":"https:\/\/kem-europe.eu\/de\/wp-json\/wp\/v2\/comments?post=8051"}],"wp:featuredmedia":[{"embeddable":true,"href":"https:\/\/kem-europe.eu\/de\/wp-json\/wp\/v2\/media\/7938"}],"wp:attachment":[{"href":"https:\/\/kem-europe.eu\/de\/wp-json\/wp\/v2\/media?parent=8051"}],"wp:term":[{"taxonomy":"product_brand","embeddable":true,"href":"https:\/\/kem-europe.eu\/de\/wp-json\/wp\/v2\/product_brand?post=8051"},{"taxonomy":"product_cat","embeddable":true,"href":"https:\/\/kem-europe.eu\/de\/wp-json\/wp\/v2\/product_cat?post=8051"},{"taxonomy":"product_tag","embeddable":true,"href":"https:\/\/kem-europe.eu\/de\/wp-json\/wp\/v2\/product_tag?post=8051"}],"curies":[{"name":"wp","href":"https:\/\/api.w.org\/{rel}","templated":true}]}}