{"id":8061,"date":"2025-10-28T08:19:10","date_gmt":"2025-10-28T08:19:10","guid":{"rendered":"https:\/\/kem-europe.eu\/?post_type=product&#038;p=8061"},"modified":"2025-10-28T09:43:05","modified_gmt":"2025-10-28T09:43:05","slug":"dck-kdmd20fk-akku-multitool-20v","status":"publish","type":"product","link":"https:\/\/kem-europe.eu\/de\/product\/dck-kdmd20fk-accu-multitool-20v\/","title":{"rendered":"DCK KDMD20(FK) Akku-Multitool 20V"},"content":{"rendered":"<h2>DCK KDMD20(FK) Akku-Multitool - 20V<\/h2>\n<p>Sind Sie ein Profi und suchen ein zuverl\u00e4ssiges und vielseitiges Multitool? Das DCK KDMD20(FK) Accu Multitool wird Sie nicht entt\u00e4uschen. Dank der leistungsstarken 20V MAX Li-Ionen-Akkuplattform ist dieses Set sofort einsatzbereit: Akku und Ladeger\u00e4t sind n\u00e4mlich im Lieferumfang enthalten. Ob Sie nun s\u00e4gen, schleifen oder in Holz, Metall oder Kunststoff schneiden m\u00fcssen - dieses Multitool ist f\u00fcr eine Vielzahl von Arbeiten und Materialien geeignet. Der b\u00fcrstenlose Motor sorgt f\u00fcr zus\u00e4tzliche Effizienz und eine l\u00e4ngere Lebensdauer, w\u00e4hrend das kompakte Design und der weiche Griff daf\u00fcr sorgen, dass Sie auch \u00fcber l\u00e4ngere Zeit bequem arbeiten k\u00f6nnen. Der Wechsel des Zubeh\u00f6rs erfolgt schnell und werkzeuglos dank der praktischen Schnellwechselfunktion.<\/p>\n<ul>\n<li><strong>Leistungsstarke 20-V-Plattform:<\/strong> Inklusive Batterie(n) und Ladeger\u00e4t, sofort einsatzbereit.<\/li>\n<li><strong>B\u00fcrstenloser Motor:<\/strong> F\u00fcr maximale Langlebigkeit, Effizienz und geringere W\u00e4rmeentwicklung.<\/li>\n<li><strong>Vielseitig:<\/strong> Geeignet zum S\u00e4gen, Schleifen, Schaben und Schneiden verschiedener Materialien.<\/li>\n<li><strong>Schneller und einfacher Wechsel:<\/strong> Das Zubeh\u00f6r kann mit dem Schnellwechselsystem werkzeuglos gewechselt werden.<\/li>\n<li><strong>Bequemes Design:<\/strong> Leicht, kompakt und mit ergonomischem Softgrip f\u00fcr langes, angenehmes Arbeiten ausgestattet.<\/li>\n<\/ul>\n<h3>Technische Daten<\/h3>\n<ul>\n<li>Spannung - 20 V (Li-Ionen-Akku enthalten)<\/li>\n<li>Motor - b\u00fcrstenlos<\/li>\n<li>Oszillationswinkel - 3,2\u00b0<\/li>\n<li>Geschwindigkeiten - 6 (6.000-20.000 U\/min)<\/li>\n<li>Gewicht - ca. 1,9 kg (einschlie\u00dflich Batterie)<\/li>\n<li>Geeignet f\u00fcr Batterien von 2,0Ah bis 12,0Ah<\/li>\n<\/ul>\n<h3>Umfang der Lieferung<\/h3>\n<ul>\n<li>DCK KDMD20 Akku-Multitool<\/li>\n<li>1 oder 2 x 20V Li-Ionen-Akkus (normalerweise 5.0Ah)<\/li>\n<li>Ladeger\u00e4t<\/li>\n<li>Verschiedenes Zubeh\u00f6r f\u00fcr das Schleifen und S\u00e4gen<\/li>\n<li>Aufbewahrungskoffer<\/li>\n<li>Handbuch<\/li>\n<\/ul>","protected":false},"excerpt":{"rendered":"<p>Leistungsstarkes, professionelles Multitool mit b\u00fcrstenlosem Motor (20 V, inklusive Akku und Ladeger\u00e4t). Sofort bereit f\u00fcr jede Aufgabe.<\/p>","protected":false},"featured_media":8060,"comment_status":"open","ping_status":"closed","template":"","meta":[],"product_brand":[630],"product_cat":[54,68],"product_tag":[],"class_list":{"0":"post-8061","1":"product","2":"type-product","3":"status-publish","4":"has-post-thumbnail","6":"product_brand-dck","7":"product_cat-accu-machines","8":"product_cat-accu-multitool","10":"first","11":"instock","12":"shipping-taxable","13":"product-type-simple"},"ct_brands":[{"id":630,"name":"DCK","slug":"dck"}],"yoast_head":"<!-- This site is optimized with the Yoast SEO plugin v27.3 - https:\/\/yoast.com\/product\/yoast-seo-wordpress\/ -->\n<title>DCK KDMD20(FK) Accu Multitool 20V inclusief accu en lader - Voor professionals<\/title>\n<meta name=\"description\" content=\"Professionele DCK KDMD20 Accu Multitool 20V met borstelloze motor, accu en lader. Krachtig en veelzijdig, direct inzetbaar.\" \/>\n<meta name=\"robots\" content=\"index, follow, max-snippet:-1, max-image-preview:large, max-video-preview:-1\" \/>\n<link rel=\"canonical\" href=\"https:\/\/kem-europe.eu\/de\/produkt\/dck-kdmd20fk-akku-multitool-20v\/\" \/>\n<meta property=\"og:locale\" content=\"de_DE\" \/>\n<meta property=\"og:type\" content=\"article\" \/>\n<meta property=\"og:title\" content=\"DCK KDMD20(FK) Accu Multitool 20V inclusief accu en lader - Voor professionals\" \/>\n<meta property=\"og:description\" content=\"Professionele DCK KDMD20 Accu Multitool 20V met borstelloze motor, accu en lader. Krachtig en veelzijdig, direct inzetbaar.\" \/>\n<meta property=\"og:url\" content=\"https:\/\/kem-europe.eu\/de\/produkt\/dck-kdmd20fk-akku-multitool-20v\/\" \/>\n<meta property=\"og:site_name\" content=\"KEM Europe\" \/>\n<meta property=\"article:modified_time\" content=\"2025-10-28T09:43:05+00:00\" \/>\n<meta property=\"og:image\" content=\"https:\/\/kem-europe.eu\/wp-content\/uploads\/2025\/10\/KDMD20FK-1.png\" \/>\n\t<meta property=\"og:image:width\" content=\"700\" \/>\n\t<meta property=\"og:image:height\" content=\"700\" \/>\n\t<meta property=\"og:image:type\" content=\"image\/png\" \/>\n<meta name=\"twitter:card\" content=\"summary_large_image\" \/>\n<meta name=\"twitter:label1\" content=\"Gesch\u00e4tzte Lesezeit\" \/>\n\t<meta name=\"twitter:data1\" content=\"2\u00a0Minuten\" \/>\n<script type=\"application\/ld+json\" class=\"yoast-schema-graph\">{\"@context\":\"https:\\\/\\\/schema.org\",\"@graph\":[{\"@type\":\"WebPage\",\"@id\":\"https:\\\/\\\/kem-europe.eu\\\/product\\\/dck-kdmd20fk-accu-multitool-20v\\\/\",\"url\":\"https:\\\/\\\/kem-europe.eu\\\/product\\\/dck-kdmd20fk-accu-multitool-20v\\\/\",\"name\":\"DCK KDMD20(FK) Accu Multitool 20V inclusief accu en lader - Voor professionals\",\"isPartOf\":{\"@id\":\"https:\\\/\\\/kem-europe.eu\\\/#website\"},\"primaryImageOfPage\":{\"@id\":\"https:\\\/\\\/kem-europe.eu\\\/product\\\/dck-kdmd20fk-accu-multitool-20v\\\/#primaryimage\"},\"image\":{\"@id\":\"https:\\\/\\\/kem-europe.eu\\\/product\\\/dck-kdmd20fk-accu-multitool-20v\\\/#primaryimage\"},\"thumbnailUrl\":\"https:\\\/\\\/kem-europe.eu\\\/wp-content\\\/uploads\\\/2025\\\/10\\\/KDMD20FK-1.png\",\"datePublished\":\"2025-10-28T08:19:10+00:00\",\"dateModified\":\"2025-10-28T09:43:05+00:00\",\"description\":\"Professionele DCK KDMD20 Accu Multitool 20V met borstelloze motor, accu en lader. Krachtig en veelzijdig, direct inzetbaar.\",\"breadcrumb\":{\"@id\":\"https:\\\/\\\/kem-europe.eu\\\/product\\\/dck-kdmd20fk-accu-multitool-20v\\\/#breadcrumb\"},\"inLanguage\":\"de\",\"potentialAction\":[{\"@type\":\"ReadAction\",\"target\":[\"https:\\\/\\\/kem-europe.eu\\\/product\\\/dck-kdmd20fk-accu-multitool-20v\\\/\"]}]},{\"@type\":\"ImageObject\",\"inLanguage\":\"de\",\"@id\":\"https:\\\/\\\/kem-europe.eu\\\/product\\\/dck-kdmd20fk-accu-multitool-20v\\\/#primaryimage\",\"url\":\"https:\\\/\\\/kem-europe.eu\\\/wp-content\\\/uploads\\\/2025\\\/10\\\/KDMD20FK-1.png\",\"contentUrl\":\"https:\\\/\\\/kem-europe.eu\\\/wp-content\\\/uploads\\\/2025\\\/10\\\/KDMD20FK-1.png\",\"width\":700,\"height\":700,\"caption\":\"DCK KDMD20(FK) Accu Multitool 20V\"},{\"@type\":\"BreadcrumbList\",\"@id\":\"https:\\\/\\\/kem-europe.eu\\\/product\\\/dck-kdmd20fk-accu-multitool-20v\\\/#breadcrumb\",\"itemListElement\":[{\"@type\":\"ListItem\",\"position\":1,\"name\":\"Home\",\"item\":\"https:\\\/\\\/kem-europe.eu\\\/\"},{\"@type\":\"ListItem\",\"position\":2,\"name\":\"Winkel\",\"item\":\"https:\\\/\\\/kem-europe.eu\\\/winkel\\\/\"},{\"@type\":\"ListItem\",\"position\":3,\"name\":\"DCK KDMD20(FK) Accu Multitool 20V\"}]},{\"@type\":\"WebSite\",\"@id\":\"https:\\\/\\\/kem-europe.eu\\\/#website\",\"url\":\"https:\\\/\\\/kem-europe.eu\\\/\",\"name\":\"KEM Europe\",\"description\":\"\",\"publisher\":{\"@id\":\"https:\\\/\\\/kem-europe.eu\\\/#organization\"},\"potentialAction\":[{\"@type\":\"SearchAction\",\"target\":{\"@type\":\"EntryPoint\",\"urlTemplate\":\"https:\\\/\\\/kem-europe.eu\\\/?s={search_term_string}\"},\"query-input\":{\"@type\":\"PropertyValueSpecification\",\"valueRequired\":true,\"valueName\":\"search_term_string\"}}],\"inLanguage\":\"de\"},{\"@type\":\"Organization\",\"@id\":\"https:\\\/\\\/kem-europe.eu\\\/#organization\",\"name\":\"KEM Europe\",\"url\":\"https:\\\/\\\/kem-europe.eu\\\/\",\"logo\":{\"@type\":\"ImageObject\",\"inLanguage\":\"de\",\"@id\":\"https:\\\/\\\/kem-europe.eu\\\/#\\\/schema\\\/logo\\\/image\\\/\",\"url\":\"https:\\\/\\\/kem-europe.eu\\\/wp-content\\\/uploads\\\/2025\\\/02\\\/KEM2019-BLACK-1500W.png\",\"contentUrl\":\"https:\\\/\\\/kem-europe.eu\\\/wp-content\\\/uploads\\\/2025\\\/02\\\/KEM2019-BLACK-1500W.png\",\"width\":1500,\"height\":626,\"caption\":\"KEM Europe\"},\"image\":{\"@id\":\"https:\\\/\\\/kem-europe.eu\\\/#\\\/schema\\\/logo\\\/image\\\/\"}}]}<\/script>\n<!-- \/ Yoast SEO plugin. -->","yoast_head_json":{"title":"DCK KDMD20(FK) Akku-Multitool 20V inklusive Akku und Ladeger\u00e4t - F\u00fcr Profis","description":"Professionelles DCK KDMD20 Accu-Multitool 20V mit b\u00fcrstenlosem Motor, Akku und Ladeger\u00e4t. Leistungsstark und vielseitig, sofort einsatzbereit.","robots":{"index":"index","follow":"follow","max-snippet":"max-snippet:-1","max-image-preview":"max-image-preview:large","max-video-preview":"max-video-preview:-1"},"canonical":"https:\/\/kem-europe.eu\/de\/produkt\/dck-kdmd20fk-akku-multitool-20v\/","og_locale":"de_DE","og_type":"article","og_title":"DCK KDMD20(FK) Accu Multitool 20V inclusief accu en lader - Voor professionals","og_description":"Professionele DCK KDMD20 Accu Multitool 20V met borstelloze motor, accu en lader. Krachtig en veelzijdig, direct inzetbaar.","og_url":"https:\/\/kem-europe.eu\/de\/produkt\/dck-kdmd20fk-akku-multitool-20v\/","og_site_name":"KEM Europe","article_modified_time":"2025-10-28T09:43:05+00:00","og_image":[{"width":700,"height":700,"url":"https:\/\/kem-europe.eu\/wp-content\/uploads\/2025\/10\/KDMD20FK-1.png","type":"image\/png"}],"twitter_card":"summary_large_image","twitter_misc":{"Gesch\u00e4tzte Lesezeit":"2\u00a0Minuten"},"schema":{"@context":"https:\/\/schema.org","@graph":[{"@type":"WebPage","@id":"https:\/\/kem-europe.eu\/product\/dck-kdmd20fk-accu-multitool-20v\/","url":"https:\/\/kem-europe.eu\/product\/dck-kdmd20fk-accu-multitool-20v\/","name":"DCK KDMD20(FK) Akku-Multitool 20V inklusive Akku und Ladeger\u00e4t - F\u00fcr Profis","isPartOf":{"@id":"https:\/\/kem-europe.eu\/#website"},"primaryImageOfPage":{"@id":"https:\/\/kem-europe.eu\/product\/dck-kdmd20fk-accu-multitool-20v\/#primaryimage"},"image":{"@id":"https:\/\/kem-europe.eu\/product\/dck-kdmd20fk-accu-multitool-20v\/#primaryimage"},"thumbnailUrl":"https:\/\/kem-europe.eu\/wp-content\/uploads\/2025\/10\/KDMD20FK-1.png","datePublished":"2025-10-28T08:19:10+00:00","dateModified":"2025-10-28T09:43:05+00:00","description":"Professionelles DCK KDMD20 Accu-Multitool 20V mit b\u00fcrstenlosem Motor, Akku und Ladeger\u00e4t. Leistungsstark und vielseitig, sofort einsatzbereit.","breadcrumb":{"@id":"https:\/\/kem-europe.eu\/product\/dck-kdmd20fk-accu-multitool-20v\/#breadcrumb"},"inLanguage":"de","potentialAction":[{"@type":"ReadAction","target":["https:\/\/kem-europe.eu\/product\/dck-kdmd20fk-accu-multitool-20v\/"]}]},{"@type":"ImageObject","inLanguage":"de","@id":"https:\/\/kem-europe.eu\/product\/dck-kdmd20fk-accu-multitool-20v\/#primaryimage","url":"https:\/\/kem-europe.eu\/wp-content\/uploads\/2025\/10\/KDMD20FK-1.png","contentUrl":"https:\/\/kem-europe.eu\/wp-content\/uploads\/2025\/10\/KDMD20FK-1.png","width":700,"height":700,"caption":"DCK KDMD20(FK) Accu Multitool 20V"},{"@type":"BreadcrumbList","@id":"https:\/\/kem-europe.eu\/product\/dck-kdmd20fk-accu-multitool-20v\/#breadcrumb","itemListElement":[{"@type":"ListItem","position":1,"name":"Home","item":"https:\/\/kem-europe.eu\/"},{"@type":"ListItem","position":2,"name":"Winkel","item":"https:\/\/kem-europe.eu\/winkel\/"},{"@type":"ListItem","position":3,"name":"DCK KDMD20(FK) Accu Multitool 20V"}]},{"@type":"WebSite","@id":"https:\/\/kem-europe.eu\/#website","url":"https:\/\/kem-europe.eu\/","name":"KEM Europe","description":"","publisher":{"@id":"https:\/\/kem-europe.eu\/#organization"},"potentialAction":[{"@type":"SearchAction","target":{"@type":"EntryPoint","urlTemplate":"https:\/\/kem-europe.eu\/?s={search_term_string}"},"query-input":{"@type":"PropertyValueSpecification","valueRequired":true,"valueName":"search_term_string"}}],"inLanguage":"de"},{"@type":"Organization","@id":"https:\/\/kem-europe.eu\/#organization","name":"KEM Europe","url":"https:\/\/kem-europe.eu\/","logo":{"@type":"ImageObject","inLanguage":"de","@id":"https:\/\/kem-europe.eu\/#\/schema\/logo\/image\/","url":"https:\/\/kem-europe.eu\/wp-content\/uploads\/2025\/02\/KEM2019-BLACK-1500W.png","contentUrl":"https:\/\/kem-europe.eu\/wp-content\/uploads\/2025\/02\/KEM2019-BLACK-1500W.png","width":1500,"height":626,"caption":"KEM Europe"},"image":{"@id":"https:\/\/kem-europe.eu\/#\/schema\/logo\/image\/"}}]}},"_links":{"self":[{"href":"https:\/\/kem-europe.eu\/de\/wp-json\/wp\/v2\/product\/8061","targetHints":{"allow":["GET"]}}],"collection":[{"href":"https:\/\/kem-europe.eu\/de\/wp-json\/wp\/v2\/product"}],"about":[{"href":"https:\/\/kem-europe.eu\/de\/wp-json\/wp\/v2\/types\/product"}],"replies":[{"embeddable":true,"href":"https:\/\/kem-europe.eu\/de\/wp-json\/wp\/v2\/comments?post=8061"}],"wp:featuredmedia":[{"embeddable":true,"href":"https:\/\/kem-europe.eu\/de\/wp-json\/wp\/v2\/media\/8060"}],"wp:attachment":[{"href":"https:\/\/kem-europe.eu\/de\/wp-json\/wp\/v2\/media?parent=8061"}],"wp:term":[{"taxonomy":"product_brand","embeddable":true,"href":"https:\/\/kem-europe.eu\/de\/wp-json\/wp\/v2\/product_brand?post=8061"},{"taxonomy":"product_cat","embeddable":true,"href":"https:\/\/kem-europe.eu\/de\/wp-json\/wp\/v2\/product_cat?post=8061"},{"taxonomy":"product_tag","embeddable":true,"href":"https:\/\/kem-europe.eu\/de\/wp-json\/wp\/v2\/product_tag?post=8061"}],"curies":[{"name":"wp","href":"https:\/\/api.w.org\/{rel}","templated":true}]}}