{"id":8063,"date":"2025-10-28T08:20:07","date_gmt":"2025-10-28T08:20:07","guid":{"rendered":"https:\/\/kem-europe.eu\/?post_type=product&#038;p=8063"},"modified":"2025-10-28T09:42:46","modified_gmt":"2025-10-28T09:42:46","slug":"dck-kdsp02-180z-schnurlose-poliermaschine","status":"publish","type":"product","link":"https:\/\/kem-europe.eu\/de\/product\/dck-kdsp02-180z-accu-polijstmachine\/","title":{"rendered":"DCK KDSP02-180(Z) Akkupolierer"},"content":{"rendered":"<h2>DCK KDSP02-180(Z) Akku-Polierer - 20V 5.0Ah BODY<\/h2>\n<p>Der DCK KDSP02-180(Z) Akku-Polierer wurde speziell f\u00fcr Profis entwickelt, die beim Polieren Leistung und Flexibilit\u00e4t suchen. Dank der 20-V-MAX-Akkuplattform arbeiten Sie kabellos (Hinweis: Akku und Ladeger\u00e4t sind nicht im Lieferumfang enthalten), sodass Sie \u00fcberall unbesorgt arbeiten k\u00f6nnen. Der b\u00fcrstenlose Motor sorgt f\u00fcr dauerhafte Spitzenleistung und geringen Wartungsaufwand, w\u00e4hrend der ergonomische obere Handgriff f\u00fcr Ruhe und Kontrolle bei langwierigen Arbeiten sorgt. Mit sechs variablen Geschwindigkeitsstufen und einer 180-mm-Polierscheibe ist diese Maschine eine ausgezeichnete Wahl f\u00fcr das Polieren gro\u00dfer Fl\u00e4chen, wie z. B. Autos, Boote und Motorr\u00e4der. Dank der Soft-Start-Funktion und des Universalanschlusses arbeiten Sie sicher und mit allen g\u00e4ngigen Zubeh\u00f6rteilen.<\/p>\n<ul>\n<li><strong>Vollst\u00e4ndig kabellos:<\/strong> Keine schleppenden Kabel dank der 20V MAX-Akkuplattform.<\/li>\n<li><strong>B\u00fcrstenlose Stromquelle:<\/strong> Besonders effizient, l\u00e4ngere Lebensdauer und kaum Wartung.<\/li>\n<li><strong>Ergonomisches Design:<\/strong> Bequemer Griff an der Oberseite und ausgewogene Konstruktion f\u00fcr optimale Kontrolle.<\/li>\n<li><strong>Einstellbare Geschwindigkeiten:<\/strong> Sechs Geschwindigkeitsstufen f\u00fcr alle Arten des Polierens.<\/li>\n<li><strong>Soft-Start-Funktion:<\/strong> Sichere und sanfte Starts, geringere Gefahr von Fehlern oder Spritzern.<\/li>\n<li><strong>Universeller Anschluss:<\/strong> Kann dank des M14\/5\/8\u201d-Anschlusses mit einer breiten Palette von Polierzubeh\u00f6r verwendet werden.<\/li>\n<\/ul>\n<h3>Technische Daten<\/h3>\n<ul>\n<li>Spannung - 20V MAX (Li-Ion)<\/li>\n<li>Motor - b\u00fcrstenlos<\/li>\n<li>Maximale Leistung - 600W<\/li>\n<li>Geschwindigkeit ohne Last - 500-3000 U\/min<\/li>\n<li>Geschwindigkeitseinstellung - 6 (einstellbar)<\/li>\n<li>Durchmesser der Scheibe - 180 mm (7\u201d)<\/li>\n<li>Spindelgr\u00f6\u00dfe - M14 \/ 5\/8\u201d-11 UNC<\/li>\n<li>Sanftanlauf - Ja<\/li>\n<li>Gewicht - ca. 2,1 kg (ohne Batterie)<\/li>\n<\/ul>\n<h3>Umfang der Lieferung<\/h3>\n<ul>\n<li>DCK KDSP02-180(Z) Akkupolierer, Geh\u00e4use (ohne Akku und Ladeger\u00e4t)<\/li>\n<li>Polierscheibe (180 mm)<\/li>\n<li>Woolpad<\/li>\n<li>Zus\u00e4tzlicher Seitengriff<\/li>\n<li>Innensechskantschl\u00fcssel<\/li>\n<li>Handbuch<\/li>\n<li>Verpackung\/Karton<\/li>\n<\/ul>","protected":false},"excerpt":{"rendered":"<p>Leistungsstarker und professioneller 20-V-Akkupolierer, ideal f\u00fcr intensive Arbeiten. Nur Geh\u00e4use: Akku und Ladeger\u00e4t separat erh\u00e4ltlich.<\/p>","protected":false},"featured_media":8062,"comment_status":"open","ping_status":"closed","template":"","meta":[],"product_brand":[630],"product_cat":[54,771],"product_tag":[],"class_list":{"0":"post-8063","1":"product","2":"type-product","3":"status-publish","4":"has-post-thumbnail","6":"product_brand-dck","7":"product_cat-accu-machines","8":"product_cat-accu-polijstmachine","10":"first","11":"instock","12":"shipping-taxable","13":"product-type-simple"},"ct_brands":[{"id":630,"name":"DCK","slug":"dck"}],"yoast_head":"<!-- This site is optimized with the Yoast SEO plugin v27.3 - https:\/\/yoast.com\/product\/yoast-seo-wordpress\/ -->\n<title>DCK KDSP02-180(Z) Accu Polijstmachine 20V Body \u2013 Professionele Draadloze Polijstmachine<\/title>\n<meta name=\"description\" content=\"Draadloze DCK KDSP02-180(Z) polijstmachine, 20V, borstelloos, 6 snelheden. Body-only, ideaal voor professioneel polijsten.\" \/>\n<meta name=\"robots\" content=\"index, follow, max-snippet:-1, max-image-preview:large, max-video-preview:-1\" \/>\n<link rel=\"canonical\" href=\"https:\/\/kem-europe.eu\/de\/produkt\/dck-kdsp02-180z-schnurlose-poliermaschine\/\" \/>\n<meta property=\"og:locale\" content=\"de_DE\" \/>\n<meta property=\"og:type\" content=\"article\" \/>\n<meta property=\"og:title\" content=\"DCK KDSP02-180(Z) Accu Polijstmachine 20V Body \u2013 Professionele Draadloze Polijstmachine\" \/>\n<meta property=\"og:description\" content=\"Draadloze DCK KDSP02-180(Z) polijstmachine, 20V, borstelloos, 6 snelheden. Body-only, ideaal voor professioneel polijsten.\" \/>\n<meta property=\"og:url\" content=\"https:\/\/kem-europe.eu\/de\/produkt\/dck-kdsp02-180z-schnurlose-poliermaschine\/\" \/>\n<meta property=\"og:site_name\" content=\"KEM Europe\" \/>\n<meta property=\"article:modified_time\" content=\"2025-10-28T09:42:46+00:00\" \/>\n<meta property=\"og:image\" content=\"https:\/\/kem-europe.eu\/wp-content\/uploads\/2025\/10\/KDSP02-180Z-1.png\" \/>\n\t<meta property=\"og:image:width\" content=\"700\" \/>\n\t<meta property=\"og:image:height\" content=\"700\" \/>\n\t<meta property=\"og:image:type\" content=\"image\/png\" \/>\n<meta name=\"twitter:card\" content=\"summary_large_image\" \/>\n<meta name=\"twitter:label1\" content=\"Gesch\u00e4tzte Lesezeit\" \/>\n\t<meta name=\"twitter:data1\" content=\"2\u00a0Minuten\" \/>\n<script type=\"application\/ld+json\" class=\"yoast-schema-graph\">{\"@context\":\"https:\\\/\\\/schema.org\",\"@graph\":[{\"@type\":\"WebPage\",\"@id\":\"https:\\\/\\\/kem-europe.eu\\\/product\\\/dck-kdsp02-180z-accu-polijstmachine\\\/\",\"url\":\"https:\\\/\\\/kem-europe.eu\\\/product\\\/dck-kdsp02-180z-accu-polijstmachine\\\/\",\"name\":\"DCK KDSP02-180(Z) Accu Polijstmachine 20V Body \u2013 Professionele Draadloze Polijstmachine\",\"isPartOf\":{\"@id\":\"https:\\\/\\\/kem-europe.eu\\\/#website\"},\"primaryImageOfPage\":{\"@id\":\"https:\\\/\\\/kem-europe.eu\\\/product\\\/dck-kdsp02-180z-accu-polijstmachine\\\/#primaryimage\"},\"image\":{\"@id\":\"https:\\\/\\\/kem-europe.eu\\\/product\\\/dck-kdsp02-180z-accu-polijstmachine\\\/#primaryimage\"},\"thumbnailUrl\":\"https:\\\/\\\/kem-europe.eu\\\/wp-content\\\/uploads\\\/2025\\\/10\\\/KDSP02-180Z-1.png\",\"datePublished\":\"2025-10-28T08:20:07+00:00\",\"dateModified\":\"2025-10-28T09:42:46+00:00\",\"description\":\"Draadloze DCK KDSP02-180(Z) polijstmachine, 20V, borstelloos, 6 snelheden. Body-only, ideaal voor professioneel polijsten.\",\"breadcrumb\":{\"@id\":\"https:\\\/\\\/kem-europe.eu\\\/product\\\/dck-kdsp02-180z-accu-polijstmachine\\\/#breadcrumb\"},\"inLanguage\":\"de\",\"potentialAction\":[{\"@type\":\"ReadAction\",\"target\":[\"https:\\\/\\\/kem-europe.eu\\\/product\\\/dck-kdsp02-180z-accu-polijstmachine\\\/\"]}]},{\"@type\":\"ImageObject\",\"inLanguage\":\"de\",\"@id\":\"https:\\\/\\\/kem-europe.eu\\\/product\\\/dck-kdsp02-180z-accu-polijstmachine\\\/#primaryimage\",\"url\":\"https:\\\/\\\/kem-europe.eu\\\/wp-content\\\/uploads\\\/2025\\\/10\\\/KDSP02-180Z-1.png\",\"contentUrl\":\"https:\\\/\\\/kem-europe.eu\\\/wp-content\\\/uploads\\\/2025\\\/10\\\/KDSP02-180Z-1.png\",\"width\":700,\"height\":700,\"caption\":\"DCK KDSP02-180(Z) Accu Polijstmachine\"},{\"@type\":\"BreadcrumbList\",\"@id\":\"https:\\\/\\\/kem-europe.eu\\\/product\\\/dck-kdsp02-180z-accu-polijstmachine\\\/#breadcrumb\",\"itemListElement\":[{\"@type\":\"ListItem\",\"position\":1,\"name\":\"Home\",\"item\":\"https:\\\/\\\/kem-europe.eu\\\/\"},{\"@type\":\"ListItem\",\"position\":2,\"name\":\"Winkel\",\"item\":\"https:\\\/\\\/kem-europe.eu\\\/winkel\\\/\"},{\"@type\":\"ListItem\",\"position\":3,\"name\":\"DCK KDSP02-180(Z) Accu Polijstmachine\"}]},{\"@type\":\"WebSite\",\"@id\":\"https:\\\/\\\/kem-europe.eu\\\/#website\",\"url\":\"https:\\\/\\\/kem-europe.eu\\\/\",\"name\":\"KEM Europe\",\"description\":\"\",\"publisher\":{\"@id\":\"https:\\\/\\\/kem-europe.eu\\\/#organization\"},\"potentialAction\":[{\"@type\":\"SearchAction\",\"target\":{\"@type\":\"EntryPoint\",\"urlTemplate\":\"https:\\\/\\\/kem-europe.eu\\\/?s={search_term_string}\"},\"query-input\":{\"@type\":\"PropertyValueSpecification\",\"valueRequired\":true,\"valueName\":\"search_term_string\"}}],\"inLanguage\":\"de\"},{\"@type\":\"Organization\",\"@id\":\"https:\\\/\\\/kem-europe.eu\\\/#organization\",\"name\":\"KEM Europe\",\"url\":\"https:\\\/\\\/kem-europe.eu\\\/\",\"logo\":{\"@type\":\"ImageObject\",\"inLanguage\":\"de\",\"@id\":\"https:\\\/\\\/kem-europe.eu\\\/#\\\/schema\\\/logo\\\/image\\\/\",\"url\":\"https:\\\/\\\/kem-europe.eu\\\/wp-content\\\/uploads\\\/2025\\\/02\\\/KEM2019-BLACK-1500W.png\",\"contentUrl\":\"https:\\\/\\\/kem-europe.eu\\\/wp-content\\\/uploads\\\/2025\\\/02\\\/KEM2019-BLACK-1500W.png\",\"width\":1500,\"height\":626,\"caption\":\"KEM Europe\"},\"image\":{\"@id\":\"https:\\\/\\\/kem-europe.eu\\\/#\\\/schema\\\/logo\\\/image\\\/\"}}]}<\/script>\n<!-- \/ Yoast SEO plugin. -->","yoast_head_json":{"title":"DCK KDSP02-180(Z) Akku-Polierer 20V Body - Professioneller Akku-Polierer","description":"Kabellose Poliermaschine DCK KDSP02-180(Z), 20 V, b\u00fcrstenlos, 6 Geschwindigkeiten. Nur f\u00fcr den K\u00f6rper, ideal f\u00fcr professionelles Polieren.","robots":{"index":"index","follow":"follow","max-snippet":"max-snippet:-1","max-image-preview":"max-image-preview:large","max-video-preview":"max-video-preview:-1"},"canonical":"https:\/\/kem-europe.eu\/de\/produkt\/dck-kdsp02-180z-schnurlose-poliermaschine\/","og_locale":"de_DE","og_type":"article","og_title":"DCK KDSP02-180(Z) Accu Polijstmachine 20V Body \u2013 Professionele Draadloze Polijstmachine","og_description":"Draadloze DCK KDSP02-180(Z) polijstmachine, 20V, borstelloos, 6 snelheden. Body-only, ideaal voor professioneel polijsten.","og_url":"https:\/\/kem-europe.eu\/de\/produkt\/dck-kdsp02-180z-schnurlose-poliermaschine\/","og_site_name":"KEM Europe","article_modified_time":"2025-10-28T09:42:46+00:00","og_image":[{"width":700,"height":700,"url":"https:\/\/kem-europe.eu\/wp-content\/uploads\/2025\/10\/KDSP02-180Z-1.png","type":"image\/png"}],"twitter_card":"summary_large_image","twitter_misc":{"Gesch\u00e4tzte Lesezeit":"2\u00a0Minuten"},"schema":{"@context":"https:\/\/schema.org","@graph":[{"@type":"WebPage","@id":"https:\/\/kem-europe.eu\/product\/dck-kdsp02-180z-accu-polijstmachine\/","url":"https:\/\/kem-europe.eu\/product\/dck-kdsp02-180z-accu-polijstmachine\/","name":"DCK KDSP02-180(Z) Akku-Polierer 20V Body - Professioneller Akku-Polierer","isPartOf":{"@id":"https:\/\/kem-europe.eu\/#website"},"primaryImageOfPage":{"@id":"https:\/\/kem-europe.eu\/product\/dck-kdsp02-180z-accu-polijstmachine\/#primaryimage"},"image":{"@id":"https:\/\/kem-europe.eu\/product\/dck-kdsp02-180z-accu-polijstmachine\/#primaryimage"},"thumbnailUrl":"https:\/\/kem-europe.eu\/wp-content\/uploads\/2025\/10\/KDSP02-180Z-1.png","datePublished":"2025-10-28T08:20:07+00:00","dateModified":"2025-10-28T09:42:46+00:00","description":"Kabellose Poliermaschine DCK KDSP02-180(Z), 20 V, b\u00fcrstenlos, 6 Geschwindigkeiten. Nur f\u00fcr den K\u00f6rper, ideal f\u00fcr professionelles Polieren.","breadcrumb":{"@id":"https:\/\/kem-europe.eu\/product\/dck-kdsp02-180z-accu-polijstmachine\/#breadcrumb"},"inLanguage":"de","potentialAction":[{"@type":"ReadAction","target":["https:\/\/kem-europe.eu\/product\/dck-kdsp02-180z-accu-polijstmachine\/"]}]},{"@type":"ImageObject","inLanguage":"de","@id":"https:\/\/kem-europe.eu\/product\/dck-kdsp02-180z-accu-polijstmachine\/#primaryimage","url":"https:\/\/kem-europe.eu\/wp-content\/uploads\/2025\/10\/KDSP02-180Z-1.png","contentUrl":"https:\/\/kem-europe.eu\/wp-content\/uploads\/2025\/10\/KDSP02-180Z-1.png","width":700,"height":700,"caption":"DCK KDSP02-180(Z) Accu Polijstmachine"},{"@type":"BreadcrumbList","@id":"https:\/\/kem-europe.eu\/product\/dck-kdsp02-180z-accu-polijstmachine\/#breadcrumb","itemListElement":[{"@type":"ListItem","position":1,"name":"Home","item":"https:\/\/kem-europe.eu\/"},{"@type":"ListItem","position":2,"name":"Winkel","item":"https:\/\/kem-europe.eu\/winkel\/"},{"@type":"ListItem","position":3,"name":"DCK KDSP02-180(Z) Accu Polijstmachine"}]},{"@type":"WebSite","@id":"https:\/\/kem-europe.eu\/#website","url":"https:\/\/kem-europe.eu\/","name":"KEM Europe","description":"","publisher":{"@id":"https:\/\/kem-europe.eu\/#organization"},"potentialAction":[{"@type":"SearchAction","target":{"@type":"EntryPoint","urlTemplate":"https:\/\/kem-europe.eu\/?s={search_term_string}"},"query-input":{"@type":"PropertyValueSpecification","valueRequired":true,"valueName":"search_term_string"}}],"inLanguage":"de"},{"@type":"Organization","@id":"https:\/\/kem-europe.eu\/#organization","name":"KEM Europe","url":"https:\/\/kem-europe.eu\/","logo":{"@type":"ImageObject","inLanguage":"de","@id":"https:\/\/kem-europe.eu\/#\/schema\/logo\/image\/","url":"https:\/\/kem-europe.eu\/wp-content\/uploads\/2025\/02\/KEM2019-BLACK-1500W.png","contentUrl":"https:\/\/kem-europe.eu\/wp-content\/uploads\/2025\/02\/KEM2019-BLACK-1500W.png","width":1500,"height":626,"caption":"KEM Europe"},"image":{"@id":"https:\/\/kem-europe.eu\/#\/schema\/logo\/image\/"}}]}},"_links":{"self":[{"href":"https:\/\/kem-europe.eu\/de\/wp-json\/wp\/v2\/product\/8063","targetHints":{"allow":["GET"]}}],"collection":[{"href":"https:\/\/kem-europe.eu\/de\/wp-json\/wp\/v2\/product"}],"about":[{"href":"https:\/\/kem-europe.eu\/de\/wp-json\/wp\/v2\/types\/product"}],"replies":[{"embeddable":true,"href":"https:\/\/kem-europe.eu\/de\/wp-json\/wp\/v2\/comments?post=8063"}],"wp:featuredmedia":[{"embeddable":true,"href":"https:\/\/kem-europe.eu\/de\/wp-json\/wp\/v2\/media\/8062"}],"wp:attachment":[{"href":"https:\/\/kem-europe.eu\/de\/wp-json\/wp\/v2\/media?parent=8063"}],"wp:term":[{"taxonomy":"product_brand","embeddable":true,"href":"https:\/\/kem-europe.eu\/de\/wp-json\/wp\/v2\/product_brand?post=8063"},{"taxonomy":"product_cat","embeddable":true,"href":"https:\/\/kem-europe.eu\/de\/wp-json\/wp\/v2\/product_cat?post=8063"},{"taxonomy":"product_tag","embeddable":true,"href":"https:\/\/kem-europe.eu\/de\/wp-json\/wp\/v2\/product_tag?post=8063"}],"curies":[{"name":"wp","href":"https:\/\/api.w.org\/{rel}","templated":true}]}}