{"id":8198,"date":"2026-01-26T09:18:17","date_gmt":"2026-01-26T09:18:17","guid":{"rendered":"https:\/\/kem-europe.eu\/?post_type=product&#038;p=8198"},"modified":"2026-01-26T09:23:24","modified_gmt":"2026-01-26T09:23:24","slug":"bycon-avc-3000p-zyklonstaubsauger-230-v-3-motor-hepa-h13","status":"publish","type":"product","link":"https:\/\/kem-europe.eu\/de\/product\/bycon-avc-3000p-cycloonstofzuiger-230-v-3-motorig-hepa-h13\/","title":{"rendered":"BYCON AVC-3000P Zyklon-Staubsauger - 230 V - 3-Motor - HEPA H13"},"content":{"rendered":"<h2><span style=\"font-size: 18px;\"><strong>BYCON AVC-3000P Zyklon-Staubsauger - 230 V - 3-Motor - HEPA H13<\/strong><\/span><\/h2>\n<p><span style=\"font-size: 15px;\">Die <strong>BYCON AVC-3000P<\/strong> ist ein industrieller Zyklonstaubsauger f\u00fcr gro\u00dffl\u00e4chige Beton- und Terrazzoschleifanwendungen. Mit drei leistungsstarken Motoren liefert dieser Sauger konstante <strong>Luftstrom von 600 m\u00b3\/h<\/strong> und eine <strong>Unterdruck von 240 mbar<\/strong>, auch bei l\u00e4ngerem Gebrauch. Die integrierte <strong>Automatisch pulsierendes Filtersystem<\/strong> sorgt f\u00fcr eine kontinuierliche Selbstreinigung des Vorfilters H11 und der drei HEPA-Filter H13 ohne Produktionsunterbrechung. <\/span><span style=\"font-size: 15px;\">Die AVC-3000P ist f\u00fcr den Einsatz mit Bodenschleifern bis zu einer Gr\u00f6\u00dfe von ca. <strong>750 mm Arbeitsbreite<\/strong>. Das System ist f\u00fcr die Absaugung gro\u00dfer Mengen von (Quarz-)Feinstaub geeignet und unterst\u00fctzt einen stabilen und sicheren Arbeitsprozess auf Baustellen und in industriellen Umgebungen. <\/span><span style=\"font-size: 15px;\">Das patentierte Auto-Pulsing-System reinigt die Filter automatisch alle 15 Sekunden, ohne externe Druckluft oder manuelle Eingriffe. Dies h\u00e4lt die Saugleistung konstant und reduziert den Verschlei\u00df von Filtern und Motoren.<br \/>\n<\/span><\/p>\n<hr \/>\n<h3><span style=\"font-size: 18px;\"><strong>Wesentliche Merkmale<\/strong><\/span><\/h3>\n<ul>\n<li><span style=\"font-size: 15px;\"><strong>Automatisch pulsierendes System<\/strong> - kontinuierliche Selbstreinigung der Filter ohne Unterbrechung<\/span><\/li>\n<li><span style=\"font-size: 15px;\"><strong>3 leistungsstarke Ametek-Motoren<\/strong> - Gesamtleistung 3,6 kW<\/span><\/li>\n<li><span style=\"font-size: 15px;\"><strong>HEPA H13-Filterung<\/strong> - filtert 99,99% der Feinstaubpartikel<\/span><\/li>\n<li><span style=\"font-size: 15px;\"><strong>Dropdown-Sammelsystem<\/strong> - staubfreie und sichere Entleerung<\/span><\/li>\n<li><span style=\"font-size: 15px;\"><strong>Individuell schaltbare Motoren<\/strong> - angepasster Energieverbrauch<\/span><\/li>\n<\/ul>\n<hr \/>\n<h3><strong>Technische Daten<\/strong><\/h3>\n<ul>\n<li><span style=\"font-size: 15px;\"><strong>Anspannung:<\/strong> 230 V \/ 50-60 Hz<\/span><\/li>\n<li><span style=\"font-size: 15px;\"><strong>Macht:<\/strong> 3,6 kW (3 \u00d7 1,2 kW)<\/span><\/li>\n<li><span style=\"font-size: 15px;\"><strong>Luftstrom:<\/strong> 600 m\u00b3\/h<\/span><\/li>\n<li><span style=\"font-size: 15px;\"><strong>Unterdruck:<\/strong> 240 mbar<\/span><\/li>\n<li><span style=\"font-size: 15px;\"><strong>Filterfl\u00e4che H11:<\/strong> 4,0 m\u00b2<\/span><\/li>\n<li><span style=\"font-size: 15px;\"><strong>Filterfl\u00e4che HEPA H13:<\/strong> 3,6 m\u00b2<\/span><\/li>\n<li><span style=\"font-size: 15px;\"><strong>Abmessungen (L \u00d7 B \u00d7 H):<\/strong> 630 \u00d7 870 \u00d7 1400 mm<\/span><\/li>\n<li><span style=\"font-size: 15px;\"><strong>Gewicht:<\/strong> 70 kg<\/span><\/li>\n<\/ul>\n<h3><strong>Umfang der Lieferung<\/strong><\/h3>\n<ul>\n<li><span style=\"font-size: 15px;\">BYCON AVC-3000P Zyklon-Staubsauger<\/span><\/li>\n<li><span style=\"font-size: 15px;\">D50 EVA-Saugschlauch (5 m) mit Adaptern<\/span><\/li>\n<li><span style=\"font-size: 15px;\">S-Rohr und B\u00fcrstend\u00fcse<\/span><\/li>\n<li><span style=\"font-size: 15px;\">Integriertes Dropdown-Sammelsystem<\/span><\/li>\n<li><span style=\"font-size: 15px;\">Benutzerhandbuch<\/span><\/li>\n<\/ul>","protected":false},"excerpt":{"rendered":"<p><span style=\"font-size: 15px;\"> Industrieller 3-Motoren-Zyklon-Sauger mit Auto-Pulsing-Filtersystem und HEPA H13-Filterung. Konzipiert f\u00fcr die kontinuierliche Absaugung bei gro\u00dffl\u00e4chigen Beton- und Bodenschleifanwendungen. <\/span><\/p>","protected":false},"featured_media":8197,"comment_status":"open","ping_status":"closed","template":"","meta":[],"product_brand":[627],"product_cat":[135,17],"product_tag":[],"class_list":{"0":"post-8198","1":"product","2":"type-product","3":"status-publish","4":"has-post-thumbnail","6":"product_brand-bycon","7":"product_cat-cycloon-stofafzuiger","8":"product_cat-machines","10":"first","11":"instock","12":"shipping-taxable","13":"product-type-simple"},"ct_brands":[{"id":627,"name":"BYCON","slug":"bycon"}],"yoast_head":"<!-- This site is optimized with the Yoast SEO plugin v27.3 - https:\/\/yoast.com\/product\/yoast-seo-wordpress\/ -->\n<title>BYCON AVC-3000P Cycloonstofzuiger | 3-motorig HEPA H13<\/title>\n<meta name=\"description\" content=\"Industri\u00eble cycloonstofzuiger met 3 motoren, 600 m\u00b3\/h luchtstroom en HEPA H13-filtratie. Voor zware beton- en vloerschuurtoepassingen.\" \/>\n<meta name=\"robots\" content=\"index, follow, max-snippet:-1, max-image-preview:large, max-video-preview:-1\" \/>\n<link rel=\"canonical\" href=\"https:\/\/kem-europe.eu\/de\/produkt\/bycon-avc-3000p-zyklonstaubsauger-230-v-3-motor-hepa-h13\/\" \/>\n<meta property=\"og:locale\" content=\"de_DE\" \/>\n<meta property=\"og:type\" content=\"article\" \/>\n<meta property=\"og:title\" content=\"BYCON AVC-3000P Cycloonstofzuiger | 3-motorig HEPA H13\" \/>\n<meta property=\"og:description\" content=\"Industri\u00eble cycloonstofzuiger met 3 motoren, 600 m\u00b3\/h luchtstroom en HEPA H13-filtratie. Voor zware beton- en vloerschuurtoepassingen.\" \/>\n<meta property=\"og:url\" content=\"https:\/\/kem-europe.eu\/de\/produkt\/bycon-avc-3000p-zyklonstaubsauger-230-v-3-motor-hepa-h13\/\" \/>\n<meta property=\"og:site_name\" content=\"KEM Europe\" \/>\n<meta property=\"article:modified_time\" content=\"2026-01-26T09:23:24+00:00\" \/>\n<meta property=\"og:image\" content=\"https:\/\/kem-europe.eu\/wp-content\/uploads\/2026\/01\/AVC-3000P-2-1.webp\" \/>\n\t<meta property=\"og:image:width\" content=\"700\" \/>\n\t<meta property=\"og:image:height\" content=\"700\" \/>\n\t<meta property=\"og:image:type\" content=\"image\/webp\" \/>\n<meta name=\"twitter:card\" content=\"summary_large_image\" \/>\n<meta name=\"twitter:label1\" content=\"Gesch\u00e4tzte Lesezeit\" \/>\n\t<meta name=\"twitter:data1\" content=\"2\u00a0Minuten\" \/>\n<script type=\"application\/ld+json\" class=\"yoast-schema-graph\">{\"@context\":\"https:\\\/\\\/schema.org\",\"@graph\":[{\"@type\":\"WebPage\",\"@id\":\"https:\\\/\\\/kem-europe.eu\\\/product\\\/bycon-avc-3000p-cycloonstofzuiger-230-v-3-motorig-hepa-h13\\\/\",\"url\":\"https:\\\/\\\/kem-europe.eu\\\/product\\\/bycon-avc-3000p-cycloonstofzuiger-230-v-3-motorig-hepa-h13\\\/\",\"name\":\"BYCON AVC-3000P Cycloonstofzuiger | 3-motorig HEPA H13\",\"isPartOf\":{\"@id\":\"https:\\\/\\\/kem-europe.eu\\\/#website\"},\"primaryImageOfPage\":{\"@id\":\"https:\\\/\\\/kem-europe.eu\\\/product\\\/bycon-avc-3000p-cycloonstofzuiger-230-v-3-motorig-hepa-h13\\\/#primaryimage\"},\"image\":{\"@id\":\"https:\\\/\\\/kem-europe.eu\\\/product\\\/bycon-avc-3000p-cycloonstofzuiger-230-v-3-motorig-hepa-h13\\\/#primaryimage\"},\"thumbnailUrl\":\"https:\\\/\\\/kem-europe.eu\\\/wp-content\\\/uploads\\\/2026\\\/01\\\/AVC-3000P-2-1.webp\",\"datePublished\":\"2026-01-26T09:18:17+00:00\",\"dateModified\":\"2026-01-26T09:23:24+00:00\",\"description\":\"Industri\u00eble cycloonstofzuiger met 3 motoren, 600 m\u00b3\\\/h luchtstroom en HEPA H13-filtratie. Voor zware beton- en vloerschuurtoepassingen.\",\"breadcrumb\":{\"@id\":\"https:\\\/\\\/kem-europe.eu\\\/product\\\/bycon-avc-3000p-cycloonstofzuiger-230-v-3-motorig-hepa-h13\\\/#breadcrumb\"},\"inLanguage\":\"de\",\"potentialAction\":[{\"@type\":\"ReadAction\",\"target\":[\"https:\\\/\\\/kem-europe.eu\\\/product\\\/bycon-avc-3000p-cycloonstofzuiger-230-v-3-motorig-hepa-h13\\\/\"]}]},{\"@type\":\"ImageObject\",\"inLanguage\":\"de\",\"@id\":\"https:\\\/\\\/kem-europe.eu\\\/product\\\/bycon-avc-3000p-cycloonstofzuiger-230-v-3-motorig-hepa-h13\\\/#primaryimage\",\"url\":\"https:\\\/\\\/kem-europe.eu\\\/wp-content\\\/uploads\\\/2026\\\/01\\\/AVC-3000P-2-1.webp\",\"contentUrl\":\"https:\\\/\\\/kem-europe.eu\\\/wp-content\\\/uploads\\\/2026\\\/01\\\/AVC-3000P-2-1.webp\",\"width\":700,\"height\":700,\"caption\":\"BYCON AVC-3000P Cycloonstofzuiger \u2013 230 V \u2013 3-motorig \u2013 HEPA H13\"},{\"@type\":\"BreadcrumbList\",\"@id\":\"https:\\\/\\\/kem-europe.eu\\\/product\\\/bycon-avc-3000p-cycloonstofzuiger-230-v-3-motorig-hepa-h13\\\/#breadcrumb\",\"itemListElement\":[{\"@type\":\"ListItem\",\"position\":1,\"name\":\"Home\",\"item\":\"https:\\\/\\\/kem-europe.eu\\\/\"},{\"@type\":\"ListItem\",\"position\":2,\"name\":\"Winkel\",\"item\":\"https:\\\/\\\/kem-europe.eu\\\/winkel\\\/\"},{\"@type\":\"ListItem\",\"position\":3,\"name\":\"BYCON AVC-3000P Cycloonstofzuiger \u2013 230 V \u2013 3-motorig \u2013 HEPA H13\"}]},{\"@type\":\"WebSite\",\"@id\":\"https:\\\/\\\/kem-europe.eu\\\/#website\",\"url\":\"https:\\\/\\\/kem-europe.eu\\\/\",\"name\":\"KEM Europe\",\"description\":\"\",\"publisher\":{\"@id\":\"https:\\\/\\\/kem-europe.eu\\\/#organization\"},\"potentialAction\":[{\"@type\":\"SearchAction\",\"target\":{\"@type\":\"EntryPoint\",\"urlTemplate\":\"https:\\\/\\\/kem-europe.eu\\\/?s={search_term_string}\"},\"query-input\":{\"@type\":\"PropertyValueSpecification\",\"valueRequired\":true,\"valueName\":\"search_term_string\"}}],\"inLanguage\":\"de\"},{\"@type\":\"Organization\",\"@id\":\"https:\\\/\\\/kem-europe.eu\\\/#organization\",\"name\":\"KEM Europe\",\"url\":\"https:\\\/\\\/kem-europe.eu\\\/\",\"logo\":{\"@type\":\"ImageObject\",\"inLanguage\":\"de\",\"@id\":\"https:\\\/\\\/kem-europe.eu\\\/#\\\/schema\\\/logo\\\/image\\\/\",\"url\":\"https:\\\/\\\/kem-europe.eu\\\/wp-content\\\/uploads\\\/2025\\\/02\\\/KEM2019-BLACK-1500W.png\",\"contentUrl\":\"https:\\\/\\\/kem-europe.eu\\\/wp-content\\\/uploads\\\/2025\\\/02\\\/KEM2019-BLACK-1500W.png\",\"width\":1500,\"height\":626,\"caption\":\"KEM Europe\"},\"image\":{\"@id\":\"https:\\\/\\\/kem-europe.eu\\\/#\\\/schema\\\/logo\\\/image\\\/\"}}]}<\/script>\n<!-- \/ Yoast SEO plugin. -->","yoast_head_json":{"title":"BYCON AVC-3000P Zyklon-Staubsauger | 3-Motoren HEPA H13","description":"Industrieller Zyklon-Sauger mit 3 Motoren, 600 m\u00b3\/h Luftstrom und HEPA H13-Filterung. F\u00fcr schwere Beton- und Bodenschleifanwendungen.","robots":{"index":"index","follow":"follow","max-snippet":"max-snippet:-1","max-image-preview":"max-image-preview:large","max-video-preview":"max-video-preview:-1"},"canonical":"https:\/\/kem-europe.eu\/de\/produkt\/bycon-avc-3000p-zyklonstaubsauger-230-v-3-motor-hepa-h13\/","og_locale":"de_DE","og_type":"article","og_title":"BYCON AVC-3000P Cycloonstofzuiger | 3-motorig HEPA H13","og_description":"Industri\u00eble cycloonstofzuiger met 3 motoren, 600 m\u00b3\/h luchtstroom en HEPA H13-filtratie. Voor zware beton- en vloerschuurtoepassingen.","og_url":"https:\/\/kem-europe.eu\/de\/produkt\/bycon-avc-3000p-zyklonstaubsauger-230-v-3-motor-hepa-h13\/","og_site_name":"KEM Europe","article_modified_time":"2026-01-26T09:23:24+00:00","og_image":[{"width":700,"height":700,"url":"https:\/\/kem-europe.eu\/wp-content\/uploads\/2026\/01\/AVC-3000P-2-1.webp","type":"image\/webp"}],"twitter_card":"summary_large_image","twitter_misc":{"Gesch\u00e4tzte Lesezeit":"2\u00a0Minuten"},"schema":{"@context":"https:\/\/schema.org","@graph":[{"@type":"WebPage","@id":"https:\/\/kem-europe.eu\/product\/bycon-avc-3000p-cycloonstofzuiger-230-v-3-motorig-hepa-h13\/","url":"https:\/\/kem-europe.eu\/product\/bycon-avc-3000p-cycloonstofzuiger-230-v-3-motorig-hepa-h13\/","name":"BYCON AVC-3000P Zyklon-Staubsauger | 3-Motoren HEPA H13","isPartOf":{"@id":"https:\/\/kem-europe.eu\/#website"},"primaryImageOfPage":{"@id":"https:\/\/kem-europe.eu\/product\/bycon-avc-3000p-cycloonstofzuiger-230-v-3-motorig-hepa-h13\/#primaryimage"},"image":{"@id":"https:\/\/kem-europe.eu\/product\/bycon-avc-3000p-cycloonstofzuiger-230-v-3-motorig-hepa-h13\/#primaryimage"},"thumbnailUrl":"https:\/\/kem-europe.eu\/wp-content\/uploads\/2026\/01\/AVC-3000P-2-1.webp","datePublished":"2026-01-26T09:18:17+00:00","dateModified":"2026-01-26T09:23:24+00:00","description":"Industrieller Zyklon-Sauger mit 3 Motoren, 600 m\u00b3\/h Luftstrom und HEPA H13-Filterung. F\u00fcr schwere Beton- und Bodenschleifanwendungen.","breadcrumb":{"@id":"https:\/\/kem-europe.eu\/product\/bycon-avc-3000p-cycloonstofzuiger-230-v-3-motorig-hepa-h13\/#breadcrumb"},"inLanguage":"de","potentialAction":[{"@type":"ReadAction","target":["https:\/\/kem-europe.eu\/product\/bycon-avc-3000p-cycloonstofzuiger-230-v-3-motorig-hepa-h13\/"]}]},{"@type":"ImageObject","inLanguage":"de","@id":"https:\/\/kem-europe.eu\/product\/bycon-avc-3000p-cycloonstofzuiger-230-v-3-motorig-hepa-h13\/#primaryimage","url":"https:\/\/kem-europe.eu\/wp-content\/uploads\/2026\/01\/AVC-3000P-2-1.webp","contentUrl":"https:\/\/kem-europe.eu\/wp-content\/uploads\/2026\/01\/AVC-3000P-2-1.webp","width":700,"height":700,"caption":"BYCON AVC-3000P Cycloonstofzuiger \u2013 230 V \u2013 3-motorig \u2013 HEPA H13"},{"@type":"BreadcrumbList","@id":"https:\/\/kem-europe.eu\/product\/bycon-avc-3000p-cycloonstofzuiger-230-v-3-motorig-hepa-h13\/#breadcrumb","itemListElement":[{"@type":"ListItem","position":1,"name":"Home","item":"https:\/\/kem-europe.eu\/"},{"@type":"ListItem","position":2,"name":"Winkel","item":"https:\/\/kem-europe.eu\/winkel\/"},{"@type":"ListItem","position":3,"name":"BYCON AVC-3000P Cycloonstofzuiger \u2013 230 V \u2013 3-motorig \u2013 HEPA H13"}]},{"@type":"WebSite","@id":"https:\/\/kem-europe.eu\/#website","url":"https:\/\/kem-europe.eu\/","name":"KEM Europe","description":"","publisher":{"@id":"https:\/\/kem-europe.eu\/#organization"},"potentialAction":[{"@type":"SearchAction","target":{"@type":"EntryPoint","urlTemplate":"https:\/\/kem-europe.eu\/?s={search_term_string}"},"query-input":{"@type":"PropertyValueSpecification","valueRequired":true,"valueName":"search_term_string"}}],"inLanguage":"de"},{"@type":"Organization","@id":"https:\/\/kem-europe.eu\/#organization","name":"KEM Europe","url":"https:\/\/kem-europe.eu\/","logo":{"@type":"ImageObject","inLanguage":"de","@id":"https:\/\/kem-europe.eu\/#\/schema\/logo\/image\/","url":"https:\/\/kem-europe.eu\/wp-content\/uploads\/2025\/02\/KEM2019-BLACK-1500W.png","contentUrl":"https:\/\/kem-europe.eu\/wp-content\/uploads\/2025\/02\/KEM2019-BLACK-1500W.png","width":1500,"height":626,"caption":"KEM Europe"},"image":{"@id":"https:\/\/kem-europe.eu\/#\/schema\/logo\/image\/"}}]}},"_links":{"self":[{"href":"https:\/\/kem-europe.eu\/de\/wp-json\/wp\/v2\/product\/8198","targetHints":{"allow":["GET"]}}],"collection":[{"href":"https:\/\/kem-europe.eu\/de\/wp-json\/wp\/v2\/product"}],"about":[{"href":"https:\/\/kem-europe.eu\/de\/wp-json\/wp\/v2\/types\/product"}],"replies":[{"embeddable":true,"href":"https:\/\/kem-europe.eu\/de\/wp-json\/wp\/v2\/comments?post=8198"}],"wp:featuredmedia":[{"embeddable":true,"href":"https:\/\/kem-europe.eu\/de\/wp-json\/wp\/v2\/media\/8197"}],"wp:attachment":[{"href":"https:\/\/kem-europe.eu\/de\/wp-json\/wp\/v2\/media?parent=8198"}],"wp:term":[{"taxonomy":"product_brand","embeddable":true,"href":"https:\/\/kem-europe.eu\/de\/wp-json\/wp\/v2\/product_brand?post=8198"},{"taxonomy":"product_cat","embeddable":true,"href":"https:\/\/kem-europe.eu\/de\/wp-json\/wp\/v2\/product_cat?post=8198"},{"taxonomy":"product_tag","embeddable":true,"href":"https:\/\/kem-europe.eu\/de\/wp-json\/wp\/v2\/product_tag?post=8198"}],"curies":[{"name":"wp","href":"https:\/\/api.w.org\/{rel}","templated":true}]}}