{"id":873,"date":"2025-02-27T08:16:39","date_gmt":"2025-02-27T08:16:39","guid":{"rendered":"https:\/\/kem-europe.eu\/?post_type=product&#038;p=873"},"modified":"2025-06-06T06:20:43","modified_gmt":"2025-06-06T06:20:43","slug":"keyang-cs-7cb-handkreissaege-185mm-1100w-neues-design","status":"publish","type":"product","link":"https:\/\/kem-europe.eu\/de\/product\/keyang-cs-7cb-handcirkelzaag-185-mm-1100w-nieuw-design\/","title":{"rendered":"Keyang CS-7CB Manuelle Kreiss\u00e4ge 185 mm - 1100W | Neues Design"},"content":{"rendered":"<p><strong>Eigenschaften Keyang CS-7CB Handkreiss\u00e4ge 185 mm - 1100W | Neues Design<\/strong><\/p>\n<ul>\n<li>Inklusive S\u00e4geanleitung<\/li>\n<li>Leistungsstarker 1100-W-Motor<\/li>\n<li>Aluminium-Geh\u00e4use<\/li>\n<li>Sperr-Schalter<\/li>\n<li>Sicherheitskappe<\/li>\n<li>Mit ergonomischem Griff<\/li>\n<li>Verriegelungsschalter (verbesserte Sicherheit)<\/li>\n<li>Auslass f\u00fcr S\u00e4gesp\u00e4ne<\/li>\n<li>Kippbare Fu\u00dfplatte f\u00fcr Winkelschnitte bis 45\u00b0, inklusive L\u00e4ngsf\u00fchrung<\/li>\n<\/ul>\n<p><strong>Technische Daten<\/strong><\/p>\n<ul>\n<li>Leistung - 1100 W<\/li>\n<li>Geschwindigkeit unbelastet - 5.500 RPM<\/li>\n<li>S\u00e4gedurchmesser - 185 mm<\/li>\n<li>Schnitttiefe - 67 mm bei 90 Grad und 45 mm bei 45 Grad<\/li>\n<li>Loch f\u00fcr die Welle - 20 mm<\/li>\n<li>Gewicht - 3,6 kg<\/li>\n<\/ul>\n<p><strong>Umfang der Lieferung<\/strong><\/p>\n<ul>\n<li>Keyang CS-7CB Manuelle Kreiss\u00e4ge 185 mm - 1100W<\/li>\n<li>1x Leitfaden<\/li>\n<li>1x S\u00e4geblatt<\/li>\n<li>Geliefert im Karton<\/li>\n<\/ul>\n<hr \/>\n<p><span style=\"font-size: 24px;\"><strong>\u00dcber Keyang<\/strong><\/span><\/p>\n<div id=\"text-block-dc06be16fea35fffb4c65b6aa8f99557\" class=\"sh-text-block\">\n<p><span style=\"font-size: 16px;\">Das Forschungs- und Entwicklungszentrum von Keyang treibt die Zukunft des Unternehmens voran, indem es innovative Ans\u00e4tze f\u00fcr die Entwicklung neuer Produkte entwickelt. Keyang strebt nach vollst\u00e4ndiger Kundenzufriedenheit und ist der Ansicht, dass die Entwicklung neuer Produkte eine entscheidende Aufgabe ist, um dieses Ziel zu erreichen. Keyang, ein f\u00fchrendes Unternehmen im Bereich Elektrowerkzeuge und Motoren f\u00fcr den Hausgebrauch, gr\u00fcndete sein F&amp;E-Zentrum im Jahr 1989. Die kontinuierlichen Investitionen in Forschung und Entwicklung haben die technologischen F\u00e4higkeiten des Unternehmens verbessert. Diese Konzentration auf die Entwicklung der besten Produkte hat nicht nur unsere bestehenden Produkte verbessert, sondern Keyang auch die Expansion in die Bereiche E-Mobilit\u00e4t, Gesundheit und Freizeit erm\u00f6glicht.<\/span><\/p>\n<p><span style=\"font-size: 16px;\">Die koreanische Marke stellt seit \u00fcber 40 Jahren hochwertige Bau- und Industriemaschinen her. Seit mehr als 15 Jahren produziert sie auch f\u00fcr mehrere A-Marken auf dem europ\u00e4ischen Markt (u.a. HiKoKi &amp; Makita). Keyang \u00fcbertrumpft seine Konkurrenten, indem es hervorragende Qualit\u00e4t zu einem fairen Preis liefert. Ausgehend von seiner Position als Marktf\u00fchrer auf dem koreanischen Markt hat das Unternehmen nun begonnen, sich auch auf den europ\u00e4ischen Markt zu konzentrieren. In relativ kurzer Zeit hat sich die koreanische Marke zu einer vertrauensw\u00fcrdigen Marke auf der Baustelle entwickelt. Das hat nichts mit ausgekl\u00fcgeltem Marketing zu tun, sondern vor allem mit <em>Wahrnehmung.<\/em><\/span><\/p>\n<\/div>","protected":false},"excerpt":{"rendered":"<table>\n<tbody>\n<tr>\n<td class=\"echotable\">Doppelte Isolierung<\/td>\n<\/tr>\n<\/tbody>\n<\/table>\n<p>&nbsp;<\/p>\n<p><strong>Umfang der Lieferung<\/strong><\/p>\n<ul>\n<li>Keyang CS-7CB Manuelle Kreiss\u00e4ge 185 mm - 1100W<\/li>\n<li>1x Leitfaden<\/li>\n<li>1x S\u00e4geblatt<\/li>\n<li>Geliefert im Karton<\/li>\n<\/ul>","protected":false},"featured_media":921,"comment_status":"closed","ping_status":"closed","template":"","meta":[],"product_brand":[624],"product_cat":[127,17],"product_tag":[],"class_list":{"0":"post-873","1":"product","2":"type-product","3":"status-publish","4":"has-post-thumbnail","6":"product_brand-keyang","7":"product_cat-cirkelzaag","8":"product_cat-machines","10":"first","11":"instock","12":"product-type-simple"},"ct_brands":[{"id":624,"name":"KEYANG","slug":"keyang"}],"yoast_head":"<!-- This site is optimized with the Yoast SEO plugin v27.3 - https:\/\/yoast.com\/product\/yoast-seo-wordpress\/ -->\n<title>Handcirkelzaag CS-7CB Keyang 185mm - 1100W | KEM-EUROPE<\/title>\n<meta name=\"description\" content=\"Handcirkelzaag CS-7CB Keyang 185mm 1100W - Krachtige 1100 W motor, Aluminium behuizing en ergonomische handgreep!\" \/>\n<meta name=\"robots\" content=\"index, follow, max-snippet:-1, max-image-preview:large, max-video-preview:-1\" \/>\n<link rel=\"canonical\" href=\"https:\/\/kem-europe.eu\/de\/produkt\/keyang-cs-7cb-handkreissaege-185mm-1100w-neues-design\/\" \/>\n<meta property=\"og:locale\" content=\"de_DE\" \/>\n<meta property=\"og:type\" content=\"article\" \/>\n<meta property=\"og:title\" content=\"Handcirkelzaag CS-7CB Keyang 185mm - 1100W | KEM-EUROPE\" \/>\n<meta property=\"og:description\" content=\"Handcirkelzaag CS-7CB Keyang 185mm 1100W - Krachtige 1100 W motor, Aluminium behuizing en ergonomische handgreep!\" \/>\n<meta property=\"og:url\" content=\"https:\/\/kem-europe.eu\/de\/produkt\/keyang-cs-7cb-handkreissaege-185mm-1100w-neues-design\/\" \/>\n<meta property=\"og:site_name\" content=\"KEM Europe\" \/>\n<meta property=\"article:modified_time\" content=\"2025-06-06T06:20:43+00:00\" \/>\n<meta property=\"og:image\" content=\"https:\/\/kem-europe.eu\/wp-content\/uploads\/2025\/02\/CS7CB_02_72DPI_TR.png\" \/>\n\t<meta property=\"og:image:width\" content=\"700\" \/>\n\t<meta property=\"og:image:height\" content=\"700\" \/>\n\t<meta property=\"og:image:type\" content=\"image\/png\" \/>\n<meta name=\"twitter:card\" content=\"summary_large_image\" \/>\n<meta name=\"twitter:label1\" content=\"Gesch\u00e4tzte Lesezeit\" \/>\n\t<meta name=\"twitter:data1\" content=\"2\u00a0Minuten\" \/>\n<script type=\"application\/ld+json\" class=\"yoast-schema-graph\">{\"@context\":\"https:\\\/\\\/schema.org\",\"@graph\":[{\"@type\":\"WebPage\",\"@id\":\"https:\\\/\\\/kem-europe.eu\\\/product\\\/keyang-cs-7cb-handcirkelzaag-185-mm-1100w-nieuw-design\\\/\",\"url\":\"https:\\\/\\\/kem-europe.eu\\\/product\\\/keyang-cs-7cb-handcirkelzaag-185-mm-1100w-nieuw-design\\\/\",\"name\":\"Handcirkelzaag CS-7CB Keyang 185mm - 1100W | KEM-EUROPE\",\"isPartOf\":{\"@id\":\"https:\\\/\\\/kem-europe.eu\\\/#website\"},\"primaryImageOfPage\":{\"@id\":\"https:\\\/\\\/kem-europe.eu\\\/product\\\/keyang-cs-7cb-handcirkelzaag-185-mm-1100w-nieuw-design\\\/#primaryimage\"},\"image\":{\"@id\":\"https:\\\/\\\/kem-europe.eu\\\/product\\\/keyang-cs-7cb-handcirkelzaag-185-mm-1100w-nieuw-design\\\/#primaryimage\"},\"thumbnailUrl\":\"https:\\\/\\\/kem-europe.eu\\\/wp-content\\\/uploads\\\/2025\\\/02\\\/CS7CB_02_72DPI_TR.png\",\"datePublished\":\"2025-02-27T08:16:39+00:00\",\"dateModified\":\"2025-06-06T06:20:43+00:00\",\"description\":\"Handcirkelzaag CS-7CB Keyang 185mm 1100W - Krachtige 1100 W motor, Aluminium behuizing en ergonomische handgreep!\",\"breadcrumb\":{\"@id\":\"https:\\\/\\\/kem-europe.eu\\\/product\\\/keyang-cs-7cb-handcirkelzaag-185-mm-1100w-nieuw-design\\\/#breadcrumb\"},\"inLanguage\":\"de\",\"potentialAction\":[{\"@type\":\"ReadAction\",\"target\":[\"https:\\\/\\\/kem-europe.eu\\\/product\\\/keyang-cs-7cb-handcirkelzaag-185-mm-1100w-nieuw-design\\\/\"]}]},{\"@type\":\"ImageObject\",\"inLanguage\":\"de\",\"@id\":\"https:\\\/\\\/kem-europe.eu\\\/product\\\/keyang-cs-7cb-handcirkelzaag-185-mm-1100w-nieuw-design\\\/#primaryimage\",\"url\":\"https:\\\/\\\/kem-europe.eu\\\/wp-content\\\/uploads\\\/2025\\\/02\\\/CS7CB_02_72DPI_TR.png\",\"contentUrl\":\"https:\\\/\\\/kem-europe.eu\\\/wp-content\\\/uploads\\\/2025\\\/02\\\/CS7CB_02_72DPI_TR.png\",\"width\":700,\"height\":700},{\"@type\":\"BreadcrumbList\",\"@id\":\"https:\\\/\\\/kem-europe.eu\\\/product\\\/keyang-cs-7cb-handcirkelzaag-185-mm-1100w-nieuw-design\\\/#breadcrumb\",\"itemListElement\":[{\"@type\":\"ListItem\",\"position\":1,\"name\":\"Home\",\"item\":\"https:\\\/\\\/kem-europe.eu\\\/\"},{\"@type\":\"ListItem\",\"position\":2,\"name\":\"Winkel\",\"item\":\"https:\\\/\\\/kem-europe.eu\\\/winkel\\\/\"},{\"@type\":\"ListItem\",\"position\":3,\"name\":\"Keyang CS-7CB Handcirkelzaag 185 mm &#8211; 1100W | Nieuw Design\"}]},{\"@type\":\"WebSite\",\"@id\":\"https:\\\/\\\/kem-europe.eu\\\/#website\",\"url\":\"https:\\\/\\\/kem-europe.eu\\\/\",\"name\":\"KEM Europe\",\"description\":\"\",\"publisher\":{\"@id\":\"https:\\\/\\\/kem-europe.eu\\\/#organization\"},\"potentialAction\":[{\"@type\":\"SearchAction\",\"target\":{\"@type\":\"EntryPoint\",\"urlTemplate\":\"https:\\\/\\\/kem-europe.eu\\\/?s={search_term_string}\"},\"query-input\":{\"@type\":\"PropertyValueSpecification\",\"valueRequired\":true,\"valueName\":\"search_term_string\"}}],\"inLanguage\":\"de\"},{\"@type\":\"Organization\",\"@id\":\"https:\\\/\\\/kem-europe.eu\\\/#organization\",\"name\":\"KEM Europe\",\"url\":\"https:\\\/\\\/kem-europe.eu\\\/\",\"logo\":{\"@type\":\"ImageObject\",\"inLanguage\":\"de\",\"@id\":\"https:\\\/\\\/kem-europe.eu\\\/#\\\/schema\\\/logo\\\/image\\\/\",\"url\":\"https:\\\/\\\/kem-europe.eu\\\/wp-content\\\/uploads\\\/2025\\\/02\\\/KEM2019-BLACK-1500W.png\",\"contentUrl\":\"https:\\\/\\\/kem-europe.eu\\\/wp-content\\\/uploads\\\/2025\\\/02\\\/KEM2019-BLACK-1500W.png\",\"width\":1500,\"height\":626,\"caption\":\"KEM Europe\"},\"image\":{\"@id\":\"https:\\\/\\\/kem-europe.eu\\\/#\\\/schema\\\/logo\\\/image\\\/\"}}]}<\/script>\n<!-- \/ Yoast SEO plugin. -->","yoast_head_json":{"title":"Hands\u00e4ge CS-7CB Keyang 185mm - 1100W | KEM-EUROPE","description":"Hands\u00e4ge CS-7CB Keyang 185mm 1100W - Leistungsstarker 1100W Motor, Aluminiumgeh\u00e4use und ergonomischer Griff!","robots":{"index":"index","follow":"follow","max-snippet":"max-snippet:-1","max-image-preview":"max-image-preview:large","max-video-preview":"max-video-preview:-1"},"canonical":"https:\/\/kem-europe.eu\/de\/produkt\/keyang-cs-7cb-handkreissaege-185mm-1100w-neues-design\/","og_locale":"de_DE","og_type":"article","og_title":"Handcirkelzaag CS-7CB Keyang 185mm - 1100W | KEM-EUROPE","og_description":"Handcirkelzaag CS-7CB Keyang 185mm 1100W - Krachtige 1100 W motor, Aluminium behuizing en ergonomische handgreep!","og_url":"https:\/\/kem-europe.eu\/de\/produkt\/keyang-cs-7cb-handkreissaege-185mm-1100w-neues-design\/","og_site_name":"KEM Europe","article_modified_time":"2025-06-06T06:20:43+00:00","og_image":[{"width":700,"height":700,"url":"https:\/\/kem-europe.eu\/wp-content\/uploads\/2025\/02\/CS7CB_02_72DPI_TR.png","type":"image\/png"}],"twitter_card":"summary_large_image","twitter_misc":{"Gesch\u00e4tzte Lesezeit":"2\u00a0Minuten"},"schema":{"@context":"https:\/\/schema.org","@graph":[{"@type":"WebPage","@id":"https:\/\/kem-europe.eu\/product\/keyang-cs-7cb-handcirkelzaag-185-mm-1100w-nieuw-design\/","url":"https:\/\/kem-europe.eu\/product\/keyang-cs-7cb-handcirkelzaag-185-mm-1100w-nieuw-design\/","name":"Hands\u00e4ge CS-7CB Keyang 185mm - 1100W | KEM-EUROPE","isPartOf":{"@id":"https:\/\/kem-europe.eu\/#website"},"primaryImageOfPage":{"@id":"https:\/\/kem-europe.eu\/product\/keyang-cs-7cb-handcirkelzaag-185-mm-1100w-nieuw-design\/#primaryimage"},"image":{"@id":"https:\/\/kem-europe.eu\/product\/keyang-cs-7cb-handcirkelzaag-185-mm-1100w-nieuw-design\/#primaryimage"},"thumbnailUrl":"https:\/\/kem-europe.eu\/wp-content\/uploads\/2025\/02\/CS7CB_02_72DPI_TR.png","datePublished":"2025-02-27T08:16:39+00:00","dateModified":"2025-06-06T06:20:43+00:00","description":"Hands\u00e4ge CS-7CB Keyang 185mm 1100W - Leistungsstarker 1100W Motor, Aluminiumgeh\u00e4use und ergonomischer Griff!","breadcrumb":{"@id":"https:\/\/kem-europe.eu\/product\/keyang-cs-7cb-handcirkelzaag-185-mm-1100w-nieuw-design\/#breadcrumb"},"inLanguage":"de","potentialAction":[{"@type":"ReadAction","target":["https:\/\/kem-europe.eu\/product\/keyang-cs-7cb-handcirkelzaag-185-mm-1100w-nieuw-design\/"]}]},{"@type":"ImageObject","inLanguage":"de","@id":"https:\/\/kem-europe.eu\/product\/keyang-cs-7cb-handcirkelzaag-185-mm-1100w-nieuw-design\/#primaryimage","url":"https:\/\/kem-europe.eu\/wp-content\/uploads\/2025\/02\/CS7CB_02_72DPI_TR.png","contentUrl":"https:\/\/kem-europe.eu\/wp-content\/uploads\/2025\/02\/CS7CB_02_72DPI_TR.png","width":700,"height":700},{"@type":"BreadcrumbList","@id":"https:\/\/kem-europe.eu\/product\/keyang-cs-7cb-handcirkelzaag-185-mm-1100w-nieuw-design\/#breadcrumb","itemListElement":[{"@type":"ListItem","position":1,"name":"Home","item":"https:\/\/kem-europe.eu\/"},{"@type":"ListItem","position":2,"name":"Winkel","item":"https:\/\/kem-europe.eu\/winkel\/"},{"@type":"ListItem","position":3,"name":"Keyang CS-7CB Handcirkelzaag 185 mm &#8211; 1100W | Nieuw Design"}]},{"@type":"WebSite","@id":"https:\/\/kem-europe.eu\/#website","url":"https:\/\/kem-europe.eu\/","name":"KEM Europe","description":"","publisher":{"@id":"https:\/\/kem-europe.eu\/#organization"},"potentialAction":[{"@type":"SearchAction","target":{"@type":"EntryPoint","urlTemplate":"https:\/\/kem-europe.eu\/?s={search_term_string}"},"query-input":{"@type":"PropertyValueSpecification","valueRequired":true,"valueName":"search_term_string"}}],"inLanguage":"de"},{"@type":"Organization","@id":"https:\/\/kem-europe.eu\/#organization","name":"KEM Europe","url":"https:\/\/kem-europe.eu\/","logo":{"@type":"ImageObject","inLanguage":"de","@id":"https:\/\/kem-europe.eu\/#\/schema\/logo\/image\/","url":"https:\/\/kem-europe.eu\/wp-content\/uploads\/2025\/02\/KEM2019-BLACK-1500W.png","contentUrl":"https:\/\/kem-europe.eu\/wp-content\/uploads\/2025\/02\/KEM2019-BLACK-1500W.png","width":1500,"height":626,"caption":"KEM Europe"},"image":{"@id":"https:\/\/kem-europe.eu\/#\/schema\/logo\/image\/"}}]}},"_links":{"self":[{"href":"https:\/\/kem-europe.eu\/de\/wp-json\/wp\/v2\/product\/873","targetHints":{"allow":["GET"]}}],"collection":[{"href":"https:\/\/kem-europe.eu\/de\/wp-json\/wp\/v2\/product"}],"about":[{"href":"https:\/\/kem-europe.eu\/de\/wp-json\/wp\/v2\/types\/product"}],"replies":[{"embeddable":true,"href":"https:\/\/kem-europe.eu\/de\/wp-json\/wp\/v2\/comments?post=873"}],"wp:featuredmedia":[{"embeddable":true,"href":"https:\/\/kem-europe.eu\/de\/wp-json\/wp\/v2\/media\/921"}],"wp:attachment":[{"href":"https:\/\/kem-europe.eu\/de\/wp-json\/wp\/v2\/media?parent=873"}],"wp:term":[{"taxonomy":"product_brand","embeddable":true,"href":"https:\/\/kem-europe.eu\/de\/wp-json\/wp\/v2\/product_brand?post=873"},{"taxonomy":"product_cat","embeddable":true,"href":"https:\/\/kem-europe.eu\/de\/wp-json\/wp\/v2\/product_cat?post=873"},{"taxonomy":"product_tag","embeddable":true,"href":"https:\/\/kem-europe.eu\/de\/wp-json\/wp\/v2\/product_tag?post=873"}],"curies":[{"name":"wp","href":"https:\/\/api.w.org\/{rel}","templated":true}]}}