{"id":901,"date":"2025-02-27T08:16:42","date_gmt":"2025-02-27T08:16:42","guid":{"rendered":"https:\/\/kem-europe.eu\/?post_type=product&#038;p=901"},"modified":"2025-06-06T07:37:46","modified_gmt":"2025-06-06T07:37:46","slug":"keyang-phd283b-kombihammer-800w-sds","status":"publish","type":"product","link":"https:\/\/kem-europe.eu\/de\/product\/keyang-phd283b-combihamer-800w-sds\/","title":{"rendered":"Keyang PHD283B Kombi-Hammer - 800W - SDS+"},"content":{"rendered":"<p><strong>Warum Keyang w\u00e4hlen?<\/strong><\/p>\n<p>Die koreanische Marke stellt seit \u00fcber 40 Jahren hochwertige Bau- und Industriemaschinen her. Seit mehr als 25 Jahren produziert sie auch f\u00fcr mehrere A-Marken auf dem europ\u00e4ischen Markt (u.a. Kress &amp; Spit). Keyang \u00fcbertrumpft seine Konkurrenten, indem es hervorragende Qualit\u00e4t zu einem fairen Preis liefert. Von seiner Position als Marktf\u00fchrer auf dem koreanischen Markt hat das Unternehmen nun begonnen, sich auch auf den europ\u00e4ischen Markt zu konzentrieren. In relativ kurzer Zeit hat sich die koreanische Marke zu einer vertrauensw\u00fcrdigen Marke auf der Baustelle entwickelt. Das hat nichts mit ausgekl\u00fcgeltem Marketing zu tun, sondern vor allem mit\u00a0<em>Wahrnehmung.<\/em><\/p>\n<p><em><span style=\"text-decoration: underline;\">Warum ein Kombihammer Keyang 800W?<\/span><br \/>\n<\/em>Der Hauptunterschied zwischen einem Bohrhammer und einem Kombihammer besteht darin, dass der Kombihammer \u00fcber einen Drehstopp verf\u00fcgt. Das bedeutet, dass er mit einem Spitzmei\u00dfel oder Flachmei\u00dfel mit SDS-Anschluss auch f\u00fcr leichte Abbrucharbeiten eingesetzt werden kann. Mit einem Kombihammer k\u00f6nnen Sie zum Beispiel Fliesen in Ihrem Badezimmer abschlagen. Ein Kombihammer eignet sich zum Bohren in harte Gesteinsarten und harten Beton. Im Vergleich zur Schlagbohrmaschine ist die Hammerfunktion des Kombihammers viel st\u00e4rker und kann unabh\u00e4ngig von der Drehzahl gesteuert werden.<\/p>\n<h2><span style=\"font-size: 21px;\"><b>Eigenschaften Keyang PHD283B Kombi-Hammer 800W - SDS+<\/b><\/span><\/h2>\n<p><img loading=\"lazy\" decoding=\"async\" class=\"aligncenter wp-image-375916 size-full\" src=\"https:\/\/bjctools.nl\/wp-content\/uploads\/2021\/03\/Knipsel.png\" alt=\"Ideales Preis-\/Leistungsverh\u00e4ltnis\" width=\"593\" height=\"148\" \/><\/p>\n<p>Der Keyang PHD283B Kombi-Hammer ist ideal zum Bohren von Anker- und Befestigungsl\u00f6chern von 4-28 mm in Beton und Mauerwerk. Die Mei\u00dfelfunktion ist auf verschiedene Positionen einstellbar. Die Sicherheitskupplung verhindert Sch\u00e4den und Verletzungen durch die Kraft, die entsteht, wenn der Bohrer zu klemmen droht. Ergonomischer Griff mit Gummibeschichtung f\u00fcr erh\u00f6hten Benutzerkomfort. Drehstopp f\u00fcr leichte Mei\u00dfelarbeiten in Stein, weichem Mauerwerk und in begrenztem Umfang auch in Leichtbeton.<\/p>\n<p>Dank der Verarbeitung und der Qualit\u00e4t der Komponenten dieser Maschine steht sie in einer Reihe mit Maschinen wie der DUSS P16 SDS und der HILTI TE 3-C. Die besonders\u00a0<strong>lange Lebensdauer<\/strong>\u00a0und\u00a0<strong>Leistung<\/strong>\u00a0diese Maschine herstellen\u00a0<strong>K\u00f6nig im 2kg-Segment<\/strong>. Lassen Sie sich also nicht durch den Preis t\u00e4uschen!<\/p>\n<ul>\n<li>Beste Bohrleistung auf dem Markt<\/li>\n<li>SDS-Plus-Montagebohrer auf Knopfdruck<\/li>\n<li>Sicherheitsschieber gegen \u00dcberlastung<\/li>\n<li>3 Modus-Schalter (Bohrer, Hammer, Mei\u00dfel)<\/li>\n<li>Vorw\u00e4rts-\/R\u00fcckw\u00e4rtsbetrieb<\/li>\n<li>Sanfter Start<\/li>\n<li>Sicherheitskupplung verhindert Sch\u00e4den und Verletzungen durch die Kraft, die entsteht, wenn der Bohrer zu klemmen droht<\/li>\n<li>6 verschiedene G\u00e4nge<\/li>\n<li>Getrennter Schl\u00e4ger- und Bohrmodus<\/li>\n<li>Geringere Vibrationen durch VCS<\/li>\n<li>Einsetzbar mit KDH-18 und KDH-82 Staubabscheidern<\/li>\n<\/ul>\n<p><span style=\"font-size: 21px;\"><em><strong>Eigenschaften<\/strong><\/em><\/span><\/p>\n<ul>\n<li>Wiedererkennbares ergonomisches Griffdesign &amp; neuartiger 360\u00b0-Seitengriff mit Tiefenanschlag - leicht auf die gew\u00fcnschte L\u00e4nge einstellbar oder f\u00fcr den Einsatz in beengten R\u00e4umen<\/li>\n<li>SDS-Plus-Montagebohrer auf Knopfdruck<\/li>\n<li>Sicherheitskupplung verhindert Sch\u00e4den und Verletzungen durch die Kraft, die entsteht, wenn der Bohrer zu klemmen droht<\/li>\n<li>Volle Schlagfrequenz von 4.000 Schl\u00e4gen pro Minute bei einer Hubenergie von 3,2 J und 1.250 U\/min. Die \"st\u00e4rkere\" Version des <strong><a href=\"https:\/\/kem-europe.eu\/de\/produkt\/keyang-hd26-2t-combihamer-850w\/\">Keyang HD26-2T Kombi-Hammer<\/a><\/strong>.<\/li>\n<\/ul>\n<p><span style=\"font-size: 21px;\"><em><strong>Anwendungen<\/strong><\/em><\/span><\/p>\n<ul>\n<li>Mei\u00dfeln<\/li>\n<li>Bohren und Hammerbohren in Beton und Mauerwerk<\/li>\n<li>Korrigierendes Mei\u00dfeln und leichtes Schneiden von Kan\u00e4len f\u00fcr Kabel in Beton und Mauerwerk<\/li>\n<\/ul>\n<h2><span style=\"font-size: 32px;\"><strong>Testergebnisse<\/strong><\/span><\/h2>\n<ul>\n<li><span style=\"font-size: 16px;\">Geh\u00f6rt zu den schnellsten Bohrh\u00e4mmern in der 2KG\/Klasse Kombi-Hammer mit Seitenstiel, nachgewiesen durch verschiedene Testbedingungen.<\/span><\/li>\n<li><span style=\"font-size: 16px;\">Deutlich l\u00e4ngere Lebensdauer als vergleichbare Kombih\u00e4mmer - Mehrere Tests haben gezeigt, dass der PHD283B eine vergleichbare Geschwindigkeit hat, h\u00f6rbar leiser ist, weniger Vibrationen hat und die Temperatur relativ niedriger halten kann als vergleichbare Kombih\u00e4mmer, was zu einer deutlich l\u00e4ngeren Lebensdauer f\u00fchrt.<\/span><\/li>\n<li><span style=\"font-size: 16px;\">Leiser als vergleichbare Bohrh\u00e4mmer mit Seitengriff.<\/span><\/li>\n<\/ul>\n<hr \/>\n<p><strong>Technische Daten<\/strong><\/p>\n<ul>\n<li>Spannung - 800 W<\/li>\n<li>Leerlaufdrehzahl - 0~1.250 Rpm<\/li>\n<li>Schl\u00e4ge pro Minute - 0~1.100 Spm<\/li>\n<li>Aufprallkraft - 3,2 Joule<\/li>\n<li>Gewicht - 2,9 kg<\/li>\n<li>Max. Fassungsverm\u00f6gen Beton - 28 mm<\/li>\n<li>Max. Kapazit\u00e4t Stahl - 13 mm<\/li>\n<li>Max. Stahlkapazit\u00e4t - 30 mm<\/li>\n<li>Aufzeichnung - SDS+<\/li>\n<\/ul>\n<p>&nbsp;<\/p>\n<p><b>Umfang der Lieferung<\/b><\/p>\n<ul>\n<li>Keyang PHD283B Kombi-Hammer - 800W - SDS+<\/li>\n<li>1x Verstellbarer Seitengriff<\/li>\n<li>1x Tiefenanschlag<\/li>\n<li>Geliefert im Koffer<\/li>\n<\/ul>\n<h3 style=\"text-align: center;\"><span style=\"font-size: 21px;\">Sehen Sie sich auch den 'schnelleren' Keyang hier an <a href=\"https:\/\/kem-europe.eu\/de\/produkt\/keyang-hd26-2t-combihamer-850w\/\">HD26-2T<\/a> Kombihammer - 850W<\/span><\/h3>\n<p style=\"text-align: center;\"><span style=\"font-size: 13px;\"><em>Werfen Sie auch einen Blick auf die offizielle <a href=\"https:\/\/www.keyangtools.com\/product\/keyang-phd283b-combihamer-800w-sds\/\">Keyang Powertools Website<\/a><\/em><\/span><\/p>","protected":false},"excerpt":{"rendered":"<h3><em>Der leistungsst\u00e4rkste und effizienteste Kombihammer in seinem Marktsegment!<\/em><\/h3>\n<h3><em><strong>Die Maschine, die Sie von der Kraft von Keyang \u00fcberzeugt!<\/strong><\/em><\/h3>\n<hr \/>\n<h3><em>Ideales Preis-Leistungs-Verh\u00e4ltnis!<\/em><\/h3>\n<table>\n<tbody>\n<tr>\n<td class=\"echotable\">Doppelte Isolierung<\/td>\n<td class=\"echotable\">Geschwindigkeitsregelung<\/td>\n<\/tr>\n<tr>\n<td class=\"echotable\">Umgekehrte Drehung<\/td>\n<td class=\"echotable\">Aufprallkupplung<\/td>\n<\/tr>\n<\/tbody>\n<tbody>\n<tr>\n<td class=\"echotable\">Tiefenanschlag<\/td>\n<td class=\"echotable\">Seitlicher Griff<\/td>\n<\/tr>\n<tr>\n<td class=\"echotable\">SDS plus<\/td>\n<td class=\"echotable\">Auto-Stopp-Kohleb\u00fcrsten<\/td>\n<\/tr>\n<tr>\n<td class=\"echotable\">Kunststoffgeh\u00e4use<\/td>\n<\/tr>\n<\/tbody>\n<\/table>\n<p><b>Umfang der Lieferung<\/b><\/p>\n<ul>\n<li>Keyang PHD283B Kombi-Hammer - 800W - SDS+<\/li>\n<li>1x Verstellbarer Seitengriff<\/li>\n<li>1x Tiefenanschlag<\/li>\n<li>Geliefert im Koffer<\/li>\n<\/ul>","protected":false},"featured_media":936,"comment_status":"closed","ping_status":"closed","template":"","meta":[],"product_brand":[624],"product_cat":[126,17],"product_tag":[],"class_list":{"0":"post-901","1":"product","2":"type-product","3":"status-publish","4":"has-post-thumbnail","6":"product_brand-keyang","7":"product_cat-combihamer","8":"product_cat-machines","10":"first","11":"instock","12":"product-type-simple"},"ct_brands":[{"id":624,"name":"KEYANG","slug":"keyang"}],"yoast_head":"<!-- This site is optimized with the Yoast SEO plugin v27.3 - https:\/\/yoast.com\/product\/yoast-seo-wordpress\/ -->\n<title>Combihamer 800W PHD283B Keyang l KEM-EUROPE<\/title>\n<meta name=\"description\" content=\"Combihamer 800W PHD283B Keyang - De meest krachtige en meest effici\u00ebnte combihamer in zijn marktsegment! Aparte klop- en boorstand!\" \/>\n<meta name=\"robots\" content=\"index, follow, max-snippet:-1, max-image-preview:large, max-video-preview:-1\" \/>\n<link rel=\"canonical\" href=\"https:\/\/kem-europe.eu\/de\/produkt\/keyang-phd283b-kombihammer-800w-sds\/\" \/>\n<meta property=\"og:locale\" content=\"de_DE\" \/>\n<meta property=\"og:type\" content=\"article\" \/>\n<meta property=\"og:title\" content=\"Combihamer 800W PHD283B Keyang l KEM-EUROPE\" \/>\n<meta property=\"og:description\" content=\"Combihamer 800W PHD283B Keyang - De meest krachtige en meest effici\u00ebnte combihamer in zijn marktsegment! Aparte klop- en boorstand!\" \/>\n<meta property=\"og:url\" content=\"https:\/\/kem-europe.eu\/de\/produkt\/keyang-phd283b-kombihammer-800w-sds\/\" \/>\n<meta property=\"og:site_name\" content=\"KEM Europe\" \/>\n<meta property=\"article:modified_time\" content=\"2025-06-06T07:37:46+00:00\" \/>\n<meta property=\"og:image\" content=\"https:\/\/kem-europe.eu\/wp-content\/uploads\/2025\/02\/PHD283B_01_72DPI.png\" \/>\n\t<meta property=\"og:image:width\" content=\"700\" \/>\n\t<meta property=\"og:image:height\" content=\"700\" \/>\n\t<meta property=\"og:image:type\" content=\"image\/png\" \/>\n<meta name=\"twitter:card\" content=\"summary_large_image\" \/>\n<meta name=\"twitter:label1\" content=\"Gesch\u00e4tzte Lesezeit\" \/>\n\t<meta name=\"twitter:data1\" content=\"4\u00a0Minuten\" \/>\n<script type=\"application\/ld+json\" class=\"yoast-schema-graph\">{\"@context\":\"https:\\\/\\\/schema.org\",\"@graph\":[{\"@type\":\"WebPage\",\"@id\":\"https:\\\/\\\/kem-europe.eu\\\/product\\\/keyang-phd283b-combihamer-800w-sds\\\/\",\"url\":\"https:\\\/\\\/kem-europe.eu\\\/product\\\/keyang-phd283b-combihamer-800w-sds\\\/\",\"name\":\"Combihamer 800W PHD283B Keyang l KEM-EUROPE\",\"isPartOf\":{\"@id\":\"https:\\\/\\\/kem-europe.eu\\\/#website\"},\"primaryImageOfPage\":{\"@id\":\"https:\\\/\\\/kem-europe.eu\\\/product\\\/keyang-phd283b-combihamer-800w-sds\\\/#primaryimage\"},\"image\":{\"@id\":\"https:\\\/\\\/kem-europe.eu\\\/product\\\/keyang-phd283b-combihamer-800w-sds\\\/#primaryimage\"},\"thumbnailUrl\":\"https:\\\/\\\/kem-europe.eu\\\/wp-content\\\/uploads\\\/2025\\\/02\\\/PHD283B_01_72DPI.png\",\"datePublished\":\"2025-02-27T08:16:42+00:00\",\"dateModified\":\"2025-06-06T07:37:46+00:00\",\"description\":\"Combihamer 800W PHD283B Keyang - De meest krachtige en meest effici\u00ebnte combihamer in zijn marktsegment! Aparte klop- en boorstand!\",\"breadcrumb\":{\"@id\":\"https:\\\/\\\/kem-europe.eu\\\/product\\\/keyang-phd283b-combihamer-800w-sds\\\/#breadcrumb\"},\"inLanguage\":\"de\",\"potentialAction\":[{\"@type\":\"ReadAction\",\"target\":[\"https:\\\/\\\/kem-europe.eu\\\/product\\\/keyang-phd283b-combihamer-800w-sds\\\/\"]}]},{\"@type\":\"ImageObject\",\"inLanguage\":\"de\",\"@id\":\"https:\\\/\\\/kem-europe.eu\\\/product\\\/keyang-phd283b-combihamer-800w-sds\\\/#primaryimage\",\"url\":\"https:\\\/\\\/kem-europe.eu\\\/wp-content\\\/uploads\\\/2025\\\/02\\\/PHD283B_01_72DPI.png\",\"contentUrl\":\"https:\\\/\\\/kem-europe.eu\\\/wp-content\\\/uploads\\\/2025\\\/02\\\/PHD283B_01_72DPI.png\",\"width\":700,\"height\":700},{\"@type\":\"BreadcrumbList\",\"@id\":\"https:\\\/\\\/kem-europe.eu\\\/product\\\/keyang-phd283b-combihamer-800w-sds\\\/#breadcrumb\",\"itemListElement\":[{\"@type\":\"ListItem\",\"position\":1,\"name\":\"Home\",\"item\":\"https:\\\/\\\/kem-europe.eu\\\/\"},{\"@type\":\"ListItem\",\"position\":2,\"name\":\"Winkel\",\"item\":\"https:\\\/\\\/kem-europe.eu\\\/winkel\\\/\"},{\"@type\":\"ListItem\",\"position\":3,\"name\":\"Keyang PHD283B Combihamer &#8211; 800W &#8211; SDS+\"}]},{\"@type\":\"WebSite\",\"@id\":\"https:\\\/\\\/kem-europe.eu\\\/#website\",\"url\":\"https:\\\/\\\/kem-europe.eu\\\/\",\"name\":\"KEM Europe\",\"description\":\"\",\"publisher\":{\"@id\":\"https:\\\/\\\/kem-europe.eu\\\/#organization\"},\"potentialAction\":[{\"@type\":\"SearchAction\",\"target\":{\"@type\":\"EntryPoint\",\"urlTemplate\":\"https:\\\/\\\/kem-europe.eu\\\/?s={search_term_string}\"},\"query-input\":{\"@type\":\"PropertyValueSpecification\",\"valueRequired\":true,\"valueName\":\"search_term_string\"}}],\"inLanguage\":\"de\"},{\"@type\":\"Organization\",\"@id\":\"https:\\\/\\\/kem-europe.eu\\\/#organization\",\"name\":\"KEM Europe\",\"url\":\"https:\\\/\\\/kem-europe.eu\\\/\",\"logo\":{\"@type\":\"ImageObject\",\"inLanguage\":\"de\",\"@id\":\"https:\\\/\\\/kem-europe.eu\\\/#\\\/schema\\\/logo\\\/image\\\/\",\"url\":\"https:\\\/\\\/kem-europe.eu\\\/wp-content\\\/uploads\\\/2025\\\/02\\\/KEM2019-BLACK-1500W.png\",\"contentUrl\":\"https:\\\/\\\/kem-europe.eu\\\/wp-content\\\/uploads\\\/2025\\\/02\\\/KEM2019-BLACK-1500W.png\",\"width\":1500,\"height\":626,\"caption\":\"KEM Europe\"},\"image\":{\"@id\":\"https:\\\/\\\/kem-europe.eu\\\/#\\\/schema\\\/logo\\\/image\\\/\"}}]}<\/script>\n<!-- \/ Yoast SEO plugin. -->","yoast_head_json":{"title":"Kombihammer 800W PHD283B Keyang l KEM-EUROPE","description":"Kombihammer 800W PHD283B Keyang - Der st\u00e4rkste und effizienteste Kombihammer in seinem Marktsegment! Getrennter Hammer- und Bohrmodus!","robots":{"index":"index","follow":"follow","max-snippet":"max-snippet:-1","max-image-preview":"max-image-preview:large","max-video-preview":"max-video-preview:-1"},"canonical":"https:\/\/kem-europe.eu\/de\/produkt\/keyang-phd283b-kombihammer-800w-sds\/","og_locale":"de_DE","og_type":"article","og_title":"Combihamer 800W PHD283B Keyang l KEM-EUROPE","og_description":"Combihamer 800W PHD283B Keyang - De meest krachtige en meest effici\u00ebnte combihamer in zijn marktsegment! Aparte klop- en boorstand!","og_url":"https:\/\/kem-europe.eu\/de\/produkt\/keyang-phd283b-kombihammer-800w-sds\/","og_site_name":"KEM Europe","article_modified_time":"2025-06-06T07:37:46+00:00","og_image":[{"width":700,"height":700,"url":"https:\/\/kem-europe.eu\/wp-content\/uploads\/2025\/02\/PHD283B_01_72DPI.png","type":"image\/png"}],"twitter_card":"summary_large_image","twitter_misc":{"Gesch\u00e4tzte Lesezeit":"4\u00a0Minuten"},"schema":{"@context":"https:\/\/schema.org","@graph":[{"@type":"WebPage","@id":"https:\/\/kem-europe.eu\/product\/keyang-phd283b-combihamer-800w-sds\/","url":"https:\/\/kem-europe.eu\/product\/keyang-phd283b-combihamer-800w-sds\/","name":"Kombihammer 800W PHD283B Keyang l KEM-EUROPE","isPartOf":{"@id":"https:\/\/kem-europe.eu\/#website"},"primaryImageOfPage":{"@id":"https:\/\/kem-europe.eu\/product\/keyang-phd283b-combihamer-800w-sds\/#primaryimage"},"image":{"@id":"https:\/\/kem-europe.eu\/product\/keyang-phd283b-combihamer-800w-sds\/#primaryimage"},"thumbnailUrl":"https:\/\/kem-europe.eu\/wp-content\/uploads\/2025\/02\/PHD283B_01_72DPI.png","datePublished":"2025-02-27T08:16:42+00:00","dateModified":"2025-06-06T07:37:46+00:00","description":"Kombihammer 800W PHD283B Keyang - Der st\u00e4rkste und effizienteste Kombihammer in seinem Marktsegment! Getrennter Hammer- und Bohrmodus!","breadcrumb":{"@id":"https:\/\/kem-europe.eu\/product\/keyang-phd283b-combihamer-800w-sds\/#breadcrumb"},"inLanguage":"de","potentialAction":[{"@type":"ReadAction","target":["https:\/\/kem-europe.eu\/product\/keyang-phd283b-combihamer-800w-sds\/"]}]},{"@type":"ImageObject","inLanguage":"de","@id":"https:\/\/kem-europe.eu\/product\/keyang-phd283b-combihamer-800w-sds\/#primaryimage","url":"https:\/\/kem-europe.eu\/wp-content\/uploads\/2025\/02\/PHD283B_01_72DPI.png","contentUrl":"https:\/\/kem-europe.eu\/wp-content\/uploads\/2025\/02\/PHD283B_01_72DPI.png","width":700,"height":700},{"@type":"BreadcrumbList","@id":"https:\/\/kem-europe.eu\/product\/keyang-phd283b-combihamer-800w-sds\/#breadcrumb","itemListElement":[{"@type":"ListItem","position":1,"name":"Home","item":"https:\/\/kem-europe.eu\/"},{"@type":"ListItem","position":2,"name":"Winkel","item":"https:\/\/kem-europe.eu\/winkel\/"},{"@type":"ListItem","position":3,"name":"Keyang PHD283B Combihamer &#8211; 800W &#8211; SDS+"}]},{"@type":"WebSite","@id":"https:\/\/kem-europe.eu\/#website","url":"https:\/\/kem-europe.eu\/","name":"KEM Europe","description":"","publisher":{"@id":"https:\/\/kem-europe.eu\/#organization"},"potentialAction":[{"@type":"SearchAction","target":{"@type":"EntryPoint","urlTemplate":"https:\/\/kem-europe.eu\/?s={search_term_string}"},"query-input":{"@type":"PropertyValueSpecification","valueRequired":true,"valueName":"search_term_string"}}],"inLanguage":"de"},{"@type":"Organization","@id":"https:\/\/kem-europe.eu\/#organization","name":"KEM Europe","url":"https:\/\/kem-europe.eu\/","logo":{"@type":"ImageObject","inLanguage":"de","@id":"https:\/\/kem-europe.eu\/#\/schema\/logo\/image\/","url":"https:\/\/kem-europe.eu\/wp-content\/uploads\/2025\/02\/KEM2019-BLACK-1500W.png","contentUrl":"https:\/\/kem-europe.eu\/wp-content\/uploads\/2025\/02\/KEM2019-BLACK-1500W.png","width":1500,"height":626,"caption":"KEM Europe"},"image":{"@id":"https:\/\/kem-europe.eu\/#\/schema\/logo\/image\/"}}]}},"_links":{"self":[{"href":"https:\/\/kem-europe.eu\/de\/wp-json\/wp\/v2\/product\/901","targetHints":{"allow":["GET"]}}],"collection":[{"href":"https:\/\/kem-europe.eu\/de\/wp-json\/wp\/v2\/product"}],"about":[{"href":"https:\/\/kem-europe.eu\/de\/wp-json\/wp\/v2\/types\/product"}],"replies":[{"embeddable":true,"href":"https:\/\/kem-europe.eu\/de\/wp-json\/wp\/v2\/comments?post=901"}],"wp:featuredmedia":[{"embeddable":true,"href":"https:\/\/kem-europe.eu\/de\/wp-json\/wp\/v2\/media\/936"}],"wp:attachment":[{"href":"https:\/\/kem-europe.eu\/de\/wp-json\/wp\/v2\/media?parent=901"}],"wp:term":[{"taxonomy":"product_brand","embeddable":true,"href":"https:\/\/kem-europe.eu\/de\/wp-json\/wp\/v2\/product_brand?post=901"},{"taxonomy":"product_cat","embeddable":true,"href":"https:\/\/kem-europe.eu\/de\/wp-json\/wp\/v2\/product_cat?post=901"},{"taxonomy":"product_tag","embeddable":true,"href":"https:\/\/kem-europe.eu\/de\/wp-json\/wp\/v2\/product_tag?post=901"}],"curies":[{"name":"wp","href":"https:\/\/api.w.org\/{rel}","templated":true}]}}