{"id":904,"date":"2025-02-27T08:16:42","date_gmt":"2025-02-27T08:16:42","guid":{"rendered":"https:\/\/kem-europe.eu\/?post_type=product&#038;p=904"},"modified":"2025-06-06T07:16:57","modified_gmt":"2025-06-06T07:16:57","slug":"keyang-hd42-7dm-bohrhammer-1350w","status":"publish","type":"product","link":"https:\/\/kem-europe.eu\/de\/product\/keyang-hd42-7dm-boorhamer-1-350w\/","title":{"rendered":"Keyang HD42-7DM Bohrhammer - 1.350W"},"content":{"rendered":"<p><a href=\"https:\/\/www.kem-europe.eu\/wp-content\/uploads\/2021\/08\/HD42-7DM-NL.png\"><img decoding=\"async\" class=\"aligncenter\" src=\"https:\/\/bjctools.nl\/wp-content\/uploads\/2021\/07\/HD42-7DM-features-NL.png\" \/><\/a><\/p>\n<h1 style=\"text-align: center;\">Vergleich mit konkurrierenden Modellen<\/h1>\n<table class=\"aligncenter\" width=\"907\">\n<tbody>\n<tr>\n<td width=\"195\"><b>Mitbewerber<\/b><\/td>\n<td colspan=\"2\" width=\"276\"><span style=\"color: #0000ff;\"><b>Mitbewerber 1<\/b><\/span><\/td>\n<td width=\"139\"><span style=\"color: #339966;\"><b>Wettbewerber 2<\/b><\/span><\/td>\n<td width=\"139\"><span style=\"color: #edbf07;\"><b>Wettbewerber 3<\/b><\/span><\/td>\n<td width=\"159\"><span style=\"color: #e01616;\"><b>KEYANG<\/b><\/span><\/td>\n<\/tr>\n<tr>\n<td width=\"195\"><b>Name des Modells<\/b><\/td>\n<td width=\"138\"><span style=\"color: #0000ff;\">-<\/span><\/td>\n<td width=\"138\"><span style=\"color: #0000ff;\">-<\/span><\/td>\n<td width=\"139\"><span style=\"color: #339966;\">-<\/span><\/td>\n<td width=\"139\"><span style=\"color: #edbf07;\">-<\/span><\/td>\n<td width=\"159\"><span style=\"color: #e01616;\">HD42-7DM<\/span><\/td>\n<\/tr>\n<tr>\n<td width=\"195\"><b>Leistung (<\/b><b>Watts)<\/b><\/td>\n<td width=\"138\"><span style=\"color: #0000ff;\">1350<\/span><\/td>\n<td width=\"138\"><span style=\"color: #0000ff;\">1500<\/span><\/td>\n<td width=\"139\"><span style=\"color: #339966;\">1050<\/span><\/td>\n<td width=\"139\"><span style=\"color: #edbf07;\">1100<\/span><\/td>\n<td width=\"159\"><span style=\"color: #e01616;\">1350<\/span><\/td>\n<\/tr>\n<tr>\n<td width=\"195\"><b>Nein<\/b><b>-Laden<\/b> <b>R<\/b><b>PM<\/b><\/td>\n<td width=\"138\"><span style=\"color: #0000ff;\">150-305<\/span><\/td>\n<td width=\"138\"><span style=\"color: #0000ff;\">150-305<\/span><\/td>\n<td width=\"139\"><span style=\"color: #339966;\">540<\/span><\/td>\n<td width=\"139\"><span style=\"color: #edbf07;\">230-460<\/span><\/td>\n<td width=\"159\"><span style=\"color: #e01616;\">150~520<\/span><\/td>\n<\/tr>\n<tr>\n<td width=\"195\"><b>BPM<\/b><\/td>\n<td width=\"138\"><span style=\"color: #0000ff;\">1375-2800<\/span><\/td>\n<td width=\"138\"><span style=\"color: #0000ff;\">1380-2760<\/span><\/td>\n<td width=\"139\"><span style=\"color: #339966;\">3150<\/span><\/td>\n<td width=\"139\"><span style=\"color: #edbf07;\">1300-2600<\/span><\/td>\n<td width=\"159\"><span style=\"color: #e01616;\">1020~3000<\/span><\/td>\n<\/tr>\n<tr>\n<td width=\"195\"><b>Auswirkungen<\/b>\u00a0<b>(<\/b><b>J)<\/b><\/td>\n<td width=\"138\"><span style=\"color: #0000ff;\">2-11<\/span><\/td>\n<td width=\"138\"><span style=\"color: #0000ff;\">17<\/span><\/td>\n<td width=\"139\"><span style=\"color: #339966;\">6.1<\/span><\/td>\n<td width=\"139\"><\/td>\n<td width=\"159\"><span style=\"color: #e01616;\">13<\/span><\/td>\n<\/tr>\n<tr>\n<td width=\"195\"><b>Gewicht (<\/b><b>kg)<\/b><\/td>\n<td width=\"138\"><span style=\"color: #0000ff;\">8.2<\/span><\/td>\n<td width=\"138\"><span style=\"color: #0000ff;\">8.9<\/span><\/td>\n<td width=\"139\"><span style=\"color: #339966;\">5.9<\/span><\/td>\n<td width=\"139\"><span style=\"color: #edbf07;\">6.9<\/span><\/td>\n<td width=\"159\"><span style=\"color: #e01616;\">7.5<\/span><\/td>\n<\/tr>\n<tr>\n<td width=\"195\"><b>Max. Bohrleistung <\/b><b>(<\/b><b>\u03a6<\/b><b>) (mm)<\/b><\/td>\n<td width=\"138\"><span style=\"color: #0000ff;\">45<\/span><\/td>\n<td width=\"138\"><span style=\"color: #0000ff;\">45<\/span><\/td>\n<td width=\"139\"><span style=\"color: #339966;\">40<\/span><\/td>\n<td width=\"139\"><span style=\"color: #edbf07;\">40<\/span><\/td>\n<td width=\"159\"><span style=\"color: #e01616;\">42<\/span><\/td>\n<\/tr>\n<tr>\n<td width=\"195\"><b>Bit<\/b><b> Typ des Halters<\/b><\/td>\n<td width=\"138\"><span style=\"color: #0000ff;\">SDS-MAX<\/span><\/td>\n<td width=\"138\"><span style=\"color: #0000ff;\">SDS-MAX<\/span><\/td>\n<td width=\"139\"><span style=\"color: #339966;\">SDS-MAX<\/span><\/td>\n<td width=\"139\"><span style=\"color: #edbf07;\">SDS-MAX<\/span><\/td>\n<td width=\"159\"><span style=\"color: #e01616;\">SDS-MAX<\/span><\/td>\n<\/tr>\n<\/tbody>\n<\/table>\n<p style=\"text-align: center;\">Im Vergleich zu den Konkurrenzmodellen schneidet das Keyang HD42-7DM im Test sehr gut ab.<\/p>\n<ul>\n<li style=\"text-align: center;\"><strong>Strom<\/strong>Im Vergleich zu seinen Konkurrenten geh\u00f6rt der HD42-7DM zu den leistungsst\u00e4rksten Bohrh\u00e4mmern. Der gro\u00dfe Vorsprung bei den Drehzahlen macht diese Maschine zu einem perfekten Bohrhammer.<\/li>\n<li style=\"text-align: center;\"><strong>Gewicht:\u00a0<\/strong>Das Gewicht des HD42-7DM ist im Vergleich zu anderen Wettbewerbern durchschnittlich. Andererseits erm\u00f6glichen die reduzierten Vibrationen des HD42-7DM einen maximalen Arbeitskomfort und minimieren die Erm\u00fcdung w\u00e4hrend der Arbeit.<\/li>\n<\/ul>","protected":false},"excerpt":{"rendered":"<p><strong>Warum Keyang w\u00e4hlen?<\/strong><\/p>\n<p>Die koreanische Marke stellt seit \u00fcber 40 Jahren hochwertige Bau- und Industriemaschinen her. Seit mehr als 25 Jahren produziert sie auch f\u00fcr mehrere A-Marken auf dem europ\u00e4ischen Markt (u.a. Kress &amp; Spit). Keyang \u00fcbertrumpft seine Konkurrenten, indem es hervorragende Qualit\u00e4t zu einem fairen Preis liefert. Von seiner Position als Marktf\u00fchrer auf dem koreanischen Markt hat das Unternehmen nun begonnen, sich auch auf den europ\u00e4ischen Markt zu konzentrieren. In relativ kurzer Zeit hat sich die koreanische Marke zu einer vertrauensw\u00fcrdigen Marke auf der Baustelle entwickelt. Das hat nichts mit ausgekl\u00fcgeltem Marketing zu tun, sondern vor allem mit\u00a0<em>erleben<\/em>.<\/p>\n<h2>Koreas erster 1.350-Watt-Rotationshammer!<\/h2>\n<p>&nbsp;<\/p>\n<div>\n<table>\n<tbody>\n<tr>\n<td class=\"echotable\"><img loading=\"lazy\" decoding=\"async\" class=\"alignnone size-full wp-image-381035\" src=\"https:\/\/www.bjctools.nl\/wp-content\/uploads\/2021\/07\/11.jpg\" alt=\"\" width=\"57\" height=\"57\" \/> \u00a0Seitlicher Griff<\/td>\n<td class=\"echotable\"><img loading=\"lazy\" decoding=\"async\" class=\"alignnone size-full wp-image-381036\" src=\"https:\/\/www.bjctools.nl\/wp-content\/uploads\/2021\/07\/12.jpg\" alt=\"\" width=\"57\" height=\"57\" \/>Geringe Vibrationen<\/td>\n<\/tr>\n<tr>\n<td class=\"echotable\"><img loading=\"lazy\" decoding=\"async\" class=\"alignnone size-full wp-image-381037\" src=\"https:\/\/www.bjctools.nl\/wp-content\/uploads\/2021\/07\/13.jpg\" alt=\"\" width=\"57\" height=\"57\" \/>Kunststoffgeh\u00e4use<\/td>\n<td class=\"echotable\"><img loading=\"lazy\" decoding=\"async\" class=\"alignnone size-full wp-image-381038\" src=\"https:\/\/www.bjctools.nl\/wp-content\/uploads\/2021\/07\/14.jpg\" alt=\"\" width=\"57\" height=\"57\" \/>Auto-Stopp-Kohleb\u00fcrsten<\/td>\n<\/tr>\n<\/tbody>\n<tbody>\n<tr>\n<td class=\"echotable\"><img loading=\"lazy\" decoding=\"async\" class=\"alignnone size-full wp-image-381039\" src=\"https:\/\/www.bjctools.nl\/wp-content\/uploads\/2021\/07\/15.jpg\" alt=\"\" width=\"57\" height=\"57\" \/>Sanfter Start<\/td>\n<td class=\"echotable\"><img loading=\"lazy\" decoding=\"async\" class=\"alignnone size-full wp-image-381040\" src=\"https:\/\/www.bjctools.nl\/wp-content\/uploads\/2021\/07\/19.jpg\" alt=\"\" width=\"57\" height=\"57\" \/>SDS Max<\/td>\n<\/tr>\n<\/tbody>\n<\/table>\n<p><strong><br \/>\nEine vollst\u00e4ndige \u00dcbersicht \u00fcber die verschiedenen Symbole finden Sie unter\u00a0<a href=\"https:\/\/kem-europe.eu\/de\/keyang\/keyang-symboliek\/\">hier<\/a>!<\/strong><\/p>\n<\/div>\n<p>&nbsp;<\/p>\n<p><strong>Umfang der Lieferung<\/strong><\/p>\n<ul>\n<li>Keyang HD42-7DM Bohrhammer - 1.350 W<\/li>\n<li>1x Seitengriff<\/li>\n<li>1x Schmiermittel<\/li>\n<li>Geliefert im Koffer<\/li>\n<\/ul>","protected":false},"featured_media":964,"comment_status":"closed","ping_status":"closed","template":"","meta":[],"product_brand":[624],"product_cat":[126],"product_tag":[],"class_list":{"0":"post-904","1":"product","2":"type-product","3":"status-publish","4":"has-post-thumbnail","6":"product_brand-keyang","7":"product_cat-combihamer","9":"first","10":"instock","11":"shipping-taxable","12":"product-type-simple"},"ct_brands":[{"id":624,"name":"KEYANG","slug":"keyang"}],"yoast_head":"<!-- This site is optimized with the Yoast SEO plugin v27.3 - https:\/\/yoast.com\/product\/yoast-seo-wordpress\/ -->\n<title>Keyang HD42-7DM Boorhamer 1350W l KEM-EUROPE<\/title>\n<meta name=\"description\" content=\"Keyang HD42-7DM Boorhamer 1350W - Verbeterde werksnelheid voor werkzaamheden met hoge intensiteit door toepassing van softstart en snelheidsregeling!\" \/>\n<meta name=\"robots\" content=\"index, follow, max-snippet:-1, max-image-preview:large, max-video-preview:-1\" \/>\n<link rel=\"canonical\" href=\"https:\/\/kem-europe.eu\/de\/produkt\/keyang-hd42-7dm-bohrhammer-1350w\/\" \/>\n<meta property=\"og:locale\" content=\"de_DE\" \/>\n<meta property=\"og:type\" content=\"article\" \/>\n<meta property=\"og:title\" content=\"Keyang HD42-7DM Boorhamer 1350W l KEM-EUROPE\" \/>\n<meta property=\"og:description\" content=\"Keyang HD42-7DM Boorhamer 1350W - Verbeterde werksnelheid voor werkzaamheden met hoge intensiteit door toepassing van softstart en snelheidsregeling!\" \/>\n<meta property=\"og:url\" content=\"https:\/\/kem-europe.eu\/de\/produkt\/keyang-hd42-7dm-bohrhammer-1350w\/\" \/>\n<meta property=\"og:site_name\" content=\"KEM Europe\" \/>\n<meta property=\"article:modified_time\" content=\"2025-06-06T07:16:57+00:00\" \/>\n<meta property=\"og:image\" content=\"https:\/\/kem-europe.eu\/wp-content\/uploads\/2025\/02\/hd42.png\" \/>\n\t<meta property=\"og:image:width\" content=\"700\" \/>\n\t<meta property=\"og:image:height\" content=\"700\" \/>\n\t<meta property=\"og:image:type\" content=\"image\/png\" \/>\n<meta name=\"twitter:card\" content=\"summary_large_image\" \/>\n<meta name=\"twitter:label1\" content=\"Gesch\u00e4tzte Lesezeit\" \/>\n\t<meta name=\"twitter:data1\" content=\"1\u00a0Minute\" \/>\n<script type=\"application\/ld+json\" class=\"yoast-schema-graph\">{\"@context\":\"https:\\\/\\\/schema.org\",\"@graph\":[{\"@type\":\"WebPage\",\"@id\":\"https:\\\/\\\/kem-europe.eu\\\/product\\\/keyang-hd42-7dm-boorhamer-1-350w\\\/\",\"url\":\"https:\\\/\\\/kem-europe.eu\\\/product\\\/keyang-hd42-7dm-boorhamer-1-350w\\\/\",\"name\":\"Keyang HD42-7DM Boorhamer 1350W l KEM-EUROPE\",\"isPartOf\":{\"@id\":\"https:\\\/\\\/kem-europe.eu\\\/#website\"},\"primaryImageOfPage\":{\"@id\":\"https:\\\/\\\/kem-europe.eu\\\/product\\\/keyang-hd42-7dm-boorhamer-1-350w\\\/#primaryimage\"},\"image\":{\"@id\":\"https:\\\/\\\/kem-europe.eu\\\/product\\\/keyang-hd42-7dm-boorhamer-1-350w\\\/#primaryimage\"},\"thumbnailUrl\":\"https:\\\/\\\/kem-europe.eu\\\/wp-content\\\/uploads\\\/2025\\\/02\\\/hd42.png\",\"datePublished\":\"2025-02-27T08:16:42+00:00\",\"dateModified\":\"2025-06-06T07:16:57+00:00\",\"description\":\"Keyang HD42-7DM Boorhamer 1350W - Verbeterde werksnelheid voor werkzaamheden met hoge intensiteit door toepassing van softstart en snelheidsregeling!\",\"breadcrumb\":{\"@id\":\"https:\\\/\\\/kem-europe.eu\\\/product\\\/keyang-hd42-7dm-boorhamer-1-350w\\\/#breadcrumb\"},\"inLanguage\":\"de\",\"potentialAction\":[{\"@type\":\"ReadAction\",\"target\":[\"https:\\\/\\\/kem-europe.eu\\\/product\\\/keyang-hd42-7dm-boorhamer-1-350w\\\/\"]}]},{\"@type\":\"ImageObject\",\"inLanguage\":\"de\",\"@id\":\"https:\\\/\\\/kem-europe.eu\\\/product\\\/keyang-hd42-7dm-boorhamer-1-350w\\\/#primaryimage\",\"url\":\"https:\\\/\\\/kem-europe.eu\\\/wp-content\\\/uploads\\\/2025\\\/02\\\/hd42.png\",\"contentUrl\":\"https:\\\/\\\/kem-europe.eu\\\/wp-content\\\/uploads\\\/2025\\\/02\\\/hd42.png\",\"width\":700,\"height\":700},{\"@type\":\"BreadcrumbList\",\"@id\":\"https:\\\/\\\/kem-europe.eu\\\/product\\\/keyang-hd42-7dm-boorhamer-1-350w\\\/#breadcrumb\",\"itemListElement\":[{\"@type\":\"ListItem\",\"position\":1,\"name\":\"Home\",\"item\":\"https:\\\/\\\/kem-europe.eu\\\/\"},{\"@type\":\"ListItem\",\"position\":2,\"name\":\"Winkel\",\"item\":\"https:\\\/\\\/kem-europe.eu\\\/winkel\\\/\"},{\"@type\":\"ListItem\",\"position\":3,\"name\":\"Keyang HD42-7DM Boorhamer &#8211; 1.350W\"}]},{\"@type\":\"WebSite\",\"@id\":\"https:\\\/\\\/kem-europe.eu\\\/#website\",\"url\":\"https:\\\/\\\/kem-europe.eu\\\/\",\"name\":\"KEM Europe\",\"description\":\"\",\"publisher\":{\"@id\":\"https:\\\/\\\/kem-europe.eu\\\/#organization\"},\"potentialAction\":[{\"@type\":\"SearchAction\",\"target\":{\"@type\":\"EntryPoint\",\"urlTemplate\":\"https:\\\/\\\/kem-europe.eu\\\/?s={search_term_string}\"},\"query-input\":{\"@type\":\"PropertyValueSpecification\",\"valueRequired\":true,\"valueName\":\"search_term_string\"}}],\"inLanguage\":\"de\"},{\"@type\":\"Organization\",\"@id\":\"https:\\\/\\\/kem-europe.eu\\\/#organization\",\"name\":\"KEM Europe\",\"url\":\"https:\\\/\\\/kem-europe.eu\\\/\",\"logo\":{\"@type\":\"ImageObject\",\"inLanguage\":\"de\",\"@id\":\"https:\\\/\\\/kem-europe.eu\\\/#\\\/schema\\\/logo\\\/image\\\/\",\"url\":\"https:\\\/\\\/kem-europe.eu\\\/wp-content\\\/uploads\\\/2025\\\/02\\\/KEM2019-BLACK-1500W.png\",\"contentUrl\":\"https:\\\/\\\/kem-europe.eu\\\/wp-content\\\/uploads\\\/2025\\\/02\\\/KEM2019-BLACK-1500W.png\",\"width\":1500,\"height\":626,\"caption\":\"KEM Europe\"},\"image\":{\"@id\":\"https:\\\/\\\/kem-europe.eu\\\/#\\\/schema\\\/logo\\\/image\\\/\"}}]}<\/script>\n<!-- \/ Yoast SEO plugin. -->","yoast_head_json":{"title":"Keyang HD42-7DM Bohrhammer 1350W l KEM-EUROPE","description":"Keyang HD42-7DM Bohrhammer 1350W - Verbesserte Arbeitsgeschwindigkeit f\u00fcr Arbeiten mit hoher Intensit\u00e4t durch Soft-Start und Drehzahlregelung!","robots":{"index":"index","follow":"follow","max-snippet":"max-snippet:-1","max-image-preview":"max-image-preview:large","max-video-preview":"max-video-preview:-1"},"canonical":"https:\/\/kem-europe.eu\/de\/produkt\/keyang-hd42-7dm-bohrhammer-1350w\/","og_locale":"de_DE","og_type":"article","og_title":"Keyang HD42-7DM Boorhamer 1350W l KEM-EUROPE","og_description":"Keyang HD42-7DM Boorhamer 1350W - Verbeterde werksnelheid voor werkzaamheden met hoge intensiteit door toepassing van softstart en snelheidsregeling!","og_url":"https:\/\/kem-europe.eu\/de\/produkt\/keyang-hd42-7dm-bohrhammer-1350w\/","og_site_name":"KEM Europe","article_modified_time":"2025-06-06T07:16:57+00:00","og_image":[{"width":700,"height":700,"url":"https:\/\/kem-europe.eu\/wp-content\/uploads\/2025\/02\/hd42.png","type":"image\/png"}],"twitter_card":"summary_large_image","twitter_misc":{"Gesch\u00e4tzte Lesezeit":"1\u00a0Minute"},"schema":{"@context":"https:\/\/schema.org","@graph":[{"@type":"WebPage","@id":"https:\/\/kem-europe.eu\/product\/keyang-hd42-7dm-boorhamer-1-350w\/","url":"https:\/\/kem-europe.eu\/product\/keyang-hd42-7dm-boorhamer-1-350w\/","name":"Keyang HD42-7DM Bohrhammer 1350W l KEM-EUROPE","isPartOf":{"@id":"https:\/\/kem-europe.eu\/#website"},"primaryImageOfPage":{"@id":"https:\/\/kem-europe.eu\/product\/keyang-hd42-7dm-boorhamer-1-350w\/#primaryimage"},"image":{"@id":"https:\/\/kem-europe.eu\/product\/keyang-hd42-7dm-boorhamer-1-350w\/#primaryimage"},"thumbnailUrl":"https:\/\/kem-europe.eu\/wp-content\/uploads\/2025\/02\/hd42.png","datePublished":"2025-02-27T08:16:42+00:00","dateModified":"2025-06-06T07:16:57+00:00","description":"Keyang HD42-7DM Bohrhammer 1350W - Verbesserte Arbeitsgeschwindigkeit f\u00fcr Arbeiten mit hoher Intensit\u00e4t durch Soft-Start und Drehzahlregelung!","breadcrumb":{"@id":"https:\/\/kem-europe.eu\/product\/keyang-hd42-7dm-boorhamer-1-350w\/#breadcrumb"},"inLanguage":"de","potentialAction":[{"@type":"ReadAction","target":["https:\/\/kem-europe.eu\/product\/keyang-hd42-7dm-boorhamer-1-350w\/"]}]},{"@type":"ImageObject","inLanguage":"de","@id":"https:\/\/kem-europe.eu\/product\/keyang-hd42-7dm-boorhamer-1-350w\/#primaryimage","url":"https:\/\/kem-europe.eu\/wp-content\/uploads\/2025\/02\/hd42.png","contentUrl":"https:\/\/kem-europe.eu\/wp-content\/uploads\/2025\/02\/hd42.png","width":700,"height":700},{"@type":"BreadcrumbList","@id":"https:\/\/kem-europe.eu\/product\/keyang-hd42-7dm-boorhamer-1-350w\/#breadcrumb","itemListElement":[{"@type":"ListItem","position":1,"name":"Home","item":"https:\/\/kem-europe.eu\/"},{"@type":"ListItem","position":2,"name":"Winkel","item":"https:\/\/kem-europe.eu\/winkel\/"},{"@type":"ListItem","position":3,"name":"Keyang HD42-7DM Boorhamer &#8211; 1.350W"}]},{"@type":"WebSite","@id":"https:\/\/kem-europe.eu\/#website","url":"https:\/\/kem-europe.eu\/","name":"KEM Europe","description":"","publisher":{"@id":"https:\/\/kem-europe.eu\/#organization"},"potentialAction":[{"@type":"SearchAction","target":{"@type":"EntryPoint","urlTemplate":"https:\/\/kem-europe.eu\/?s={search_term_string}"},"query-input":{"@type":"PropertyValueSpecification","valueRequired":true,"valueName":"search_term_string"}}],"inLanguage":"de"},{"@type":"Organization","@id":"https:\/\/kem-europe.eu\/#organization","name":"KEM Europe","url":"https:\/\/kem-europe.eu\/","logo":{"@type":"ImageObject","inLanguage":"de","@id":"https:\/\/kem-europe.eu\/#\/schema\/logo\/image\/","url":"https:\/\/kem-europe.eu\/wp-content\/uploads\/2025\/02\/KEM2019-BLACK-1500W.png","contentUrl":"https:\/\/kem-europe.eu\/wp-content\/uploads\/2025\/02\/KEM2019-BLACK-1500W.png","width":1500,"height":626,"caption":"KEM Europe"},"image":{"@id":"https:\/\/kem-europe.eu\/#\/schema\/logo\/image\/"}}]}},"_links":{"self":[{"href":"https:\/\/kem-europe.eu\/de\/wp-json\/wp\/v2\/product\/904","targetHints":{"allow":["GET"]}}],"collection":[{"href":"https:\/\/kem-europe.eu\/de\/wp-json\/wp\/v2\/product"}],"about":[{"href":"https:\/\/kem-europe.eu\/de\/wp-json\/wp\/v2\/types\/product"}],"replies":[{"embeddable":true,"href":"https:\/\/kem-europe.eu\/de\/wp-json\/wp\/v2\/comments?post=904"}],"wp:featuredmedia":[{"embeddable":true,"href":"https:\/\/kem-europe.eu\/de\/wp-json\/wp\/v2\/media\/964"}],"wp:attachment":[{"href":"https:\/\/kem-europe.eu\/de\/wp-json\/wp\/v2\/media?parent=904"}],"wp:term":[{"taxonomy":"product_brand","embeddable":true,"href":"https:\/\/kem-europe.eu\/de\/wp-json\/wp\/v2\/product_brand?post=904"},{"taxonomy":"product_cat","embeddable":true,"href":"https:\/\/kem-europe.eu\/de\/wp-json\/wp\/v2\/product_cat?post=904"},{"taxonomy":"product_tag","embeddable":true,"href":"https:\/\/kem-europe.eu\/de\/wp-json\/wp\/v2\/product_tag?post=904"}],"curies":[{"name":"wp","href":"https:\/\/api.w.org\/{rel}","templated":true}]}}