{"id":905,"date":"2025-02-27T08:16:42","date_gmt":"2025-02-27T08:16:42","guid":{"rendered":"https:\/\/kem-europe.eu\/?post_type=product&#038;p=905"},"modified":"2025-02-27T13:35:45","modified_gmt":"2025-02-27T13:35:45","slug":"bycon-ivc1000-industrie-zyklonstaubsauger-1200w-hepa13","status":"publish","type":"product","link":"https:\/\/kem-europe.eu\/de\/product\/bycon-ivc1000-industriele-cycloon-stofzuiger-1200w-230v-hepa13-filter\/","title":{"rendered":"Bycon IVC1000 Industrieller Zyklon Staubsauger 1200W 230V - HEPA13 Filter"},"content":{"rendered":"<div>\n<p><em><span style=\"font-size: 22px;\"><strong>BYCON Zyklon Staubsauger\u00a0<\/strong><\/span><\/em><\/p>\n<ul>\n<li>Absaugen von feinem und trockenem Staub aus Beton, Epoxid, Asbest, ...<\/li>\n<li>Staubfreies Schleifen, S\u00e4gen, Fr\u00e4sen, Zerspanen, Bouchardieren, Polieren.<\/li>\n<li>F\u00fcr die allgemeine und allgemeine Baustellenreinigung.<\/li>\n<li>Vorabscheider zur Erh\u00f6hung der Staubsammelkapazit\u00e4t.<\/li>\n<\/ul>\n<p><strong>Bycon IVC1000 Industrieller Zyklon Staubsauger 1200W 230V - HEPA13 Filter<\/strong><\/p>\n<p>BYCONs Industrie-Zyklonsauger IVC-1000 ist mit einem H13 HEPA-Filter ausgestattet. Dieser mobile Zyklonsauger ist f\u00fcr die Quellenabsaugung und Reinigung konzipiert und eignet sich auch hervorragend f\u00fcr die Absaugung von gesundheitsgef\u00e4hrdenden Stoffen. Die Staubabscheidung im Zyklon erfolgt in drei Stufen. Zun\u00e4chst werden durch die Zyklonwirkung die gr\u00f6bsten Staubpartikel abgeschieden. Anschlie\u00dfend wird der feinere Staub durch einen konischen Vorfilter herausgefiltert.<\/p>\n<p>Dieser Staubsauger wird f\u00fcr kleine Schleifmaschinen und Elektrowerkzeuge empfohlen. HEPA bezieht sich auf spezielle Luftfilter, die je nach Filtertyp mindestens 85% und maximal 99,999995% aller Staubpartikel von 0,3 Mikrometern (\u00b5m) zur\u00fcckhalten. Der Staubsauger ist mit einem kontinuierlichen, faltbaren Beutelsystem f\u00fcr eine effektive Staubaufbewahrung ausgestattet.<\/p>\n<\/div>\n<hr \/>\n<p><strong style=\"font-size: 20px;\"><em>3-Stufen-Filtersystem mit JET-PULSE-Filterreinigung<\/em><\/strong><\/p>\n<ul>\n<li>Der IVC-1000 ist ein einmotoriger HEPA-Staubabscheider mit einem zweistufigen Filtersystem, das aus einem konischen Hauptfilter und einem H13 HEPA-Filter besteht.\n<ul>\n<li>Die konische Form der Filter und diese hocheffektive Reinigungsmethode garantieren eine lange Lebensdauer der Filter<\/li>\n<\/ul>\n<\/li>\n<li>Ausgestattet mit einem \"Continuous Bag\"-Entsorgungssystem f\u00fcr eine effektive Staubabscheidung\n<ul>\n<li>Das abgeschiedene Material wird in dem \"kontinuierlichen\" Beutelsystem unter dem Ger\u00e4t gesammelt. Die Filter k\u00f6nnen staubfrei gewechselt werden.<\/li>\n<\/ul>\n<\/li>\n<li>Ausgestattet mit Steckdose f\u00fcr den Anschluss von Elektrowerkzeugen\n<ul>\n<li>Nicht mit automatischer Startfunktion ausgestattet<\/li>\n<\/ul>\n<\/li>\n<li>\"Reverse-Air\"-Jet-Pulse-Filterreinigungssystem - reinigt und entfernt effektiv Staubansammlungen auf den Filtern<\/li>\n<li>Einfach zu bedienende \"Einlassverriegelungst\u00fcr\" - macht das Entfernen von Schl\u00e4uchen beim Pulsieren und Reinigen von Filtern \u00fcberfl\u00fcssig<\/li>\n<li>Einfacher Anschluss an handgef\u00fchrte Elektrowerkzeuge zum Absaugen von Betonstaub beim Schneiden und Schleifen<\/li>\n<li>Der Hauptfilter hat eine Filterfl\u00e4che von 1,7 m2<\/li>\n<li>Jeder der HEPA-Filter wurde von unabh\u00e4ngiger Seite getestet und zertifiziert.<\/li>\n<li>Die IVC-1000 kann den Feinstaub mit einem Wirkungsgrad von \uff1e99,99%@0.3\u03bcm abscheiden und macht Ihren Arbeitsplatz zu einer sauberen und sicheren Umgebung.<\/li>\n<li>IVC-1000 wird f\u00fcr kleine Schleifmaschinen und Handwerkzeuge empfohlen<\/li>\n<li>Der Staubabscheider wurde f\u00fcr schwierige Umgebungen und Aufgaben entwickelt und hergestellt<\/li>\n<li>Die Maschine ist f\u00fcr das Absaugen und Abscheiden von trockenem, nicht brennbarem Staub mit einer Explosionsgrenze von 0,1 mg\/m\u00b3 ausgelegt.<\/li>\n<li>Ausgestattet mit einem zus\u00e4tzlichen Schlitz f\u00fcr die Saugstange<\/li>\n<li>Ideal f\u00fcr die Verwendung mit z.B. dem BYCON DFG-250E Floor Sander 250mm<\/li>\n<\/ul>\n<hr \/>\n<p><span style=\"font-size: 20px;\"><strong><em>Wesentliche Merkmale<\/em><\/strong><\/span><\/p>\n<ol>\n<li>OSHA-konformer H13 HEPA-Filter - (einzeln gepr\u00fcft und zugelassen)<\/li>\n<li>Spurlose Hinterr\u00e4der und feststellbare Lenkrollen.<\/li>\n<li>Effizientes Jet-Pulse-Filterreinigungssystem<\/li>\n<li>Das \"Continuous Bagging\"-System gew\u00e4hrleistet einen schnellen und staubfreien Beutelwechsel<\/li>\n<li>Elegantes und tragbares Design, der Transport ist ein Kinderspiel<\/li>\n<li>Steckdose f\u00fcr Elektrowerkzeuge - ohne Automatikstartsystem<\/li>\n<\/ol>\n<hr \/>\n<p><strong>Technische Daten<\/strong><\/p>\n<ul>\n<li>Spannung - 240V \/ 50\/60 Hz<\/li>\n<li>Ger\u00e4uschpegel - 70 dB(A)<\/li>\n<li>Stromst\u00e4rke - 4,0 Ah<\/li>\n<li>Leistung - 1200 W<\/li>\n<li>Luftstrom - 200 m\u00b3\/h<\/li>\n<li>Unterdruck - 220mBar<\/li>\n<li>Vorfilter - 1,7 m\u00b2 &gt; 99,5%@1.0\u03bcm<\/li>\n<li>HEPA-Filter - 1,2 m\u00b2 &gt; 99,99%@0.3\u03bcm<\/li>\n<li>Filterreinigung - Jet Pulse Filterreinigung<\/li>\n<li>Gewicht - 30 kg<\/li>\n<li>Abmessungen - 420 x 680 x 1100 mm<img loading=\"lazy\" decoding=\"async\" class=\"wp-image-387716 alignright\" src=\"https:\/\/bjctools.nl\/wp-content\/uploads\/2021\/08\/Leveringsomvang-IVC-1000.png\" alt=\"\" width=\"687\" height=\"226\" \/><\/li>\n<\/ul>\n<p><strong>Umfang der Lieferung<\/strong><\/p>\n<ul>\n<li>Bycon IVC-1000 Industrieller Zyklon-Staubsauger<\/li>\n<li>HEPA-13-Filter<\/li>\n<li>Konischer Polyester-Vorfilter<\/li>\n<li>Zubeh\u00f6r:\n<ul>\n<li>2-teilige Edelstahl-Saugleiste<\/li>\n<li>4M antistatischer Vakuumschlauch \u00d850mm<\/li>\n<li>Bodend\u00fcse<\/li>\n<li>Fester Schlauch<\/li>\n<\/ul>\n<\/li>\n<\/ul>","protected":false},"excerpt":{"rendered":"<p>BYCON Cycloonstofzuigers\u00a0 Opzuigen van fijn- en\u00a0droogstof van beton, epoxy, asbest, \u00a0&#8230; Stofvrij schuren, zagen, frezen, bikken, boucharderen, polijsten. Voor algemene en algehele reiniging van de bouwplaats. Voorafscheiders om stofopvang capaciteit te verhogen. Bycon IVC1000 Industri\u00eble Cycloon stofzuiger 1200W 230V &#8211; HEPA13-filter De Industri\u00eble cycloon stofzuiger IVC-1000 van BYCON is voorzien van \u00e9\u00e9n H13 HEPA-filter. Deze [&hellip;]<\/p>\n","protected":false},"featured_media":969,"comment_status":"closed","ping_status":"closed","template":"","meta":[],"product_brand":[627],"product_cat":[135],"product_tag":[],"class_list":{"0":"post-905","1":"product","2":"type-product","3":"status-publish","4":"has-post-thumbnail","6":"product_brand-bycon","7":"product_cat-cycloon-stofafzuiger","9":"first","10":"instock","11":"shipping-taxable","12":"product-type-simple"},"ct_brands":[{"id":627,"name":"BYCON","slug":"bycon"}],"yoast_head":"<!-- This site is optimized with the Yoast SEO plugin v27.4 - https:\/\/yoast.com\/product\/yoast-seo-wordpress\/ -->\n<title>Bycon IVC1000 Industri\u00eble Cycloon stofzuiger 1200W 230V - HEPA13-filter - KEM Europe<\/title>\n<meta name=\"robots\" content=\"index, follow, max-snippet:-1, max-image-preview:large, max-video-preview:-1\" \/>\n<link rel=\"canonical\" href=\"https:\/\/kem-europe.eu\/de\/produkt\/bycon-ivc1000-industrie-zyklonstaubsauger-1200w-hepa13\/\" \/>\n<meta property=\"og:locale\" content=\"de_DE\" \/>\n<meta property=\"og:type\" content=\"article\" \/>\n<meta property=\"og:title\" content=\"Bycon IVC1000 Industri\u00eble Cycloon stofzuiger 1200W 230V - HEPA13-filter - KEM Europe\" \/>\n<meta property=\"og:description\" content=\"BYCON Cycloonstofzuigers\u00a0 Opzuigen van fijn- en\u00a0droogstof van beton, epoxy, asbest, \u00a0&#8230; Stofvrij schuren, zagen, frezen, bikken, boucharderen, polijsten. Voor algemene en algehele reiniging van de bouwplaats. Voorafscheiders om stofopvang capaciteit te verhogen. Bycon IVC1000 Industri\u00eble Cycloon stofzuiger 1200W 230V &#8211; HEPA13-filter De Industri\u00eble cycloon stofzuiger IVC-1000 van BYCON is voorzien van \u00e9\u00e9n H13 HEPA-filter. Deze [&hellip;]\" \/>\n<meta property=\"og:url\" content=\"https:\/\/kem-europe.eu\/de\/produkt\/bycon-ivc1000-industrie-zyklonstaubsauger-1200w-hepa13\/\" \/>\n<meta property=\"og:site_name\" content=\"KEM Europe\" \/>\n<meta property=\"article:modified_time\" content=\"2025-02-27T13:35:45+00:00\" \/>\n<meta property=\"og:image\" content=\"https:\/\/kem-europe.eu\/wp-content\/uploads\/2025\/02\/IVC1000-1.jpg\" \/>\n\t<meta property=\"og:image:width\" content=\"700\" \/>\n\t<meta property=\"og:image:height\" content=\"700\" \/>\n\t<meta property=\"og:image:type\" content=\"image\/jpeg\" \/>\n<meta name=\"twitter:card\" content=\"summary_large_image\" \/>\n<meta name=\"twitter:label1\" content=\"Gesch\u00e4tzte Lesezeit\" \/>\n\t<meta name=\"twitter:data1\" content=\"1\u00a0Minute\" \/>\n<script type=\"application\/ld+json\" class=\"yoast-schema-graph\">{\"@context\":\"https:\\\/\\\/schema.org\",\"@graph\":[{\"@type\":\"WebPage\",\"@id\":\"https:\\\/\\\/kem-europe.eu\\\/product\\\/bycon-ivc1000-industriele-cycloon-stofzuiger-1200w-230v-hepa13-filter\\\/\",\"url\":\"https:\\\/\\\/kem-europe.eu\\\/product\\\/bycon-ivc1000-industriele-cycloon-stofzuiger-1200w-230v-hepa13-filter\\\/\",\"name\":\"Bycon IVC1000 Industri\u00eble Cycloon stofzuiger 1200W 230V - HEPA13-filter - KEM Europe\",\"isPartOf\":{\"@id\":\"https:\\\/\\\/kem-europe.eu\\\/#website\"},\"primaryImageOfPage\":{\"@id\":\"https:\\\/\\\/kem-europe.eu\\\/product\\\/bycon-ivc1000-industriele-cycloon-stofzuiger-1200w-230v-hepa13-filter\\\/#primaryimage\"},\"image\":{\"@id\":\"https:\\\/\\\/kem-europe.eu\\\/product\\\/bycon-ivc1000-industriele-cycloon-stofzuiger-1200w-230v-hepa13-filter\\\/#primaryimage\"},\"thumbnailUrl\":\"https:\\\/\\\/kem-europe.eu\\\/wp-content\\\/uploads\\\/2025\\\/02\\\/IVC1000-1.jpg\",\"datePublished\":\"2025-02-27T08:16:42+00:00\",\"dateModified\":\"2025-02-27T13:35:45+00:00\",\"breadcrumb\":{\"@id\":\"https:\\\/\\\/kem-europe.eu\\\/product\\\/bycon-ivc1000-industriele-cycloon-stofzuiger-1200w-230v-hepa13-filter\\\/#breadcrumb\"},\"inLanguage\":\"de\",\"potentialAction\":[{\"@type\":\"ReadAction\",\"target\":[\"https:\\\/\\\/kem-europe.eu\\\/product\\\/bycon-ivc1000-industriele-cycloon-stofzuiger-1200w-230v-hepa13-filter\\\/\"]}]},{\"@type\":\"ImageObject\",\"inLanguage\":\"de\",\"@id\":\"https:\\\/\\\/kem-europe.eu\\\/product\\\/bycon-ivc1000-industriele-cycloon-stofzuiger-1200w-230v-hepa13-filter\\\/#primaryimage\",\"url\":\"https:\\\/\\\/kem-europe.eu\\\/wp-content\\\/uploads\\\/2025\\\/02\\\/IVC1000-1.jpg\",\"contentUrl\":\"https:\\\/\\\/kem-europe.eu\\\/wp-content\\\/uploads\\\/2025\\\/02\\\/IVC1000-1.jpg\",\"width\":700,\"height\":700},{\"@type\":\"BreadcrumbList\",\"@id\":\"https:\\\/\\\/kem-europe.eu\\\/product\\\/bycon-ivc1000-industriele-cycloon-stofzuiger-1200w-230v-hepa13-filter\\\/#breadcrumb\",\"itemListElement\":[{\"@type\":\"ListItem\",\"position\":1,\"name\":\"Home\",\"item\":\"https:\\\/\\\/kem-europe.eu\\\/\"},{\"@type\":\"ListItem\",\"position\":2,\"name\":\"Winkel\",\"item\":\"https:\\\/\\\/kem-europe.eu\\\/winkel\\\/\"},{\"@type\":\"ListItem\",\"position\":3,\"name\":\"Bycon IVC1000 Industri\u00eble Cycloon stofzuiger 1200W 230V &#8211; HEPA13-filter\"}]},{\"@type\":\"WebSite\",\"@id\":\"https:\\\/\\\/kem-europe.eu\\\/#website\",\"url\":\"https:\\\/\\\/kem-europe.eu\\\/\",\"name\":\"KEM Europe\",\"description\":\"\",\"publisher\":{\"@id\":\"https:\\\/\\\/kem-europe.eu\\\/#organization\"},\"potentialAction\":[{\"@type\":\"SearchAction\",\"target\":{\"@type\":\"EntryPoint\",\"urlTemplate\":\"https:\\\/\\\/kem-europe.eu\\\/?s={search_term_string}\"},\"query-input\":{\"@type\":\"PropertyValueSpecification\",\"valueRequired\":true,\"valueName\":\"search_term_string\"}}],\"inLanguage\":\"de\"},{\"@type\":\"Organization\",\"@id\":\"https:\\\/\\\/kem-europe.eu\\\/#organization\",\"name\":\"KEM Europe\",\"url\":\"https:\\\/\\\/kem-europe.eu\\\/\",\"logo\":{\"@type\":\"ImageObject\",\"inLanguage\":\"de\",\"@id\":\"https:\\\/\\\/kem-europe.eu\\\/#\\\/schema\\\/logo\\\/image\\\/\",\"url\":\"https:\\\/\\\/kem-europe.eu\\\/wp-content\\\/uploads\\\/2025\\\/02\\\/KEM2019-BLACK-1500W.png\",\"contentUrl\":\"https:\\\/\\\/kem-europe.eu\\\/wp-content\\\/uploads\\\/2025\\\/02\\\/KEM2019-BLACK-1500W.png\",\"width\":1500,\"height\":626,\"caption\":\"KEM Europe\"},\"image\":{\"@id\":\"https:\\\/\\\/kem-europe.eu\\\/#\\\/schema\\\/logo\\\/image\\\/\"}}]}<\/script>\n<!-- \/ Yoast SEO plugin. -->","yoast_head_json":{"title":"Bycon IVC1000 Industrieller Zyklon-Staubsauger 1200W 230V - HEPA13 Filter - KEM Europe","robots":{"index":"index","follow":"follow","max-snippet":"max-snippet:-1","max-image-preview":"max-image-preview:large","max-video-preview":"max-video-preview:-1"},"canonical":"https:\/\/kem-europe.eu\/de\/produkt\/bycon-ivc1000-industrie-zyklonstaubsauger-1200w-hepa13\/","og_locale":"de_DE","og_type":"article","og_title":"Bycon IVC1000 Industri\u00eble Cycloon stofzuiger 1200W 230V - HEPA13-filter - KEM Europe","og_description":"BYCON Cycloonstofzuigers\u00a0 Opzuigen van fijn- en\u00a0droogstof van beton, epoxy, asbest, \u00a0&#8230; Stofvrij schuren, zagen, frezen, bikken, boucharderen, polijsten. Voor algemene en algehele reiniging van de bouwplaats. Voorafscheiders om stofopvang capaciteit te verhogen. Bycon IVC1000 Industri\u00eble Cycloon stofzuiger 1200W 230V &#8211; HEPA13-filter De Industri\u00eble cycloon stofzuiger IVC-1000 van BYCON is voorzien van \u00e9\u00e9n H13 HEPA-filter. Deze [&hellip;]","og_url":"https:\/\/kem-europe.eu\/de\/produkt\/bycon-ivc1000-industrie-zyklonstaubsauger-1200w-hepa13\/","og_site_name":"KEM Europe","article_modified_time":"2025-02-27T13:35:45+00:00","og_image":[{"width":700,"height":700,"url":"https:\/\/kem-europe.eu\/wp-content\/uploads\/2025\/02\/IVC1000-1.jpg","type":"image\/jpeg"}],"twitter_card":"summary_large_image","twitter_misc":{"Gesch\u00e4tzte Lesezeit":"1\u00a0Minute"},"schema":{"@context":"https:\/\/schema.org","@graph":[{"@type":"WebPage","@id":"https:\/\/kem-europe.eu\/product\/bycon-ivc1000-industriele-cycloon-stofzuiger-1200w-230v-hepa13-filter\/","url":"https:\/\/kem-europe.eu\/product\/bycon-ivc1000-industriele-cycloon-stofzuiger-1200w-230v-hepa13-filter\/","name":"Bycon IVC1000 Industrieller Zyklon-Staubsauger 1200W 230V - HEPA13 Filter - KEM Europe","isPartOf":{"@id":"https:\/\/kem-europe.eu\/#website"},"primaryImageOfPage":{"@id":"https:\/\/kem-europe.eu\/product\/bycon-ivc1000-industriele-cycloon-stofzuiger-1200w-230v-hepa13-filter\/#primaryimage"},"image":{"@id":"https:\/\/kem-europe.eu\/product\/bycon-ivc1000-industriele-cycloon-stofzuiger-1200w-230v-hepa13-filter\/#primaryimage"},"thumbnailUrl":"https:\/\/kem-europe.eu\/wp-content\/uploads\/2025\/02\/IVC1000-1.jpg","datePublished":"2025-02-27T08:16:42+00:00","dateModified":"2025-02-27T13:35:45+00:00","breadcrumb":{"@id":"https:\/\/kem-europe.eu\/product\/bycon-ivc1000-industriele-cycloon-stofzuiger-1200w-230v-hepa13-filter\/#breadcrumb"},"inLanguage":"de","potentialAction":[{"@type":"ReadAction","target":["https:\/\/kem-europe.eu\/product\/bycon-ivc1000-industriele-cycloon-stofzuiger-1200w-230v-hepa13-filter\/"]}]},{"@type":"ImageObject","inLanguage":"de","@id":"https:\/\/kem-europe.eu\/product\/bycon-ivc1000-industriele-cycloon-stofzuiger-1200w-230v-hepa13-filter\/#primaryimage","url":"https:\/\/kem-europe.eu\/wp-content\/uploads\/2025\/02\/IVC1000-1.jpg","contentUrl":"https:\/\/kem-europe.eu\/wp-content\/uploads\/2025\/02\/IVC1000-1.jpg","width":700,"height":700},{"@type":"BreadcrumbList","@id":"https:\/\/kem-europe.eu\/product\/bycon-ivc1000-industriele-cycloon-stofzuiger-1200w-230v-hepa13-filter\/#breadcrumb","itemListElement":[{"@type":"ListItem","position":1,"name":"Home","item":"https:\/\/kem-europe.eu\/"},{"@type":"ListItem","position":2,"name":"Winkel","item":"https:\/\/kem-europe.eu\/winkel\/"},{"@type":"ListItem","position":3,"name":"Bycon IVC1000 Industri\u00eble Cycloon stofzuiger 1200W 230V &#8211; HEPA13-filter"}]},{"@type":"WebSite","@id":"https:\/\/kem-europe.eu\/#website","url":"https:\/\/kem-europe.eu\/","name":"KEM Europe","description":"","publisher":{"@id":"https:\/\/kem-europe.eu\/#organization"},"potentialAction":[{"@type":"SearchAction","target":{"@type":"EntryPoint","urlTemplate":"https:\/\/kem-europe.eu\/?s={search_term_string}"},"query-input":{"@type":"PropertyValueSpecification","valueRequired":true,"valueName":"search_term_string"}}],"inLanguage":"de"},{"@type":"Organization","@id":"https:\/\/kem-europe.eu\/#organization","name":"KEM Europe","url":"https:\/\/kem-europe.eu\/","logo":{"@type":"ImageObject","inLanguage":"de","@id":"https:\/\/kem-europe.eu\/#\/schema\/logo\/image\/","url":"https:\/\/kem-europe.eu\/wp-content\/uploads\/2025\/02\/KEM2019-BLACK-1500W.png","contentUrl":"https:\/\/kem-europe.eu\/wp-content\/uploads\/2025\/02\/KEM2019-BLACK-1500W.png","width":1500,"height":626,"caption":"KEM Europe"},"image":{"@id":"https:\/\/kem-europe.eu\/#\/schema\/logo\/image\/"}}]}},"_links":{"self":[{"href":"https:\/\/kem-europe.eu\/de\/wp-json\/wp\/v2\/product\/905","targetHints":{"allow":["GET"]}}],"collection":[{"href":"https:\/\/kem-europe.eu\/de\/wp-json\/wp\/v2\/product"}],"about":[{"href":"https:\/\/kem-europe.eu\/de\/wp-json\/wp\/v2\/types\/product"}],"replies":[{"embeddable":true,"href":"https:\/\/kem-europe.eu\/de\/wp-json\/wp\/v2\/comments?post=905"}],"wp:featuredmedia":[{"embeddable":true,"href":"https:\/\/kem-europe.eu\/de\/wp-json\/wp\/v2\/media\/969"}],"wp:attachment":[{"href":"https:\/\/kem-europe.eu\/de\/wp-json\/wp\/v2\/media?parent=905"}],"wp:term":[{"taxonomy":"product_brand","embeddable":true,"href":"https:\/\/kem-europe.eu\/de\/wp-json\/wp\/v2\/product_brand?post=905"},{"taxonomy":"product_cat","embeddable":true,"href":"https:\/\/kem-europe.eu\/de\/wp-json\/wp\/v2\/product_cat?post=905"},{"taxonomy":"product_tag","embeddable":true,"href":"https:\/\/kem-europe.eu\/de\/wp-json\/wp\/v2\/product_tag?post=905"}],"curies":[{"name":"wp","href":"https:\/\/api.w.org\/{rel}","templated":true}]}}