{"id":939,"date":"2025-02-27T08:17:03","date_gmt":"2025-02-27T08:17:03","guid":{"rendered":"https:\/\/kem-europe.eu\/?post_type=product&#038;p=939"},"modified":"2025-06-06T07:16:24","modified_gmt":"2025-06-06T07:16:24","slug":"keyang-hd26-800t-kombihammer-800w-2kg","status":"publish","type":"product","link":"https:\/\/kem-europe.eu\/de\/product\/keyang-hd26-800t-combihamer-800w-2kg\/","title":{"rendered":"Keyang HD26-800T Kombihammer - 800W - 2KG"},"content":{"rendered":"<p><a href=\"https:\/\/www.kem-europe.eu\/wp-content\/uploads\/2022\/08\/HD26-800T_NL.png\"><img decoding=\"async\" class=\"aligncenter\" src=\"https:\/\/www.keyangtools.com\/wp-content\/uploads\/2022\/08\/HD26-800T_NL.png\" \/><\/a><\/p>\n<ul>\n<li>360 mm Kompakte Bauweise<\/li>\n<li>Optimaler Mechanismus: Sobald die Geschwindigkeit steigt, sinkt die W\u00e4rme<\/li>\n<li>Sicherheitskupplung verhindert Sch\u00e4den und Verletzungen durch die Kraft, die entsteht, wenn der Bohrer zu klemmen droht<\/li>\n<li>Drehanschlag f\u00fcr leichtes Mei\u00dfeln in Stein, Weichmauerwerk und in begrenztem Umfang auch in Leichtbeton<\/li>\n<li>Optimiertes Leistungsgewicht gew\u00e4hrleistet hervorragende Betriebsleistung<\/li>\n<li>Staubabsaugung (optional)<\/li>\n<\/ul>\n<p><b> Umfang der Lieferung<\/b><\/p>\n<ul>\n<li>1x Handgriff<\/li>\n<li>1x Tiefenanschlag<\/li>\n<li>1x Schmierfett<\/li>\n<li>Geliefert im Koffer<\/li>\n<\/ul>\n<p>&nbsp;<\/p>","protected":false},"excerpt":{"rendered":"<table>\n<tbody>\n<tr>\n<td class=\"echotable\">Doppelte Isolierung<\/td>\n<td class=\"echotable\">Geschwindigkeitskontrolle<\/td>\n<\/tr>\n<tr>\n<td class=\"echotable\">Umgekehrte Drehung<\/td>\n<td class=\"echotable\">Aufprallkupplung<\/td>\n<\/tr>\n<\/tbody>\n<tbody>\n<tr>\n<td class=\"echotable\">Tiefenanschlag<\/td>\n<td class=\"echotable\">Seitlicher Griff<\/td>\n<\/tr>\n<tr>\n<td class=\"echotable\">SDS plus<\/td>\n<td class=\"echotable\">Auto-Stopp-Kohleb\u00fcrsten<\/td>\n<\/tr>\n<tr>\n<td class=\"echotable\">Kunststoffgeh\u00e4use<\/td>\n<\/tr>\n<\/tbody>\n<\/table>\n<p><strong>Warum Keyang w\u00e4hlen?<\/strong><\/p>\n<p>Die koreanische Marke stellt seit \u00fcber 40 Jahren hochwertige Bau- und Industriemaschinen her. Seit mehr als 25 Jahren produziert sie auch f\u00fcr mehrere A-Marken auf dem europ\u00e4ischen Markt (u.a. Kress &amp; Spit). Keyang \u00fcbertrumpft seine Konkurrenten, indem es hervorragende Qualit\u00e4t zu einem fairen Preis liefert. Von seiner Position als Marktf\u00fchrer auf dem koreanischen Markt hat das Unternehmen nun begonnen, sich auch auf den europ\u00e4ischen Markt zu konzentrieren. In relativ kurzer Zeit hat sich die koreanische Marke zu einer vertrauensw\u00fcrdigen Marke auf der Baustelle entwickelt. Das hat nichts mit ausgekl\u00fcgeltem Marketing zu tun, sondern vor allem mit\u00a0<em>erleben<\/em>.<\/p>\n<p><em>Warum sollten Sie sich f\u00fcr den Keyang HD26-2T entscheiden?<\/em><br \/>\nViel Maschine f\u00fcr einen sehr niedrigen Preis. Bohrhammer \/ Kombihammer mit Drehstopp f\u00fcr leichtes Hacken in Stein, Mauerwerk und Beton. Nat\u00fcrlich mit Sicherheitskupplung ausgestattet.<\/p>\n<p>&nbsp;<\/p>\n<p><strong>Umfang der Lieferung<\/strong><\/p>\n<ul>\n<li>Keyang HD26-800T Kombi-Hammer 800W - SDS-PLUS - 2Kg<\/li>\n<li>1x Handgriff<\/li>\n<li>1x Tiefenanschlag<\/li>\n<li>1x Schmierfett<\/li>\n<li>Geliefert im Koffer<\/li>\n<\/ul>","protected":false},"featured_media":995,"comment_status":"closed","ping_status":"closed","template":"","meta":[],"product_brand":[624],"product_cat":[126],"product_tag":[],"class_list":{"0":"post-939","1":"product","2":"type-product","3":"status-publish","4":"has-post-thumbnail","6":"product_brand-keyang","7":"product_cat-combihamer","9":"first","10":"instock","11":"shipping-taxable","12":"product-type-simple"},"ct_brands":[{"id":624,"name":"KEYANG","slug":"keyang"}],"yoast_head":"<!-- This site is optimized with the Yoast SEO plugin v27.4 - https:\/\/yoast.com\/product\/yoast-seo-wordpress\/ -->\n<title>Keyang HD26-800T Combihamer 800W 2kg l KEM-EUROPE<\/title>\n<meta name=\"description\" content=\"Keyang HD26-800T Combihamer 800W 2kg - Geoptimaliseerde vermogen\/gewichtsverhouding zorgt voor uitstekende bedieningsprestaties!\" \/>\n<meta name=\"robots\" content=\"index, follow, max-snippet:-1, max-image-preview:large, max-video-preview:-1\" \/>\n<link rel=\"canonical\" href=\"https:\/\/kem-europe.eu\/de\/produkt\/keyang-hd26-800t-kombihammer-800w-2kg\/\" \/>\n<meta property=\"og:locale\" content=\"de_DE\" \/>\n<meta property=\"og:type\" content=\"article\" \/>\n<meta property=\"og:title\" content=\"Keyang HD26-800T Combihamer 800W 2kg l KEM-EUROPE\" \/>\n<meta property=\"og:description\" content=\"Keyang HD26-800T Combihamer 800W 2kg - Geoptimaliseerde vermogen\/gewichtsverhouding zorgt voor uitstekende bedieningsprestaties!\" \/>\n<meta property=\"og:url\" content=\"https:\/\/kem-europe.eu\/de\/produkt\/keyang-hd26-800t-kombihammer-800w-2kg\/\" \/>\n<meta property=\"og:site_name\" content=\"KEM Europe\" \/>\n<meta property=\"article:modified_time\" content=\"2025-06-06T07:16:24+00:00\" \/>\n<meta property=\"og:image\" content=\"https:\/\/kem-europe.eu\/wp-content\/uploads\/2025\/02\/HD26-800T.png\" \/>\n\t<meta property=\"og:image:width\" content=\"700\" \/>\n\t<meta property=\"og:image:height\" content=\"700\" \/>\n\t<meta property=\"og:image:type\" content=\"image\/png\" \/>\n<meta name=\"twitter:card\" content=\"summary_large_image\" \/>\n<meta name=\"twitter:label1\" content=\"Gesch\u00e4tzte Lesezeit\" \/>\n\t<meta name=\"twitter:data1\" content=\"1\u00a0Minute\" \/>\n<script type=\"application\/ld+json\" class=\"yoast-schema-graph\">{\"@context\":\"https:\\\/\\\/schema.org\",\"@graph\":[{\"@type\":\"WebPage\",\"@id\":\"https:\\\/\\\/kem-europe.eu\\\/product\\\/keyang-hd26-800t-combihamer-800w-2kg\\\/\",\"url\":\"https:\\\/\\\/kem-europe.eu\\\/product\\\/keyang-hd26-800t-combihamer-800w-2kg\\\/\",\"name\":\"Keyang HD26-800T Combihamer 800W 2kg l KEM-EUROPE\",\"isPartOf\":{\"@id\":\"https:\\\/\\\/kem-europe.eu\\\/#website\"},\"primaryImageOfPage\":{\"@id\":\"https:\\\/\\\/kem-europe.eu\\\/product\\\/keyang-hd26-800t-combihamer-800w-2kg\\\/#primaryimage\"},\"image\":{\"@id\":\"https:\\\/\\\/kem-europe.eu\\\/product\\\/keyang-hd26-800t-combihamer-800w-2kg\\\/#primaryimage\"},\"thumbnailUrl\":\"https:\\\/\\\/kem-europe.eu\\\/wp-content\\\/uploads\\\/2025\\\/02\\\/HD26-800T.png\",\"datePublished\":\"2025-02-27T08:17:03+00:00\",\"dateModified\":\"2025-06-06T07:16:24+00:00\",\"description\":\"Keyang HD26-800T Combihamer 800W 2kg - Geoptimaliseerde vermogen\\\/gewichtsverhouding zorgt voor uitstekende bedieningsprestaties!\",\"breadcrumb\":{\"@id\":\"https:\\\/\\\/kem-europe.eu\\\/product\\\/keyang-hd26-800t-combihamer-800w-2kg\\\/#breadcrumb\"},\"inLanguage\":\"de\",\"potentialAction\":[{\"@type\":\"ReadAction\",\"target\":[\"https:\\\/\\\/kem-europe.eu\\\/product\\\/keyang-hd26-800t-combihamer-800w-2kg\\\/\"]}]},{\"@type\":\"ImageObject\",\"inLanguage\":\"de\",\"@id\":\"https:\\\/\\\/kem-europe.eu\\\/product\\\/keyang-hd26-800t-combihamer-800w-2kg\\\/#primaryimage\",\"url\":\"https:\\\/\\\/kem-europe.eu\\\/wp-content\\\/uploads\\\/2025\\\/02\\\/HD26-800T.png\",\"contentUrl\":\"https:\\\/\\\/kem-europe.eu\\\/wp-content\\\/uploads\\\/2025\\\/02\\\/HD26-800T.png\",\"width\":700,\"height\":700},{\"@type\":\"BreadcrumbList\",\"@id\":\"https:\\\/\\\/kem-europe.eu\\\/product\\\/keyang-hd26-800t-combihamer-800w-2kg\\\/#breadcrumb\",\"itemListElement\":[{\"@type\":\"ListItem\",\"position\":1,\"name\":\"Home\",\"item\":\"https:\\\/\\\/kem-europe.eu\\\/\"},{\"@type\":\"ListItem\",\"position\":2,\"name\":\"Winkel\",\"item\":\"https:\\\/\\\/kem-europe.eu\\\/winkel\\\/\"},{\"@type\":\"ListItem\",\"position\":3,\"name\":\"Keyang HD26-800T Combihamer &#8211; 800W &#8211; 2KG\"}]},{\"@type\":\"WebSite\",\"@id\":\"https:\\\/\\\/kem-europe.eu\\\/#website\",\"url\":\"https:\\\/\\\/kem-europe.eu\\\/\",\"name\":\"KEM Europe\",\"description\":\"\",\"publisher\":{\"@id\":\"https:\\\/\\\/kem-europe.eu\\\/#organization\"},\"potentialAction\":[{\"@type\":\"SearchAction\",\"target\":{\"@type\":\"EntryPoint\",\"urlTemplate\":\"https:\\\/\\\/kem-europe.eu\\\/?s={search_term_string}\"},\"query-input\":{\"@type\":\"PropertyValueSpecification\",\"valueRequired\":true,\"valueName\":\"search_term_string\"}}],\"inLanguage\":\"de\"},{\"@type\":\"Organization\",\"@id\":\"https:\\\/\\\/kem-europe.eu\\\/#organization\",\"name\":\"KEM Europe\",\"url\":\"https:\\\/\\\/kem-europe.eu\\\/\",\"logo\":{\"@type\":\"ImageObject\",\"inLanguage\":\"de\",\"@id\":\"https:\\\/\\\/kem-europe.eu\\\/#\\\/schema\\\/logo\\\/image\\\/\",\"url\":\"https:\\\/\\\/kem-europe.eu\\\/wp-content\\\/uploads\\\/2025\\\/02\\\/KEM2019-BLACK-1500W.png\",\"contentUrl\":\"https:\\\/\\\/kem-europe.eu\\\/wp-content\\\/uploads\\\/2025\\\/02\\\/KEM2019-BLACK-1500W.png\",\"width\":1500,\"height\":626,\"caption\":\"KEM Europe\"},\"image\":{\"@id\":\"https:\\\/\\\/kem-europe.eu\\\/#\\\/schema\\\/logo\\\/image\\\/\"}}]}<\/script>\n<!-- \/ Yoast SEO plugin. -->","yoast_head_json":{"title":"Keyang HD26-800T Kombihammer 800W 2kg l KEM-EUROPE","description":"Keyang HD26-800T Kombi-Hammer 800W 2kg - Optimiertes Leistungsgewicht f\u00fcr eine hervorragende Arbeitsleistung!","robots":{"index":"index","follow":"follow","max-snippet":"max-snippet:-1","max-image-preview":"max-image-preview:large","max-video-preview":"max-video-preview:-1"},"canonical":"https:\/\/kem-europe.eu\/de\/produkt\/keyang-hd26-800t-kombihammer-800w-2kg\/","og_locale":"de_DE","og_type":"article","og_title":"Keyang HD26-800T Combihamer 800W 2kg l KEM-EUROPE","og_description":"Keyang HD26-800T Combihamer 800W 2kg - Geoptimaliseerde vermogen\/gewichtsverhouding zorgt voor uitstekende bedieningsprestaties!","og_url":"https:\/\/kem-europe.eu\/de\/produkt\/keyang-hd26-800t-kombihammer-800w-2kg\/","og_site_name":"KEM Europe","article_modified_time":"2025-06-06T07:16:24+00:00","og_image":[{"width":700,"height":700,"url":"https:\/\/kem-europe.eu\/wp-content\/uploads\/2025\/02\/HD26-800T.png","type":"image\/png"}],"twitter_card":"summary_large_image","twitter_misc":{"Gesch\u00e4tzte Lesezeit":"1\u00a0Minute"},"schema":{"@context":"https:\/\/schema.org","@graph":[{"@type":"WebPage","@id":"https:\/\/kem-europe.eu\/product\/keyang-hd26-800t-combihamer-800w-2kg\/","url":"https:\/\/kem-europe.eu\/product\/keyang-hd26-800t-combihamer-800w-2kg\/","name":"Keyang HD26-800T Kombihammer 800W 2kg l KEM-EUROPE","isPartOf":{"@id":"https:\/\/kem-europe.eu\/#website"},"primaryImageOfPage":{"@id":"https:\/\/kem-europe.eu\/product\/keyang-hd26-800t-combihamer-800w-2kg\/#primaryimage"},"image":{"@id":"https:\/\/kem-europe.eu\/product\/keyang-hd26-800t-combihamer-800w-2kg\/#primaryimage"},"thumbnailUrl":"https:\/\/kem-europe.eu\/wp-content\/uploads\/2025\/02\/HD26-800T.png","datePublished":"2025-02-27T08:17:03+00:00","dateModified":"2025-06-06T07:16:24+00:00","description":"Keyang HD26-800T Kombi-Hammer 800W 2kg - Optimiertes Leistungsgewicht f\u00fcr eine hervorragende Arbeitsleistung!","breadcrumb":{"@id":"https:\/\/kem-europe.eu\/product\/keyang-hd26-800t-combihamer-800w-2kg\/#breadcrumb"},"inLanguage":"de","potentialAction":[{"@type":"ReadAction","target":["https:\/\/kem-europe.eu\/product\/keyang-hd26-800t-combihamer-800w-2kg\/"]}]},{"@type":"ImageObject","inLanguage":"de","@id":"https:\/\/kem-europe.eu\/product\/keyang-hd26-800t-combihamer-800w-2kg\/#primaryimage","url":"https:\/\/kem-europe.eu\/wp-content\/uploads\/2025\/02\/HD26-800T.png","contentUrl":"https:\/\/kem-europe.eu\/wp-content\/uploads\/2025\/02\/HD26-800T.png","width":700,"height":700},{"@type":"BreadcrumbList","@id":"https:\/\/kem-europe.eu\/product\/keyang-hd26-800t-combihamer-800w-2kg\/#breadcrumb","itemListElement":[{"@type":"ListItem","position":1,"name":"Home","item":"https:\/\/kem-europe.eu\/"},{"@type":"ListItem","position":2,"name":"Winkel","item":"https:\/\/kem-europe.eu\/winkel\/"},{"@type":"ListItem","position":3,"name":"Keyang HD26-800T Combihamer &#8211; 800W &#8211; 2KG"}]},{"@type":"WebSite","@id":"https:\/\/kem-europe.eu\/#website","url":"https:\/\/kem-europe.eu\/","name":"KEM Europe","description":"","publisher":{"@id":"https:\/\/kem-europe.eu\/#organization"},"potentialAction":[{"@type":"SearchAction","target":{"@type":"EntryPoint","urlTemplate":"https:\/\/kem-europe.eu\/?s={search_term_string}"},"query-input":{"@type":"PropertyValueSpecification","valueRequired":true,"valueName":"search_term_string"}}],"inLanguage":"de"},{"@type":"Organization","@id":"https:\/\/kem-europe.eu\/#organization","name":"KEM Europe","url":"https:\/\/kem-europe.eu\/","logo":{"@type":"ImageObject","inLanguage":"de","@id":"https:\/\/kem-europe.eu\/#\/schema\/logo\/image\/","url":"https:\/\/kem-europe.eu\/wp-content\/uploads\/2025\/02\/KEM2019-BLACK-1500W.png","contentUrl":"https:\/\/kem-europe.eu\/wp-content\/uploads\/2025\/02\/KEM2019-BLACK-1500W.png","width":1500,"height":626,"caption":"KEM Europe"},"image":{"@id":"https:\/\/kem-europe.eu\/#\/schema\/logo\/image\/"}}]}},"_links":{"self":[{"href":"https:\/\/kem-europe.eu\/de\/wp-json\/wp\/v2\/product\/939","targetHints":{"allow":["GET"]}}],"collection":[{"href":"https:\/\/kem-europe.eu\/de\/wp-json\/wp\/v2\/product"}],"about":[{"href":"https:\/\/kem-europe.eu\/de\/wp-json\/wp\/v2\/types\/product"}],"replies":[{"embeddable":true,"href":"https:\/\/kem-europe.eu\/de\/wp-json\/wp\/v2\/comments?post=939"}],"wp:featuredmedia":[{"embeddable":true,"href":"https:\/\/kem-europe.eu\/de\/wp-json\/wp\/v2\/media\/995"}],"wp:attachment":[{"href":"https:\/\/kem-europe.eu\/de\/wp-json\/wp\/v2\/media?parent=939"}],"wp:term":[{"taxonomy":"product_brand","embeddable":true,"href":"https:\/\/kem-europe.eu\/de\/wp-json\/wp\/v2\/product_brand?post=939"},{"taxonomy":"product_cat","embeddable":true,"href":"https:\/\/kem-europe.eu\/de\/wp-json\/wp\/v2\/product_cat?post=939"},{"taxonomy":"product_tag","embeddable":true,"href":"https:\/\/kem-europe.eu\/de\/wp-json\/wp\/v2\/product_tag?post=939"}],"curies":[{"name":"wp","href":"https:\/\/api.w.org\/{rel}","templated":true}]}}